{"id":54679,"date":"2026-04-28T11:59:45","date_gmt":"2026-04-28T09:59:45","guid":{"rendered":"https:\/\/www.audioibiza.com\/?post_type=product&#038;p=54679"},"modified":"2026-04-28T12:28:46","modified_gmt":"2026-04-28T10:28:46","slug":"level-up-house-party-bundle","status":"publish","type":"product","link":"https:\/\/www.audioibiza.com\/index.php\/level-up-house-party-bundle\/","title":{"rendered":"Level Up House Party Bundle"},"content":{"rendered":"<h1 class=\"overflow-hidden text-ellipsis font-grotesk text-xl font-bold md:text-2xl lg:text-3xl\">Level Up House Party Bundle<\/h1>\n<p>Lleva a tu casa la tecnolog\u00eda para DJ l\u00edder del sector con los packs House Party de AlphaTheta, dise\u00f1ados para dar un toque especial a cualquier celebraci\u00f3n. Tanto si est\u00e1s organizando tu primera fiesta en casa como si quieres mejorar tu equipo, estos packs est\u00e1n pensados para ofrecer un sonido de calidad profesional y un control intuitivo, tanto para DJs noveles como para profesionales.<\/p>\n<p>Para cuando est\u00e9s listo para conquistar la sala<\/p>\n<p>Lleva tus sesiones al siguiente nivel con un control mejorado y a\u00fan m\u00e1s libertad creativa.<\/p>\n<p>Este pack est\u00e1 pensado para los DJs que quieren destacar y convertir cada celebraci\u00f3n en un evento a lo grande.<\/p>\n<p>1x Controlador Pioneer DJ <a href=\"https:\/\/www.audioibiza.com\/index.php\/controlador-dj-alphatheta-ddj-grv6\/\">DDJ-GRV6<\/a> \u2013 Control avanzado para sets creativos y llenos de energ\u00eda<br \/>\n1x Pack monitores Pioneer DJ <a href=\"https:\/\/www.audioibiza.com\/index.php\/monitor-estudio-pioneer-dj-dm-40d\/\">DM-40D<\/a> \u2013 Un sonido potente y perfectamente equilibrado<br \/>\n1x Auriculares Pioneer DJ <a href=\"https:\/\/www.audioibiza.com\/index.php\/auriculares-dj-pioneer-dj-hdj-cue1\/\">HDJ-CUE1<\/a> \u2013 C\u00e9ntrate en tu mezcla<\/p>\n<p>Transiciones fluidas, control m\u00e1s preciso, m\u00e1s energ\u00eda: ah\u00ed es donde las fiestas en casa se<br \/>\nconvierten en algo inolvidable.<\/p>\n<p>\u00a0<\/p>\n","protected":false},"excerpt":{"rendered":"<h4><b><span style=\"font-family: Roboto; color: black;\">Level Up House Party Starter Bundle.\u00a0<\/span><\/b><\/h4>\n<ul>\n<li><span style=\"font-family: Roboto; color: black;\">1 Controlador Pioneer DJ DDJ-GRV6<\/span><\/li>\n<li><span style=\"font-family: Roboto; color: black;\">1 Auriculares Pioneer DJ HDJ-CUE1<\/span><\/li>\n<li><span style=\"font-family: Roboto; color: black;\">1 Pack monitores Pioneer DJ DM-40D<\/span><\/li>\n<\/ul>\n","protected":false},"featured_media":54680,"template":"","meta":[],"product_cat":[725,665,724],"product_tag":[],"class_list":{"0":"post-54679","1":"product","2":"type-product","3":"status-publish","4":"has-post-thumbnail","6":"product_brand-pioneer-dj","7":"product_cat-controlador-dj","8":"product_cat-dj","9":"product_cat-dj-digital","11":"first","12":"outofstock","13":"taxable","14":"shipping-taxable","15":"purchasable","16":"product-type-simple","17":"col-xs-6 col-sm-4","18":"col-md-3 col-lg-3","19":"un-4-cols"},"_links":{"self":[{"href":"https:\/\/www.audioibiza.com\/index.php\/wp-json\/wp\/v2\/product\/54679","targetHints":{"allow":["GET"]}}],"collection":[{"href":"https:\/\/www.audioibiza.com\/index.php\/wp-json\/wp\/v2\/product"}],"about":[{"href":"https:\/\/www.audioibiza.com\/index.php\/wp-json\/wp\/v2\/types\/product"}],"wp:featuredmedia":[{"embeddable":true,"href":"https:\/\/www.audioibiza.com\/index.php\/wp-json\/wp\/v2\/media\/54680"}],"wp:attachment":[{"href":"https:\/\/www.audioibiza.com\/index.php\/wp-json\/wp\/v2\/media?parent=54679"}],"wp:term":[{"taxonomy":"product_cat","embeddable":true,"href":"https:\/\/www.audioibiza.com\/index.php\/wp-json\/wp\/v2\/product_cat?post=54679"},{"taxonomy":"product_tag","embeddable":true,"href":"https:\/\/www.audioibiza.com\/index.php\/wp-json\/wp\/v2\/product_tag?post=54679"}],"curies":[{"name":"wp","href":"https:\/\/api.w.org\/{rel}","templated":true}]}}