{"id":54675,"date":"2026-04-28T11:45:30","date_gmt":"2026-04-28T09:45:30","guid":{"rendered":"https:\/\/www.audioibiza.com\/?post_type=product&#038;p=54675"},"modified":"2026-04-28T12:17:20","modified_gmt":"2026-04-28T10:17:20","slug":"house-party-starter-bundle","status":"publish","type":"product","link":"https:\/\/www.audioibiza.com\/index.php\/house-party-starter-bundle\/","title":{"rendered":"House Party Starter Bundle"},"content":{"rendered":"<h1>House Party Starter Bundle<\/h1>\n<p>Lleva a tu casa la tecnolog\u00eda para DJ l\u00edder del sector con los packs House Party de AlphaTheta, dise\u00f1ados para dar un toque especial a cualquier celebraci\u00f3n. Tanto si est\u00e1s organizando tu primera fiesta en casa como si quieres mejorar tu equipo, estos packs est\u00e1n pensados para ofrecer un sonido de calidad profesional y un control intuitivo, tanto para DJs noveles como para profesionales.<\/p>\n<p>Tu primer paso hacia el \u00e9xito como DJ<\/p>\n<p>Descubre el punto de partida perfecto para DJs noveles. El pack House Party te ofrece todo lo que necesitas para lanzar tu primera mezcla y mantener la fiesta en marcha toda la noche.<\/p>\n<p>1x controlador Pioneer DJ <a href=\"https:\/\/www.audioibiza.com\/index.php\/controlador-dj-alphatheta-ddj-flx2\/\">DDJ-FLX2<\/a> \u2013 F\u00e1cil de aprender, divertido de dominar<br \/>\n1x Pack monitores Pioneer DJ <a href=\"https:\/\/www.audioibiza.com\/index.php\/monitor-estudio-pioneer-dj-dm-40d\/\">DM-40D<\/a> \u2013 Un sonido n\u00edtido y potente que llena la sala<br \/>\n1x Auriculares Pioneer DJ <a href=\"https:\/\/www.audioibiza.com\/index.php\/auriculares-dj-pioneer-dj-hdj-cue1\/\">HDJ-CUE1<\/a> \u2013 Escucha cada ritmo como un profesional<\/p>\n<p>\u00a0<\/p>\n","protected":false},"excerpt":{"rendered":"<h4><b><span style=\"font-family: Roboto; color: black;\">House Party Starter Bundle.\u00a0<\/span><\/b><\/h4>\n<ul>\n<li><span style=\"font-family: Roboto; color: black;\">1 Controlador Pioneer DJ DDJ-FLX2<\/span><\/li>\n<li><span style=\"font-family: Roboto; color: black;\">1 Auriculares Pioneer DJ HDJ-CUE1<\/span><\/li>\n<li><span style=\"font-family: Roboto; color: black;\">1 Pack monitores Pioneer DJ DM-40D<\/span><\/li>\n<\/ul>\n","protected":false},"featured_media":54677,"template":"","meta":[],"product_cat":[725,665,724],"product_tag":[],"class_list":{"0":"post-54675","1":"product","2":"type-product","3":"status-publish","4":"has-post-thumbnail","6":"product_brand-pioneer-dj","7":"product_cat-controlador-dj","8":"product_cat-dj","9":"product_cat-dj-digital","11":"first","12":"outofstock","13":"taxable","14":"shipping-taxable","15":"purchasable","16":"product-type-simple","17":"col-xs-6 col-sm-4","18":"col-md-3 col-lg-3","19":"un-4-cols"},"_links":{"self":[{"href":"https:\/\/www.audioibiza.com\/index.php\/wp-json\/wp\/v2\/product\/54675","targetHints":{"allow":["GET"]}}],"collection":[{"href":"https:\/\/www.audioibiza.com\/index.php\/wp-json\/wp\/v2\/product"}],"about":[{"href":"https:\/\/www.audioibiza.com\/index.php\/wp-json\/wp\/v2\/types\/product"}],"wp:featuredmedia":[{"embeddable":true,"href":"https:\/\/www.audioibiza.com\/index.php\/wp-json\/wp\/v2\/media\/54677"}],"wp:attachment":[{"href":"https:\/\/www.audioibiza.com\/index.php\/wp-json\/wp\/v2\/media?parent=54675"}],"wp:term":[{"taxonomy":"product_cat","embeddable":true,"href":"https:\/\/www.audioibiza.com\/index.php\/wp-json\/wp\/v2\/product_cat?post=54675"},{"taxonomy":"product_tag","embeddable":true,"href":"https:\/\/www.audioibiza.com\/index.php\/wp-json\/wp\/v2\/product_tag?post=54675"}],"curies":[{"name":"wp","href":"https:\/\/api.w.org\/{rel}","templated":true}]}}