{"id":54597,"date":"2026-01-21T11:28:00","date_gmt":"2026-01-21T10:28:00","guid":{"rendered":"https:\/\/www.audioibiza.com\/?post_type=product&#038;p=54597"},"modified":"2026-03-03T16:04:40","modified_gmt":"2026-03-03T15:04:40","slug":"mesa-de-mezclas-alphatheta-djm-v5","status":"publish","type":"product","link":"https:\/\/www.audioibiza.com\/index.php\/mesa-de-mezclas-alphatheta-djm-v5\/","title":{"rendered":"Mesa de mezclas AlphaTheta DJM-V5"},"content":{"rendered":"<p><iframe title=\"DJM-V5 Walkthrough (3-channel DJ mixer)\" width=\"840\" height=\"473\" src=\"https:\/\/www.youtube.com\/embed\/LlJMKoMrilg?feature=oembed\" frameborder=\"0\" allow=\"accelerometer; autoplay; clipboard-write; encrypted-media; gyroscope; picture-in-picture; web-share\" referrerpolicy=\"strict-origin-when-cross-origin\" allowfullscreen><\/iframe><\/p>\n<h1>MESA DE MEZCLAS ALPHATHETA DJM-V5<\/h1>\n<h2><span class=\"fontstyle0\">Mesa de mezclas DJ profesional de 3 canales Creative Style<\/span><\/h2>\n<h3><span class=\"djmv5-product-gallery-item-title-text\">Ecualizador de 4 bandas para un control preciso<\/span><\/h3>\n<p class=\"djmv5-product-gallery-item-detail-text\">El ecualizador de 4 bandas en cada canal, heredado del DJM-V10, permite un control detallado de las frecuencias para que pueda esculpir el sonido que desee.<\/p>\n<h3><span class=\"djmv5-product-gallery-item-title-text\">Faders de largo recorrido de 60 mm para una mezcla suave y natural<\/span><\/h3>\n<p class=\"djmv5-product-gallery-item-detail-text\">Gracias a un fader de largo recorrido de 60 mm en cada canal, procedente del DJM-V10-LF, podr\u00e1 controlar con precisi\u00f3n la mezcla al superponer varios sonidos. La nueva curva Soft Mix reduce suavemente las frecuencias altas a medida que se sube el fader al mezclar la siguiente pista, lo que proporciona transiciones m\u00e1s fluidas y naturales.<\/p>\n<h3><span class=\"djmv5-product-gallery-item-title-text\">6 tipos de FX de env\u00edo para una mayor expresividad<\/span><\/h3>\n<p class=\"djmv5-product-gallery-item-detail-text\">Elija entre 6 FX de env\u00edo (Retardo corto, Reverberaci\u00f3n, Shimmer, Eco de cinta, PingPong y Eco-reverberaci\u00f3n) para aplicarlos de forma intuitiva desde el control de env\u00edo dedicado de cada canal. El control de tiempo se adapta a cada efecto, combinando un funcionamiento sincronizado con los BPM con un ajuste de tiempo fluido para un control preciso del efecto.<\/p>\n<h3><span class=\"djmv5-product-gallery-item-title-text\">3 tipos de filtros<\/span><\/h3>\n<p class=\"djmv5-product-gallery-item-detail-text\">Adem\u00e1s de los filtros de paso bajo y alto, el DJM-V5 cuenta con un nuevo filtro de paso cruzado. Al preservar la energ\u00eda de los graves y moldear las frecuencias medias y agudas, hace que las frases musicales destaquen sin alterar el ritmo.<\/p>\n<h3><span class=\"djmv5-product-gallery-item-title-text\">Compatibilidad con SonicLink<\/span><\/h3>\n<p class=\"djmv5-product-gallery-item-detail-text\">Con un transmisor SonicLink integrado, el DJM-V5 admite monitorizaci\u00f3n inal\u00e1mbrica con latencia ultrabaja. Las sencillas opciones de emparejamiento, mediante la pulsaci\u00f3n de un bot\u00f3n o el emparejamiento t\u00e1ctil NFC con equipos compatibles, permiten disfrutar de un entorno de monitorizaci\u00f3n limpio y sin cables, en el que el sonido y el control permanecen perfectamente conectados.<\/p>\n<h3 class=\"djmv5-sound-quality-title\"><span class=\"djmv5-sound-quality-title-text\">Dise\u00f1o de sonido mejorado<\/span><\/h3>\n<p class=\"djmv5-sound-quality-text\">Toda la ruta de se\u00f1al de la mesa de mezclas, incluidos los circuitos anal\u00f3gicos, se ha ajustado con precisi\u00f3n para ofrecer un sonido c\u00e1lido de alta resoluci\u00f3n.<br \/>\nSe utilizan convertidores de alta calidad, desde anal\u00f3gico a digital y de digital a anal\u00f3gico, lo que garantiza un sonido uniforme en las salidas maestra, cabina, env\u00edo y REC.<br \/>\nLa entrada de retorno tambi\u00e9n cuenta con una conversi\u00f3n de alta calidad para minimizar la degradaci\u00f3n del sonido cuando se utilizan efectos externos, con un ajuste perfeccionado mediante exhaustivas pruebas para alinearse con el car\u00e1cter sonoro del DJM-V10.<\/p>\n<h3 class=\"djmv5-product-details-info01-list-item-title\"><span class=\"djmv5-product-details-info01-list-item-title-text\">PRO DJ LINK \/ Link Cue: una transici\u00f3n fluida desde la preparaci\u00f3n hasta la reproducci\u00f3n<\/span><\/h3>\n<p class=\"djmv5-product-details-info01-list-item-text\">Gracias a la compatibilidad con PRO DJ LINK, el DJM-V5 se conecta a la perfecci\u00f3n con el <a href=\"https:\/\/www.audioibiza.com\/index.php\/reproductor-dj-alphatheta-cdj-3000x\/\">CDJ-3000X<\/a>, el CDJ-3000 y rekordbox, lo que permite un control preciso de los efectos sincronizados con la funci\u00f3n BPM. Esto significa que puede a\u00f1adir textura a la m\u00fasica en el momento justo y perfeccionar su mezcla.<\/p>\n<p>Con Link Cue, puede previsualizar pistas sin cargarlas y tocar la forma de onda completa de la pista que se est\u00e1 reproduciendo actualmente para escuchar las secciones siguientes. Un control de volumen espec\u00edfico para la preparaci\u00f3n de pistas garantiza un proceso fluido desde la preparaci\u00f3n de la pista hasta la reproducci\u00f3n.<\/p>\n<h3><span class=\"djmv5-product-details-info01-list-item-title-text\">Integraci\u00f3n perfecta con rekordbox y Serato<\/span><\/h3>\n<p class=\"djmv5-product-details-info01-list-item-text\">Mediante una conexi\u00f3n USB tipo C a un PC o Mac, el DJM-V5 se integra a la perfecci\u00f3n con rekordbox para Mac\/Windows y Serato DJ Pro.<br \/>\nGracias a la compatibilidad con una amplia gama de estilos de DJ, incluido DVS, es f\u00e1cil crear un flujo de trabajo fluido y flexible.<br \/>\n*La licencia de Serato DJ Pro no est\u00e1 incluida. Para usar el modo DVS en Serato, se requiere una licencia Serato DJ Suite.<\/p>\n<h3 class=\"djmv5-product-details-info02-title\"><span class=\"djmv5-product-details-info02-title-text\">Conectividad flexible para una amplia gama de estilos de actuaci\u00f3n<\/span><\/h3>\n<p class=\"djmv5-product-details-info02-lead\">El terminal USB tipo C compatible con MULTI I\/O admite conexiones con iPhone y iPad, lo que le permite utilizar la meza de mezclas con las aplicaciones <a href=\"https:\/\/apps.apple.com\/es\/app\/djm-rec-dj-live-recording-app\/id1292535659\" target=\"_blank\" rel=\"noopener\">DJM-REC<\/a> y RMX-1000 para iPad, as\u00ed como con efectores externos como <a href=\"https:\/\/www.audioibiza.com\/index.php\/modulo-efectos-alphatheta-rmx-ignite\/\">RMX-IGNITE<\/a>, a trav\u00e9s de un \u00fanico cable USB.<\/p>\n<p>La compatibilidad con m\u00f3dulos de efectos externos permite configuraciones flexibles del equipo para actuaciones en clubes y streaming, as\u00ed como para grabaciones.<\/p>\n<div class=\"djmv5-product-specification-head\">\n<h2 id=\"djmv5-SpecificationTitle\" class=\"djmv5-product-specification-title text_trim\">Especificaciones<\/h2>\n<\/div>\n<div class=\"djmv5-product-specification-accordion\">\n<div class=\"djmv5-product-specification-accordion-item\">\n<div id=\"mainFeatures-content\" class=\"djmv5-product-specification-accordion-content is-open\">\n<ul>\n<li class=\"djmv5-product-specification-spec-item\">Control MIDI totalmente asignable<\/li>\n<li class=\"djmv5-product-specification-spec-item\">Control Scratch rekordbox\u3001Serato DJ Pro<\/li>\n<li class=\"djmv5-product-specification-spec-item\">Dimensiones externas m\u00e1ximas (An \u00d7 Pr \u00d7 Al) 302.0 \u00d7 437.5 \u00d7 107.9 mm\n<div class=\"djmv5-product-specification-spec-item\"><\/div>\n<\/li>\n<li class=\"djmv5-product-specification-spec-item\">Peso de la unidad principal 8.0 kg<\/li>\n<li class=\"djmv5-product-specification-spec-item\">PHONO x 3 (RCA)<\/li>\n<li class=\"djmv5-product-specification-spec-item\">LINE x 3 (RCA)<\/li>\n<li class=\"djmv5-product-specification-spec-item\">MIC x 1 (XLR y toma TRS 1\/4\u201d)<\/li>\n<li class=\"djmv5-product-specification-spec-item\">MASTER x 1 (XLR)<\/li>\n<li class=\"djmv5-product-specification-spec-item\">BOOTH x 1 (jack TRS 1\/4\u201d)<\/li>\n<li class=\"djmv5-product-specification-spec-item\">REC OUT x 1 (RCA)<\/li>\n<li class=\"djmv5-product-specification-spec-item\">PHONO x 2\uff081\/4\u2033 \/ 3.5 mm\uff09<\/li>\n<li class=\"djmv5-product-specification-spec-item\">SEND \u00d7 1 (jack TS 1\/4\u201d)<\/li>\n<li class=\"djmv5-product-specification-spec-item\">RETURN \u00d7 1 (jack TS 1\/4\u201d)<\/li>\n<li class=\"djmv5-product-specification-spec-item\">LAN \u00d7 1<\/li>\n<li class=\"djmv5-product-specification-spec-item\">USB Type-C \u00d7 2 (MULTI I\/O \u00d7 1, PC\/Mac \u00d7 1)<\/li>\n<li class=\"djmv5-product-specification-spec-item\">Respuesta de frecuencia96 kHz<\/li>\n<li class=\"djmv5-product-specification-spec-item\">Convertidor A\/D32 bit<\/li>\n<li class=\"djmv5-product-specification-spec-item\">Convertidor D\/A32 bit<\/li>\n<li class=\"djmv5-product-specification-spec-item\">Relaci\u00f3n Se\u00f1al\/Ruido LINE 105 dB \/ PHONO 88 dB \/ MIC 79 dB<\/li>\n<li class=\"djmv5-product-specification-spec-item\">EQ4 Band<\/li>\n<\/ul>\n<p>&nbsp;<\/p>\n<p>Para m\u00e1s informaci\u00f3n del producto:<\/p>\n<p><a href=\"https:\/\/alphatheta.com\/es\/product\/dj-mixer\/djm-v5\/black\/\" target=\"_blank\" rel=\"noopener\">https:\/\/alphatheta.com\/es\/product\/dj-mixer\/djm-v5\/black\/<\/a><\/p>\n<\/div>\n<\/div>\n<\/div>\n","protected":false},"excerpt":{"rendered":"<p><strong>MESA DE MEZCLAS ALPHATHETA DJM-V5<\/strong><\/p>\n<ul>\n<li><span class=\"fontstyle0\">6 tipos de FX de env\u00edo y 3 tipos de filtros<\/span><\/li>\n<li><span class=\"fontstyle0\">Ecualizador de 4 bandas<\/span><\/li>\n<li><span class=\"fontstyle0\">Compresor<\/span><\/li>\n<li><span class=\"fontstyle0\">Curva de mezclas suave<\/span><\/li>\n<li><span class=\"fontstyle0\">Conectividad flexible<\/span><\/li>\n<li><span class=\"fontstyle0\">Faders de largo recorrido de 60 mm<\/span><\/li>\n<li><span class=\"fontstyle0\">USB Tipo C, PRO DJ LINK y SonicLink <\/span><\/li>\n<\/ul>\n","protected":false},"featured_media":54598,"template":"","meta":[],"product_cat":[665,729,728],"product_tag":[],"class_list":{"0":"post-54597","1":"product","2":"type-product","3":"status-publish","4":"has-post-thumbnail","6":"product_brand-alphatheta","7":"product_brand-pioneer-dj","8":"product_cat-dj","9":"product_cat-mesa-de-mezclas-dj","10":"product_cat-mesas-de-mezclas-dj","12":"first","13":"instock","14":"featured","15":"taxable","16":"shipping-taxable","17":"purchasable","18":"product-type-simple","19":"col-xs-6 col-sm-4","20":"col-md-3 col-lg-3","21":"un-4-cols"},"_links":{"self":[{"href":"https:\/\/www.audioibiza.com\/index.php\/wp-json\/wp\/v2\/product\/54597","targetHints":{"allow":["GET"]}}],"collection":[{"href":"https:\/\/www.audioibiza.com\/index.php\/wp-json\/wp\/v2\/product"}],"about":[{"href":"https:\/\/www.audioibiza.com\/index.php\/wp-json\/wp\/v2\/types\/product"}],"wp:featuredmedia":[{"embeddable":true,"href":"https:\/\/www.audioibiza.com\/index.php\/wp-json\/wp\/v2\/media\/54598"}],"wp:attachment":[{"href":"https:\/\/www.audioibiza.com\/index.php\/wp-json\/wp\/v2\/media?parent=54597"}],"wp:term":[{"taxonomy":"product_cat","embeddable":true,"href":"https:\/\/www.audioibiza.com\/index.php\/wp-json\/wp\/v2\/product_cat?post=54597"},{"taxonomy":"product_tag","embeddable":true,"href":"https:\/\/www.audioibiza.com\/index.php\/wp-json\/wp\/v2\/product_tag?post=54597"}],"curies":[{"name":"wp","href":"https:\/\/api.w.org\/{rel}","templated":true}]}}