{"id":54581,"date":"2026-01-20T12:58:26","date_gmt":"2026-01-20T11:58:26","guid":{"rendered":"https:\/\/www.audioibiza.com\/?post_type=product&#038;p=54581"},"modified":"2026-01-20T13:06:20","modified_gmt":"2026-01-20T12:06:20","slug":"modulo-efectos-alphatheta-rmx-ignite","status":"publish","type":"product","link":"https:\/\/www.audioibiza.com\/index.php\/modulo-efectos-alphatheta-rmx-ignite\/","title":{"rendered":"MODULO EFECTOS ALPHATHETA RMX-IGNITE"},"content":{"rendered":"<p><iframe title=\"RMX-IGNITE Walkthrough (Professional DJ effector &amp; sampler)\" width=\"840\" height=\"473\" src=\"https:\/\/www.youtube.com\/embed\/1tKi0Jtb5MQ?feature=oembed\" frameborder=\"0\" allow=\"accelerometer; autoplay; clipboard-write; encrypted-media; gyroscope; picture-in-picture; web-share\" referrerpolicy=\"strict-origin-when-cross-origin\" allowfullscreen><\/iframe><\/p>\n<h1>MODULO EFECTOS ALPHATHETA RMX-IGNITE<\/h1>\n<h2><span class=\"fontstyle0\">M\u00f3dulo de efectos y Sampler DJ profesional<\/span><\/h2>\n<div class=\"ignite-inner ignite-4th__inner\">\n<div class=\"ignite-4th__content aos-init aos-animate\" data-aos=\"fade\" data-aos-offset=\"50\">\n<div class=\"ignite-specifications__accordion-content\">\n<div class=\"ignite-specifications__accordion-main\">\n<h3>3-Band FX<\/h3>\n<p>La secci\u00f3n de Efectos de 3 bandas incluye los efectos de palanca y de aislamiento, que pueden aplicarse a las bandas de frecuencias altas, medias o bajas.<br \/>\nCombinando los dos tipos de efectos se abre la puerta a diferentes opciones de actuaci\u00f3n, mientras que con los mandos de par\u00e1metros secundarios puedes pulir todav\u00eda m\u00e1s el tono para encontrar unos sonidos m\u00e1s complejos y expresivos.<\/p>\n<div class=\"ignite-specifications__accordion-content\">\n<div class=\"ignite-specifications__accordion-main\">\n<h3>Lever FX<\/h3>\n<p>Usa las 3 palancas grandes para aplicar potentes efectos al instante:<br \/>\nEcho, Reverb, Juggle, Reverse, Solo y Stretch.<\/p>\n<div class=\"ignite-specifications__accordion-content\">\n<div class=\"ignite-specifications__accordion-main\">\n<h3>Isolate FX<\/h3>\n<p>Tres mandos grandes para un control suave y din\u00e1mico de Tape Echo, Reverb, Drive, Filter, Ducker y Rhythm.<\/p>\n<div class=\"ignite-specifications__accordion-content\">\n<div class=\"ignite-specifications__accordion-main\">\n<h3>Release Echo<\/h3>\n<p>Con un solo bot\u00f3n puedes borrar al instante efectos y muestras y recuperar f\u00e1cilmente la pista original con un eco de cola.<\/p>\n<div class=\"ignite-specifications__accordion-content\">\n<div class=\"ignite-specifications__accordion-main\">\n<h3>Sample Trigger Pad<\/h3>\n<p>Usa los 4 pads de alta sensibilidad para activar de forma intuitiva 20 muestras integradas de Loopmasters. En el modo Overdub puedes enlazar frases de 1 barra y muestras en capas para construir progresiones din\u00e1micas.<\/p>\n<div class=\"ignite-specifications__accordion-content\">\n<div class=\"ignite-specifications__accordion-main\">\n<h3>Sample Roll<\/h3>\n<p>Puedes aplicar roll en 10 patrones a las muestras activadas con los pads. Con el nuevo Groove Roll puedes pulsar varios botones a la vez para crear rolls din\u00e1micos y con personalidad, que transmitan tu car\u00e1cter y llenen de energ\u00eda tus creaciones.<\/p>\n<div class=\"ignite-specifications__accordion-content\">\n<div class=\"ignite-specifications__accordion-main\">\n<h3>Sampler Color FX<\/h3>\n<p>Controla 6 efectos \u00fanicos (Echo, Space, Filter, Pitch, Decay y Swing) con 1 mando para reajustar muestras al instante, con m\u00e1s profundidad o m\u00e1s groove.<\/p>\n<h3><a href=\"https:\/\/www.audioibiza.com\/index.php\/modulo-efectos-alphatheta-rmx-ignite\/\">RMX-IGNITE<\/a> Sample Manager<\/h3>\n<p>Gestiona tus propias muestras desde una unidad USB o desde cualquier reproductor m\u00faltiple conectado a <a href=\"https:\/\/alphatheta.com\/es\/\" target=\"_blank\" rel=\"noopener\">PRO DJ LINK<\/a>.<\/p>\n<\/div>\n<h2 class=\"ignite-fidelity__title ignite-section-title\">Dise\u00f1o de alta fidelidad<\/h2>\n<p class=\"ignite-fidelity__text ignite-text\">Procesamiento de se\u00f1al digital de 96 kHz\/64 bits con calidad de estudio y conversores AD\/DA de 32 bits ESS para reproducir la m\u00fasica con una claridad y una profundidad asombrosas. Todos los componentes est\u00e1n calibrados para mantener el sonido original, con toda su expresi\u00f3n y sus detalles m\u00e1s sutiles.<br \/>\nUn audio fiel al original, conectado con cada momento y con tus movimientos.<\/p>\n<p>&nbsp;<\/p>\n<\/div>\n<\/div>\n<\/div>\n<\/div>\n<\/div>\n<\/div>\n<\/div>\n<\/div>\n<\/div>\n<\/div>\n<\/div>\n<\/div>\n<\/div>\n<\/div>\n<\/div>\n<div class=\"ignite-specification__content\">\n<h2 class=\"ignite-specification__title section-title-md\">Especificaciones<\/h2>\n<\/div>\n<div class=\"ignite-specification__accordion\">\n<div class=\"ignite-specification__accordion-item\">\n<div id=\"general-content\" class=\"ignite-specification__accordion-content is-open\">\n<ul>\n<li class=\"ignite-specification__spec-item\">Requisitos de alimentaci\u00f3n: AC 100 V \u2013 240 V, 50 Hz \/ 60 Hz<\/li>\n<li class=\"ignite-specification__spec-item\">Consumo de energ\u00eda: DC 15 V, 3.0 A<\/li>\n<li class=\"ignite-specification__spec-item\">Consumo de energ\u00eda: (OFF)0.3 W<\/li>\n<li class=\"ignite-specification__spec-item\">Dimensiones externas m\u00e1ximas: (An \u00d7 Pr \u00d7 Al)340.0 \u00d7 213.3 \u00d7 72.8 mm \/ 13.4\u2033 \u00d7 8.4\u2033 \u00d7 2.9\u2033<\/li>\n<li class=\"ignite-specification__spec-item\">Peso de la unidad principal: 2.3 kg \/ 5.1 lbs.<\/li>\n<li class=\"ignite-specification__spec-item\">Temperatura de funcionamiento: +5 \u00b0C \u2013 +35 \u00b0C<\/li>\n<li class=\"ignite-specification__spec-item\">Humedad de funcionamiento: 5 % \u2013 85 % (sin condensaci\u00f3n)<\/li>\n<li class=\"ignite-specification__spec-item\">Frecuencia de muestreo: 96 kHz<\/li>\n<li class=\"ignite-specification__spec-item\">Convertidor A\/D, D\/A: 32 bits<\/li>\n<li class=\"ignite-specification__spec-item\">Respuesta de frecuencia: 20 Hz \u2013 40 kHz<\/li>\n<li class=\"ignite-specification__spec-item\">Relaci\u00f3n se\u00f1al\/ruido (salida nominal, ponderaci\u00f3n A): CONNECTION (MST): 115 dB CONNECTION (SEND\/RETURN): 114 dB CONNECTION (CDJ): 108 dB<\/li>\n<li class=\"ignite-specification__spec-item\">Distorsi\u00f3n arm\u00f3nica total (20 Hz \u2013 20 kHz BW) 0.0018 %<\/li>\n<li class=\"ignite-specification__spec-item\">Nivel de entrada est\u00e1ndar \/ Nivel de salida est\u00e1ndar: CONNECTION (MST): +4 dBu \/ +4 dB CONNECTION (SEND\/RETURN): -7.8 dBu \/ -7.8 dBu CONNECTION (CDJ): -6 dBu \/ -12 dBu<\/li>\n<li class=\"ignite-specification__spec-item\">Impedancia de entrada: 47 k\u03a9<\/li>\n<li class=\"ignite-specification__spec-item\">Impedancia de salida: 680 \u03a9 o menos<\/li>\n<li class=\"ignite-specification__spec-item\">Nivel de salida nominal \/ Impedancia de carga CONNECTION (MST): 21 dBu \/ 10 k\u03a9 CONNECTION (SEND\/RETURN): 12 dBu \/ 10 k\u03a9 CONNECTION (CDJ): 3 dBu \/ 10 k\u03a9<\/li>\n<li class=\"ignite-specification__spec-item\">Entrada: Conector TS de 6,35 mm \u00d7 1<\/li>\n<li class=\"ignite-specification__spec-item\">Salida: Conector TS de 6,35 mm \u00d7 1<\/li>\n<li class=\"ignite-specification__spec-item\">USB Tipo A (para SAMPLER)1 puerto Suministro de energ\u00eda 5 V \/ 1 A o menos<\/li>\n<li class=\"ignite-specification__spec-item\">USB Tipo C (para MULTI I\/O, adaptador de CA) 2 puertos<\/li>\n<li class=\"ignite-specification__spec-item\">\n<div class=\"ignite-specification__spec-item\">LINKLAN (100BASE-TX) \u00d7 1<\/div>\n<\/li>\n<li class=\"ignite-specification__spec-item\">\n<div class=\"ignite-specification__spec-item\">Formatos audio compatibles:<\/div>\n<\/li>\n<\/ul>\n<\/div>\n<\/div>\n<div class=\"ignite-specification__accordion-item\">\n<div id=\"supported-formats-content\" class=\"ignite-specification__accordion-content is-open\">\n<div class=\"ignite-specification__spec-item\">WAV Profundidad de bits: 16 bits \/ 24 bits<br \/>\nFrecuencia de muestreo: 44.1 kHz \/ 48 kHz \/ 88.2 kHz \/ 96 kHz<\/div>\n<div class=\"ignite-specification__spec-item\">AIFF Profundidad de bits: 16 bits \/ 24 bits<br \/>\nFrecuencia de muestreo: 44.1 kHz \/ 48 kHz \/ 88.2 kHz \/ 96 kHz<\/div>\n<\/div>\n<\/div>\n<\/div>\n<div><\/div>\n<div><\/div>\n<div>Para m\u00e1s informaci\u00f3n sobre el producto:<\/div>\n<div><\/div>\n<div><a href=\"https:\/\/alphatheta.com\/es\/product\/effector\/rmx-ignite\/black\/\" target=\"_blank\" rel=\"noopener\">https:\/\/alphatheta.com\/es\/product\/effector\/rmx-ignite\/black\/<\/a><\/div>\n<p>&nbsp;<\/p>\n","protected":false},"excerpt":{"rendered":"<p><strong>MODULO EFECTOS ALPHATHETA RMX-IGNITE<\/strong><\/p>\n<ul>\n<li><span class=\"fontstyle0\">3 Lever FX grandes, efectos al instante: Echo, Reverb, Juggle, Reverse, Solo y Stretch.<\/span><\/li>\n<li><span class=\"fontstyle0\">Isolate FX. Control suave de Tape Echo, Reverb, Drive, Filter, Ducker y Rhythm.<\/span><\/li>\n<li><span class=\"fontstyle0\">Release Echo. Con un solo bot\u00f3n puedes borrar al instante efectos y muestras<\/span><\/li>\n<li><span class=\"fontstyle0\">Sample Trigger Pad. 4 pads de alta sensibilidad para activar de forma intuitiva 20 muestras<\/span><\/li>\n<li><span class=\"fontstyle0\">20 muestras integradas de Loopmasters.<\/span><\/li>\n<li><span class=\"fontstyle0\">En el modo Overdub puedes enlazar frases de 1 barra y muestras en capas<\/span><\/li>\n<li><span class=\"fontstyle0\">Sample Roll en 10 patrones aplicables a las muestras activadas con los pads.<\/span><\/li>\n<li><span class=\"fontstyle0\">Con Groove Roll puedes crear rolls din\u00e1micos y con personalidad<\/span><\/li>\n<li><span class=\"fontstyle0\">Sampler Color FX controla 6 efectos \u00fanicos (Echo, Space, Filter, Pitch, Decay y Swing)<\/span><\/li>\n<li><span class=\"fontstyle0\">RMX-IGNITE Sample Manager<\/span><\/li>\n<li><span class=\"fontstyle0\">Env\u00edo\/retorno digitales USB <\/span><\/li>\n<\/ul>\n","protected":false},"featured_media":54582,"template":"","meta":[],"product_cat":[665,1032],"product_tag":[],"class_list":{"0":"post-54581","1":"product","2":"type-product","3":"status-publish","4":"has-post-thumbnail","6":"product_brand-alphatheta","7":"product_brand-pioneer-dj","8":"product_cat-dj","9":"product_cat-modulo-efectos-dj","11":"first","12":"outofstock","13":"taxable","14":"shipping-taxable","15":"purchasable","16":"product-type-simple","17":"col-xs-6 col-sm-4","18":"col-md-3 col-lg-3","19":"un-4-cols"},"_links":{"self":[{"href":"https:\/\/www.audioibiza.com\/index.php\/wp-json\/wp\/v2\/product\/54581","targetHints":{"allow":["GET"]}}],"collection":[{"href":"https:\/\/www.audioibiza.com\/index.php\/wp-json\/wp\/v2\/product"}],"about":[{"href":"https:\/\/www.audioibiza.com\/index.php\/wp-json\/wp\/v2\/types\/product"}],"wp:featuredmedia":[{"embeddable":true,"href":"https:\/\/www.audioibiza.com\/index.php\/wp-json\/wp\/v2\/media\/54582"}],"wp:attachment":[{"href":"https:\/\/www.audioibiza.com\/index.php\/wp-json\/wp\/v2\/media?parent=54581"}],"wp:term":[{"taxonomy":"product_cat","embeddable":true,"href":"https:\/\/www.audioibiza.com\/index.php\/wp-json\/wp\/v2\/product_cat?post=54581"},{"taxonomy":"product_tag","embeddable":true,"href":"https:\/\/www.audioibiza.com\/index.php\/wp-json\/wp\/v2\/product_tag?post=54581"}],"curies":[{"name":"wp","href":"https:\/\/api.w.org\/{rel}","templated":true}]}}