{"id":52682,"date":"2024-11-18T10:28:48","date_gmt":"2024-11-18T09:28:48","guid":{"rendered":"https:\/\/www.audioibiza.com\/?post_type=product&#038;p=52682"},"modified":"2025-07-28T12:54:31","modified_gmt":"2025-07-28T10:54:31","slug":"arturia-keylab-essential-49-mk3-bl","status":"publish","type":"product","link":"https:\/\/www.audioibiza.com\/index.php\/arturia-keylab-essential-49-mk3-bl\/","title":{"rendered":"Teclado midi ARTURIA KEYLAB ESSENTIAL 49 MK3 Negro"},"content":{"rendered":"<p><iframe title=\"KeyLab mk3 | Universal MIDI controller | ARTURIA\" width=\"840\" height=\"473\" src=\"https:\/\/www.youtube.com\/embed\/RFWSuv0jvGw?feature=oembed\" frameborder=\"0\" allow=\"accelerometer; autoplay; clipboard-write; encrypted-media; gyroscope; picture-in-picture; web-share\" referrerpolicy=\"strict-origin-when-cross-origin\" allowfullscreen><\/iframe><\/p>\n<p><iframe title=\"Tutorials | KeyLab Essential mk3 - Overview\" width=\"840\" height=\"473\" src=\"https:\/\/www.youtube.com\/embed\/tLz2K-Gidlg?feature=oembed\" frameborder=\"0\" allow=\"accelerometer; autoplay; clipboard-write; encrypted-media; gyroscope; picture-in-picture; web-share\" referrerpolicy=\"strict-origin-when-cross-origin\" allowfullscreen><\/iframe><\/p>\n<h1><a href=\"https:\/\/www.audioibiza.com\/index.php\/arturia-keylab-essential-49-mk3-bl\/\">TECLADO MIDI ARTURIA KEYLAB ESSENTIAL 49 MK3 Negro<\/a><\/h1>\n<p><span id=\"ctl00_ContentCentral_lblDescripcionLarga\">Teclado controlador USB universal de 49 teclas. Acabado en blanco. Ofrece un nuevo nivel de creaci\u00f3n musical accesible, agradable y creativa, redefiniendo la esencia de un teclado controlador universal moderno. <\/span><\/p>\n<p><span id=\"ctl00_ContentCentral_lblDescripcionLarga\">Nuevas funciones creativas: Modo Escala, Modo Acorde y Arpegiador, que hacen que componer, escribir canciones y crear ritmos sea m\u00e1s intuitivo que nunca. <\/span><\/p>\n<p><span id=\"ctl00_ContentCentral_lblDescripcionLarga\">Integraci\u00f3n personalizada con DAW: Incluye scripts personalizados para un control m\u00e1s profundo sobre DAWs, incluyendo Ableton Live Logic Pro X, FL Studio, y m\u00e1s. <\/span><\/p>\n<p><span id=\"ctl00_ContentCentral_lblDescripcionLarga\">Presets m\u00e1s vers\u00e1tiles: Los 2000 presets incluidos con Analog Lab V ya no se limitan a sonidos vintage; los usuarios pueden disfrutar de h\u00edbridos \u00fanicos, sintetizadores modernos, sonidos orquestales y mucho m\u00e1s. <\/span><\/p>\n<p><span id=\"ctl00_ContentCentral_lblDescripcionLarga\">Controles e interfaz m\u00e1s sencillos: Pads retroiluminados RGB con sensibilidad a la velocidad y a la presi\u00f3n, bot\u00f3n contextual y una nueva y brillante pantalla LCD de 2,5\u2033 para obtener informaci\u00f3n en tiempo real. <\/span><\/p>\n<p><span id=\"ctl00_ContentCentral_lblDescripcionLarga\">Paquete de software ampliado para principiantes y profesionales: Ahora incluye Analog Lab V, 2 pianos (UVI Model D, NI\u2019s The Gentleman), adem\u00e1s de suscripciones a Loopcloud y Melodics.<\/span><\/p>\n<p>Compatibilidad con Native Kontrol Standard (NKS). Paquete Native Instruments Komplete 15 Select de tu elecci\u00f3n (Select Beats, Select Band o Select Electronic)<\/p>\n<p>\u00a0<\/p>\n<p>Para m\u00e1s informaci\u00f3n del producto:<\/p>\n<p><a href=\"https:\/\/www.arturia.com\/es\/products\/hybrid-synths\/keylab-essential-mk3\/overview\" target=\"_blank\" rel=\"noopener\">https:\/\/www.arturia.com\/es\/products\/hybrid-synths\/keylab-essential-mk3\/overview<\/a><\/p>\n","protected":false},"excerpt":{"rendered":"<h4>TECLADO MIDI ARTURIA KEYLAB ESSENTIAL 49 MK3 NEGRO<\/h4>\n","protected":false},"featured_media":52683,"template":"","meta":[],"product_cat":[665,706,733],"product_tag":[],"class_list":{"0":"post-52682","1":"product","2":"type-product","3":"status-publish","4":"has-post-thumbnail","6":"product_brand-arturia","7":"product_cat-dj","8":"product_cat-produccion-musical","9":"product_cat-teclado-midi","10":"product_shipping_class-muy-grande-y-barato-30","12":"first","13":"outofstock","14":"taxable","15":"shipping-taxable","16":"purchasable","17":"product-type-simple","18":"col-xs-6 col-sm-4","19":"col-md-3 col-lg-3","20":"un-4-cols"},"_links":{"self":[{"href":"https:\/\/www.audioibiza.com\/index.php\/wp-json\/wp\/v2\/product\/52682","targetHints":{"allow":["GET"]}}],"collection":[{"href":"https:\/\/www.audioibiza.com\/index.php\/wp-json\/wp\/v2\/product"}],"about":[{"href":"https:\/\/www.audioibiza.com\/index.php\/wp-json\/wp\/v2\/types\/product"}],"wp:featuredmedia":[{"embeddable":true,"href":"https:\/\/www.audioibiza.com\/index.php\/wp-json\/wp\/v2\/media\/52683"}],"wp:attachment":[{"href":"https:\/\/www.audioibiza.com\/index.php\/wp-json\/wp\/v2\/media?parent=52682"}],"wp:term":[{"taxonomy":"product_cat","embeddable":true,"href":"https:\/\/www.audioibiza.com\/index.php\/wp-json\/wp\/v2\/product_cat?post=52682"},{"taxonomy":"product_tag","embeddable":true,"href":"https:\/\/www.audioibiza.com\/index.php\/wp-json\/wp\/v2\/product_tag?post=52682"}],"curies":[{"name":"wp","href":"https:\/\/api.w.org\/{rel}","templated":true}]}}