{"id":52617,"date":"2024-11-13T12:32:59","date_gmt":"2024-11-13T11:32:59","guid":{"rendered":"https:\/\/www.audioibiza.com\/?post_type=product&#038;p=52617"},"modified":"2025-07-28T12:50:40","modified_gmt":"2025-07-28T10:50:40","slug":"arturia-keylab-49-mk3-negro","status":"publish","type":"product","link":"https:\/\/www.audioibiza.com\/index.php\/arturia-keylab-49-mk3-negro\/","title":{"rendered":"Teclado midi ARTURIA KEYLAB 49 MK3 Negro"},"content":{"rendered":"<p><iframe title=\"KeyLab mk3 | Universal MIDI controller | ARTURIA\" width=\"840\" height=\"473\" src=\"https:\/\/www.youtube.com\/embed\/RFWSuv0jvGw?feature=oembed\" frameborder=\"0\" allow=\"accelerometer; autoplay; clipboard-write; encrypted-media; gyroscope; picture-in-picture; web-share\" referrerpolicy=\"strict-origin-when-cross-origin\" allowfullscreen><\/iframe><\/p>\n<h1>TECLADO MIDI ARTURIA KEYLAB 49 MK3 NEGRO<\/h1>\n<h2><a href=\"https:\/\/www.audioibiza.com\/index.php\/arturia-keylab-49-mk3-negro\/\">Teclado midi Arturia Keylab 49 MK3 negro<\/a><\/h2>\n<p><span id=\"ctl00_ContentCentral_lblDescripcionLarga\">KeyLab 49 mk3 no es s\u00f3lo una extensi\u00f3n de tu ordenador, sino una extensi\u00f3n de tu mismo. Combinando un dise\u00f1o profesional centrado en el ser humano con todas las ventajas de un controlador MIDI con todas las funciones, KeyLab mk3 es un catalizador de la creatividad que encaja perfectamente en cualquier configuraci\u00f3n. <\/span><\/p>\n<p><span id=\"ctl00_ContentCentral_lblDescripcionLarga\">Teclas habilitadas para velocidad y Aftertouch con una capacidad de respuesta y reproducci\u00f3n excepcionales. Pantalla a todo color de 3,5\u2033 y 480x320px con 8 botones contextuales para un control y una respuesta intuitivos. <\/span><\/p>\n<p><span id=\"ctl00_ContentCentral_lblDescripcionLarga\">Modo Escala: Ajusta autom\u00e1ticamente las notas a una escala seleccionada. <\/span><\/p>\n<p><span id=\"ctl00_ContentCentral_lblDescripcionLarga\">Arpegiador: Incluye amplias funciones de aleatoriedad para patrones \u00fanicos. <\/span><\/p>\n<p><span id=\"ctl00_ContentCentral_lblDescripcionLarga\">Reproducci\u00f3n de acordes: Permite acordes fijos o progresiones de acordes con voicing inteligente. <\/span><\/p>\n<p><span id=\"ctl00_ContentCentral_lblDescripcionLarga\">Integraci\u00f3n perfecta con Ableton Live, FL Studio, Logic Pro, Cubase y Bitwig Studio con mapeos MIDI dedicados, adem\u00e1s de MCU y HUI. Mayor integraci\u00f3n con Arturia Software, que ofrece un control y una flexibilidad inigualables. Incluye Analog Lab Pro, Ableton Live Lite, NI The Gentleman, Loopcloud y Melodics. <\/span><\/p>\n<p>Compatibilidad con Native Kontrol Standard (NKS)\u00bb (junto a otras caracter\u00edsticas) \u00abPaquete Native Instruments Komplete 15 Select de tu elecci\u00f3n (Select Beats, Select Band o Select Electronic)<\/p>\n<p><span id=\"ctl00_ContentCentral_lblDescripcionLarga\">Construcci\u00f3n robusta y fiable dise\u00f1ada para un uso intensivo. 9 potenci\u00f3metros y faders de 360\u00b0 sensibles al tacto. 12 pads sensibles a la velocidad y a la presi\u00f3n con 4 bancos. Controles de transporte y comandos DAW (guardar, deshacer, rehacer, etc.). Entradas para pedales de sustain, expresi\u00f3n y auxiliares. Entrada\/salida MIDI DIN para opciones de conectividad vers\u00e1tiles. Alimentaci\u00f3n USB-C para garantizar la compatibilidad con las configuraciones modernas<\/span><\/p>\n<p>Para m\u00e1s informaci\u00f3n del producto:<\/p>\n<p><a href=\"https:\/\/www.arturia.com\/es\/products\/hybrid-synths\/keylab-mk3\/overview\" target=\"_blank\" rel=\"noopener\">https:\/\/www.arturia.com\/es\/products\/hybrid-synths\/keylab-mk3\/overview<\/a><\/p>\n","protected":false},"excerpt":{"rendered":"<p><strong>TECLADO MIDI ARTURIA KEYLAB 49 MK3 NEGRO<\/strong><\/p>\n","protected":false},"featured_media":52618,"template":"","meta":[],"product_cat":[665,706,733],"product_tag":[],"class_list":{"0":"post-52617","1":"product","2":"type-product","3":"status-publish","4":"has-post-thumbnail","6":"product_brand-arturia","7":"product_cat-dj","8":"product_cat-produccion-musical","9":"product_cat-teclado-midi","11":"first","12":"outofstock","13":"taxable","14":"shipping-taxable","15":"purchasable","16":"product-type-simple","17":"col-xs-6 col-sm-4","18":"col-md-3 col-lg-3","19":"un-4-cols"},"_links":{"self":[{"href":"https:\/\/www.audioibiza.com\/index.php\/wp-json\/wp\/v2\/product\/52617","targetHints":{"allow":["GET"]}}],"collection":[{"href":"https:\/\/www.audioibiza.com\/index.php\/wp-json\/wp\/v2\/product"}],"about":[{"href":"https:\/\/www.audioibiza.com\/index.php\/wp-json\/wp\/v2\/types\/product"}],"wp:featuredmedia":[{"embeddable":true,"href":"https:\/\/www.audioibiza.com\/index.php\/wp-json\/wp\/v2\/media\/52618"}],"wp:attachment":[{"href":"https:\/\/www.audioibiza.com\/index.php\/wp-json\/wp\/v2\/media?parent=52617"}],"wp:term":[{"taxonomy":"product_cat","embeddable":true,"href":"https:\/\/www.audioibiza.com\/index.php\/wp-json\/wp\/v2\/product_cat?post=52617"},{"taxonomy":"product_tag","embeddable":true,"href":"https:\/\/www.audioibiza.com\/index.php\/wp-json\/wp\/v2\/product_tag?post=52617"}],"curies":[{"name":"wp","href":"https:\/\/api.w.org\/{rel}","templated":true}]}}