{"id":52604,"date":"2024-11-13T11:27:33","date_gmt":"2024-11-13T10:27:33","guid":{"rendered":"https:\/\/www.audioibiza.com\/?post_type=product&#038;p=52604"},"modified":"2025-07-28T12:55:02","modified_gmt":"2025-07-28T10:55:02","slug":"teclado-midi-arturia-minilab-3-black","status":"publish","type":"product","link":"https:\/\/www.audioibiza.com\/index.php\/teclado-midi-arturia-minilab-3-black\/","title":{"rendered":"Teclado midi ARTURIA MINILAB 3 BLACK"},"content":{"rendered":"<p><iframe title=\"MiniLab 3 | Universal MIDI Controller | ARTURIA\" width=\"840\" height=\"473\" src=\"https:\/\/www.youtube.com\/embed\/qi6sahBViI8?feature=oembed\" frameborder=\"0\" allow=\"accelerometer; autoplay; clipboard-write; encrypted-media; gyroscope; picture-in-picture; web-share\" referrerpolicy=\"strict-origin-when-cross-origin\" allowfullscreen><\/iframe><\/p>\n<p><iframe title=\"Tutorials | MiniLab 3 - Overview\" width=\"840\" height=\"473\" src=\"https:\/\/www.youtube.com\/embed\/opmLEJwEJj0?feature=oembed\" frameborder=\"0\" allow=\"accelerometer; autoplay; clipboard-write; encrypted-media; gyroscope; picture-in-picture; web-share\" referrerpolicy=\"strict-origin-when-cross-origin\" allowfullscreen><\/iframe><\/p>\n<h1>TECLADO MIDI ARTURIA MINILAB 3 BLACK<\/h1>\n<h2><a href=\"https:\/\/www.audioibiza.com\/index.php\/teclado-midi-arturia-minilab-3-black\/\">Teclado midi Arturia Minilab 3 Black<\/a><\/h2>\n<p>Compatibilidad con Native Kontrol Standard (NKS). Paquete Native Instruments Komplete 15 Select de tu elecci\u00f3n (Select Beats, Select Band o Select Electronic)<\/p>\n<p>\u00a0<\/p>\n<p>Para m\u00e1s informaci\u00f3n del producto:<\/p>\n<p><a href=\"https:\/\/www.arturia.com\/es\/products\/hybrid-synths\/minilab-3\/overview\" target=\"_blank\" rel=\"noopener\">https:\/\/www.arturia.com\/es\/products\/hybrid-synths\/minilab-3\/overview<\/a><\/p>\n","protected":false},"excerpt":{"rendered":"<h4>TECLADO MIDI ARTURIA MINILAB 3 Black<\/h4>\n<p><span id=\"ctl00_ContentCentral_lblDescripcionLarga\">Controlador MIDI USB compacto con controles \u00fatiles y t\u00e1ctiles: 2 bancos de 8 pads RGB retroiluminados de alta calidad sensibles a la velocidad y a la presi\u00f3n, 8 codificadores giratorios; 4 deslizadores; mini pantalla y bot\u00f3n de navegaci\u00f3n clicable con informaci\u00f3n en tiempo real sobre los ajustes y los controles. <\/span><span id=\"ctl00_ContentCentral_lblDescripcionLarga\"><\/span><\/p>\n<p><span id=\"ctl00_ContentCentral_lblDescripcionLarga\">Botones de subida, bajada de octava y transposici\u00f3n para un rango completo. 2 sensores t\u00e1ctiles capacitivos para el pitch bend y la rueda de modulaci\u00f3n. Entradas para sustain, expresi\u00f3n o pedal. <\/span><\/p>\n<p><span id=\"ctl00_ContentCentral_lblDescripcionLarga\">MIDI por USB-C MIDI y MIDI Out DIN de 5 pines para la conexi\u00f3n a instrumentos y equipos MIDI externos. Integraci\u00f3n perfecta con todos los instrumentos de software de Arturia, incluido Analog Lab: selecci\u00f3n de sonidos, exploraci\u00f3n de presets, conmutaci\u00f3n de piezas, controles asignados de forma inteligente. <\/span><\/p>\n<p><span id=\"ctl00_ContentCentral_lblDescripcionLarga\">Acabado en color negro.<\/span><\/p>\n<p>&nbsp;<\/p>\n","protected":false},"featured_media":52607,"template":"","meta":[],"product_cat":[665,706,733],"product_tag":[],"class_list":{"0":"post-52604","1":"product","2":"type-product","3":"status-publish","4":"has-post-thumbnail","6":"product_brand-arturia","7":"product_cat-dj","8":"product_cat-produccion-musical","9":"product_cat-teclado-midi","10":"product_shipping_class-pequeno-y-barato-10","12":"first","13":"outofstock","14":"taxable","15":"shipping-taxable","16":"purchasable","17":"product-type-simple","18":"col-xs-6 col-sm-4","19":"col-md-3 col-lg-3","20":"un-4-cols"},"_links":{"self":[{"href":"https:\/\/www.audioibiza.com\/index.php\/wp-json\/wp\/v2\/product\/52604","targetHints":{"allow":["GET"]}}],"collection":[{"href":"https:\/\/www.audioibiza.com\/index.php\/wp-json\/wp\/v2\/product"}],"about":[{"href":"https:\/\/www.audioibiza.com\/index.php\/wp-json\/wp\/v2\/types\/product"}],"wp:featuredmedia":[{"embeddable":true,"href":"https:\/\/www.audioibiza.com\/index.php\/wp-json\/wp\/v2\/media\/52607"}],"wp:attachment":[{"href":"https:\/\/www.audioibiza.com\/index.php\/wp-json\/wp\/v2\/media?parent=52604"}],"wp:term":[{"taxonomy":"product_cat","embeddable":true,"href":"https:\/\/www.audioibiza.com\/index.php\/wp-json\/wp\/v2\/product_cat?post=52604"},{"taxonomy":"product_tag","embeddable":true,"href":"https:\/\/www.audioibiza.com\/index.php\/wp-json\/wp\/v2\/product_tag?post=52604"}],"curies":[{"name":"wp","href":"https:\/\/api.w.org\/{rel}","templated":true}]}}