{"id":52528,"date":"2024-10-31T17:53:22","date_gmt":"2024-10-31T16:53:22","guid":{"rendered":"https:\/\/www.audioibiza.com\/?post_type=product&#038;p=52528"},"modified":"2026-03-04T10:35:28","modified_gmt":"2026-03-04T09:35:28","slug":"auriculares-dj-sennheiser-hd25","status":"publish","type":"product","link":"https:\/\/www.audioibiza.com\/index.php\/auriculares-dj-sennheiser-hd25\/","title":{"rendered":"Auriculares DJ SENNHEISER HD25"},"content":{"rendered":"<p><iframe title=\"Rese\u00f1a HD 25\" width=\"840\" height=\"473\" src=\"https:\/\/www.youtube.com\/embed\/qeX7HJ6EEAI?feature=oembed\" frameborder=\"0\" allow=\"accelerometer; autoplay; clipboard-write; encrypted-media; gyroscope; picture-in-picture; web-share\" referrerpolicy=\"strict-origin-when-cross-origin\" allowfullscreen><\/iframe><\/p>\n<h1>Auriculares DJ Sennheiser HD25<\/h1>\n<p>Los <a href=\"https:\/\/www.audioibiza.com\/index.php\/sennheiser-hd25\/\">Auriculares DJ Sennheiser HD25<\/a> (con accesorios incluidos) son ideales para ambientes con un alto nivel de ruido. Dise\u00f1ados especialmente para aplicaciones de monitoreo profesional, estos aud\u00edfonos proporcionan una excelente atenuaci\u00f3n del ruido ambiente.<\/p>\n<p>Los resistentes HD 25-1 II son capaces de manejar altos niveles de presi\u00f3n de sonido y tienen un excepcional desempe\u00f1o en ambientes sumamente ruidosos, como por ejemplo en los servicios de noticias y presentaciones en vivo, los ambientes de estudio y las pruebas de equipo de audio.<\/p>\n<p>Su c\u00e1psula giratoria permite escuchar de un solo lado, lo que hace de los HD 25-1 II los aud\u00edfonos de monitoreo ideales para DJs<\/p>\n<h2>Caracteristicas<\/h2>\n<ul class=\"definitions__list__root\">\n<li style=\"list-style-type: none;\">\n<ul class=\"definitions__list__root\">\n<li class=\"definitions__list__row\">\n<dl class=\"layout\">\n<dt class=\"definitions__list__term layout__item is-1-of-1-palm is-1-of-1-lap-up\"><span style=\"color: #999999;\">Color <\/span><span style=\"color: #999999;\">negro<\/span><\/dt>\n<\/dl>\n<\/li>\n<li class=\"definitions__list__row\">\n<dl class=\"layout\">\n<dt class=\"definitions__list__term layout__item is-1-of-1-palm is-1-of-1-lap-up\"><span style=\"color: #999999;\">Respuesta frecuencia <\/span><span style=\"color: #999999;\">16 \u2013 22000 Hz<\/span><\/dt>\n<\/dl>\n<\/li>\n<li class=\"definitions__list__row\">\n<dl class=\"layout\">\n<dt class=\"definitions__list__term layout__item is-1-of-1-palm is-1-of-1-lap-up\"><span style=\"color: #999999;\">THD, distorsi\u00f3n arm\u00f3nica total <\/span><span style=\"color: #999999;\">< 0,3 %<\/span><\/dt>\n<\/dl>\n<\/li>\n<li class=\"definitions__list__row\">\n<dl class=\"layout\">\n<dt class=\"definitions__list__term layout__item is-1-of-1-palm is-1-of-1-lap-up\"><span style=\"color: #999999;\">Presi\u00f3n de contacto <\/span><span style=\"color: #999999;\">~ 2,5 N<\/span><\/dt>\n<\/dl>\n<\/li>\n<li class=\"definitions__list__row\">\n<dl class=\"layout\">\n<dt class=\"definitions__list__term layout__item is-1-of-1-palm is-1-of-1-lap-up\"><span style=\"color: #999999;\">Acoplamiento al oido <\/span><span style=\"color: #999999;\">supraaural<\/span><\/dt>\n<\/dl>\n<\/li>\n<li class=\"definitions__list__row\">\n<dl class=\"layout\">\n<dt class=\"definitions__list__term layout__item is-1-of-1-palm is-1-of-1-lap-up\"><span style=\"color: #999999;\">Clavija hembra\/rec\u00e9pt\u00e1culo hembra <\/span><span style=\"color: #999999;\">3,5\/6,3 mm est\u00e9reo<\/span><\/dt>\n<\/dl>\n<\/li>\n<li class=\"definitions__list__row\">\n<dl class=\"layout\">\n<dt class=\"definitions__list__term layout__item is-1-of-1-palm is-1-of-1-lap-up\"><span style=\"color: #999999;\">Longitud del cable <\/span><span style=\"color: #999999;\">1,5m<\/span><\/dt>\n<\/dl>\n<\/li>\n<li class=\"definitions__list__row\">\n<dl class=\"layout\">\n<dt class=\"definitions__list__term layout__item is-1-of-1-palm is-1-of-1-lap-up\"><span style=\"color: #999999;\">Principio del transductor <\/span><span style=\"color: #999999;\">cerrados, din\u00e1micos<\/span><\/dt>\n<\/dl>\n<\/li>\n<li class=\"definitions__list__row\">\n<dl class=\"layout\">\n<dt class=\"definitions__list__term layout__item is-1-of-1-palm is-1-of-1-lap-up\"><span style=\"color: #999999;\">Peso <\/span><span style=\"color: #999999;\">~ 140 g<\/span><\/dt>\n<\/dl>\n<\/li>\n<li class=\"definitions__list__row\">\n<dl class=\"layout\">\n<dt class=\"definitions__list__term layout__item is-1-of-1-palm is-1-of-1-lap-up\"><span style=\"color: #999999;\">Impedancia nominal <\/span><span style=\"color: #999999;\">70 \u03a9<\/span><\/dt>\n<\/dl>\n<\/li>\n<li class=\"definitions__list__row\">\n<dl class=\"layout\">\n<dt class=\"definitions__list__term layout__item is-1-of-1-palm is-1-of-1-lap-up\"><span style=\"color: #999999;\">Valor nominal de carga <\/span><span style=\"color: #999999;\">200 mW<\/span><\/dt>\n<\/dl>\n<\/li>\n<li class=\"definitions__list__row\">\n<dl class=\"layout\">\n<dt class=\"definitions__list__term layout__item is-1-of-1-palm is-1-of-1-lap-up\"><span style=\"color: #999999;\">Max. nivel de presi\u00f3n de sonido <\/span><span style=\"color: #999999;\">120 dB<\/span><\/dt>\n<\/dl>\n<\/li>\n<\/ul>\n<\/li>\n<\/ul>\n<h3 class=\"section__headline\">Qu\u00e9 hay en la caja<\/h3>\n<ul class=\"supply_scope\">\n<li>1 HD 25 con cable liso<\/li>\n<li>1 adaptador jack con rosca 3.5 to 6.3 mm<\/li>\n<\/ul>\n<p>\u00a0<\/p>\n<p>Para m\u00e1s informaci\u00f3n sobre el producto:<\/p>\n<p><a href=\"https:\/\/www.sennheiser.com\/es-mx\/catalog\/products\/auriculares\/hd-25\/hd-25-506909\" target=\"_blank\" rel=\"noopener\">https:\/\/www.sennheiser.com\/es-mx\/catalog\/products\/auriculares\/hd-25\/hd-25-506909<\/a><\/p>\n","protected":false},"excerpt":{"rendered":"<h4>Auriculares DJ Sennheiser HD25<\/h4>\n","protected":false},"featured_media":52529,"template":"","meta":[],"product_cat":[665,737,738],"product_tag":[],"class_list":{"0":"post-52528","1":"product","2":"type-product","3":"status-publish","4":"has-post-thumbnail","6":"product_brand-sennheiser","7":"product_cat-dj","8":"product_cat-auriculares","9":"product_cat-auriculares-dj","10":"product_shipping_class-pequeno-y-barato-10","12":"first","13":"instock","14":"taxable","15":"shipping-taxable","16":"purchasable","17":"product-type-simple","18":"col-xs-6 col-sm-4","19":"col-md-3 col-lg-3","20":"un-4-cols"},"_links":{"self":[{"href":"https:\/\/www.audioibiza.com\/index.php\/wp-json\/wp\/v2\/product\/52528","targetHints":{"allow":["GET"]}}],"collection":[{"href":"https:\/\/www.audioibiza.com\/index.php\/wp-json\/wp\/v2\/product"}],"about":[{"href":"https:\/\/www.audioibiza.com\/index.php\/wp-json\/wp\/v2\/types\/product"}],"wp:featuredmedia":[{"embeddable":true,"href":"https:\/\/www.audioibiza.com\/index.php\/wp-json\/wp\/v2\/media\/52529"}],"wp:attachment":[{"href":"https:\/\/www.audioibiza.com\/index.php\/wp-json\/wp\/v2\/media?parent=52528"}],"wp:term":[{"taxonomy":"product_cat","embeddable":true,"href":"https:\/\/www.audioibiza.com\/index.php\/wp-json\/wp\/v2\/product_cat?post=52528"},{"taxonomy":"product_tag","embeddable":true,"href":"https:\/\/www.audioibiza.com\/index.php\/wp-json\/wp\/v2\/product_tag?post=52528"}],"curies":[{"name":"wp","href":"https:\/\/api.w.org\/{rel}","templated":true}]}}