{"id":52414,"date":"2024-10-16T16:27:25","date_gmt":"2024-10-16T14:27:25","guid":{"rendered":"https:\/\/www.audioibiza.com\/?post_type=product&#038;p=52414"},"modified":"2026-03-24T17:26:19","modified_gmt":"2026-03-24T16:26:19","slug":"sistema-dj-alphatheta-xdj-az","status":"publish","type":"product","link":"https:\/\/www.audioibiza.com\/index.php\/sistema-dj-alphatheta-xdj-az\/","title":{"rendered":"Sistema DJ Todo-en-Uno AlphaTheta XDJ-AZ"},"content":{"rendered":"<p><iframe title=\"V\u00eddeo Tutorial Oficial XDJ-AZ en Espa\u00f1ol\" width=\"840\" height=\"473\" src=\"https:\/\/www.youtube.com\/embed\/fXqS5rNGP4c?feature=oembed\" frameborder=\"0\" allow=\"accelerometer; autoplay; clipboard-write; encrypted-media; gyroscope; picture-in-picture; web-share\" referrerpolicy=\"strict-origin-when-cross-origin\" allowfullscreen><\/iframe><\/p>\n<h1>Sistema DJ Todo-en-Uno AlphaTheta XDJ-AZ<\/h1>\n<div class=\"feature center_text_small\">\n<div class=\"feature_inner\">\n<h3>Experiencia DJ de club con la sensaci\u00f3n de control total<\/h3>\n<\/div>\n<\/div>\n<div class=\"center pc\">\n<div class=\"description\">\n<p>El XDJ-AZ hereda el dise\u00f1o y la sensaci\u00f3n de los emblem\u00e1ticos <a href=\"https:\/\/www.pioneerdj.com\/es-es\/product\/player\/cdj-3000\/black\/overview\/\" target=\"_blank\" rel=\"noopener\">CDJ-3000<\/a> y <a href=\"https:\/\/www.pioneerdj.com\/es-es\/product\/mixer\/djm-a9\/black\/overview\/\" target=\"_blank\" rel=\"noopener\">DJM-A9<\/a> para ofrecerte una experiencia intuitiva. Cuando tocas en el sistema, sientes como si estuvieras en armon\u00eda con los decks, lo que permite actuaciones m\u00e1s creativas. Con jog wheels de tama\u00f1o completo que se sienten como los del CDJ-3000, el pitch bending y el scratching en el <a href=\"https:\/\/www.audioibiza.com\/index.php\/sistema-dj-alphatheta-xdj-az\/\">XDJ-AZ<\/a> son incre\u00edblemente suaves. La secci\u00f3n del mezclador hereda el dise\u00f1o intuitivo de la DJM-A9, con todos los controles ubicados para maximizar la capacidad de reproducci\u00f3n. Y cuenta con botones f\u00e1ciles de usar para asignar Beat FX para ayudarte a expresarte a trav\u00e9s de la m\u00fasica. As\u00ed, cuando hayas dominado el XDJ-AZ, estar\u00e1s familiarizado con la forma en que funciona y se siente un equipo est\u00e1ndar de club, lo que facilitar\u00e1 tocar lo mejor posible en los clubes.<\/p>\n<\/div>\n<\/div>\n<section class=\"component key_features\">\n<div class=\"feature center_text_small\">\n<div class=\"feature_inner\">\n<h3>Wi-Fi\u00ae integrado y compatibilidad con varios tipos de medios para adaptarse a tu estilo DJ<\/h3>\n<\/div>\n<\/div>\n<div class=\"feature slide_items\">\n<div id=\"slide_349126\" class=\"feature_inner slide_vertical\">\n<div class=\"slide_items_wrap\">\n<div class=\"slide_items\">\n<div class=\"slide_item\">\n<div class=\"item_inner\">\n<div class=\"text_area\">\n<h3 class=\"title\">Compatibilidad con CloudDirectPlay de rekordbox<\/h3>\n<div class=\"description\">\n<p>Accede a tu biblioteca de rekordbox basada en la nube directamente desde el XDJ-AZ con CloudDirectPlay. Puedes usar la \u00faltima versi\u00f3n de tus listas de reproducci\u00f3n y datos de actuaci\u00f3n, como informaci\u00f3n de Hot Cue, e incluso actualizarla desde la unidad. Esto no solo garantiza una experiencia DJ perfecta, sino que tambi\u00e9n te permite hacer toda tu preparaci\u00f3n unificada desde tu sistema Todo en Uno.<\/p>\n<p class=\"note\">*Requiere una suscripci\u00f3n al plan Creative o Professional de rekordbox, o a Cloud Option para usar rekordbox CloudDirectPlay.<\/p>\n<\/div>\n<\/div>\n<\/div>\n<\/div>\n<div class=\"slide_item\">\n<div class=\"item_inner\">\n<div class=\"text_area\">\n<h3 class=\"title\">Compatibilidad con StreamingDirectPlay<\/h3>\n<div class=\"description\">\n<p>Con compatibilidad con Beatport Streaming, la funci\u00f3n StreamingDirectPlay te permite reproducir directamente pistas de la amplia biblioteca de m\u00fasica dance de Beatport y las \u00faltimas listas de reproducci\u00f3n espec\u00edficas de cada g\u00e9nero. Incluso obtendr\u00e1s datos de an\u00e1lisis como forma de onda, BPM e informaci\u00f3n de cuadr\u00edcula para que puedas mezclar f\u00e1cilmente m\u00fasica nueva y diversa en tus sets.<\/p>\n<p class=\"note\">*Para usar StreamingDirectPlay en el XDJ-AZ, necesitar\u00e1s suscribirte al plan Beatport Streaming Professional o Advanced. Para obtener m\u00e1s informaci\u00f3n sobre Beatport Streaming, haz clic <a href=\"https:\/\/stream.beatport.com\/\" target=\"_blank\" rel=\"noopener\">aqu\u00ed<\/a>.<\/p>\n<\/div>\n<\/div>\n<\/div>\n<\/div>\n<div class=\"slide_item current\">\n<div class=\"item_inner\">\n<div class=\"text_area\">\n<h3 class=\"title\">Amplia compatibilidad con dispositivos y aplicaciones para DJ<\/h3>\n<div class=\"description\">\n<p>Adem\u00e1s de reproducir pistas desde unidades USB, puedes pinchar conect\u00e1ndote a tu PC\/Mac o dispositivo m\u00f3vil. Y, si quieres mostrar tu individualidad a\u00fan m\u00e1s, puedes reproducir audio desde dispositivos externos como giradiscos y samplers. La unidad tiene un puerto USB tipo C para conexi\u00f3n a PC\/Mac, por lo que puedes usar rekordbox para Mac\/Windows en modo Performance o Serato DJ Pro*1 y no necesitas un plan de suscripci\u00f3n de pago para ninguno de los dos. Y, si utilizas la conexi\u00f3n Wi-Fi\u00ae para rekordbox Link Export, puedes acceder c\u00f3modamente a las pistas desde tu PC\/Mac o dispositivo m\u00f3vil sin necesidad de conectar cables.*2<\/p>\n<p class=\"note\">*1 Disponible a partir de diciembre de 2024.<br \/>\n*2 Puedes usar Link Export de rekordbox para Mac\/Windows o rekordbox para iOS\/Android. Link Export en rekordbox para Android no admite conexiones por cable.<\/p>\n<\/div>\n<\/div>\n<\/div>\n<\/div>\n<\/div>\n<\/div>\n<\/div>\n<\/div>\n<div class=\"feature center_text_small\">\n<div class=\"feature_inner\">\n<h3>Gran pantalla t\u00e1ctil para un control perfecto, desde la selecci\u00f3n de pistas hasta la actuaci\u00f3n<\/h3>\n<\/div>\n<\/div>\n<div class=\"feature two_column\">\n<div class=\"feature_inner image_left\">\n<div class=\"text_block\">\n<div class=\"description\">\n<p>La pantalla t\u00e1ctil capacitiva de 10,1 pulgadas del XDJ-AZ no solo te ofrece m\u00e1s informaci\u00f3n visual, sino que tambi\u00e9n facilita el control de todo. Se pueden mostrar hasta 13 pistas a la vez (un aumento enorme comparado con las 8 del <a href=\"https:\/\/www.pioneerdj.com\/es-es\/product\/all-in-one-system\/xdj-xz\/black\/overview\/\" target=\"_blank\" rel=\"noopener\">XDJ-XZ<\/a>), por lo que puedes ver m\u00e1s de tu m\u00fasica y encontrar canciones m\u00e1s r\u00e1pido. Otras funciones avanzadas incluyen Playlist Bank, en el que puedes registrar hasta 4 listas de reproducci\u00f3n para un acceso r\u00e1pido, Touch Preview, que te permite obtener una vista previa de las pistas en las listas de reproducci\u00f3n sin cargarlas, y Touch Cue, que puedes usar para obtener una vista previa de la pr\u00f3xima secci\u00f3n de pistas que se est\u00e1n reproduciendo actualmente en el deck. Todo esto hace que la selecci\u00f3n de pistas sea r\u00e1pida y sencilla. Y, con la opci\u00f3n de mostrar el estado de los ajustes seleccionados de Performance Pad y Beat FX simult\u00e1neamente, puedes captar instant\u00e1neamente la informaci\u00f3n que necesitas para tocar<\/p>\n<\/div>\n<\/div>\n<\/div>\n<\/div>\n<\/section>\n<section class=\"component hot_spot\"><a class=\"component-anchor\" name=\"hot_spot\"><\/a><\/section>\n<section class=\"component key_features\">\n<div class=\"feature center_text_small\">\n<div class=\"feature_inner\">\n<h3>Reproducci\u00f3n independiente con 4 decks: haz de DJ a tu manera<\/h3>\n<\/div>\n<\/div>\n<div class=\"feature two_column\">\n<div class=\"feature_inner image_left\">\n<div class=\"text_block\">\n<div class=\"description\">\n<p>Tanto si quieres agregar m\u00e1s sonidos a tu mezcla, crear mashups en vivo, hacer back-to-back con otro DJ o tener m\u00e1s pistas preparadas para que est\u00e9s listo para lanzarlas en el momento perfecto, la compatibilidad con reproducci\u00f3n de 4 decks en el XDJ-AZ te ofrece la flexibilidad de tocar como quieras.<\/p>\n<p>Tambi\u00e9n puedes integrar CDJs sin problemas en tu configuraci\u00f3n, por lo que no es necesario cambiar de deck. Con la compatibilidad con PRO DJ LINK\u2122, la informaci\u00f3n de ritmo y en reproducci\u00f3n se sincronizan en todos los reproductores, por lo que sentir\u00e1s que tienes el control total.<\/p>\n<\/div>\n<\/div>\n<\/div>\n<\/div>\n<div class=\"feature center_text_small\">\n<div class=\"feature_inner\">\n<h3>Monitoreo inal\u00e1mbrico de latencia ultrabaja con auriculares para DJ compatibles con SonicLink<\/h3>\n<\/div>\n<\/div>\n<\/section>\n<section class=\"component key_features\">\n<div class=\"feature two_column\">\n<div class=\"feature_inner image_right\">\n<div class=\"text_block\">\n<div class=\"description\">\n<p>Gracias al transmisor SonicLink integrado, puedes disfrutar de una monitorizaci\u00f3n inal\u00e1mbrica de latencia ultrabaja con los auriculares profesionales para DJ <a href=\"https:\/\/alphatheta.com\/es\/product\/headphones\/hdj-f10\/black\/\" target=\"_blank\" rel=\"noopener\">HDJ-F10<\/a>. Pulsa un solo bot\u00f3n para emparejar el XDJ-AZ con los auriculares y podr\u00e1s moverte por la cabina DJ o el escenario con libertad, sabiendo que nunca se te enredar\u00e1 ni tirar\u00e1s de un cable.<\/p>\n<p>SonicLink es la tecnolog\u00eda inal\u00e1mbrica de latencia ultrabaja patentada por AlphaTheta. Transmite audio 20 veces m\u00e1s r\u00e1pido que el c\u00f3dec SBC Bluetooth\u00ae de uso com\u00fan, por lo que nunca notar\u00e1s un retraso entre pulsar un bot\u00f3n o hacer scratch con los jog wheels y escuchar el sonido de la salida.<\/p>\n<p class=\"note\">*El XDJ-AZ no admite una conexi\u00f3n inal\u00e1mbrica con el altavoz inal\u00e1mbrico port\u00e1til para DJ WAVE-EIGHT.<\/p>\n<\/div>\n<\/div>\n<\/div>\n<\/div>\n<div class=\"feature center_text_small\">\n<div class=\"feature_inner\">\n<h3>Calidad profesional lista para el club<\/h3>\n<\/div>\n<\/div>\n<div class=\"feature two_column\">\n<div class=\"feature_inner image_left\">\n<div class=\"text_block\">\n<h4 class=\"title\">Audio claro y din\u00e1mico<\/h4>\n<div class=\"description\">\n<p>Si est\u00e1s familiarizado con el modelo anterior, el XDJ-XZ, notar\u00e1s que se han realizado varias mejoras en el dise\u00f1o del XDJ-AZ. Al incorporar un convertidor D\/A de 32 bits de ESS Technology, la calidad del sonido se ha mejorado significativamente para crear un audio claro y din\u00e1mico que puede hacer vibrar grandes salas y clubes.<\/p>\n<\/div>\n<\/div>\n<\/div>\n<\/div>\n<div class=\"feature two_column\">\n<div class=\"feature_inner image_right\">\n<div class=\"text_block\">\n<h4 class=\"title\">3-Band Master EQ<\/h4>\n<div class=\"description\">\n<p>Tambi\u00e9n puedes utilizar el 3-Band Master EQ para ajustar el sonido de salida seg\u00fan las caracter\u00edsticas ac\u00fasticas del lugar.<\/p>\n<\/div>\n<\/div>\n<\/div>\n<\/div>\n<div class=\"feature two_column\">\n<div class=\"feature_inner image_left\">\n<div class=\"text_block\">\n<h4 class=\"title\">Configuraci\u00f3n del mezclador<\/h4>\n<div class=\"description\">\n<p>La unidad cuenta con un bot\u00f3n dedicado para la configuraci\u00f3n del mezclador, de modo que puedes verificar y ajustar r\u00e1pidamente el estado del mezclador en la pantalla.<\/p>\n<\/div>\n<\/div>\n<\/div>\n<\/div>\n<\/section>\n<section class=\"component other_features\">\n<h3 class=\"component_title\">Otras caracter\u00edsticas<\/h3>\n<div class=\"features\">\n<div class=\"feature\">\n<div class=\"text\">\n<h4 class=\"title\">Hardware Unlock<\/h4>\n<div class=\"description\">\n<p>El XDJ-AZ es un dispositivo de desbloqueo de hardware. Simplemente conecta la XDJ-AZ a un PC\/Mac con la aplicaci\u00f3n\u00a0<a href=\"https:\/\/rekordbox.com\/es\/\" target=\"_blank\" rel=\"noopener\">rekordbox<\/a> y podr\u00e1s usar el software.<\/p>\n<\/div>\n<\/div>\n<\/div>\n<div class=\"feature\">\n<div class=\"text\">\n<h4 class=\"title\">Serato DJ Pro<\/h4>\n<div class=\"description\">\n<p>Simplemente conecta la XDJ-AZ a un PC\/Mac con la aplicaci\u00f3n\u00a0<a href=\"https:\/\/serato.com\/dj\" target=\"_blank\" rel=\"noopener\">Serato DJ Pro<\/a> y podr\u00e1s usar el software. (pr\u00f3ximamente en diciembre de 2024).<\/p>\n<\/div>\n<\/div>\n<\/div>\n<div class=\"feature\">\n<div class=\"text\">\n<h4 class=\"title\">3 puertos USB<\/h4>\n<div class=\"description\">\n<p>Realiza actuaciones consecutivas con otro DJ y cambia sin problemas gracias a las 3 entradas USB (2 de carga superior para dispositivos USB y 1 conexi\u00f3n para ordenador port\u00e1til).<\/p>\n<\/div>\n<\/div>\n<\/div>\n<div class=\"feature\">\n<div class=\"text\">\n<h4 class=\"title\">rekordbox Link Export<\/h4>\n<div class=\"description\">\n<p>Reproduce pistas directamente desde tu PC\/Mac o dispositivo m\u00f3vil conect\u00e1ndote mediante un cable USB, un cable LAN o una conexi\u00f3n inal\u00e1mbrica.<\/p>\n<\/div>\n<\/div>\n<\/div>\n<div class=\"feature\">\n<div class=\"text\">\n<h4 class=\"title\">Performance Pads<\/h4>\n<div class=\"description\">\n<p>Presiona los 8 Performance Pads de goma retroiluminados para activar Hot Cues, Beat Loop, Slip Loop y Beat Jump.<\/p>\n<\/div>\n<\/div>\n<\/div>\n<div class=\"feature\">\n<div class=\"text\">\n<h4 class=\"title\">Gate Cue<\/h4>\n<div class=\"description\">\n<p>Experimenta la reproducci\u00f3n con tu pad usando Gate Cue, que reproduce la m\u00fasica desde el punto de referencia s\u00f3lo cuando presionas el pad. Quita el dedo del pad y la m\u00fasica se detiene instant\u00e1neamente y regresa silenciosamente al punto de referencia.<\/p>\n<\/div>\n<\/div>\n<\/div>\n<div class=\"feature\">\n<div class=\"text\">\n<h4 class=\"title\">F\u00e1cil de transportar<\/h4>\n<div class=\"description\">\n<p>Prep\u00e1rate para reproducir en cualquier momento. El dise\u00f1o de una sola unidad con asas de agarre facilita el transporte y la instalaci\u00f3n.<\/p>\n<\/div>\n<\/div>\n<\/div>\n<div class=\"feature\">\n<div class=\"text\">\n<h4 class=\"title\">Audio de alta calidad<\/h4>\n<div class=\"description\">\n<p>El circuito de entrada del micr\u00f3fono produce un sonido n\u00edtido, incluso con un nivel de entrada alto.<\/p>\n<\/div>\n<\/div>\n<\/div>\n<div class=\"feature\">\n<div class=\"text\">\n<h4 class=\"title\">Firmware Update Manager<\/h4>\n<div class=\"description\">\n<p>Recibir\u00e1s una notificaci\u00f3n autom\u00e1ticamente cuando las actualizaciones de firmware est\u00e9n disponibles. Puedes descargar el Administrador de actualizaci\u00f3n de firmware (Firmware Update Manager) <a title=\"Firmware Update Manager\" href=\"https:\/\/www.pioneerdj.com\/es-es\/landing\/firmware-update-manager\" target=\"_blank\" rel=\"noopener noreferrer\">aqu\u00ed<\/a>.<\/p>\n<\/div>\n<\/div>\n<\/div>\n<div class=\"feature\">\n<div class=\"text\">\n<h4 class=\"title\">AlphaTheta Care<\/h4>\n<div class=\"description\">\n<p>Cuando el ritmo baja, no durante tu actuaci\u00f3n, sino en tu equipo DJ, <a title=\"AlphaTheta Care\" href=\"https:\/\/www.pioneerdj.com\/en-us\/landing\/alphatheta-care\/\" target=\"_blank\" rel=\"noopener noreferrer\">AlphaTheta Care<\/a> est\u00e1 aqu\u00ed para ayudarte.<\/p>\n<h2 class=\"component_title\">Especificaciones<\/h2>\n<div class=\"blocks\">\n<div class=\"block\">\n<table class=\"block_table\">\n<tbody>\n<tr>\n<th>M\u00e1x. Dimensiones externas (A \u00d7 P \u00d7 A)<\/th>\n<td>895 \u00d7 504.1 \u00d7 133.4 mm \/ 35.24\u201d \u00d7 19.85\u201d \u00d7 5.25\u201d<\/td>\n<\/tr>\n<tr>\n<th>Peso Net<\/th>\n<td>13.5 kg \/ 29.8 lbs.<\/td>\n<\/tr>\n<tr>\n<th>Respuesta de frecuencias<\/th>\n<td>20 Hz &#8211; 20 kHz\u00a0(USB)<\/td>\n<\/tr>\n<tr>\n<th>S\/N ratio<\/th>\n<td>115 dB (USB)<\/td>\n<\/tr>\n<tr>\n<th>Distorsi\u00f3n Total Arm\u00f3nica<\/th>\n<td>0.0018 % (USB)<\/td>\n<\/tr>\n<tr>\n<th>Accesorios<\/th>\n<td>Cable de alimentaci\u00f3n<br \/>\nGu\u00eda de inicio r\u00e1pido<br \/>\nPrecauciones de uso<br \/>\nGarant\u00eda (para algunas regiones)<\/td>\n<\/tr>\n<tr>\n<th>Software compatible<\/th>\n<td>rekordbox para Mac\/Windows<br \/>\nrekordbox para iOS\/Android<br \/>\nSerato DJ Pro (pr\u00f3ximamente en diciembre de 2024)<\/td>\n<\/tr>\n<\/tbody>\n<\/table>\n<\/div>\n<div class=\"block\">\n<h4 class=\"block_label\">Terminales<\/h4>\n<table class=\"block_table\">\n<tbody>\n<tr>\n<th>Entradas<\/th>\n<td>LINE \/ PHONO \u00d7 2 (RCA)<br \/>\nMIC \u00d7 2 (XLR &amp; 1\/4\u201d TRS jack)<\/td>\n<\/tr>\n<tr>\n<th>Salidas<\/th>\n<td>MASTER \u00d7 2 (XLR \u00d7 1, RCA \u00d7 1)<br \/>\nBOOTH \u00d7 1 (1\/4\u201d TRS jack)<br \/>\nPHONES \u00d7 2 (1\/4\u201d stereo jack \u00d7 1, 3.5 mm stereo mini jack \u00d7 1)<\/td>\n<\/tr>\n<tr>\n<th>USB<\/th>\n<td>USB Type-A \u00d7 2<br \/>\nUSB Type-C \u00d7 1<\/td>\n<\/tr>\n<tr>\n<th>Otros<\/th>\n<td>Puerto LAN (100BASE-TX) \u00d7 1<\/td>\n<\/tr>\n<\/tbody>\n<\/table>\n<\/div>\n<div class=\"block\">\n<h4 class=\"block_label\">LAN inal\u00e1mbrica<\/h4>\n<table class=\"block_table\">\n<tbody>\n<tr>\n<th>Est\u00e1ndares compatibles<\/th>\n<td>IEEE 802.11 a \/ b \/ g \/ n \/ ac<\/td>\n<\/tr>\n<tr>\n<th>Banda de frecuencia utilizada<\/th>\n<td>2.4 GHz \/ 5 GHz<\/td>\n<\/tr>\n<\/tbody>\n<\/table>\n<\/div>\n<div class=\"block\">\n<div class=\"block_label\">Bluetooth<\/div>\n<table class=\"block_table\">\n<tbody>\n<tr>\n<th>Sistema inal\u00e1mbrico<\/th>\n<td>Bluetooth ver. 5.3<\/td>\n<\/tr>\n<tr>\n<th>C\u00f3decs compatibles<\/th>\n<td>SBC, AAC<\/td>\n<\/tr>\n<\/tbody>\n<\/table>\n<\/div>\n<div class=\"block\">\n<div class=\"block_label\">SonicLink<\/div>\n<table class=\"block_table\">\n<tbody>\n<tr>\n<th>Banda de frecuencia utilizada<\/th>\n<td>2.4 GHz<\/td>\n<\/tr>\n<\/tbody>\n<\/table>\n<\/div>\n<div class=\"block\">\n<h4 class=\"block_label\">Control de rendimiento<\/h4>\n<table class=\"block_table\" style=\"height: 639px;\" width=\"468\">\n<tbody>\n<tr>\n<th>Canales<\/th>\n<td>4<\/td>\n<\/tr>\n<tr>\n<th>Control de plato<\/th>\n<td>4 (Dispositivo de almacenamiento USB)<br \/>\n4 (Controlador de software para DJ)<\/td>\n<\/tr>\n<tr>\n<th>Jog Wheel<\/th>\n<td>206 mm<\/td>\n<\/tr>\n<tr>\n<th>Jog Feeling<\/th>\n<td>\u2713<\/td>\n<\/tr>\n<tr>\n<th>Sound Color FX<\/th>\n<td>\u30fbDUB ECHO<br \/>\n\u30fbNOISE<br \/>\n\u30fbSWEEP<br \/>\n\u30fbFILTER<br \/>\n\u30fbSPACE<br \/>\n\u30fbCRUSH<\/td>\n<\/tr>\n<tr>\n<th>Beat FX<\/th>\n<td>\u30fbDELAY<br \/>\n\u30fbECHO<br \/>\n\u30fbPING PONG<br \/>\n\u30fbSPIRAL<br \/>\n\u30fbREVERB<br \/>\n\u30fbTRANS<br \/>\n\u30fbFILTER<br \/>\n\u30fbTRIPLET FILTER<br \/>\n\u30fbFLANGER<br \/>\n\u30fbPHASER<br \/>\n\u30fbROLL<br \/>\n\u30fbTRIPLET ROLL<br \/>\n\u30fbHELIX<br \/>\n\u30fbMOBIUS<\/td>\n<\/tr>\n<\/tbody>\n<\/table>\n<\/div>\n<\/div>\n<\/div>\n<\/div>\n<\/div>\n<\/div>\n<\/section>\n<p>&nbsp;<\/p>\n<p>Para m\u00e1s informaci\u00f3n del producto:<\/p>\n<p><a href=\"https:\/\/alphatheta.com\/es\/product\/all-in-one-dj-system\/xdj-az\/black\/\" target=\"_blank\" rel=\"noopener\">https:\/\/alphatheta.com\/es\/product\/all-in-one-dj-system\/xdj-az\/black\/<\/a><\/p>\n","protected":false},"excerpt":{"rendered":"<h4>Sistema DJ Todo-en-Uno AlphaTheta XDJ-AZ<\/h4>\n<ul>\n<li>Experiencia y calidad profesional DJ de club con la sensaci\u00f3n de control total.<\/li>\n<li>Wi-Fi\u00ae integrado y compatibilidad con varios tipos de medios para adaptarse a tu estilo DJ<\/li>\n<li>Compatibilidad con StreamingDirectPlay<\/li>\n<li>Amplia compatibilidad con dispositivos y aplicaciones para DJ<\/li>\n<li>Gran pantalla t\u00e1ctil para un control perfecto, desde la selecci\u00f3n de pistas hasta la actuaci\u00f3n<\/li>\n<li>Reproducci\u00f3n independiente con 4 decks: haz de DJ a tu manera<\/li>\n<li>Monitoreo inal\u00e1mbrico de latencia ultrabaja con auriculares para DJ compatibles con SonicLink<\/li>\n<li>Compatibilidad con rekordbox y serato<\/li>\n<\/ul>\n","protected":false},"featured_media":52415,"template":"","meta":[],"product_cat":[665,746,810],"product_tag":[],"class_list":{"0":"post-52414","1":"product","2":"type-product","3":"status-publish","4":"has-post-thumbnail","6":"product_brand-alphatheta","7":"product_brand-pioneer-dj","8":"product_cat-dj","9":"product_cat-reproductores-dj","10":"product_cat-sistema-dj-todo-en-uno","12":"first","13":"outofstock","14":"taxable","15":"shipping-taxable","16":"purchasable","17":"product-type-simple","18":"col-xs-6 col-sm-4","19":"col-md-3 col-lg-3","20":"un-4-cols"},"_links":{"self":[{"href":"https:\/\/www.audioibiza.com\/index.php\/wp-json\/wp\/v2\/product\/52414","targetHints":{"allow":["GET"]}}],"collection":[{"href":"https:\/\/www.audioibiza.com\/index.php\/wp-json\/wp\/v2\/product"}],"about":[{"href":"https:\/\/www.audioibiza.com\/index.php\/wp-json\/wp\/v2\/types\/product"}],"wp:featuredmedia":[{"embeddable":true,"href":"https:\/\/www.audioibiza.com\/index.php\/wp-json\/wp\/v2\/media\/52415"}],"wp:attachment":[{"href":"https:\/\/www.audioibiza.com\/index.php\/wp-json\/wp\/v2\/media?parent=52414"}],"wp:term":[{"taxonomy":"product_cat","embeddable":true,"href":"https:\/\/www.audioibiza.com\/index.php\/wp-json\/wp\/v2\/product_cat?post=52414"},{"taxonomy":"product_tag","embeddable":true,"href":"https:\/\/www.audioibiza.com\/index.php\/wp-json\/wp\/v2\/product_tag?post=52414"}],"curies":[{"name":"wp","href":"https:\/\/api.w.org\/{rel}","templated":true}]}}