{"id":52325,"date":"2024-10-08T17:51:00","date_gmt":"2024-10-08T15:51:00","guid":{"rendered":"https:\/\/www.audioibiza.com\/?post_type=product&#038;p=52325"},"modified":"2025-03-19T11:30:17","modified_gmt":"2025-03-19T10:30:17","slug":"auriculares-dj-alphatheta-hdj-f10-tx","status":"publish","type":"product","link":"https:\/\/www.audioibiza.com\/index.php\/auriculares-dj-alphatheta-hdj-f10-tx\/","title":{"rendered":"Auriculares DJ AlphaTheta HDJ-F10-TX (con transmisor)"},"content":{"rendered":"<p><iframe title=\"Introducing the HDJ-F10 professional wireless DJ headphones\" width=\"840\" height=\"473\" src=\"https:\/\/www.youtube.com\/embed\/QCMhiwsCv6c?feature=oembed\" frameborder=\"0\" allow=\"accelerometer; autoplay; clipboard-write; encrypted-media; gyroscope; picture-in-picture; web-share\" referrerpolicy=\"strict-origin-when-cross-origin\" allowfullscreen><\/iframe><\/p>\n<h1>Auriculares DJ AlphaTheta HDJ-F10-TX (con transmisor)<\/h1>\n<section class=\"component key_features\">\n<div class=\"feature center_text_small\">\n<div class=\"feature_inner\">\n<h3>Control pr\u00e1ctico mediante comunicaci\u00f3n inal\u00e1mbrica de latencia ultrabaja a trav\u00e9s de SonicLink<\/h3>\n<\/div>\n<\/div>\n<div class=\"feature center_text_small\">\n<div class=\"feature_inner\">\n<p>Disfrute de una libertad total tanto en la cabina de DJ como en el escenario con el sistema HDJ-F10, que incluye la tecnolog\u00eda SonicLink exclusiva para poder moverse libremente durante sus actuaciones sin cables de por medio.<\/p>\n<p>Las conexiones Bluetooth\ud83c\udd2c convencionales introducen un retardo considerable en las transmisiones de audio, lo que representa una desventaja para un DJ. En cambio, conectando el transmisor HP-TX01 espec\u00edfico a un mezclador de DJ puede usar la conexi\u00f3n inal\u00e1mbrica SonicLink para recibir el audio y poder mezclar sin retardos.<\/p>\n<p>SonicLink transmite el sonido con una latencia de solo 9 milisegundos, 20 veces m\u00e1s r\u00e1pido que el c\u00f3dec Bluetooth SBC de uso m\u00e1s habitual, por lo que ni siquiera notar\u00e1 el retardo y podr\u00e1 controlar y mezclar con la m\u00e1xima precisi\u00f3n. \u2028El transmisor es compacto, ligero y f\u00e1cil de llevar con su material. \u2028 * El HP-TX01 no es compatible con conexiones inal\u00e1mbricas con el altavoz de DJ inal\u00e1mbrico port\u00e1til WAVE-EIGHT.<\/p>\n<\/div>\n<\/div>\n<div class=\"feature two_column\">\n<div class=\"feature_inner image_right\">\n<div class=\"text_block\">\n<h3 class=\"title\">Reproducci\u00f3n a alto volumen y aislamiento ac\u00fastico para un control preciso en cualquier entorno<\/h3>\n<div>\n<p>Con la conexi\u00f3n inal\u00e1mbrica SonicLink escuchar\u00e1 la m\u00fasica alto y claro, incluso en una cabina de DJ o un escenario con mucho ruido. Los altavoces reproducen un sonido de alta calidad a vol\u00famenes elevados. Y gracias a unas almohadillas y unas estructuras de la carcasa de nuevo dise\u00f1o ofrecen un nivel excepcional de aislamiento ac\u00fastico, superior incluso a un aut\u00e9ntico referente como el modelo HDJ-X10 de Pioneer DJ.<\/p>\n<\/div>\n<\/div>\n<\/div>\n<\/div>\n<div class=\"feature two_column\">\n<div class=\"feature_inner image_left\">\n<div class=\"text_block\">\n<h3 class=\"title\">Sonido potente y audio de amplio espectro<\/h3>\n<div class=\"description\">\n<p>Los <a href=\"https:\/\/www.audioibiza.com\/index.php\/auriculares-dj-alphatheta-hdj-f10-tx\/\">HDJ-F10<\/a> son el modelo de auriculares estrella de la marca AlphaTheta, dise\u00f1ados espec\u00edficamente para obtener la mejor calidad del sonido. El nuevo transductor de 40 mm incorpora un diafragma con una pel\u00edcula de PEEK-PU-PEEK compuesto elaborado con dos materiales diferentes, para obtener un sonido en alta resoluci\u00f3n, desde las frecuencias bajas hasta las altas, y poder escuchar hasta el \u00faltimo detalle de la m\u00fasica.<\/p>\n<p>La estructura de la carcasa combina un tubo Bass-reflex y una c\u00e1mara de aire para garantizar un elevado nivel de aislamiento ac\u00fastico y, a la vez, ampliar y mejorar las frecuencias bajas. De este modo puede controlar sonidos fuertes y potentes, incluso en una cabina de DJ ruidosa, y disfrutar de un entorno de control similar a un estudio en diferentes situaciones, desde actuaciones de DJ o producci\u00f3n musical hasta la reproducci\u00f3n de canciones para preparar conciertos.<\/p>\n<\/div>\n<\/div>\n<\/div>\n<\/div>\n<div class=\"feature two_column\">\n<div class=\"feature_inner image_right\">\n<div class=\"text_block\">\n<h3 class=\"title\">Resistencia para usos profesionales<\/h3>\n<div class=\"description\">\n<p>Los auriculares HDJ-F10 pueden con pr\u00e1cticamente cualquier situaci\u00f3n y entorno. Son altamente resistentes y han superado la exigente prueba de impacto MIL-STD-810H del ej\u00e9rcito de Estados Unidos.<\/p>\n<\/div>\n<\/div>\n<\/div>\n<\/div>\n<div class=\"feature center_text_small\">\n<div class=\"feature_inner\">\n<h3>Conectividad Bluetooth y modo de cancelaci\u00f3n de ruido al servicio de los DJ<\/h3>\n<\/div>\n<\/div>\n<div class=\"feature three_columns\">\n<div class=\"feature_inner\">\n<div class=\"center pc\">\n<div class=\"description\">\n<p>Con un modo de cancelaci\u00f3n de ruido activo y un modo de sonido ambiental estar\u00e1 preparado para cualquier situaci\u00f3n. Durante la preparaci\u00f3n de las pistas puede elegir entre reducir el ruido o escuchar el sonido que le rodea cuando se conecta a su dispositivo por Bluetooth. Con el modo de cancelaci\u00f3n de ruido puede cerrar la puerta al ruido ambiental (incluso en una ciudad muy transitada) y sumergirse en la m\u00fasica como si estuviera en el estudio. Con el modo de sonido ambiental puede dejar pasar los sonidos del exterior para poder continuar teniendo conversaciones con personas cercanas sin dejar de escuchar la m\u00fasica.<\/p>\n<\/div>\n<\/div>\n<\/div>\n<\/div>\n<div class=\"feature two_column\">\n<div class=\"feature_inner image_left\">\n<div class=\"text_block\">\n<h3 class=\"title\">Gran autonom\u00eda de la bater\u00eda para equipos de DJ<\/h3>\n<div class=\"description\">\n<p>Sus auriculares no le dejar\u00e1n en la cuneta, ni siquiera en las actuaciones de DJ m\u00e1s largas. Con la carga m\u00e1xima de la bater\u00eda tiene para 9 horas de uso con SonicLink o 30 horas de uso con Bluetooth. Tambi\u00e9n puede escuchar m\u00fasica en sus equipos con una conexi\u00f3n por cable.<\/p>\n<h2><a class=\"component-anchor\" name=\"other_features\"><\/a>Otras caracter\u00edsticas<\/h2>\n<\/div>\n<\/div>\n<\/div>\n<\/div>\n<\/section>\n<section class=\"component other_features\">\n<div class=\"features\">\n<div class=\"feature\">\n<div class=\"text\">\n<ul>\n<li class=\"title\">Micr\u00f3fono integrado. Para llamadas manos libres y funciones de asistencia de voz como Siri\u00ae y Google Assistant\u2122.\n<div class=\"title\"><\/div>\n<\/li>\n<li class=\"title\">\n<div class=\"title\">Bolsa de transporte<\/div>\n<\/li>\n<li class=\"title\">\n<div class=\"title\">Par de almohadillas de repuesto<\/div>\n<\/li>\n<\/ul>\n<\/div>\n<\/div>\n<\/div>\n<\/section>\n<div><\/div>\n<div><\/div>\n<div>Para m\u00e1s informaci\u00f3n del producto:<\/div>\n<div><\/div>\n<div><a href=\"https:\/\/alphatheta.com\/es\/product\/headphones\/hdj-f10-tx\/black\/\" target=\"_blank\" rel=\"noopener\">https:\/\/alphatheta.com\/es\/product\/headphones\/hdj-f10-tx\/black\/<\/a><\/div>\n","protected":false},"excerpt":{"rendered":"<h4>Auriculares DJ AlphaTheta HDJ-F10-TX (con transmisor)<\/h4>\n<p>Auriculares de DJ inal\u00e1mbricos profesionales con transmisor<\/p>\n","protected":false},"featured_media":52326,"template":"","meta":[],"product_cat":[737,738,665],"product_tag":[],"class_list":{"0":"post-52325","1":"product","2":"type-product","3":"status-publish","4":"has-post-thumbnail","6":"product_brand-alphatheta","7":"product_brand-pioneer-dj","8":"product_cat-auriculares","9":"product_cat-auriculares-dj","10":"product_cat-dj","12":"first","13":"outofstock","14":"taxable","15":"shipping-taxable","16":"purchasable","17":"product-type-simple","18":"col-xs-6 col-sm-4","19":"col-md-3 col-lg-3","20":"un-4-cols"},"_links":{"self":[{"href":"https:\/\/www.audioibiza.com\/index.php\/wp-json\/wp\/v2\/product\/52325","targetHints":{"allow":["GET"]}}],"collection":[{"href":"https:\/\/www.audioibiza.com\/index.php\/wp-json\/wp\/v2\/product"}],"about":[{"href":"https:\/\/www.audioibiza.com\/index.php\/wp-json\/wp\/v2\/types\/product"}],"wp:featuredmedia":[{"embeddable":true,"href":"https:\/\/www.audioibiza.com\/index.php\/wp-json\/wp\/v2\/media\/52326"}],"wp:attachment":[{"href":"https:\/\/www.audioibiza.com\/index.php\/wp-json\/wp\/v2\/media?parent=52325"}],"wp:term":[{"taxonomy":"product_cat","embeddable":true,"href":"https:\/\/www.audioibiza.com\/index.php\/wp-json\/wp\/v2\/product_cat?post=52325"},{"taxonomy":"product_tag","embeddable":true,"href":"https:\/\/www.audioibiza.com\/index.php\/wp-json\/wp\/v2\/product_tag?post=52325"}],"curies":[{"name":"wp","href":"https:\/\/api.w.org\/{rel}","templated":true}]}}