{"id":52003,"date":"2024-04-10T11:31:02","date_gmt":"2024-04-10T09:31:02","guid":{"rendered":"https:\/\/www.audioibiza.com\/?post_type=product&#038;p=52003"},"modified":"2026-04-21T09:29:05","modified_gmt":"2026-04-21T07:29:05","slug":"caja-activa-pioneer-dj-xprs82","status":"publish","type":"product","link":"https:\/\/www.audioibiza.com\/index.php\/caja-activa-pioneer-dj-xprs82\/","title":{"rendered":"Caja Activa PIONEER DJ XPRS82"},"content":{"rendered":"<p><iframe title=\"(Old ver.) XPRS2 Active Speaker Series Introduction\" width=\"840\" height=\"473\" src=\"https:\/\/www.youtube.com\/embed\/YSQ9AAblEVY?feature=oembed\" frameborder=\"0\" allow=\"accelerometer; autoplay; clipboard-write; encrypted-media; gyroscope; picture-in-picture; web-share\" referrerpolicy=\"strict-origin-when-cross-origin\" allowfullscreen><\/iframe><\/p>\n<h1>Caja Activa PIONEER DJ XPRS82<\/h1>\n<section class=\"col-two--reversed col-two\">\n<div class=\"col-two__inner\">\n<div class=\"col-two__item\">\n<div class=\"col-two__content\">\n<h2 class=\"col-two__heading heading heading--5\">Potente amplificaci\u00f3n Clase D<\/h2>\n<div class=\"col-two__item__description\">\n<p>La serie XPRS2 utiliza amplificaci\u00f3n Clase D de alta potencia de salida para una experiencia de audio potente y de primer nivel tanto para los artistas como para los oyentes. Los altavoces full-range <a href=\"https:\/\/www.audioibiza.com\/index.php\/caja-activa-pioneer-dj-xprs82\/\">XPRS82<\/a> cuentan con amplificaci\u00f3n Clase D de 2000 W, mientras que los subwoofers XPRS1152S y XPRS1182S ofrecen amplificaci\u00f3n Clase D de 4000 W.<\/p>\n<\/div>\n<\/div>\n<\/div>\n<\/div>\n<\/section>\n<section class=\"col-two\">\n<div class=\"col-two__inner\">\n<div class=\"col-two__item\">\n<div class=\"col-two__content\">\n<h2 class=\"col-two__heading heading heading--5\">Construcci\u00f3n robusta y de alta calidad<\/h2>\n<div class=\"col-two__item__description\">\n<p>Los nuevos altavoces de la serie XPRS2 cuentan con elegantes recintos de madera contrachapada en color negro, para actuaciones en entornos interiores y exteriores hostiles. Todos los modelos de la serie vienen con un asa resistente para facilitar la portabilidad y el manejo del sistema durante la instalaci\u00f3n y el desmontaje. La serie XPRS2 tambi\u00e9n cuenta con pies de goma para separar y absorber impactos entre las superficies.<\/p>\n<\/div>\n<\/div>\n<\/div>\n<\/div>\n<\/section>\n<section class=\"col-two--reversed col-two\">\n<div class=\"col-two__inner\">\n<div class=\"col-two__item\">\n<div class=\"col-two__content\">\n<h2 class=\"col-two__heading heading heading--5\">Cuatro modos DSP<\/h2>\n<div class=\"col-two__item__description\">\n<p>Ambos altavoces full-range XPRS2 contienen cuatro modos preestablecidos de DSP diferentes: Directos, m\u00fasica, Voz y Monitor de suelo, para cubrir las necesidades de diferentes entornos de escucha.<\/p>\n<\/div>\n<\/div>\n<\/div>\n<\/div>\n<\/section>\n<section class=\"col-two\">\n<div class=\"col-two__inner\">\n<div class=\"col-two__item\">\n<div class=\"col-two__content\">\n<h2 class=\"col-two__heading heading heading--5\">16 modos DSP de usuario personalizables<\/h2>\n<div class=\"col-two__item__description\">\n<p>Adem\u00e1s de los cuatro preajustes, cada altavoz full-range XPRS2 incluye 16 modos DSP de usuario personalizados, que se pueden guardar con diferentes nombres, para garantizar que la configuraci\u00f3n de ecualizaci\u00f3n se maximice para cada escenario.<\/p>\n<\/div>\n<\/div>\n<\/div>\n<\/div>\n<\/section>\n<section class=\"col-two--reversed col-two\">\n<div class=\"col-two__inner\">\n<div class=\"col-two__item\">\n<div class=\"col-two__content\">\n<h2 class=\"col-two__heading heading heading--5\">Dise\u00f1o de altavoz Full-range<\/h2>\n<div class=\"col-two__item__description\">\n<p>El XPRS82 combina un woofer de 8\u2033 y una bobina m\u00f3vil de 2\u2033 con un driver de compresi\u00f3n de salida de 1\u2033 y una bobina m\u00f3vil de 1,75\u2033 para ofrecer un rendimiento de audio impecable. Completado con un nivel m\u00e1ximo de presi\u00f3n de sonido (SPL) de 127 dB y una respuesta de frecuencia de 45 Hz a 20 kHz, los altavoces full-range XPRS152 ayudan a garantizar que la reproducci\u00f3n de m\u00fasica y voz sea precisa y funcione seg\u00fan lo previsto.<\/p>\n<div class=\"folder__container js-folder js-folder--is-open\">\n<div class=\"folder__content js-folder__content js-folder__content--is-open\">\n<div class=\"folder__container js-folder js-folder--is-open\">\n<h3 class=\"folder__trigger js-folder__header js-folder__header--is-open\">Funciones principales<i class=\"ico\"><\/i><\/h3>\n<div class=\"folder__content js-folder__content js-folder__content--is-open\">\n<table class=\"specs-table\">\n<tbody>\n<tr>\n<th class=\"specs-table__lbl\">\n<p class=\"h6\"><strong>Tipo<\/strong><\/p>\n<\/th>\n<td class=\"specs-table__val\">Altavoz activo de 2 v\u00edas 8\u201d<\/td>\n<\/tr>\n<tr>\n<th class=\"specs-table__lbl\">\n<p class=\"h6\"><strong>Amplifier Output<\/strong><\/p>\n<\/th>\n<td class=\"specs-table__val\">\n<ul class=\"list-rotary\">\n<li>Clase D<\/li>\n<li>2000W peak<\/li>\n<\/ul>\n<\/td>\n<\/tr>\n<tr>\n<th class=\"specs-table__lbl\">\n<p class=\"h6\"><strong>Contenido de la caja<\/strong><\/p>\n<\/th>\n<td class=\"specs-table__val\">\n<ul class=\"list-rotary\">\n<li>XPRS82 x 1 (a la venta por unidad)<\/li>\n<li>Cable de alimentaci\u00f3n<\/li>\n<li>Gu\u00eda de Inicio R\u00e1pido<\/li>\n<li>Precauciones de seguridad importantes<\/li>\n<\/ul>\n<\/td>\n<\/tr>\n<\/tbody>\n<\/table>\n<\/div>\n<\/div>\n<div class=\"folder__container js-folder js-folder--is-open\">\n<h3 class=\"folder__trigger js-folder__header js-folder__header--is-open\">Especificaciones<i class=\"ico\"><\/i><\/h3>\n<div class=\"folder__content js-folder__content js-folder__content--is-open\">\n<table class=\"specs-table\">\n<tbody>\n<tr>\n<th class=\"specs-table__lbl\">\n<p class=\"h6\"><strong>Voltages soportados<\/strong><\/p>\n<\/th>\n<td class=\"specs-table__val\">110 V a 240 V (50 Hz\/60 Hz)<\/td>\n<\/tr>\n<tr>\n<th class=\"specs-table__lbl\">\n<p class=\"h6\"><strong>Power consumption<\/strong><\/p>\n<\/th>\n<td class=\"specs-table__val\">800 W<\/td>\n<\/tr>\n<tr>\n<th class=\"specs-table__lbl\">\n<p class=\"h6\"><strong>Rango de frecuencia<\/strong><\/p>\n<\/th>\n<td class=\"specs-table__val\">60 \u2013 20000 Hz<\/td>\n<\/tr>\n<tr>\n<th class=\"specs-table__lbl\">\n<p class=\"h6\"><strong>Ancho<\/strong><\/p>\n<\/th>\n<td class=\"specs-table__val\">272,7 mm<\/td>\n<\/tr>\n<tr>\n<th class=\"specs-table__lbl\">\n<p class=\"h6\"><strong>Alto<\/strong><\/p>\n<\/th>\n<td class=\"specs-table__val\">460 mm<\/td>\n<\/tr>\n<tr>\n<th class=\"specs-table__lbl\">\n<p class=\"h6\"><strong>Profundo<\/strong><\/p>\n<\/th>\n<td class=\"specs-table__val\">302 mm<\/td>\n<\/tr>\n<tr>\n<th class=\"specs-table__lbl\">\n<p class=\"h6\"><strong>Peso<\/strong><\/p>\n<\/th>\n<td class=\"specs-table__val\">13,2 kg<\/td>\n<\/tr>\n<\/tbody>\n<\/table>\n<\/div>\n<\/div>\n<div class=\"folder__container js-folder js-folder--is-open\">\n<h3 class=\"folder__trigger js-folder__header js-folder__header--is-open\">System characteristic<i class=\"ico\"><\/i><\/h3>\n<div class=\"folder__content js-folder__content js-folder__content--is-open\">\n<table class=\"specs-table\">\n<tbody>\n<tr>\n<th class=\"specs-table__lbl\">\n<p class=\"h6\"><strong>DSP modes<\/strong><\/p>\n<\/th>\n<td class=\"specs-table__val\">\n<ul class=\"list-rotary\">\n<li>Preajustes de f\u00e1brica (4 tipos)<\/li>\n<li>Configuraci\u00f3n secundaria (el men\u00fa Sub Setting es para seleccionar la frecuencia de paso alto o el subwoofer correspondiente)<\/li>\n<li>EQ (ecualizador de 4 bandas)<\/li>\n<li>Programas de usuario (16 preajustes)<\/li>\n<\/ul>\n<\/td>\n<\/tr>\n<tr>\n<th class=\"specs-table__lbl\">\n<p class=\"h6\"><strong>DSP presets modes<\/strong><\/p>\n<\/th>\n<td class=\"specs-table__val\">\n<ul class=\"list-rotary\">Preajustes de f\u00e1brica<\/p>\n<li>LIVE<\/li>\n<li>MUSIC<\/li>\n<li>SPEECH<\/li>\n<li>MONITOR<\/li>\n<\/ul>\n<\/td>\n<\/tr>\n<tr>\n<th class=\"specs-table__lbl\">\n<p class=\"h6\"><strong>M\u00e1x. SPL<\/strong><\/p>\n<\/th>\n<td class=\"specs-table__val\">127 dB<\/td>\n<\/tr>\n<tr>\n<th class=\"specs-table__lbl\">\n<p class=\"h6\"><strong>Frecuencia de cruce<\/strong><\/p>\n<\/th>\n<td class=\"specs-table__val\">2 kHz<\/td>\n<\/tr>\n<\/tbody>\n<\/table>\n<\/div>\n<\/div>\n<div class=\"folder__container js-folder js-folder--is-open\">\n<h3 class=\"folder__trigger js-folder__header js-folder__header--is-open\">Terminales<i class=\"ico\"><\/i><\/h3>\n<div class=\"folder__content js-folder__content js-folder__content--is-open\">\n<table class=\"specs-table\">\n<tbody>\n<tr>\n<th class=\"specs-table__lbl\">\n<p class=\"h6\"><strong>Entradas<\/strong><\/p>\n<\/th>\n<td class=\"specs-table__val\">\n<ul>\n<li>MIC \/ LINE x 1 (Combo)<\/li>\n<li>HI-Z \/ LINE x 1 (Combo)<\/li>\n<li>Mini conector est\u00e9reo de 3.5 mm<\/li>\n<\/ul>\n<\/td>\n<\/tr>\n<tr>\n<th class=\"specs-table__lbl\">\n<p class=\"h6\"><strong>Salidas<\/strong><\/p>\n<\/th>\n<td class=\"specs-table__val\">MIX (XLR)<\/td>\n<\/tr>\n<\/tbody>\n<\/table>\n<\/div>\n<\/div>\n<div class=\"folder__container js-folder js-folder--is-open\">\n<h3 class=\"folder__trigger js-folder__header js-folder__header--is-open\">Speaker<i class=\"ico\"><\/i><\/h3>\n<div class=\"folder__content js-folder__content js-folder__content--is-open\">\n<table class=\"specs-table\">\n<tbody>\n<tr>\n<th class=\"specs-table__lbl\">\n<p class=\"h6\"><strong>Driver<\/strong><\/p>\n<\/th>\n<td class=\"specs-table__val\">\n<ul>\n<li>Driver de ferrita LF de 8 pulgadas<\/li>\n<li>1.75 inch compression driver<\/li>\n<\/ul>\n<\/td>\n<\/tr>\n<tr>\n<th class=\"specs-table__lbl\">\n<p class=\"h6\"><strong>Acabado<\/strong><\/p>\n<\/th>\n<td class=\"specs-table__val\">Color negra, Patas de goma<\/td>\n<\/tr>\n<tr>\n<th class=\"specs-table__lbl\">\n<p class=\"h6\"><strong>Asas<\/strong><\/p>\n<\/th>\n<td class=\"specs-table__val\">2 asas de metal en el lado izquierdo y en la parte superior<\/td>\n<\/tr>\n<tr>\n<th class=\"specs-table__lbl\">\n<p class=\"h6\"><strong>Conector<\/strong><\/p>\n<\/th>\n<td class=\"specs-table__val\">Terminal de 35 mm<\/td>\n<\/tr>\n<tr>\n<th class=\"specs-table__lbl\">\n<p class=\"h6\"><strong>Punto de montaje<\/strong><\/p>\n<\/th>\n<td class=\"specs-table__val\">10x M10<\/td>\n<\/tr>\n<tr>\n<th class=\"specs-table__lbl\">\n<p class=\"h6\"><strong>Carcasa<\/strong><\/p>\n<\/th>\n<td class=\"specs-table__val\">Contrachapado (TSCA)<\/td>\n<\/tr>\n<\/tbody>\n<\/table>\n<\/div>\n<\/div>\n<div class=\"folder__container js-folder js-folder--is-open\">\n<h3 class=\"folder__trigger js-folder__header js-folder__header--is-open\">Protection<i class=\"ico\"><\/i><\/h3>\n<div class=\"folder__content js-folder__content js-folder__content--is-open\">\n<table class=\"specs-table\">\n<tbody>\n<tr>\n<th class=\"specs-table__lbl\">\n<p class=\"h6\">Protecci\u00f3n del amplificador<\/p>\n<\/th>\n<td class=\"specs-table__val\">\n<ul>\n<li>Limitaci\u00f3n t\u00e9rmica<\/li>\n<li>Limitador digital<\/li>\n<li>Compresor digital<\/li>\n<\/ul>\n<\/td>\n<\/tr>\n<tr>\n<th class=\"specs-table__lbl\">\n<p class=\"h6\">Protecci\u00f3n del Driver<\/p>\n<\/th>\n<td class=\"specs-table__val\">Protecci\u00f3n contra cortocircuitos<\/td>\n<\/tr>\n<tr>\n<th class=\"specs-table__lbl\">\n<p class=\"h6\">Protecci\u00f3n de la unidad<\/p>\n<\/th>\n<td class=\"specs-table__val\">\n<ul>\n<li>Protecci\u00f3n primaria de sobrecorriente CA<\/li>\n<li>Protecci\u00f3n primaria de sobretensi\u00f3n CA<\/li>\n<\/ul>\n<\/td>\n<\/tr>\n<\/tbody>\n<\/table>\n<\/div>\n<\/div>\n<\/div>\n<\/div>\n<\/div>\n<\/div>\n<\/div>\n<\/div>\n<\/section>\n<p>\u00a0<\/p>\n<p>Para m\u00e1s informaci\u00f3n sobre el producto:<\/p>\n<p><a href=\"https:\/\/www.pioneerdj.com\/es-es\/product\/pa-speakers\/xprs82\/black\/overview\/\" target=\"_blank\" rel=\"noopener\">https:\/\/www.pioneerdj.com\/es-es\/product\/pa-speakers\/xprs82\/black\/overview\/<\/a><\/p>\n","protected":false},"excerpt":{"rendered":"<h4>Caja activa PIONEER DJ XPRS82<\/h4>\n<ul>\n<li>Potente amplificaci\u00f3n Clase D<\/li>\n<li>Caja de madera contrachapada robusta y de alta calidad<\/li>\n<li>Cuatro modos DSP preestablecidos<\/li>\n<li>16 modos DSP de usuario personalizables<\/li>\n<li>Woofer de 8&#8243; y una bobina m\u00f3vil de 2&#8243; con driver de compresi\u00f3n de 1&#8243; y bobina m\u00f3vil de 1,75&#8243;<\/li>\n<li>127 dB y una respuesta de frecuencia de 60 Hz a 20 kHz<\/li>\n<li>Protecci\u00f3n avanzada<\/li>\n<\/ul>\n","protected":false},"featured_media":52006,"template":"","meta":[],"product_cat":[661,712,710],"product_tag":[],"class_list":{"0":"post-52003","1":"product","2":"type-product","3":"status-publish","4":"has-post-thumbnail","6":"product_brand-pioneer-dj","7":"product_cat-audio-profesional","8":"product_cat-caja-activa","9":"product_cat-cajas-acusticas","11":"first","12":"instock","13":"featured","14":"taxable","15":"shipping-taxable","16":"purchasable","17":"product-type-simple","18":"col-xs-6 col-sm-4","19":"col-md-3 col-lg-3","20":"un-4-cols"},"_links":{"self":[{"href":"https:\/\/www.audioibiza.com\/index.php\/wp-json\/wp\/v2\/product\/52003","targetHints":{"allow":["GET"]}}],"collection":[{"href":"https:\/\/www.audioibiza.com\/index.php\/wp-json\/wp\/v2\/product"}],"about":[{"href":"https:\/\/www.audioibiza.com\/index.php\/wp-json\/wp\/v2\/types\/product"}],"wp:featuredmedia":[{"embeddable":true,"href":"https:\/\/www.audioibiza.com\/index.php\/wp-json\/wp\/v2\/media\/52006"}],"wp:attachment":[{"href":"https:\/\/www.audioibiza.com\/index.php\/wp-json\/wp\/v2\/media?parent=52003"}],"wp:term":[{"taxonomy":"product_cat","embeddable":true,"href":"https:\/\/www.audioibiza.com\/index.php\/wp-json\/wp\/v2\/product_cat?post=52003"},{"taxonomy":"product_tag","embeddable":true,"href":"https:\/\/www.audioibiza.com\/index.php\/wp-json\/wp\/v2\/product_tag?post=52003"}],"curies":[{"name":"wp","href":"https:\/\/api.w.org\/{rel}","templated":true}]}}