{"id":51588,"date":"2024-03-15T13:07:41","date_gmt":"2024-03-15T12:07:41","guid":{"rendered":"https:\/\/www.audioibiza.com\/?post_type=product&#038;p=51588"},"modified":"2026-01-16T11:11:35","modified_gmt":"2026-01-16T10:11:35","slug":"mesa-de-mezclas-dj-alphatheta-euphonia","status":"publish","type":"product","link":"https:\/\/www.audioibiza.com\/index.php\/mesa-de-mezclas-dj-alphatheta-euphonia\/","title":{"rendered":"Mesa de mezclas DJ AlphaTheta Euphonia"},"content":{"rendered":"<p><iframe title=\"euphonia Professional Rotary Mixer Walkthrough\" width=\"840\" height=\"473\" src=\"https:\/\/www.youtube.com\/embed\/Q5yABhSkGiY?feature=oembed\" frameborder=\"0\" allow=\"accelerometer; autoplay; clipboard-write; encrypted-media; gyroscope; picture-in-picture; web-share\" referrerpolicy=\"strict-origin-when-cross-origin\" allowfullscreen><\/iframe><\/p>\n<h1>Mesa de mezclas DJ AlphaTheta Euphonia<\/h1>\n<div class=\"feature center_text\">\n<div class=\"feature_inner\">\n<h2>Sonido euf\u00f3rico con claridad digital y pulido anal\u00f3gico del transformador Rupert Neve Designs<\/h2>\n<\/div>\n<\/div>\n<div class=\"feature two_column\">\n<div class=\"feature_inner image_left\">\n<div class=\"text_block\">\n<div class=\"description\">\n<p>La Euphonia produce un sonido euf\u00f3rico con la claridad de lo digital y la riqueza de lo anal\u00f3gico que nunca antes se hab\u00eda escuchado en una mesa de mezclas DJ. Para ofrecer una calidad de sonido m\u00e1s clara que reproduzca con precisi\u00f3n la expresi\u00f3n de la m\u00fasica, la Euphonia utiliza convertidores A\/D y D\/A de 32 bits de alta calidad, as\u00ed como operaciones de procesamiento de mezcla de punto flotante de 96 kHz\/64 bits en el DSP, utilizando la tecnolog\u00eda de procesamiento de se\u00f1ales digitales que AlphaTheta ha desarrollado durante muchos a\u00f1os.<\/p>\n<\/div>\n<\/div>\n<\/div>\n<\/div>\n<div class=\"feature two_column\">\n<div class=\"feature_inner image_right\">\n<div class=\"text_block\">\n<div class=\"description\">\n<p>Todo el sonido que sale de la Euphonia pasa a trav\u00e9s de un circuito transformador dise\u00f1ado conjuntamente por <a href=\"https:\/\/alphatheta.com\/es\/\" target=\"_blank\" rel=\"noopener\">AlphaTheta<\/a> y Rupert Neve Designs, los legendarios creadores de excepcionales circuitos de audio anal\u00f3gico y mesas de mezclas veneradas por artistas e ingenieros de sonido de todo el mundo. Este circuito transformador, sintonizado espec\u00edficamente para la Euphonia, a\u00f1ade arm\u00f3nicos a la m\u00fasica y crea un sonido brillante y en\u00e9rgico que es m\u00e1s suave para mezclar. Las frecuencias bajas, como los bombos y los bajos, son m\u00e1s estables y contundentes, las frecuencias medias, como las voces y los instrumentos, tienen m\u00e1s presencia y brillo, y las frecuencias altas, como los charles, suenan suaves y naturales. El transformador rompe la barrera entre los sonidos cl\u00e1sicos en vivo y los sonidos el\u00e9ctricos modernos, haciendo que la mezcla sea m\u00e1s f\u00e1cil y sorprendentemente natural, como si las grabaciones en diferentes estilos fueran originalmente una sola pieza musical.<\/p>\n<\/div>\n<\/div>\n<\/div>\n<\/div>\n<div class=\"feature center_text\">\n<div class=\"feature_inner\">\n<h2>El fader rotativo especialmente desarrollado te hace sentir en armon\u00eda con la m\u00fasica<\/h2>\n<\/div>\n<\/div>\n<div class=\"feature two_column\">\n<div class=\"feature_inner image_left\">\n<div class=\"text_block\">\n<div class=\"description\">\n<p>Cuando toques los faders de la Euphonia, no querr\u00e1s soltarlos. Para mejorar tu experiencia de mezcla intuitiva, la unidad incorpora faders giratorios con un dise\u00f1o nuevo y cuidadosamente desarrollado para darte la sensaci\u00f3n de que t\u00fa y la mesa de mezclas sois uno. Despu\u00e9s de pruebas exhaustivas, se eligieron los tama\u00f1os de perilla perfectos, con un elast\u00f3mero aplicado a la circunferencia exterior de cada uno para garantizar un agarre c\u00f3modo y fiable, as\u00ed como un alto nivel de absorci\u00f3n de vibraciones.<\/p>\n<\/div>\n<\/div>\n<\/div>\n<\/div>\n<div class=\"feature two_column\">\n<div class=\"feature_inner image_right\">\n<div class=\"text_block\">\n<div class=\"description\">\n<p>El mecanismo desarrollado exclusivamente para los faders tambi\u00e9n aporta una ponderaci\u00f3n \u00f3ptima. Notar\u00e1s una diferencia en la sensaci\u00f3n de las perillas cuando las gires a diferentes velocidades, ya que se aplica una resistencia m\u00e1s alta cuando giras una perilla lentamente para un ajuste delicado y se aplica una resistencia m\u00e1s baja cuando giras una perilla r\u00e1pidamente, para alcanzar instant\u00e1neamente el nivel de volumen deseado. Y las curvas de volumen del fader se han optimizado gracias al feedback de numerosos DJs, lo que permite una mezcla suave y natural sin ecualizaci\u00f3n, para que puedas concentrarte en el control del volumen. Este innovador fader permite una expresi\u00f3n musical que conmover\u00e1 a tu audiencia y mejorar\u00e1 tu actuaci\u00f3n.<\/p>\n<\/div>\n<\/div>\n<\/div>\n<\/div>\n<div class=\"feature center_text\">\n<div class=\"feature_inner\">\n<h2>Energy Visualizer para comprender el sonido general a primera vista<\/h2>\n<\/div>\n<\/div>\n<div class=\"feature two_column\">\n<div class=\"feature_inner image_left\">\n<div class=\"text_block\">\n<div class=\"description\">\n<p>Obt\u00e9n una comprensi\u00f3n visual instant\u00e1nea del estado de tu mezcla y del equilbrio de los niveles de volumen de la pista echando un vistazo al Energy Visualizer de la Euphonia. Los VU meters convencionales s\u00f3lo tienen un medidor de aguja, lo que dificulta que los DJs capten varios niveles de canales al mismo tiempo. El Mix Level Meter desarrollado exclusivamente para la Euphonia cuenta con un medidor de aguja para cada canal, que te permite verificar visualmente los niveles de todos los canales y mezclar suavemente mientras mantienes el ritmo. Incluso puedes observar a simple vista el balance de la salida Master mirando el Spectrum Analyzer, que te ayuda a mantener tus mezclas con un sonido consistente y suave, incluso en un set largo, mientras \u201cobservas\u201d la salida de la Euphonia y la ajustas para crear tu sonido perfecto.<\/p>\n<\/div>\n<\/div>\n<\/div>\n<\/div>\n<div class=\"feature two_column\">\n<div class=\"feature_inner image_right\">\n<div class=\"text_block\">\n<h2 class=\"title\">Isolator de la m\u00e1s alta calidad<\/h2>\n<div class=\"description\">\n<p>El tama\u00f1o de las perillas aisladoras es perfecto para giros r\u00e1pidos desde el centro al m\u00e1ximo o m\u00ednimo, y la carga de torsi\u00f3n est\u00e1 perfectamente equilibrada para una operaci\u00f3n r\u00e1pida y un ajuste fino de la calidad del sonido, con una sensaci\u00f3n de lujo que no pasa desapercibida. La frecuencia de corte y la pendiente de atenuaci\u00f3n (Slope) est\u00e1n configuradas para controlar y resaltar el bombo, melod\u00eda y ritmo de una manera natural y n\u00edtida<\/p>\n<\/div>\n<\/div>\n<\/div>\n<\/div>\n<section class=\"component key_features\">\n<div class=\"feature two_column\">\n<div class=\"feature_inner image_left\">\n<div class=\"text_block\">\n<h2 class=\"title\">Nuevo Boost Send para aplicaci\u00f3n de efectos con una sola mano<\/h2>\n<div class=\"description\">\n<p>A\u00f1ade uno de los Send Effects integrados, o un efecto de una unidad externa, al sonido de cualquiera de las bandas de frecuencia del aislador Master. Presiona el bot\u00f3n Boost Send para la banda baja, media o alta y, a medida que gires la perilla del isolator, el efecto se aplicar\u00e1 a esa banda. Esto te permite aplicar efectos con una sola mano cuando antes necesitabas las dos, dejando la otra mano libre para mezclar otra pista.<\/p>\n<\/div>\n<\/div>\n<\/div>\n<\/div>\n<div class=\"feature two_column\">\n<div class=\"feature_inner image_right\">\n<div class=\"text_block\">\n<h2 class=\"title\">Boost Level para ayudarte a expresar tu estilo<\/h2>\n<div class=\"title\">Elige la configuraci\u00f3n del Boost Level que se adapte a tu estilo de interpretaci\u00f3n y el nivel de volumen de cada banda de frecuencia aumentar\u00e1 en la cantidad correspondiente. Elige +12dB para actuaciones din\u00e1micas, +6dB para ajustes de calidad de sonido y 0dB para efectos de reverberaci\u00f3n sin ning\u00fan aumento de volumen.<\/div>\n<\/div>\n<\/div>\n<\/div>\n<div class=\"feature center_text\">\n<div class=\"feature_inner\">\n<h2>Send FX incorporado para aportar profundidad y amplitud a tu sonido<\/h2>\n<\/div>\n<\/div>\n<div class=\"feature two_column\">\n<div class=\"feature_inner image_left\">\n<div class=\"text_block\">\n<div class=\"description\">\n<p>La <a href=\"https:\/\/www.audioibiza.com\/index.php\/mesa-de-mezclas-dj-alphatheta-euphonia\/\">Euphonia<\/a> cuenta con 5 efectos espaciales incorporados y un filtro de paso alto, para que puedas a\u00f1adir f\u00e1cilmente profundidad y amplitud a tu m\u00fasica. Estos son: Delay, Tape Echo, Echo Verb, Reverb, Shimmer y HPF (filtro de paso alto). Tambi\u00e9n hay una secci\u00f3n Send\/Return que te ofrece la opci\u00f3n de conectar unidades de efectos externas. Una perilla dedicada en cada canal te permite ajustar el nivel de se\u00f1al que env\u00edas al efecto seleccionado, para que apliques la cantidad correcta. Y la perilla Time, que te permite ajustar el tiempo del efecto Delay y Reverb, tiene un mecanismo patentado desarrollado espec\u00edficamente para esta unidad que cambia autom\u00e1ticamente entre una sensaci\u00f3n de clic y una sensaci\u00f3n sin clic seg\u00fan el efecto que hayas seleccionado. Al utilizar Delay, Tape Echo y Echo Verb, la perilla hace clic seg\u00fan el BPM, para que puedas aplicar efectos r\u00e1pidamente. Cuando usas Reverb y Shimmer, no hay clics, por lo que puedes girar la perilla libremente para realizar barridos suaves o hacer peque\u00f1os ajustes para encontrar la configuraci\u00f3n perfecta.<\/p>\n<\/div>\n<\/div>\n<\/div>\n<\/div>\n<div class=\"feature center_text\">\n<div class=\"feature_inner\">\n<h2>Dise\u00f1o que encarna una nueva era de mesas de mezclas rotativas<\/h2>\n<\/div>\n<\/div>\n<div class=\"feature two_column\">\n<div class=\"feature_inner image_right\">\n<div class=\"text_block\">\n<div class=\"description\">\n<p>La Euphonia fue dise\u00f1ada para se\u00f1alar una nueva era de las mesas de mezclas rotativas, con un aspecto de \u00abdos tonos, dos capas\u00bb que simboliza tradici\u00f3n e innovaci\u00f3n. La secci\u00f3n de canal, que comprende elementos tradicionales de la mesa de mezclas, se distingue de la innovadora secci\u00f3n de visualizaci\u00f3n por texturas mate y brillante, lo que da como resultado un dise\u00f1o n\u00edtido que combina elementos anal\u00f3gicos y digitales. El color cobre de las perillas principales transmite la calidez del sonido anal\u00f3gico y los paneles laterales de madera est\u00e1n pintados de negro para combinar con la est\u00e9tica general.<\/p>\n<h3 class=\"component_title\">Otras caracter\u00edsticas<\/h3>\n<div class=\"features\">\n<div class=\"feature\">\n<h4 class=\"image\">Send\/Return &amp; Master Insert<\/h4>\n<div class=\"text\">\n<div class=\"description\">\n<p>Admite pedales de efectos tipo Send\/Return y unidades de efectos tipo Insert (como el RMX-1000). Puedes utilizar estos tipos de conexi\u00f3n de forma independiente para crear tu sonido ideal con varios dispositivos. Los efectos de tipo Insert se aplican a Master.<\/p>\n<\/div>\n<\/div>\n<\/div>\n<div class=\"feature\">\n<div class=\"text\">\n<h4 class=\"title\">rekordbox<\/h4>\n<div class=\"description\">\n<p>Aprovecha al m\u00e1ximo la funci\u00f3n DVS de baja latencia en rekordbox para un scratching intuitivo y fluido. <a title=\"rekordbox\" href=\"https:\/\/rekordbox.com\" target=\"_blank\" rel=\"noopener noreferrer\">Descubre m\u00e1s<\/a>.<\/p>\n<\/div>\n<\/div>\n<\/div>\n<div class=\"feature\">\n<div class=\"text\">\n<h4 class=\"title\">Serato DVS-ready<\/h4>\n<div class=\"description\">\n<p>Utiliza Serato DVS para controlar y hacer scratch con CDJ o giradiscos.<\/p>\n<p class=\"note\">*Necesitar\u00e1s comprar una licencia o suscripci\u00f3n.<\/p>\n<\/div>\n<\/div>\n<\/div>\n<div class=\"feature\">\n<div class=\"text\">\n<h4 class=\"title\">Lockable Power Cord<\/h4>\n<div class=\"description\">\n<p>Rel\u00e1jate sabiendo que el cable de alimentaci\u00f3n bloqueable (Lockable Power Cord) siempre permanecer\u00e1 firmemente en su lugar, incluso si lo golpeas mientras conectas o desconectas otros equipos de la mesa de mezclas.<\/p>\n<p class=\"note\">*En algunas regiones, se suministra un cable de alimentaci\u00f3n sin bloqueo.<\/p>\n<\/div>\n<\/div>\n<\/div>\n<div class=\"feature\">\n<div class=\"text\">\n<h4 class=\"title\">Firmware Update Manager<\/h4>\n<div class=\"description\">\n<p>YRecibir\u00e1s una notificaci\u00f3n autom\u00e1ticamente cuando las actualizaciones de firmware est\u00e9n disponibles. Puedes descargar el Administrador de actualizaci\u00f3n de firmware (Firmware Update Manager) <a title=\"Firmware Update Manager\" href=\"https:\/\/www.pioneerdj.com\/en\/landing\/firmware-update-manager\" target=\"_blank\" rel=\"noopener noreferrer\">aqu\u00ed<\/a>.<\/p>\n<\/div>\n<\/div>\n<\/div>\n<\/div>\n<\/div>\n<\/div>\n<\/div>\n<\/div>\n<\/section>\n<section class=\"component other_features\"><\/section>\n<h3>Especificaciones<\/h3>\n<div class=\"blocks\">\n<div class=\"block\">\n<table class=\"block_table\">\n<tbody>\n<tr>\n<th>M\u00e1x. Dimensiones externas (A \u00d7 P \u00d7 A)<\/th>\n<td>429.2 \u00d7 331.0 \u00d7 119.9 mm \/ 16.90&#8243; \u00d7 13.03&#8243; x 4.72&#8243;<\/td>\n<\/tr>\n<tr>\n<th>Requisitos de potencia<\/th>\n<td>9.5 kg \/ 20.94 lbs.<\/td>\n<\/tr>\n<tr>\n<th>Respuesta de frecuencias<\/th>\n<td>20 Hz \uff0d 40 kHz (LINE)<\/td>\n<\/tr>\n<tr>\n<th>S\/N Ratio<\/th>\n<td>107 dB (USB, DIGITAL IN)<br \/>\n88 dB (PHONO)<br \/>\n105 dB (LINE)<br \/>\n79 dB (MIC)<\/td>\n<\/tr>\n<tr>\n<th>Requisitos de potencia<\/th>\n<td>AC 110 V \uff0d 240 V, 50 Hz \/ 60 Hz<\/td>\n<\/tr>\n<tr>\n<th>Consumo<\/th>\n<td>43 W<\/td>\n<\/tr>\n<tr>\n<th>Accesorios<\/th>\n<td>Cable de alimentaci\u00f3n<br \/>\nGarant\u00eda (para algunas regiones)<br \/>\nGu\u00eda de inicio r\u00e1pido<br \/>\nPrecauciones de uso<\/td>\n<\/tr>\n<tr>\n<th>Software compatible<\/th>\n<td>rekordbox<br \/>\nSerato DJ Pro<\/td>\n<\/tr>\n<\/tbody>\n<\/table>\n<\/div>\n<div class=\"block\">\n<h4 class=\"block_label\">Terminales<\/h4>\n<table class=\"block_table\">\n<tbody>\n<tr>\n<th>Entradas<\/th>\n<td>DIGITAL IN \u00d7 4 (coaxial)<br \/>\nLINE \u00d7 4 (RCA)<br \/>\nPHONO \u00d7 4 (RCA)<br \/>\nMIC x 1 (XLR &amp; 1\/4&#8243; TRS jack)<\/td>\n<\/tr>\n<tr>\n<th>Salidas<\/th>\n<td>MASTER \u00d7 1 (XLR)<br \/>\nBOOTH \u00d7 1 (1\/4&#8243; TRS jack)<br \/>\nREC \u00d7 1 (RCA)<br \/>\nPHONES \u00d7 2 (1\/4&#8243; stereo phone jack, 3.5 mm stereo mini jack)<\/td>\n<\/tr>\n<tr>\n<th>USB<\/th>\n<td>USB Type-C \u00d7 1<\/td>\n<\/tr>\n<tr>\n<th>Otros<\/th>\n<td>SEND \u00d7 2 (1\/4&#8243; TS jack)<br \/>\nRETURN \u00d7 2 (1\/4&#8243; TS jack)<\/td>\n<\/tr>\n<\/tbody>\n<\/table>\n<\/div>\n<\/div>\n<p>&nbsp;<\/p>\n<p>Para m\u00e1s informaci\u00f3n del producto:<\/p>\n<p><a href=\"https:\/\/alphatheta.com\/es\/product\/dj-mixer\/euphonia\/black\/\" target=\"_blank\" rel=\"noopener\">https:\/\/alphatheta.com\/es\/product\/dj-mixer\/euphonia\/black\/<\/a><\/p>\n","protected":false},"excerpt":{"rendered":"<h4><strong>Mesa de mezclas DJ AlphaTheta Euphonia<\/strong><\/h4>\n","protected":false},"featured_media":51589,"template":"","meta":[],"product_cat":[665,729,728],"product_tag":[],"class_list":{"0":"post-51588","1":"product","2":"type-product","3":"status-publish","4":"has-post-thumbnail","6":"product_brand-alphatheta","7":"product_brand-pioneer-dj","8":"product_cat-dj","9":"product_cat-mesa-de-mezclas-dj","10":"product_cat-mesas-de-mezclas-dj","12":"first","13":"outofstock","14":"taxable","15":"shipping-taxable","16":"purchasable","17":"product-type-simple","18":"col-xs-6 col-sm-4","19":"col-md-3 col-lg-3","20":"un-4-cols"},"_links":{"self":[{"href":"https:\/\/www.audioibiza.com\/index.php\/wp-json\/wp\/v2\/product\/51588","targetHints":{"allow":["GET"]}}],"collection":[{"href":"https:\/\/www.audioibiza.com\/index.php\/wp-json\/wp\/v2\/product"}],"about":[{"href":"https:\/\/www.audioibiza.com\/index.php\/wp-json\/wp\/v2\/types\/product"}],"wp:featuredmedia":[{"embeddable":true,"href":"https:\/\/www.audioibiza.com\/index.php\/wp-json\/wp\/v2\/media\/51589"}],"wp:attachment":[{"href":"https:\/\/www.audioibiza.com\/index.php\/wp-json\/wp\/v2\/media?parent=51588"}],"wp:term":[{"taxonomy":"product_cat","embeddable":true,"href":"https:\/\/www.audioibiza.com\/index.php\/wp-json\/wp\/v2\/product_cat?post=51588"},{"taxonomy":"product_tag","embeddable":true,"href":"https:\/\/www.audioibiza.com\/index.php\/wp-json\/wp\/v2\/product_tag?post=51588"}],"curies":[{"name":"wp","href":"https:\/\/api.w.org\/{rel}","templated":true}]}}