{"id":51417,"date":"2024-02-15T11:03:06","date_gmt":"2024-02-15T10:03:06","guid":{"rendered":"https:\/\/www.audioibiza.com\/?post_type=product&#038;p=51417"},"modified":"2026-04-23T16:33:45","modified_gmt":"2026-04-23T14:33:45","slug":"giradiscos-technics-sl1210mk7","status":"publish","type":"product","link":"https:\/\/www.audioibiza.com\/index.php\/giradiscos-technics-sl1210mk7\/","title":{"rendered":"Giradiscos TECHNICS SL1210MK7"},"content":{"rendered":"<p><iframe title=\"Technics SL-1200: 50 a\u00f1os de historia\" width=\"840\" height=\"473\" src=\"https:\/\/www.youtube.com\/embed\/k29nCRazmsA?feature=oembed\" frameborder=\"0\" allow=\"accelerometer; autoplay; clipboard-write; encrypted-media; gyroscope; picture-in-picture; web-share\" referrerpolicy=\"strict-origin-when-cross-origin\" allowfullscreen><\/iframe><\/p>\n<p><iframe title=\"\u00bfC\u00f3mo ajustar el brazo de un plato? Tocadiscos Technics\" width=\"840\" height=\"473\" src=\"https:\/\/www.youtube.com\/embed\/RqWJFw-RamU?feature=oembed\" frameborder=\"0\" allow=\"accelerometer; autoplay; clipboard-write; encrypted-media; gyroscope; picture-in-picture; web-share\" referrerpolicy=\"strict-origin-when-cross-origin\" allowfullscreen><\/iframe><\/p>\n<h1>Giradiscos TECHNICS SL1210MK7<\/h1>\n<section id=\"feature\" class=\"product-features pagesection style-light\" data-scroll=\"in\">\n<div class=\"sectiontitle\">\n<div class=\"sectiontitle__in pagecontainer\">\n<h2 class=\"heading-1\">Caracter\u00edsticas<\/h2>\n<\/div>\n<\/div>\n<div class=\"sectioncontent nopadding\">\n<div id=\"feature_p-1\" class=\"product-features__layoutframe\">\n<div class=\"product-features__layoutframe__in layout-1img\">\n<div class=\"contents-title pagecontainer\">\n<div class=\"contents-title__in\">\n<h3 class=\"contents-title__title heading-2\">Motor de tracci\u00f3n directa sin n\u00facleo para una rotaci\u00f3n estable<\/h3>\n<\/div>\n<\/div>\n<div class=\"contents-block pagecontainer\">\n<div class=\"contents-block__in\">\n<div class=\"contents-block__title-body-btn\">\n<div class=\"contents-block__body\">\n<div class=\"contents-block__body__body typ-body-1\">El sistema de tracci\u00f3n directa utiliza un motor de giro lento para impulsar directamente el plato. Este sistema tiene varias ventajas. Ofrece un alto rendimiento, como la precisi\u00f3n de rotaci\u00f3n y el potente par de torsi\u00f3n, no requiere reemplazo de piezas y mantiene una alta fiabilidad durante un largo periodo de tiempo. Por otro lado, al parecer, el sistema de tracci\u00f3n directa produc\u00eda una rotaci\u00f3n irregular llamada \u00abcogging\u00bb.<\/div>\n<div class=\"contents-block__body__body typ-body-1\">Para el <a href=\"https:\/\/www.audioibiza.com\/index.php\/giradiscos-technics-sl1200mk7\/\">SL-1210MK7<\/a>, se desarroll\u00f3 un nuevo motor de tracci\u00f3n directa sin n\u00facleo. Este motor emplea un est\u00e1tor sin n\u00facleo. La eliminaci\u00f3n del n\u00facleo (n\u00facleo de hierro) del est\u00e1tor elimin\u00f3 la causa principal de \u00abcogging\u00bb. Adem\u00e1s, la fuerza magn\u00e9tica de los imanes del rotor se mejor\u00f3 al mejor nivel posible, y el hueco entre el est\u00e1tor sin n\u00facleo y los imanes del rotor se optimiz\u00f3, logrando as\u00ed un alto rendimiento del par de torsi\u00f3n similar al del <a href=\"https:\/\/www.audioibiza.com\/index.php\/giradiscos-pioneer-dj-plx-1000\/\">SL-1210MK5<\/a>.<\/div>\n<div class=\"contents-block__body__body typ-body-1\">Con una rotaci\u00f3n suave y un potente par de torsi\u00f3n, este motor reproduce el sonido con precisi\u00f3n y fidelidad desde el surco de un disco anal\u00f3gico.<\/div>\n<\/div>\n<\/div>\n<\/div>\n<\/div>\n<\/div>\n<\/div>\n<div id=\"feature_p-2\" class=\"product-features__layoutframe\">\n<div class=\"product-features__layoutframe__in layout-1img\">\n<div class=\"contents-title pagecontainer\">\n<div class=\"contents-title__in\">\n<h3 class=\"contents-title__title heading-2\">Diversas funciones nuevas se adaptan a varios estilos de reproducci\u00f3n<\/h3>\n<\/div>\n<\/div>\n<div class=\"contents-block pagecontainer\">\n<div class=\"contents-block__in\">\n<div class=\"contents-block__title-body-btn\">\n<div class=\"contents-block__body\">\n<div class=\"contents-block__body__body typ-body-1\">\n<p>Ajuste de velocidad del par de torsi\u00f3n\/parada \u2013 La nueva tecnolog\u00eda de control de motor digital, acumulada a trav\u00e9s del desarrollo de productos de discos Blu-ray se aplica para mejorar el ajuste al permitir que el par de torsi\u00f3n y la velocidad de parada se ajusten individualmente en cuatro pasos.<\/p>\n<p>La funci\u00f3n de control de tono \u2013 La funci\u00f3n de control de tono permite un ajuste fino de la velocidad de rotaci\u00f3n dentro de \u00b18 %\/ \u00b116 %. Esto se logra a trav\u00e9s del control digital, desde la detecci\u00f3n posicional del control deslizante hasta el control rotacional del motor, eliminando la conversi\u00f3n innecesaria D\/A. Esto mejora en gran medida el rendimiento de seguimiento para lograr un ajuste de tono preciso y estable.<\/p>\n<p>Funci\u00f3n de reproducci\u00f3n inversa \u2013 La funci\u00f3n de reproducci\u00f3n inversa, que ofrece nuevas posibilidades de rendimiento creativo, hace su primera aparici\u00f3n en la serie SL-1210. Adem\u00e1s de 33-1\/3 rpm y 45 rpm, admite una velocidad de rotaci\u00f3n de 78 rpm.<\/p>\n<\/div>\n<div class=\"contents-block__body__note typ-body-2\">* El ajuste de la velocidad del par de torsi\u00f3n\/parada, el interruptor de velocidad de rotaci\u00f3n y la reproducci\u00f3n inversa se pueden ajustar con los interruptores de la unidad principal.<\/div>\n<\/div>\n<\/div>\n<\/div>\n<\/div>\n<\/div>\n<\/div>\n<div id=\"feature_p-3\" class=\"product-features__layoutframe\">\n<div class=\"product-features__layoutframe__in layout-1img\">\n<div class=\"contents-title pagecontainer\">\n<div class=\"contents-title__in\">\n<h3 class=\"contents-title__title heading-2\">Brazo fonocaptor de alta sensibilidad<\/h3>\n<\/div>\n<\/div>\n<div class=\"contents-block pagecontainer\">\n<div class=\"contents-block__in\">\n<div class=\"contents-block__title-body-btn\">\n<div class=\"contents-block__body\">\n<div class=\"contents-block__body__body typ-body-1\">El brazo fonocaptor, que ha seguido apoyando la vanguardia de la escena DJ durante muchos a\u00f1os, hereda el brazo fonocaptor, altamente fiable, de equilibrio est\u00e1tico y en forma de S universal. Utilizando rodamientos de alta precisi\u00f3n, logra una sensibilidad de movimiento inicial mayor que el SL-1210MK6. Esto permite un seguimiento preciso del surco en el disco para asegurar un excelente rendimiento de seguimiento con un salto m\u00ednimo de la aguja incluso en condiciones de reproducci\u00f3n dif\u00edciles, como el scratching.<\/div>\n<\/div>\n<\/div>\n<\/div>\n<\/div>\n<\/div>\n<\/div>\n<div id=\"feature_p-4\" class=\"product-features__layoutframe\">\n<div class=\"product-features__layoutframe__in layout-1img\">\n<div class=\"contents-title pagecontainer\">\n<div class=\"contents-title__in\">\n<h3 class=\"contents-title__title heading-2\">Iluminador de la aguja con un LED blanco de alto brillo y de larga duraci\u00f3n<\/h3>\n<\/div>\n<\/div>\n<div class=\"contents-block pagecontainer\">\n<div class=\"contents-block__in\">\n<div class=\"contents-block__title-body-btn\">\n<div class=\"contents-block__body\">\n<div class=\"contents-block__body__body typ-body-1\">El iluminador de la aguja cuenta con una nueva estructura de tipo pulsador para un funcionamiento intuitivo y emplea un LED blanco de alto brillo y larga duraci\u00f3n. El \u00e1rea y la intensidad de la iluminaci\u00f3n se revisaron para proporcionar una mejor visibilidad de la punta de la aguja, incluso en un ambiente oscuro.<\/div>\n<\/div>\n<\/div>\n<\/div>\n<\/div>\n<\/div>\n<\/div>\n<div id=\"feature_p-5\" class=\"product-features__layoutframe\">\n<div class=\"product-features__layoutframe__in layout-1img\">\n<div class=\"contents-title pagecontainer\">\n<div class=\"contents-title__in\">\n<h3 class=\"contents-title__title heading-2\">Terminales de los cables de alimentaci\u00f3n\/phono<\/h3>\n<\/div>\n<\/div>\n<div class=\"contents-block pagecontainer\">\n<div class=\"contents-block__in\">\n<div class=\"contents-block__title-body-btn\">\n<div class=\"contents-block__body\">\n<div class=\"contents-block__body__body typ-body-1\">Los terminales de los cables de alimentaci\u00f3n y phono permiten la separaci\u00f3n de los cables. Los terminales de phono est\u00e1n chapados en oro para minimizar la degradaci\u00f3n de la calidad del sonido. Dado que los terminales permiten la desconexi\u00f3n de los cables, su mantenimiento es m\u00e1s f\u00e1cil.<\/div>\n<\/div>\n<\/div>\n<\/div>\n<\/div>\n<\/div>\n<\/div>\n<div id=\"feature_p-6\" class=\"product-features__layoutframe\">\n<div class=\"product-features__layoutframe__in layout-1img\">\n<div class=\"contents-title pagecontainer\">\n<div class=\"contents-title__in\">\n<h3 class=\"contents-title__title heading-2\">Caja de alta rigidez y aislante de alta amortiguaci\u00f3n<\/h3>\n<\/div>\n<\/div>\n<div class=\"contents-block pagecontainer\">\n<div class=\"contents-block__in\">\n<div class=\"contents-block__title-body-btn\">\n<div class=\"contents-block__body\">\n<div class=\"contents-block__body__body typ-body-1\">La cubierta, una parte esencial para reducir las vibraciones externas, hereda la tecnolog\u00eda de mejora de la calidad de audio fomentada a trav\u00e9s del desarrollo de tocadiscos de alta gama. La cubierta de aluminio fundido a presi\u00f3n est\u00e1 integrada r\u00edgidamente con un material especial de ABS mezclado con fibra de vidrio para lograr una construcci\u00f3n de dos capas. La combinaci\u00f3n de este material especial de alta rigidez y la cubierta met\u00e1lica aumentaron la rigidez y el rendimiento de la amortiguaci\u00f3n de vibraciones a niveles m\u00e1s altos, logrando una caja robusta para una reproducci\u00f3n de sonido espl\u00e9ndida. El aislante est\u00e1 compuesto por un resorte y goma para proporcionar caracter\u00edsticas \u00f3ptimas de frecuencia. Esto no solo garantiza una alta calidad de sonido y una excelente resistencia al acople, sino que tambi\u00e9n elimina las vibraciones externas en condiciones de alto nivel de sonido.<\/div>\n<\/div>\n<div>\n<div class=\"sectiontitle\">\n<div class=\"sectiontitle__in pagecontainer\">\n<h2 class=\"heading-1\">Especificaciones<\/h2>\n<div class=\"allspecsframes__frame\">\n<div class=\"allspecsframes__frame__ttl\">\n<h3 class=\"subtitle-1\">Secci\u00f3n tocadiscos<\/h3>\n<\/div>\n<ul class=\"speclist\">\n<li class=\"speclist__item lv1\">\n<div class=\"speclist__item__ttl\">\n<h4 class=\"typ-body-1\">Tipo<\/h4>\n<\/div>\n<ul class=\"speclist\">\n<li class=\"speclist__item lv2\">\n<div class=\"speclist__item__data\"><span class=\"typ-body-1\">Tocadiscos manual de tracci\u00f3n directa<\/span><\/div>\n<\/li>\n<\/ul>\n<\/li>\n<li class=\"speclist__item lv1\">\n<h4 class=\"speclist__item__ttl\">Velocidades de giro<\/h4>\n<ul class=\"speclist\">\n<li class=\"speclist__item lv2\">\n<div class=\"speclist__item__data\"><span class=\"typ-body-1\">33-1\/3, 45 rpm (con cambio a 78 rpm)<\/span><\/div>\n<\/li>\n<\/ul>\n<\/li>\n<li class=\"speclist__item lv1\">\n<div class=\"speclist__item__ttl\">\n<h4 class=\"typ-body-1\">Par de arranque<\/h4>\n<\/div>\n<ul class=\"speclist\">\n<li class=\"speclist__item lv2\">\n<div class=\"speclist__item__data\"><span class=\"typ-body-1\">0,18 N\u00b7m\/1,8 kg\u00b7cm<\/span><\/div>\n<\/li>\n<\/ul>\n<\/li>\n<li class=\"speclist__item lv1\">\n<h4 class=\"speclist__item__ttl\">Caracter\u00edsticas de aumento<\/h4>\n<ul class=\"speclist\">\n<li class=\"speclist__item lv2\">\n<div class=\"speclist__item__data\"><span class=\"typ-body-1\">0,7 s desde parada hasta 33 1\/3 rpm<\/span><\/div>\n<\/li>\n<\/ul>\n<\/li>\n<li class=\"speclist__item lv1\">\n<div class=\"speclist__item__ttl\">\n<h4 class=\"typ-body-1\">Fluctuaci\u00f3n y vibraci\u00f3n<\/h4>\n<\/div>\n<ul class=\"speclist\">\n<li class=\"speclist__item lv2\">\n<div class=\"speclist__item__data\"><span class=\"typ-body-1\">0,025 % W.R.M.S.<\/span><\/div>\n<\/li>\n<\/ul>\n<\/li>\n<li class=\"speclist__item lv1\">\n<div class=\"speclist__item__ttl\">\n<h4 class=\"typ-body-1\">Plato del tocadiscos<\/h4>\n<\/div>\n<ul class=\"speclist\">\n<li class=\"speclist__item lv2\">\n<div class=\"speclist__item__data\"><span class=\"typ-body-1\">Aluminio fundido<br \/>\nDi\u00e1metro: 332 mm<br \/>\nPeso: Aprox. 1,8 kg (incluyendo slipmat y slipsheet)<\/span><\/div>\n<\/li>\n<\/ul>\n<\/li>\n<\/ul>\n<\/div>\n<div class=\"allspecsframes__frame\">\n<div class=\"allspecsframes__frame__ttl\">\n<h3 class=\"subtitle-1\">Secci\u00f3n brazo fonocaptor<\/h3>\n<\/div>\n<ul class=\"speclist\">\n<li class=\"speclist__item lv1\">\n<div class=\"speclist__item__ttl\">\n<h4 class=\"typ-body-1\">Tipo<\/h4>\n<\/div>\n<ul class=\"speclist\">\n<li class=\"speclist__item lv2\">\n<div class=\"speclist__item__data\"><span class=\"typ-body-1\">Equilibrio est\u00e1tico universal<\/span><\/div>\n<\/li>\n<\/ul>\n<\/li>\n<li class=\"speclist__item lv1\">\n<div class=\"speclist__item__ttl\">\n<h4 class=\"typ-body-1\">Longitud efectiva<\/h4>\n<\/div>\n<ul class=\"speclist\">\n<li class=\"speclist__item lv2\">\n<div class=\"speclist__item__data\"><span class=\"typ-body-1\">230 mm<\/span><\/div>\n<\/li>\n<\/ul>\n<\/li>\n<li class=\"speclist__item lv1\">\n<div class=\"speclist__item__ttl\">\n<h4 class=\"typ-body-1\">Saliente<\/h4>\n<\/div>\n<ul class=\"speclist\">\n<li class=\"speclist__item lv2\">\n<div class=\"speclist__item__data\"><span class=\"typ-body-1\">15 mm<\/span><\/div>\n<\/li>\n<\/ul>\n<\/li>\n<li class=\"speclist__item lv1\">\n<div class=\"speclist__item__ttl\">\n<h4 class=\"typ-body-1\">\u00c1ngulo de error de rastreo<\/h4>\n<\/div>\n<ul class=\"speclist\">\n<li class=\"speclist__item lv2\">\n<div class=\"speclist__item__data\"><span class=\"typ-body-1\">En 2\u00b0 32\u2032 (en el surco exterior de discos de 30 cm)<br \/>\nEn 0\u00b0 32\u2032 (en el surco interior de discos de 30 cm)<\/span><\/div>\n<\/li>\n<\/ul>\n<\/li>\n<li class=\"speclist__item lv1\">\n<div class=\"speclist__item__ttl\">\n<h4 class=\"typ-body-1\">\u00c1ngulo de desplazamiento<\/h4>\n<\/div>\n<ul class=\"speclist\">\n<li class=\"speclist__item lv2\">\n<div class=\"speclist__item__data\"><span class=\"typ-body-1\">22\u00b0<\/span><\/div>\n<\/li>\n<\/ul>\n<\/li>\n<li class=\"speclist__item lv1\">\n<div class=\"speclist__item__ttl\">\n<h4 class=\"typ-body-1\">Rango de ajuste de altura del brazo<\/h4>\n<\/div>\n<ul class=\"speclist\">\n<li class=\"speclist__item lv2\">\n<div class=\"speclist__item__data\"><span class=\"typ-body-1\">0 \u2013 6 mm<\/span><\/div>\n<\/li>\n<\/ul>\n<\/li>\n<li class=\"speclist__item lv1\">\n<div class=\"speclist__item__ttl\">\n<h4 class=\"typ-body-1\">Rango de ajuste de presi\u00f3n de la aguja<\/h4>\n<\/div>\n<ul class=\"speclist\">\n<li class=\"speclist__item lv2\">\n<div class=\"speclist__item__data\"><span class=\"typ-body-1\">0 \u2013 4 g (lectura directa)<\/span><\/div>\n<\/li>\n<\/ul>\n<\/li>\n<li class=\"speclist__item lv1\">\n<div class=\"speclist__item__ttl\">\n<h4 class=\"typ-body-1\">Peso del cabezal<\/h4>\n<\/div>\n<ul class=\"speclist\">\n<li class=\"speclist__item lv2\">\n<div class=\"speclist__item__data\"><span class=\"typ-body-1\">Aprox. 7,6 g<\/span><\/div>\n<\/li>\n<\/ul>\n<\/li>\n<li class=\"speclist__item lv1\">\n<div class=\"speclist__item__ttl\">\n<h4 class=\"typ-body-1\">Rango de peso de cartucho aplicable<\/h4>\n<\/div>\n<ul class=\"speclist\">\n<li class=\"speclist__item lv2\">\n<div class=\"speclist__item__data\"><span class=\"typ-body-1\">(sin peso auxiliar)<br \/>\n5,6 \u2013 12,0 g<br \/>\n14,3 \u2013 20,7 g (incluido cabezal)<\/span><\/div>\n<\/li>\n<\/ul>\n<\/li>\n<li class=\"speclist__item lv1\">\n<div class=\"speclist__item__ttl\">\n<h4 class=\"typ-body-1\">Leng\u00fceta terminal del cabezal<\/h4>\n<\/div>\n<ul class=\"speclist\">\n<li class=\"speclist__item lv2\">\n<div class=\"speclist__item__data\"><span class=\"typ-body-1\">1,2 mm\u1d60 4 clavijas<\/span><\/div>\n<\/li>\n<\/ul>\n<\/li>\n<\/ul>\n<\/div>\n<div class=\"allspecsframes__frame\">\n<div class=\"allspecsframes__frame__ttl\">\n<h3 class=\"subtitle-1\">Terminales<\/h3>\n<\/div>\n<ul class=\"speclist\">\n<li class=\"speclist__item lv1\">\n<div class=\"speclist__item__ttl\">\n<h4 class=\"typ-body-1\">Salida de audio<\/h4>\n<\/div>\n<ul class=\"speclist\">\n<li class=\"speclist__item lv2\">\n<div class=\"speclist__item__data\"><span class=\"typ-body-1\">1 conector (jack) PHONO, 1 TERMINAL TIERRA<\/span><\/div>\n<\/li>\n<\/ul>\n<\/li>\n<\/ul>\n<\/div>\n<div class=\"allspecsframes__frame\">\n<div class=\"allspecsframes__frame__ttl\">\n<h3 class=\"subtitle-1\">General<\/h3>\n<\/div>\n<ul class=\"speclist\">\n<li class=\"speclist__item lv1\">\n<div class=\"speclist__item__ttl\">\n<h4 class=\"typ-body-1\">Alimentaci\u00f3n<\/h4>\n<\/div>\n<ul class=\"speclist\">\n<li class=\"speclist__item lv2\">\n<div class=\"speclist__item__data\"><span class=\"typ-body-1\">110-240 V CA, 50\/60 Hz<\/span><\/div>\n<\/li>\n<\/ul>\n<\/li>\n<li class=\"speclist__item lv1\">\n<div class=\"speclist__item__ttl\">\n<h4 class=\"typ-body-1\">Consumo<\/h4>\n<\/div>\n<ul class=\"speclist\">\n<li class=\"speclist__item lv2\">\n<div class=\"speclist__item__data\"><span class=\"typ-body-1\">8 W<br \/>\nAprox. 0,2 W (en espera)<\/span><\/div>\n<\/li>\n<\/ul>\n<\/li>\n<li class=\"speclist__item lv1\">\n<div class=\"speclist__item__ttl\">\n<h4 class=\"typ-body-1\">Dimensiones (W x H x D)<\/h4>\n<\/div>\n<ul class=\"speclist\">\n<li class=\"speclist__item lv2\">\n<div class=\"speclist__item__data\"><span class=\"typ-body-1\">453 x 169 x 353 mm<\/span><\/div>\n<\/li>\n<\/ul>\n<\/li>\n<li class=\"speclist__item lv1\">\n<div class=\"speclist__item__ttl\">\n<h4 class=\"typ-body-1\">Peso<\/h4>\n<\/div>\n<ul class=\"speclist\">\n<li class=\"speclist__item lv2\">\n<div class=\"speclist__item__data\"><span class=\"typ-body-1\">Aprox. 9,6 kg<\/span><\/div>\n<\/li>\n<\/ul>\n<\/li>\n<li class=\"speclist__item lv1\">\n<div class=\"speclist__item__ttl\">\n<h4 class=\"typ-body-1\">Accesorios<\/h4>\n<\/div>\n<ul class=\"speclist\">\n<li class=\"speclist__item lv2\">\n<div class=\"speclist__item__data\"><span class=\"typ-body-1\">Tocadiscos, slipmat, slipsheet, tapa protectora, adaptador de discos EP, equilibrio de peso, cabezal, juego de tornillos para cartucho, cable PHONO, cable de tierra PHONO, cable de alimentaci\u00f3n CA, manual de usuario<\/span><\/div>\n<\/li>\n<\/ul>\n<\/li>\n<\/ul>\n<\/div>\n<\/div>\n<\/div>\n<div class=\"sectioncontent\">\n<div class=\"pagecontainer\">\n<div class=\"pagelayoutframe\">\n<div class=\"product-specs__basis col-sm-8 col-xs-12\">\n<div class=\"product-specs__basis__in\">\n<div class=\"product-specs__sizeweight\">\n<div class=\"product-specs__sizeweight__data\">\n<div class=\"product-specs__sizeweight__data__in\">\n<dl class=\"data-item\">\n<dt class=\"data-item__type typ-body-1\"><\/dt>\n<\/dl>\n<p>Para m\u00e1s informaci\u00f3n del producto:<\/p>\n<p><a href=\"https:\/\/www.technics.com\/es\/productos\/dj-series\/sl-1210mk7.html\" target=\"_blank\" rel=\"noopener\">https:\/\/www.technics.com\/es\/productos\/dj-series\/sl-1210mk7.html<\/a><\/p>\n<\/div>\n<\/div>\n<\/div>\n<\/div>\n<\/div>\n<\/div>\n<\/div>\n<\/div>\n<\/div>\n<\/div>\n<\/div>\n<\/div>\n<\/div>\n<\/div>\n<\/div>\n<\/section>\n","protected":false},"excerpt":{"rendered":"<p><strong>Giradiscos Technics SL1210MK7<\/strong><\/p>\n<div class=\"product-specs__copy\">\n<ul>\n<li class=\"product-specs__copy__item typ-body-1\">Suave motor de tracci\u00f3n directa para una rotaci\u00f3n estable<\/li>\n<li class=\"product-specs__copy__item typ-body-1\">Diversas funciones nuevas se adaptan a varios estilos de reproducci\u00f3n<\/li>\n<li class=\"product-specs__copy__item typ-body-1\">Brazo fonocaptor de alta sensibilidad<\/li>\n<li class=\"product-specs__copy__item typ-body-1\">Iluminador de la aguja con un LED blanco de alto brillo y de larga duraci\u00f3n<\/li>\n<li class=\"product-specs__copy__item typ-body-1\">Terminales de los cables de alimentaci\u00f3n\/phono<\/li>\n<li class=\"product-specs__copy__item typ-body-1\">Caja de alta rigidez y aislante de alta amortiguaci\u00f3n<\/li>\n<\/ul>\n<\/div>\n","protected":false},"featured_media":51421,"template":"","meta":[],"product_cat":[665,740,741],"product_tag":[],"class_list":{"0":"post-51417","1":"product","2":"type-product","3":"status-publish","4":"has-post-thumbnail","6":"product_brand-technics","7":"product_cat-dj","8":"product_cat-giradiscos","9":"product_cat-giradiscos-giradiscos","11":"first","12":"instock","13":"featured","14":"taxable","15":"shipping-taxable","16":"purchasable","17":"product-type-simple","18":"col-xs-6 col-sm-4","19":"col-md-3 col-lg-3","20":"un-4-cols"},"_links":{"self":[{"href":"https:\/\/www.audioibiza.com\/index.php\/wp-json\/wp\/v2\/product\/51417","targetHints":{"allow":["GET"]}}],"collection":[{"href":"https:\/\/www.audioibiza.com\/index.php\/wp-json\/wp\/v2\/product"}],"about":[{"href":"https:\/\/www.audioibiza.com\/index.php\/wp-json\/wp\/v2\/types\/product"}],"wp:featuredmedia":[{"embeddable":true,"href":"https:\/\/www.audioibiza.com\/index.php\/wp-json\/wp\/v2\/media\/51421"}],"wp:attachment":[{"href":"https:\/\/www.audioibiza.com\/index.php\/wp-json\/wp\/v2\/media?parent=51417"}],"wp:term":[{"taxonomy":"product_cat","embeddable":true,"href":"https:\/\/www.audioibiza.com\/index.php\/wp-json\/wp\/v2\/product_cat?post=51417"},{"taxonomy":"product_tag","embeddable":true,"href":"https:\/\/www.audioibiza.com\/index.php\/wp-json\/wp\/v2\/product_tag?post=51417"}],"curies":[{"name":"wp","href":"https:\/\/api.w.org\/{rel}","templated":true}]}}