{"id":51394,"date":"2024-01-29T10:25:21","date_gmt":"2024-01-29T09:25:21","guid":{"rendered":"https:\/\/www.audioibiza.com\/?post_type=product&#038;p=51394"},"modified":"2025-08-13T16:22:46","modified_gmt":"2025-08-13T14:22:46","slug":"alphatheta-omnis-duo","status":"publish","type":"product","link":"https:\/\/www.audioibiza.com\/index.php\/alphatheta-omnis-duo\/","title":{"rendered":"Sistema DJ Todo-en-Uno AlphaTheta Omnis-Duo"},"content":{"rendered":"<p><iframe title=\"Video Tutorial Oficial OMNIS-DUO en Espa\u00f1ol\" width=\"840\" height=\"473\" src=\"https:\/\/www.youtube.com\/embed\/WtZAgQReelg?feature=oembed\" frameborder=\"0\" allow=\"accelerometer; autoplay; clipboard-write; encrypted-media; gyroscope; picture-in-picture; web-share\" referrerpolicy=\"strict-origin-when-cross-origin\" allowfullscreen><\/iframe><\/p>\n<h1>Sistema DJ Todo-en-Uno AlphaTheta Omnis-Duo<\/h1>\n<h2 class=\"title h3\">Out of the Blue: Presentamos el sistema de DJ port\u00e1til \u00abtodo en uno\u00bb OMNIS-DUO<\/h2>\n<div class=\"desc\">\n<p>La configuraci\u00f3n perfecta para organizar fiestas de DJ en cualquier momento y lugar: cuenta con alimentaci\u00f3n por bater\u00eda y m\u00faltiples opciones de entrada y salida de audio, incluida conectividad Bluetooth\u24c7\/MD<\/p>\n<\/div>\n<div class=\"editorial\">\n<p>AlphaTheta Corporation anuncia la <a title=\"AlphaTheta brand story\" href=\"https:\/\/www.pioneerdj.com\/es-419\/news\/2024\/alphatheta-brand-introduction\/\" target=\"_blank\" rel=\"noopener\">nueva marca AlphaTheta<\/a>, que aprovecha la experiencia adquirida con nuestra marca Pioneer DJ. Para comenzar este viaje, lanzamos el <a title=\"OMNIS-DUO\" href=\"https:\/\/www.audioibiza.com\/index.php\/sistema-dj-todo-en-uno-alphatheta-omnis-duo\/\" target=\"_blank\" rel=\"noopener noreferrer\">OMNIS-DUO<\/a>, la configuraci\u00f3n port\u00e1til perfecta para organizar fiestas de DJ con tus amigos en cualquier momento y lugar.<\/p>\n<p>Toma tu equipo de DJ, re\u00fane a tus amigos, busca un lugar para pasar el rato y que empiece la fiesta con OMNIS-DUO. Fabricado para ser totalmente port\u00e1til, el sistema de DJ \u00abtodo en uno\u00bb es ligero y lo suficientemente compacto como para caber en una mochila de buen tama\u00f1o. Es f\u00e1cil de configurar y permite disfrutar de una aut\u00e9ntica experiencia de DJ en cualquier lugar, incluso al aire libre, gracias a la funci\u00f3n de salida de audio Bluetooth\u24c7\/MD, la alimentaci\u00f3n por bater\u00eda, la interfaz de 2 decks con mezcladora y la pantalla t\u00e1ctil. No hace falta que te lleves tu computadora port\u00e1til ni cables: si quieres salir de fiesta a la playa, a un parque o incluso dentro de un veh\u00edculo, no hay l\u00edmites.<\/p>\n<p>Cuando est\u00e9s listo para la interacci\u00f3n con el p\u00fablico, puedes hacer que la gente participe con el OMNIS-DUO, ya que cuenta con una funci\u00f3n de entrada de audio Bluetooth para que cualquiera pueda traer su tel\u00e9fono y reproducir su pista favorita. Todos los efectos de la unidad se pueden aplicar al audio Bluetooth y hay otras opciones de entrada. Este sistema de DJ \u00abtodo en uno\u00bb te permite abrir la fiesta a todo el mundo y crear unidad a trav\u00e9s de la m\u00fasica. Su dise\u00f1o adopta un distintivo color \u00edndigo, inspirado en la versatilidad de los pantalones de mezclilla, por lo que luce muy bien tanto en locales profesionales como en entornos informales.<\/p>\n<p>Desde la introducci\u00f3n del CDJ-500 en 1994, hemos estado fabricando productos con tecnolog\u00eda de vanguardia para ayudar a los DJs a destacar. Y con nuestra mirada puesta al futuro, la marca AlphaTheta se compromete a crecer con la comunidad de personas conectadas por la pasi\u00f3n por la m\u00fasica y su cultura.<\/p>\n<h2 class=\"h4 no-line\">Portabilidad y facilidad de manejo: convierte cualquier lugar en una fiesta al instante<\/h2>\n<p>Desliza f\u00e1cilmente el OMNIS-DUO en una mochila de buen tama\u00f1o y ll\u00e9vatelo a cualquier parte gracias al tama\u00f1o compacto, peso modesto y esquinas redondeadas de la unidad. La disposici\u00f3n del sistema de 2 decks con mezcladora le resultar\u00e1 familiar a cualquiera y se sentir\u00e1 de maravilla cuando hagas de DJ. Adem\u00e1s, la pantalla t\u00e1ctil dispone de dos modos, claro y oscuro, entre los que puedes cambiar al instante para ver siempre la informaci\u00f3n, incluso en exteriores con mucha luz.<\/p>\n<h2 class=\"h4 no-line\">Bater\u00eda integrada que evita la necesidad de alimentaci\u00f3n y reduce el equipo que hay que transportar<\/h2>\n<p>Reproduce hasta por 5 horas sin enchufarse a la red el\u00e9ctrica. Cuando llegue el momento de recargar la bater\u00eda, puedes conectar el adaptador de CA o enchufar una bater\u00eda externa compatible (de 45 W o m\u00e1s) al terminal de USB tipo C espec\u00edfico. \u00bfNecesitas que siga la m\u00fasica? Cambia al modo Eco para alargar la vida de la bater\u00eda y de la fiesta. Y si combinas el OMNIS-DUO con el nuevo altavoz <a title=\"WAVE-EIGHT\" href=\"https:\/\/alphatheta.com\/es\/product\/portable-dj-speaker\/wave-eight\/black\/\" target=\"_blank\" rel=\"noopener noreferrer\">WAVE-EIGHT<\/a> alimentado por bater\u00eda, que incorpora la tecnolog\u00eda SonicLink de latencia ultrabaja, podr\u00e1s disfrutar de pinchar inal\u00e1mbricamente con total libertad.<\/p>\n<h2 class=\"h4 no-line\">Con las opciones de salida de audio flexibles para reproducir en cualquier lugar, no hay l\u00edmites<\/h2>\n<p>OMNIS-DUO es el primer sistema de DJ \u00abtodo en uno\u00bb que incorpora una funci\u00f3n de salida de audio Bluetooth, lo que abre nuevas posibilidades. Ya sea que quieras pinchar en un campamento, en la playa o incluso conectarte al sistema de sonido de un veh\u00edculo, no hay l\u00edmites para los lugares en los que puedes celebrar una fiesta. Y cuando llegue el momento de pinchar en un local como un bar, puedes utilizar la salida XLR profesional, mientras que los terminales RCA son perfectos para conectar altavoces monitores en casa.<\/p>\n<h2 class=\"h4 no-line\">La entrada de audio Bluetooth permite que la gente se una a tu set<\/h2>\n<p>No vuelvas a decepcionar a un amigo cuando te pida una canci\u00f3n. En cambio, inv\u00edtalos a conectar su tel\u00e9fono al OMNIS-DUO mediante la funci\u00f3n Bluetooth y podr\u00e1s incluir la pista en tu set. Gracias a la funci\u00f3n de reproducci\u00f3n Bluetooth (Bluetooth Playback) del sistema, tendr\u00e1s el control del audio en el deck. Puedes ajustar el volumen y el ecualizador, aplicar efectos al sonido, cambiar el tempo, utilizar Hot Cues y hacer scratch, tal como lo har\u00edas con las pistas cargadas desde una memoria USB o una tarjeta SD. Con el OMNIS-DUO y la entrada de audio Bluetooth, podr\u00e1s disfrutar colaborando con tus amigos y ampliar tus experiencias musicales.<\/p>\n<h2 class=\"h4 no-line\">Compatibilidad con varias fuentes de m\u00fasica para adaptarse a tu estilo de DJ<\/h2>\n<p>Reproduce tu m\u00fasica desde casi cualquier fuente. Las unidades USB tipo A y las tarjetas SD se pueden conectar directamente al OMNIS-DUO, as\u00ed como una PC o Mac a trav\u00e9s del terminal USB tipo C si deseas usar el modo Performance de rekordbox. La funci\u00f3n Wi-Fi<sup>\u00ae<\/sup> permite acceder f\u00e1cilmente a las pistas desde una PC o Mac, un smartphone o la nube sin necesidad de conexi\u00f3n por cable*.<br \/>\nLa compatibilidad con Serato DJ Lite tambi\u00e9n llegar\u00e1 este verano.<\/p>\n<p><small>*Disponible con Link Export y la funci\u00f3n CloudDirectPlay en rekordbox para Mac\/Windows o rekordbox para iOS\/Android.<\/small><\/p>\n<h2 class=\"h4 no-line\">Nuevo dise\u00f1o que queda bien en cualquier entorno<\/h2>\n<p>El OMNIS-DUO lucir\u00e1 muy bien donde sea que lo lleves, desde eventos profesionales hasta fiestas espont\u00e1neas al aire libre. Su nuevo color \u00edndigo se inspira en los pantalones de mezclilla, un art\u00edculo de moda cl\u00e1sico e incre\u00edblemente vers\u00e1til, y las curvas \u00fanicas de la unidad brindan una silueta elegante. La impresi\u00f3n de la placa superior tambi\u00e9n es m\u00ednima, lo que contribuye a dar un aspecto sofisticado. Est\u00e1 dise\u00f1ado para un uso casual y divertido que hace que quieras llevarlo contigo a cualquier lugar.<\/p>\n<h3 class=\"h4 no-line\">Otras caracter\u00edsticas<\/h3>\n<ul>\n<li type=\"disc\">8 tipos de Beat FX<\/li>\n<li type=\"disc\">6 tipos de Sound Color FX<\/li>\n<li type=\"disc\">8 Hot Cues por cada deck<\/li>\n<li type=\"disc\">Botones dedicados a Beat Jump<\/li>\n<li type=\"disc\">Controles dedicados de Beat Loop<\/li>\n<li type=\"disc\">2 entradas mic<\/li>\n<li type=\"disc\">Booth output (combinado con master RCA)<\/li>\n<\/ul>\n<h3 class=\"h4 no-line\">Especificaciones del OMNIS-DUO<\/h3>\n<table class=\"datatable\">\n<tbody>\n<tr>\n<th>Dimensiones M\u00e1ximas<br \/>\n(A \u00d7 P \u00d7 A)<\/th>\n<td>500 \u00d7 307 \u00d7 71 mm \/ 19.7&#8243; \u00d7 12.1&#8243; \u00d7 2.8&#8243;<\/td>\n<\/tr>\n<tr>\n<th>Peso<\/th>\n<td>4.6 kg \/ 10.1 lbs.<\/td>\n<\/tr>\n<tr>\n<th>Rango de Frecuencias<\/th>\n<td>20 Hz \u2013 20 kHz<\/td>\n<\/tr>\n<tr>\n<th>S\/N Ratio<\/th>\n<td>112 dB (USB, SD)<\/td>\n<\/tr>\n<tr>\n<th>Distorsi\u00f3n Total Arm\u00f3nica<\/th>\n<td>&lt;0.003% (USB, SD)<\/td>\n<\/tr>\n<\/tbody>\n<\/table>\n<h4>Secci\u00f3n de la bater\u00eda<\/h4>\n<table class=\"datatable\">\n<tbody>\n<tr>\n<th>Capacity<\/th>\n<td>47.52 Wh (Bater\u00eda de iones de litio recargable integrada)<\/td>\n<\/tr>\n<tr>\n<th>Tiempo de reproducci\u00f3n<\/th>\n<td>5 horas aproximadamente<\/td>\n<\/tr>\n<tr>\n<th>Tiempo de carga<\/th>\n<td>3 horas aproximadamente<\/td>\n<\/tr>\n<\/tbody>\n<\/table>\n<h4>Entradas \/ Salidas<\/h4>\n<table class=\"datatable\">\n<tbody>\n<tr>\n<th>Entradas<\/th>\n<td>MIC \u00d7 2 (XLR &amp; 1\/4&#8243; TRS Jack, 1\/4&#8243; TRS Jack)<br \/>\nLINE \u00d7 1 (Bluetooth [exclusivo de la salida])<\/td>\n<\/tr>\n<tr>\n<th>Salidas<\/th>\n<td>MASTER \u00d7 1 (XLR)<br \/>\nMASTER \u00d7 1 (RCA)<br \/>\nMASTER \u00d7 1 (Bluetooth [exclusivo de la entradas])<br \/>\nBOOTH \u00d7 1 (Uso combinado con salida RCA)<br \/>\nHEADPHONE MONITOR \u00d7 2 (1\/4&#8243; Stereo Phone Jack, 3.5 mm Stereo Mini Jack)<\/td>\n<\/tr>\n<tr>\n<th>USB<\/th>\n<td>USB-A para memoria USB \u00d7 1<br \/>\nSD card \u00d7 1<br \/>\nUSB-C para PC\/Mac control \u00d7 1<br \/>\nUSB-C para power input (USB PD 45 W) \u00d7 1<\/td>\n<\/tr>\n<\/tbody>\n<\/table>\n<h4>Secci\u00f3n LAN inal\u00e1mbrica<\/h4>\n<table class=\"datatable\">\n<tbody>\n<tr>\n<th>Normas compatibles<\/th>\n<td>IEEE 802.11 a\/b\/g\/n\/ac<\/td>\n<\/tr>\n<tr>\n<th>Banda de frecuencia utilizada<\/th>\n<td>2.4 GHz \/ 5 GHz<\/td>\n<\/tr>\n<\/tbody>\n<\/table>\n<h4>Secci\u00f3n Bluetooth<\/h4>\n<table class=\"datatable\">\n<tbody>\n<tr>\n<th>Sistema inal\u00e1mbrico<\/th>\n<td>Bluetooth ver. 5.2<\/td>\n<\/tr>\n<tr>\n<th>Banda de frecuencia utilizada<\/th>\n<td>2.4 GHz<\/td>\n<\/tr>\n<tr>\n<th>C\u00f3decs compatibles<\/th>\n<td>SBC, AAC<\/td>\n<\/tr>\n<\/tbody>\n<\/table>\n<\/div>\n<p>&nbsp;<\/p>\n<p>Para m\u00e1s informaci\u00f3n del producto:<\/p>\n<p><a href=\"https:\/\/www.pioneerdj.com\/es-419\/news\/2024\/introducing-the-omnis-duo-portable-all-in-one-dj-system\/\" target=\"_blank\" rel=\"noopener\">https:\/\/www.pioneerdj.com\/es-419\/news\/2024\/introducing-the-omnis-duo-portable-all-in-one-dj-system\/<\/a><\/p>\n","protected":false},"excerpt":{"rendered":"<p><strong>Sistema DJ Todo-en-Uno AlphaTheta Omnis-Duo<\/strong><\/p>\n<ul>\n<li>Portabilidad y reproducci\u00f3n de 2 decks + mezclador<\/li>\n<li>Reproduce hasta 5 horas sin enchufar a la red el\u00e9ctrica.<\/li>\n<li>Carga con adaptador de CA o Power Bank compatible (45 W o m\u00e1s) al terminal USB &#8211; C<\/li>\n<li>El modo Eco prolonga la vida \u00fatil de la bater\u00eda<\/li>\n<li>Salida de audio Bluetooth, salida XLR profesional, y terminales RCA<\/li>\n<li>La entrada de audio Bluetooth con carga y control del audio en el deck<\/li>\n<li>Reproduce desde USB &#8211; A, tarjetas SD, PC\/Mac desde USB &#8211; C, Bluetooth o Wi-Fi\u00ae<\/li>\n<\/ul>\n<p>&nbsp;<\/p>\n","protected":false},"featured_media":51395,"template":"","meta":[],"product_cat":[665,746,810],"product_tag":[],"class_list":{"0":"post-51394","1":"product","2":"type-product","3":"status-publish","4":"has-post-thumbnail","6":"product_brand-alphatheta","7":"product_brand-pioneer-dj","8":"product_cat-dj","9":"product_cat-reproductores-dj","10":"product_cat-sistema-dj-todo-en-uno","12":"first","13":"outofstock","14":"taxable","15":"shipping-taxable","16":"purchasable","17":"product-type-simple","18":"col-xs-6 col-sm-4","19":"col-md-3 col-lg-3","20":"un-4-cols"},"_links":{"self":[{"href":"https:\/\/www.audioibiza.com\/index.php\/wp-json\/wp\/v2\/product\/51394","targetHints":{"allow":["GET"]}}],"collection":[{"href":"https:\/\/www.audioibiza.com\/index.php\/wp-json\/wp\/v2\/product"}],"about":[{"href":"https:\/\/www.audioibiza.com\/index.php\/wp-json\/wp\/v2\/types\/product"}],"wp:featuredmedia":[{"embeddable":true,"href":"https:\/\/www.audioibiza.com\/index.php\/wp-json\/wp\/v2\/media\/51395"}],"wp:attachment":[{"href":"https:\/\/www.audioibiza.com\/index.php\/wp-json\/wp\/v2\/media?parent=51394"}],"wp:term":[{"taxonomy":"product_cat","embeddable":true,"href":"https:\/\/www.audioibiza.com\/index.php\/wp-json\/wp\/v2\/product_cat?post=51394"},{"taxonomy":"product_tag","embeddable":true,"href":"https:\/\/www.audioibiza.com\/index.php\/wp-json\/wp\/v2\/product_tag?post=51394"}],"curies":[{"name":"wp","href":"https:\/\/api.w.org\/{rel}","templated":true}]}}