{"id":51326,"date":"2023-12-20T10:02:02","date_gmt":"2023-12-20T09:02:02","guid":{"rendered":"https:\/\/www.audioibiza.com\/?post_type=product&#038;p=51326"},"modified":"2025-10-02T12:16:23","modified_gmt":"2025-10-02T10:16:23","slug":"altavoz-bluetooth-bose-s1-pro","status":"publish","type":"product","link":"https:\/\/www.audioibiza.com\/index.php\/altavoz-bluetooth-bose-s1-pro\/","title":{"rendered":"Altavoz bluetooth BOSE S1 Pro+"},"content":{"rendered":"<p><iframe title=\"Bose S1 Pro+ \u2013 Unboxing and Setup\" width=\"840\" height=\"473\" src=\"https:\/\/www.youtube.com\/embed\/4ztAX0uHmwg?feature=oembed\" frameborder=\"0\" allow=\"accelerometer; autoplay; clipboard-write; encrypted-media; gyroscope; picture-in-picture; web-share\" referrerpolicy=\"strict-origin-when-cross-origin\" allowfullscreen><\/iframe><\/p>\n<p><iframe title=\"Bose S1 Pro+ \u2013 Advanced Features and Settings\" width=\"840\" height=\"473\" src=\"https:\/\/www.youtube.com\/embed\/pZ_EeecttPA?feature=oembed\" frameborder=\"0\" allow=\"accelerometer; autoplay; clipboard-write; encrypted-media; gyroscope; picture-in-picture; web-share\" referrerpolicy=\"strict-origin-when-cross-origin\" allowfullscreen><\/iframe><\/p>\n<h1>Altavoz port\u00e1til bluetooth BOSE S1 Pro+<\/h1>\n<p>[ez-toc]<\/p>\n<div class=\"column\">\n<div class=\"bose-column \">\n<div class=\"bose-column__container\">\n<section class=\"grid-12 bose-column__column no-gutter bose-column__reverse\">\n<div class=\"no-gutter-left grid-4 grid-medium-4 grid-small-12\">\n<div class=\"panel\">\n<div class=\"bose-panel -transparent bose-panel--border-transparent bose-marginAlignment__Mobile bose-panel--noSpacing bose-panel--middle\" data-mh=\"row-group-1\">\n<div class=\"bose-panel__content\">\n<div class=\"title\">\n<h2 class=\"bose-title-v1 -marginTopDefault -marginLeftDefault -marginRightDefault -marginBottomDefault -bold none bose-h3 -black -ignoreHorizontal bose-marginAlignment__Mobile\">La mezcla perfecta entre trabajo y diversion<\/h2>\n<\/div>\n<div class=\"bose-text\">\n<div class=\"bose-richText -marginTopDefault -marginLeftDefault -marginRightDefault -marginBottomExtraSmall -ignoreHorizontal bose-marginAlignment__Mobile \">\n<p>Descubre nuestro altavoz Bluetooth m\u00e1s potente, el nuevo <a href=\"https:\/\/www.audioibiza.com\/index.php\/altavoz-bluetooth-bose-s1-pro\/\">Bose S1 Pro+<\/a> con un <b>mezclador de 3 canales integrado<\/b> y <b>mejor rendimiento de audio<\/b> que su predecesor. Y si tus amigos se creen mejores cantantes que t\u00fa, ponlos a prueba: conecta un micr\u00f3fono y organiza una noche de karaoke.<\/p>\n<\/div>\n<\/div>\n<\/div>\n<\/div>\n<\/div>\n<\/div>\n<\/section>\n<\/div>\n<\/div>\n<\/div>\n<div class=\"column\">\n<div class=\"bose-column \">\n<div class=\"bose-column__container\">\n<section class=\"grid-12 bose-column__column no-gutter \">\n<div class=\"no-gutter-left grid-6 grid-medium-6 clear-medium-left grid-small-12\">\n<div class=\"panel\">\n<div class=\"bose-panel -transparent bose-panel--border-transparent bose-marginAlignment__Mobile bose-panel--noSpacing bose-panel--middle\" data-mh=\"row-group-1\">\n<div class=\"bose-panel__content\">\n<div class=\"title\">\n<h2 class=\"bose-title-v1 -marginTopDefault -marginLeftMedium -marginRightMedium -marginBottomDefault -bold none bose-h3 -black -ignoreHorizontal bose-marginAlignment__Mobile\">Ll\u00e9valo. Mu\u00e9velo. A cualquier parte.<\/h2>\n<\/div>\n<div class=\"bose-text\">\n<div class=\"bose-richText -marginTopDefault -marginLeftMedium -marginRightMedium -marginBottomDefault -ignoreHorizontal bose-marginAlignment__Mobile \">\n<p><b>Con su pr\u00e1ctica asa<\/b>, podr\u00e1s sacarlo del coche y llevarlo hasta el escenario o donde est\u00e9 la fiesta. O incluso en los dos sitios, ya que este sistema de audio profesional con bater\u00eda da para <b>hasta 11\u00a0horas de reproducci\u00f3n de m\u00fasica*<\/b>. Este altavoz tiene de sobra para la actuaci\u00f3n estrella y lo que venga despu\u00e9s.<\/p>\n<\/div>\n<\/div>\n<\/div>\n<\/div>\n<\/div>\n<\/div>\n<\/section>\n<\/div>\n<\/div>\n<\/div>\n<div class=\"column\">\n<div class=\"bose-column bose-column--padding \">\n<div class=\"bose-column__container\">\n<section class=\"grid-12 bose-column__column no-gutter bose-column__reverse\">\n<div class=\"no-gutter-left grid-3 grid-medium-6 clear-medium-left grid-small-12\">\n<div class=\"panel\">\n<div class=\"bose-panel -transparent bose-panel--border-transparent bose-marginAlignment__Mobile bose-panel--centered bose-panel--noSpacing bose-panel--middle\" data-mh=\"xlr-transmitter\">\n<div class=\"bose-panel__content\">\n<div class=\"productTileReference\">\n<div class=\"bose-productTileReference -padding0\">\n<div class=\"bose-productTile2016 bose-productTile2016--variantB\" data-commerce=\"{&quot;productstatus&quot;:&quot;&quot;,&quot;mainproduct&quot;:&quot;CMPR-FS1PROP_FMIC-TRANSMITTER&quot;,&quot;color&quot;:&quot;black&quot;,&quot;variants&quot;:&quot;\\&quot;CMPR-FS1PROP_FMIC-TRANSMITTER-BLK\\&quot;:{\\&quot;categoryCode\\&quot;:\\&quot;speaker_accessories\\&quot;,\\&quot;variantCode\\&quot;:\\&quot;CMPR-FS1PROP_FMIC-TRANSMITTER-BLK\\&quot;,\\&quot;sku\\&quot;:\\&quot;869721-0010\\&quot;}&quot;,&quot;type&quot;:&quot;Accessory&quot;,&quot;list&quot;:&quot;homepage&quot;,&quot;name&quot;:&quot;CMPR-FS1PROP_FMIC-TRANSMITTER-BLK&quot;,&quot;category&quot;:&quot;speaker_accessories&quot;,&quot;sku&quot;:&quot;869721-0010&quot;}\" data-tracking-info=\"{&quot;name&quot;:&quot;CMPR-FS1PROP_FMIC-TRANSMITTER-BLK&quot;}\" data-tracking-event=\"product-impression\" data-tracking-commerce=\"{&quot;productstatus&quot;:&quot;&quot;,&quot;mainproduct&quot;:&quot;CMPR-FS1PROP_FMIC-TRANSMITTER&quot;,&quot;color&quot;:&quot;black&quot;,&quot;variants&quot;:&quot;\\&quot;CMPR-FS1PROP_FMIC-TRANSMITTER-BLK\\&quot;:{\\&quot;categoryCode\\&quot;:\\&quot;speaker_accessories\\&quot;,\\&quot;variantCode\\&quot;:\\&quot;CMPR-FS1PROP_FMIC-TRANSMITTER-BLK\\&quot;,\\&quot;sku\\&quot;:\\&quot;869721-0010\\&quot;}&quot;,&quot;type&quot;:&quot;Accessory&quot;,&quot;list&quot;:&quot;homepage&quot;,&quot;name&quot;:&quot;CMPR-FS1PROP_FMIC-TRANSMITTER-BLK&quot;,&quot;category&quot;:&quot;speaker_accessories&quot;,&quot;sku&quot;:&quot;869721-0010&quot;,&quot;index&quot;:1,&quot;total&quot;:2}\" data-tracking-done=\"true\">\n<div class=\"bose-productTile2016__inner\">\n<div class=\"bose-productTile2016__info\">\n<div class=\"bose-productTile2016__info__ctaFeatures\">\n<div class=\"bose-productTile2016__info__ctaFeatures__ctaWrapper\">\n<div>\n<div class=\"bose-panel -transparent bose-panel--border-transparent bose-marginAlignment__Mobile bose-panel--centered bose-panel--middle\" data-mh=\"xlr-transmitter\">\n<div class=\"bose-panel__content\">\n<div class=\"adaptiveImageComponent image parbase\">\n<div class=\" bose-adaptiveImage bose-adaptiveImage--fullWidth bose-adaptiveImage--fullHeight\">\n<div class=\"bose-adaptiveImage__container\">\n<div class=\"bose-column bose-column--padding \">\n<div class=\"bose-column__container\">\n<section class=\"grid-12 bose-column__column no-gutter bose-column__reverse\">\n<div class=\"no-gutter-left grid-9 grid-medium-6 clear-medium-left grid-small-12\">\n<div class=\"panel\">\n<div class=\"bose-panel -transparent bose-panel--border-transparent bose-marginAlignment__Mobile bose-panel--centered bose-panel--middle\" data-mh=\"wireless-instrument-transmitter\">\n<div class=\"bose-panel__content\">\n<div class=\"adaptiveImageComponent image parbase\">\n<div class=\" bose-adaptiveImage bose-adaptiveImage--fullWidth bose-adaptiveImage--fullHeight\">\n<div class=\"bose-adaptiveImage__container\">\n<div class=\"bose-panel -transparent bose-panel--border-transparent bose-marginAlignment__Mobile bose-panel--centered bose-panel--noSpacing bose-panel--middle\" data-mh=\"wireless-instrument-transmitter\">\n<div class=\"bose-panel__content\">\n<div class=\"productTileReference\">\n<div class=\"bose-productTileReference -padding0\">\n<div class=\"bose-productTile2016 bose-productTile2016--variantB\" data-commerce=\"{&quot;productstatus&quot;:&quot;&quot;,&quot;mainproduct&quot;:&quot;CMPR-FS1PROP_FINST-TRANSMITTER&quot;,&quot;color&quot;:&quot;black&quot;,&quot;variants&quot;:&quot;\\&quot;CMPR-FS1PROP_FINST-TRANSMITTER-BLK\\&quot;:{\\&quot;categoryCode\\&quot;:\\&quot;speaker_accessories\\&quot;,\\&quot;variantCode\\&quot;:\\&quot;CMPR-FS1PROP_FINST-TRANSMITTER-BLK\\&quot;,\\&quot;sku\\&quot;:\\&quot;869722-0010\\&quot;}&quot;,&quot;type&quot;:&quot;Accessory&quot;,&quot;list&quot;:&quot;homepage&quot;,&quot;name&quot;:&quot;CMPR-FS1PROP_FINST-TRANSMITTER-BLK&quot;,&quot;category&quot;:&quot;speaker_accessories&quot;,&quot;sku&quot;:&quot;869722-0010&quot;}\" data-tracking-info=\"{&quot;name&quot;:&quot;CMPR-FS1PROP_FINST-TRANSMITTER-BLK&quot;}\" data-tracking-event=\"product-impression\" data-tracking-commerce=\"{&quot;productstatus&quot;:&quot;&quot;,&quot;mainproduct&quot;:&quot;CMPR-FS1PROP_FINST-TRANSMITTER&quot;,&quot;color&quot;:&quot;black&quot;,&quot;variants&quot;:&quot;\\&quot;CMPR-FS1PROP_FINST-TRANSMITTER-BLK\\&quot;:{\\&quot;categoryCode\\&quot;:\\&quot;speaker_accessories\\&quot;,\\&quot;variantCode\\&quot;:\\&quot;CMPR-FS1PROP_FINST-TRANSMITTER-BLK\\&quot;,\\&quot;sku\\&quot;:\\&quot;869722-0010\\&quot;}&quot;,&quot;type&quot;:&quot;Accessory&quot;,&quot;list&quot;:&quot;homepage&quot;,&quot;name&quot;:&quot;CMPR-FS1PROP_FINST-TRANSMITTER-BLK&quot;,&quot;category&quot;:&quot;speaker_accessories&quot;,&quot;sku&quot;:&quot;869722-0010&quot;,&quot;index&quot;:2,&quot;total&quot;:2}\" data-tracking-done=\"true\">\n<div class=\"bose-productTile2016__inner\">\n<div class=\"bose-productTile2016__info\">\n<div class=\"bose-productTile2016__info__ctaFeatures\">\n<div class=\"bose-productTile2016__info__ctaFeatures__ctaWrapper\">\n<div>\n<div class=\"bose-column \">\n<div class=\"bose-column__container\">\n<section class=\"grid-12 bose-column__column no-gutter \">\n<div class=\"no-gutter-left grid-12 grid-medium-12 clear-medium-left grid-small-12\">\n<div class=\"title\">\n<h2 class=\"bose-title-v1 -marginTopLargeX -marginLeftLargeX -marginRightLargeX -marginBottomDefault -bold -center bose-h3 -black -ignoreHorizontal bose-marginAlignment__Mobile\">Sonido para cualquier espacio<\/h2>\n<\/div>\n<div class=\"bose-text\">\n<div class=\"bose-richText -marginTopDefault -marginLeftLargeX -marginRightLargeX -marginBottomLargeX -ignoreHorizontal bose-marginAlignment__Mobile \">\n<p>Prep\u00e1rate para cualquier evento con sus <b>cuatro posiciones posibles<\/b> y el <b>ecualizador autom\u00e1tico<\/b>, que detecta la orientaci\u00f3n para optimizar los ajust<\/p>\n<\/div>\n<\/div>\n<\/div>\n<\/section>\n<\/div>\n<\/div>\n<\/div>\n<\/div>\n<\/div>\n<\/div>\n<\/div>\n<\/div>\n<\/div>\n<\/div>\n<\/div>\n<\/div>\n<\/div>\n<\/div>\n<\/div>\n<\/div>\n<\/div>\n<\/div>\n<\/div>\n<\/section>\n<\/div>\n<\/div>\n<\/div>\n<\/div>\n<\/div>\n<\/div>\n<\/div>\n<\/div>\n<\/div>\n<\/div>\n<\/div>\n<\/div>\n<\/div>\n<\/div>\n<\/div>\n<\/div>\n<\/div>\n<\/div>\n<\/div>\n<\/section>\n<\/div>\n<\/div>\n<\/div>\n<div class=\"panel\">\n<div class=\"bose-panel bose-marginAlignment__Mobile bose-panel--centered bose-panel--top\">\n<div class=\"bose-panel__content\">\n<div id=\"story_1106258829\" class=\"bose-story-block -mobile-background-top \" data-background-type=\"image\">\n<div class=\"bose-story-block__backgroundContainer -rightCenterFocalRegion -aspect-ratio -aspect-ratio--sixteen-nine -mobile-aspect-ratio--sixteen-nine lazyloaded\" role=\"img\" aria-label=\"Artista realizando ajustes en la parte trasera del S1 Pro+ Wireless PA System\" data-bgset=\"\/\/assets.bose.com\/content\/dam\/cloudassets\/Bose_DAM\/Web\/consumer_electronics\/global\/products\/speakers\/S1PROP-SPEAKERWIRELESS\/images\/s1_pro_plus_6a_controls.jpg\/jcr:content\/renditions\/cq5dam.web.320.320.jpeg 320w, \/\/assets.bose.com\/content\/dam\/cloudassets\/Bose_DAM\/Web\/consumer_electronics\/global\/products\/speakers\/S1PROP-SPEAKERWIRELESS\/images\/s1_pro_plus_6a_controls.jpg\/jcr:content\/renditions\/cq5dam.web.600.600.jpeg 600w, \/\/assets.bose.com\/content\/dam\/cloudassets\/Bose_DAM\/Web\/consumer_electronics\/global\/products\/speakers\/S1PROP-SPEAKERWIRELESS\/images\/s1_pro_plus_6a_controls.jpg\/jcr:content\/renditions\/cq5dam.web.1000.1000.jpeg 1000w, \/\/assets.bose.com\/content\/dam\/cloudassets\/Bose_DAM\/Web\/consumer_electronics\/global\/products\/speakers\/S1PROP-SPEAKERWIRELESS\/images\/s1_pro_plus_6a_controls.jpg\/jcr:content\/renditions\/cq5dam.web.1280.1280.jpeg 1280w, \/\/assets.bose.com\/content\/dam\/cloudassets\/Bose_DAM\/Web\/consumer_electronics\/global\/products\/speakers\/S1PROP-SPEAKERWIRELESS\/images\/s1_pro_plus_6a_controls.jpg\/jcr:content\/renditions\/cq5dam.web.1920.1920.jpeg 1920w\">\n<div class=\"bose-column bose-column--padding \">\n<div class=\"bose-column__container\">\n<section class=\"grid-12 bose-column__column no-gutter \">\n<div class=\"no-gutter-left grid-6 grid-medium-6 clear-medium-left grid-small-12\">\n<div class=\"panel\">\n<div class=\"bose-panel -transparent bose-panel--border-transparent bose-marginAlignment__Mobile bose-panel--top\">\n<div class=\"bose-panel__content\">\n<div class=\"adaptiveImageComponent image parbase\">\n<div class=\" bose-adaptiveImage bose-adaptiveImage--fullWidth bose-adaptiveImage--fullHeight\">\n<div class=\"bose-adaptiveImage__container bose-adaptiveImage--padding-left-5 bose-adaptiveImage--padding-right-5\">\n<h2 class=\"bose-title-v1 -marginTopMedium -marginLeftSmall -marginRightDefault -marginBottomZero -bold none bose-h5 -black -ignoreHorizontal bose-marginAlignment__Mobile\">Todo lo que necesitas para disfrutar de una gran noche<\/h2>\n<\/div>\n<\/div>\n<\/div>\n<div class=\"bose-text\">\n<div class=\"bose-richText -marginTopZero -marginLeftSmall -marginRightSmall -marginBottomDefault -ignoreHorizontal bose-marginAlignment__Mobile \">\n<p>Ajusta el volumen, los agudos y los graves de cada canal y accede a ajustes preestablecidos de ToneMatch y de reverberaci\u00f3n de los canales 1 y 2. Cambia de posici\u00f3n y las pantallas OLED girar\u00e1n autom\u00e1ticamente.<\/p>\n<h2 class=\"bose-tabContent__title \">Especificaciones Bose S1 Pro+<\/h2>\n<div class=\"column\">\n<div class=\"bose-column bose-column--padding \">\n<div class=\"bose-column__container\">\n<section class=\"grid-12 bose-column__column no-gutter \">\n<div class=\"no-gutter-left grid-3 grid-medium-6 clear-medium-left grid-small-12\">\n<div class=\"adaptiveImageComponent image parbase\">\n<div class=\" bose-adaptiveImage bose-adaptiveImage--fullWidth bose-adaptiveImage--fullHeight\">\n<div class=\"bose-adaptiveImage__container\">\n<div class=\"bose-richText -marginTopDefault -marginLeftDefault -marginRightDefault -marginBottomDefault -ignoreHorizontal bose-marginAlignment__Mobile \">\n<h3><b>Contenido de la caja: <\/b><\/h3>\n<p>S1 Pro+ Wireless PA System con bater\u00eda incluida, Cable de alimentaci\u00f3n de CA, Gu\u00eda del propietario, Gu\u00eda de inicio r\u00e1pido<\/p>\n<h3><strong>Dimensiones\/Peso<\/strong>:<\/h3>\n<p><span class=\"bose-list__listitemDescr\">33,2 cm de altura x 23,8 cm de anchura x 27,9 cm de profundidad (6,5 kg)<\/span><\/p>\n<\/div>\n<\/div>\n<\/div>\n<\/div>\n<\/div>\n<div class=\"no-gutter-left grid-9 grid-medium-6 grid-small-12\">\n<div class=\"bose-text\">\n<h3><strong>Materiales<\/strong>:<\/h3>\n<p>Aluminio y polipropileno<\/p>\n<\/div>\n<\/div>\n<\/section>\n<\/div>\n<\/div>\n<\/div>\n<div class=\"expandableContent\">\n<div class=\"bose-expandableContent clearfix\">\n<div class=\"bose-expandableContent__content bose-expandableContent__content--active\">\n<h3 class=\"list\"><strong>Bateria:<\/strong><\/h3>\n<div class=\"list\">\n<ul class=\"bose-list-v1 \">\n<li class=\"bose-list-v1__listitem \">Autonom\u00eda de la bater\u00eda: hasta 11\u00a0horas<\/li>\n<li class=\"bose-list-v1__listitem \">M\u00e9todo de carga de la bater\u00eda: USB-A<\/li>\n<li class=\"bose-list-v1__listitem \">Tipo de bater\u00eda: recargable de iones de litio<\/li>\n<li class=\"bose-list-v1__listitem \">Como con cualquier dispositivo con bater\u00eda, el rendimiento de la bater\u00eda puede variar en funci\u00f3n de diferentes factores. Entre ellos, el tipo de contenido reproducido, el volumen de reproducci\u00f3n y la temperatura del entorno. El S1 Pro+ Wireless PA System de Bose se ha sometido a rigurosas pruebas y verificaciones que garantizan hasta 11 horas de autonom\u00eda de la bater\u00eda al reproducir m\u00fasica a temperatura ambiente de la lista Global Top 50 de Spotify a un volumen que permita mantener una conversaci\u00f3n en un espacio interior. En el caso de un cantante o cantautor que act\u00fae en interiores para un m\u00e1ximo de 100 personas, la autonom\u00eda de la bater\u00eda puede ser de hasta 5\u00a0horas o m\u00e1s a un nivel de volumen propio de una actuaci\u00f3n.\n<div class=\"bose-expandableContent clearfix\">\n<h2 class=\"bose-expandableContent__wrapper\">Bluetooth:<\/h2>\n<p class=\"bose-expandableContent__wrapper\">Alcance hasta 9 m. Versi\u00f3n de Bluetooth: 5.0<\/p>\n<\/div>\n<\/li>\n<\/ul>\n<\/div>\n<\/div>\n<\/div>\n<\/div>\n<div class=\"expandableContent\">\n<div class=\"bose-expandableContent clearfix\">\n<div class=\"bose-expandableContent__content bose-expandableContent__content--active\">\n<h3 class=\"list\">Entradas y salidas:<\/h3>\n<\/div>\n<\/div>\n<\/div>\n<div class=\"bose-expandableContent__content bose-expandableContent__content--active\">\n<div class=\"list\">\n<ul class=\"bose-list-v1 \">\n<li class=\"bose-list-v1__listitem \">2 tomas combinadas XLR de 1\/4\u201d equilibradas\/no equilibradas<\/li>\n<li class=\"bose-list-v1__listitem \">Entrada AUX TRS de 1\/4\u201d<\/li>\n<li class=\"bose-list-v1__listitem \">Entrada AUX de 3,5\u00a0mm<\/li>\n<li class=\"bose-list-v1__listitem \">Salida de l\u00ednea XLR[ez-toc][ez-toc]<\/li>\n<li class=\"bose-list-v1__listitem \">USB-C para actualizaciones del sistema<\/li>\n<\/ul>\n<\/div>\n<\/div>\n<p>Para m\u00e1s informaci\u00f3n del producto:<\/p>\n<p><a href=\"https:\/\/www.bose.es\/es_es\/products\/speakers\/portable_pa_speakers\/s1-pro-plus-system.html\" target=\"_blank\" rel=\"noopener\">https:\/\/www.bose.es\/es_es\/products\/speakers\/portable_pa_speakers\/s1-pro-plus-system.html<\/a><\/p>\n<\/div>\n<\/div>\n<\/div>\n<\/div>\n<\/div>\n<\/div>\n<\/section>\n<\/div>\n<\/div>\n<\/div>\n<\/div>\n<\/div>\n<\/div>\n<\/div>\n","protected":false},"excerpt":{"rendered":"<p><strong>Altavoz port\u00e1til bluetooth BOSE S1 Pro+<\/strong><\/p>\n","protected":false},"featured_media":51377,"template":"","meta":[],"product_cat":[1038,661,700,710,791,1036],"product_tag":[],"class_list":{"0":"post-51326","1":"product","2":"type-product","3":"status-publish","4":"has-post-thumbnail","6":"product_brand-bose","7":"product_cat-altavoz-bluetooth","8":"product_cat-audio-profesional","9":"product_cat-audio-video-hifi","10":"product_cat-cajas-acusticas","11":"product_cat-portatiles-con-bateria","12":"product_cat-sistemas-inalambricos","14":"first","15":"instock","16":"featured","17":"taxable","18":"shipping-taxable","19":"purchasable","20":"product-type-simple","21":"col-xs-6 col-sm-4","22":"col-md-3 col-lg-3","23":"un-4-cols"},"_links":{"self":[{"href":"https:\/\/www.audioibiza.com\/index.php\/wp-json\/wp\/v2\/product\/51326","targetHints":{"allow":["GET"]}}],"collection":[{"href":"https:\/\/www.audioibiza.com\/index.php\/wp-json\/wp\/v2\/product"}],"about":[{"href":"https:\/\/www.audioibiza.com\/index.php\/wp-json\/wp\/v2\/types\/product"}],"wp:featuredmedia":[{"embeddable":true,"href":"https:\/\/www.audioibiza.com\/index.php\/wp-json\/wp\/v2\/media\/51377"}],"wp:attachment":[{"href":"https:\/\/www.audioibiza.com\/index.php\/wp-json\/wp\/v2\/media?parent=51326"}],"wp:term":[{"taxonomy":"product_cat","embeddable":true,"href":"https:\/\/www.audioibiza.com\/index.php\/wp-json\/wp\/v2\/product_cat?post=51326"},{"taxonomy":"product_tag","embeddable":true,"href":"https:\/\/www.audioibiza.com\/index.php\/wp-json\/wp\/v2\/product_tag?post=51326"}],"curies":[{"name":"wp","href":"https:\/\/api.w.org\/{rel}","templated":true}]}}