{"id":33411,"date":"2022-06-01T16:21:32","date_gmt":"2022-06-01T14:21:32","guid":{"rendered":"https:\/\/www.audioibiza.com\/?post_type=product&#038;p=33411"},"modified":"2023-09-18T11:20:16","modified_gmt":"2023-09-18T09:20:16","slug":"mesa-de-mezclas-pioneer-dj-djm-s5","status":"publish","type":"product","link":"https:\/\/www.audioibiza.com\/index.php\/mesa-de-mezclas-pioneer-dj-djm-s5\/","title":{"rendered":"Mesa de mezclas PIONEER DJ DJM-S5"},"content":{"rendered":"<p><iframe title=\"DJM-S5 Artist Performance Walkthrough\" width=\"840\" height=\"473\" src=\"https:\/\/www.youtube.com\/embed\/oohbWrtMTvU?feature=oembed\" frameborder=\"0\" allow=\"accelerometer; autoplay; clipboard-write; encrypted-media; gyroscope; picture-in-picture; web-share\" referrerpolicy=\"strict-origin-when-cross-origin\" allowfullscreen><\/iframe><\/p>\n<h1>Mesa de mezclas PIONEER DJ DJM-S5<\/h1>\n<h2 class=\"col-two__heading heading heading--5 field-promotext\">Crossfader MAGVEL FADER PRO<\/h2>\n<div class=\"col-two__item__description field-promotext2\">\n<p>Con la mesa de mezclas Pioneer DJ DJM-S5, encuentra tu sensaci\u00f3n de scratch perfecta con el popular crossfader MAGVEL FADER PRO, que cuenta con Feeling Adjust para que puedas ajustar el \u00abpeso\u00bb y obtener el nivel de resistencia que m\u00e1s te guste. Tambi\u00e9n puedes confiar en el dise\u00f1o resistente del fader; el eje de montaje de la perilla es muy r\u00edgido en la direcci\u00f3n vertical, por lo que puedes realizar t\u00e9cnicas de scratch en\u00e9rgicas.<\/p>\n<h2 class=\"col-two__heading heading heading--5 field-promotext\">Palancas de efectos<\/h2>\n<div class=\"col-two__item__description field-promotext2\">\n<p>Utiliza las 2 grandes palancas de efectos (Effect levers) para controlar hasta 57 efectos en Serato DJ Pro (incluidos los Packs de Expansi\u00f3n de pago). Las palancas son del mismo tama\u00f1o que las del modelo insignia <a href=\"https:\/\/www.audioibiza.com\/index.php\/mesa-de-mezclas-pioneer-dj-djm-s11\/\">DJM-S11<\/a> y puedes mantenerlas presionadas o soltarlas para activar o desactivar el efecto, o bloquearlas para que tus manos est\u00e9n libres para explorar y hacer scratch en las pistas mientras el efecto a\u00fan est\u00e1 activo. Tambi\u00e9n hay 2 bancos donde puedes guardar efectos, lo que te ofrece acceso r\u00e1pido a tus favoritos.<\/p>\n<h2 class=\"col-two__heading heading heading--5 field-promotext\">Performance Pads<\/h2>\n<div class=\"col-two__item__description field-promotext2\">\n<p>S\u00e9 creativo y experimenta con 13 modos de pad, incluidos Hot Cue y Sampler. Usando los 4 Performance Pads (de 20,6 mm x 20,6 mm) en cada deck, puedes disparar samples y encontrar todo tipo de nuevas formas de \u00abremezclar\u00bb tus pistas en vivo y a\u00f1adir textura a la m\u00fasica\u00bb.<\/p>\n<h2 class=\"col-two__heading heading heading--5 field-promotext\">Scratch Cutter<\/h2>\n<div class=\"col-two__item__description field-promotext2\">\n<p>Comienza a hacer scratch de inmediato, incluso si nunca lo has intentado antes. Simplemente elige uno de los 6 patrones de corte y activa la funci\u00f3n Scratch Cutter con la palanca de efectos, seguidamente mueve el vinilo de control o el jog wheel (cuando utilices control DVS) hacia adelante y hacia atr\u00e1s en el deck y la DJM-S5 har\u00e1 el resto. El mezclador aplica un efecto de corte a la m\u00fasica en el momento perfecto, emulando la popular t\u00e9cnica de scratch transformer sin mover el crossfader. Esta caracter\u00edstica ofrece una excelente manera de iniciar el aprendizaje de hacer scratch; puedes concentrarte en lograr la sincronizaci\u00f3n correcta con el vinilo de control antes de pasar a la t\u00e9cnica m\u00e1s complicadas usando el crossfader.<\/p>\n<h2 class=\"col-two__heading heading heading--5 field-promotext\">Crossfader Hot Cue<\/h2>\n<div class=\"col-two__item__description field-promotext2\">\n<p>Activa la funci\u00f3n Crossfader Hot Cue y podr\u00e1s mover r\u00e1pidamente el crossfader para crear sonidos similares a scratch con un sample o pista. Cada vez que alejas el fader del extremo, la pista o sample del deck correspondiente se reproduce desde el punto Hot Cue m\u00e1s reciente. Por lo tanto, puedes repetir r\u00e1pido la acci\u00f3n para reproducir r\u00e1pidamente el Hot Cue al ritmo que sueles mover el crossfader, creando un sonido similar a un scratch sin la necesidad de mover el vinilo de control en el deck.<\/p>\n<h2 class=\"col-two__heading heading heading--5 field-promotext\">La versatilidad de la alimentaci\u00f3n por bus USB y del uso como mezcladora independiente<\/h2>\n<div class=\"col-two__item__description field-promotext2\">\n<p>La DJM-S5 es la primera mesa de mezclas Pioneer DJ que se puede alimentar a trav\u00e9s de la conexi\u00f3n USB a tu ordenador. Disfruta de la flexibilidad adicional que esto ofrece y, si utilizas giradiscos port\u00e1tiles, la libertad de practicar y actuar literalmente en cualquier lugar donde puedas llevar tus decks: tu jard\u00edn, un parque o incluso la playa. Tambi\u00e9n funciona como un mezclador independiente, por lo que puedes reproducir m\u00fasica desde diversas fuentes, como discos de vinilo anal\u00f3gicos. Y aunque la mesa de mezclas est\u00e9 alimentada por USB, produce un sonido brillante de amplio rango que saca lo mejor de todos los g\u00e9neros musicales.<\/p>\n<div class=\"component content usp-small__item\">\n<div id=\"Feature3\" class=\"component-content\">\n<div class=\"usp-snippet usp-snippet--C\">\n<div class=\"usp-snippet__content\">\n<h4 class=\"usp-snippet__title heading heading--7 field-promotext\"><strong>Serato DJ Pro<\/strong><\/h4>\n<p class=\"usp-snippet__text p--2 field-promotext2\">Simplemente conecta la <a href=\"https:\/\/www.audioibiza.com\/index.php\/mesa-de-mezclas-pioneer-dj-djm-s5\/\">DJM-S5<\/a> a un PC\/Mac con la aplicaci\u00f3n <a href=\"https:\/\/serato.com\/dj\" target=\"_blank\" rel=\"noopener noreferrer\">Serato DJ Pro<\/a> y podr\u00e1s usar el software de forma gratuita, incluida una gran cantidad de funciones de rendimiento profesional.<\/p>\n<\/div>\n<\/div>\n<\/div>\n<\/div>\n<div class=\"component content usp-small__item\">\n<div id=\"Feature4\" class=\"component-content\">\n<div class=\"usp-snippet usp-snippet--C\">\n<div class=\"usp-snippet__visual\"><picture class=\"visual\"><source srcset=\"https:\/\/www.pioneerdj.com\/-\/media\/pioneerdj\/images\/features\/mixer\/djm-s11\/small-serato-dvs-icon.jpg\" media=\"(max-width: 749px)\" \/><source srcset=\"https:\/\/www.pioneerdj.com\/-\/media\/pioneerdj\/images\/features\/mixer\/djm-s11\/small-serato-dvs-icon.jpg\" media=\"(min-width: 750px)\" \/><\/picture><\/div>\n<div class=\"usp-snippet__content\">\n<h4 class=\"usp-snippet__title heading heading--7 field-promotext\"><strong>Serato DVS<\/strong><\/h4>\n<p class=\"usp-snippet__text p--2 field-promotext2\">La mesa de mezclas ofrece soporte gratuito para <a href=\"https:\/\/serato.com\/dj\/pro\/expansions\/dvs?dvs=dvs-ready\" target=\"_blank\" rel=\"noopener noreferrer\">Serato DVS<\/a>, por lo que puedes usar giradiscos anal\u00f3gicos con vinilo de control o reproductores DJ para reproducir y grabar las pistas en tus cajas de Serato.<\/p>\n<\/div>\n<\/div>\n<\/div>\n<\/div>\n<div class=\"component content usp-small__item\">\n<div id=\"Feature5\" class=\"component-content\">\n<div class=\"usp-snippet usp-snippet--C\">\n<div class=\"usp-snippet__visual\"><picture class=\"visual\"><source srcset=\"https:\/\/www.pioneerdj.com\/-\/media\/pioneerdj\/images\/features\/mixer\/djm-s5\/easystreaming.jpg\" media=\"(max-width: 749px)\" \/><source srcset=\"https:\/\/www.pioneerdj.com\/-\/media\/pioneerdj\/images\/features\/mixer\/djm-s5\/easystreaming.jpg\" media=\"(min-width: 750px)\" \/><\/picture><\/div>\n<div class=\"usp-snippet__content\">\n<h4 class=\"usp-snippet__title heading heading--7 field-promotext\"><strong>Transmite tu set f\u00e1cilmente<\/strong><\/h4>\n<p class=\"usp-snippet__text p--2 field-promotext2\">No es necesario un equipo externo, como una tarjeta de sonido, si est\u00e1s transmitiendo tu set y deseas a\u00f1adir palabras o voz a tu actuaci\u00f3n. Todos los sonidos se transmiten a trav\u00e9s de <a href=\"https:\/\/serato.com\/dj\" target=\"_blank\" rel=\"noopener noreferrer\">Serato DJ Pro<\/a>.<\/p>\n<p>&nbsp;<\/p>\n<\/div>\n<\/div>\n<\/div>\n<\/div>\n<\/div>\n<\/div>\n<\/div>\n<\/div>\n<\/div>\n<\/div>\n<div class=\"folder__container js-folder js-folder--is-open\">\n<h3 class=\"folder__trigger js-folder__header js-folder__header--is-open\">Funciones principales Pioneer DJ DJM-S5<i class=\"ico\"><\/i><\/h3>\n<div class=\"folder__content js-folder__content js-folder__content--is-open\">\n<table class=\"specs-table\">\n<tbody>\n<tr>\n<th class=\"specs-table__lbl\">\n<p class=\"h6\"><strong>MIDI Control<\/strong><\/p>\n<\/th>\n<td class=\"specs-table__val\">Asignable (<a href=\"https:\/\/www.pioneerdj.com\/-\/media\/pioneerdj\/software-info\/mixer\/djm-s5\/djm-s5_midi_message_v100_e.pdf\" target=\"_blank\" rel=\"noopener\">clic aqu\u00ed<\/a> para ver m\u00e1s detalles)<\/td>\n<\/tr>\n<tr>\n<th class=\"specs-table__lbl\">\n<p class=\"h6\"><strong>Software compatible<\/strong><\/p>\n<\/th>\n<td class=\"specs-table__val\">Desbloqueo Serato DJ Pro<\/td>\n<\/tr>\n<tr>\n<th class=\"specs-table__lbl\">\n<p class=\"h6\"><strong>Control Scratch<\/strong><\/p>\n<\/th>\n<td class=\"specs-table__val\">Desbloquea Serato DVS<\/td>\n<\/tr>\n<tr>\n<th class=\"specs-table__lbl\">\n<p class=\"h6\"><strong>Requerimientos del Software<\/strong><\/p>\n<\/th>\n<td class=\"specs-table__val\">Visita <a href=\"https:\/\/serato.com\/dj\/pro\/downloads#min-specs\" target=\"_blank\" rel=\"noopener noreferrer\">serato.com<\/a> para conocer sus especificaciones.<\/td>\n<\/tr>\n<tr>\n<th class=\"specs-table__lbl\">\n<p class=\"h6\"><strong>Contenido de la caja<\/strong><\/p>\n<\/th>\n<td class=\"specs-table__val\">\n<ul class=\"list-rotary\">\n<li>DJM-S5<\/li>\n<li>Cable USB<\/li>\n<li>Gu\u00eda de inicio r\u00e1pido<\/li>\n<li>Precauciones de uso<\/li>\n<li>Garant\u00eda (para algunas regiones)<\/li>\n<\/ul>\n<\/td>\n<\/tr>\n<\/tbody>\n<\/table>\n<\/div>\n<\/div>\n<div class=\"folder__container js-folder js-folder--is-open\">\n<h3 class=\"folder__trigger js-folder__header js-folder__header--is-open\">Especificaciones<i class=\"ico\"><\/i><\/h3>\n<div class=\"folder__content js-folder__content js-folder__content--is-open\">\n<table class=\"specs-table\">\n<tbody>\n<tr>\n<th class=\"specs-table__lbl\">\n<p class=\"h6\">Ancho<\/p>\n<\/th>\n<td class=\"specs-table__val\">245 mm<\/td>\n<\/tr>\n<tr>\n<th class=\"specs-table__lbl\">\n<p class=\"h6\">Alto<\/p>\n<\/th>\n<td class=\"specs-table__val\">107,9 mm<\/td>\n<\/tr>\n<tr>\n<th class=\"specs-table__lbl\">\n<p class=\"h6\"><strong>Profundo<\/strong><\/p>\n<\/th>\n<td class=\"specs-table__val\">363,5 mm<\/td>\n<\/tr>\n<tr>\n<th class=\"specs-table__lbl\">\n<p class=\"h6\">Peso<\/p>\n<\/th>\n<td class=\"specs-table__val\">3,4 kg<\/td>\n<\/tr>\n<tr>\n<th class=\"specs-table__lbl\">\n<p class=\"h6\"><strong>Consumo<\/strong><\/p>\n<\/th>\n<td class=\"specs-table__val\">5V\/500mA<\/td>\n<\/tr>\n<tr>\n<th class=\"specs-table__lbl\">\n<p class=\"h6\"><strong>Relaci\u00f3n Se\u00f1al\/Ruido USB<\/strong><\/p>\n<\/th>\n<td class=\"specs-table__val\">108 dB (USB)<br \/>\n94 dB (LINE)<br \/>\n82 dB (PHONO)<br \/>\n75 dB (MIC)<br \/>\n94 dB (AUX)<\/td>\n<\/tr>\n<tr>\n<th class=\"specs-table__lbl\">\n<p class=\"h6\"><strong>Distorsi\u00f3n<\/strong><\/p>\n<\/th>\n<td class=\"specs-table__val\">0.003 % (USB)<br \/>\n0.007 % (LINE)<\/td>\n<\/tr>\n<\/tbody>\n<\/table>\n<\/div>\n<\/div>\n<div class=\"folder__container js-folder js-folder--is-open\">\n<h3 class=\"folder__trigger js-folder__header js-folder__header--is-open\">Master Balance<i class=\"ico\"><\/i><\/h3>\n<div class=\"folder__content js-folder__content js-folder__content--is-open\">\n<table class=\"specs-table\">\n<tbody>\n<tr>\n<th class=\"specs-table__lbl\">\n<p class=\"h6\"><strong>Tama\u00f1o de V\u00fametro<\/strong><\/p>\n<\/th>\n<td class=\"specs-table__val\">7 segment<\/td>\n<\/tr>\n<\/tbody>\n<\/table>\n<\/div>\n<\/div>\n<div class=\"folder__container js-folder js-folder--is-open\">\n<h3 class=\"folder__trigger js-folder__header js-folder__header--is-open\">Canales<i class=\"ico\"><\/i><\/h3>\n<div class=\"folder__content js-folder__content js-folder__content--is-open\">\n<table class=\"specs-table\">\n<tbody>\n<tr>\n<th class=\"specs-table__lbl\">\n<p class=\"h6\"><strong>EQ\/ISO<\/strong><\/p>\n<\/th>\n<td class=\"specs-table__val\">3 band<\/td>\n<\/tr>\n<tr>\n<th class=\"specs-table__lbl\">\n<p class=\"h6\"><strong>Rango EQ\/ISO<\/strong><\/p>\n<\/th>\n<td class=\"specs-table__val\">\u2013\u221e dB to +6 dB<\/td>\n<\/tr>\n<\/tbody>\n<\/table>\n<\/div>\n<\/div>\n<div class=\"folder__container js-folder js-folder--is-open\">\n<h3 class=\"folder__trigger js-folder__header js-folder__header--is-open\">Control de rendimiento<i class=\"ico\"><\/i><\/h3>\n<div class=\"folder__content js-folder__content js-folder__content--is-open\">\n<table class=\"specs-table\">\n<tbody>\n<tr>\n<th class=\"specs-table__lbl\">\n<p class=\"h6\"><strong>Canales<\/strong><\/p>\n<\/th>\n<td class=\"specs-table__val\">2<\/td>\n<\/tr>\n<tr>\n<th class=\"specs-table__lbl\">\n<p class=\"h6\"><strong>Sound Color FX<\/strong><\/p>\n<\/th>\n<td class=\"specs-table__val\">Filter<\/td>\n<\/tr>\n<\/tbody>\n<\/table>\n<\/div>\n<\/div>\n<div class=\"folder__container js-folder js-folder--is-open\">\n<h3 class=\"folder__trigger js-folder__header js-folder__header--is-open\">Curva Fader<i class=\"ico\"><\/i><\/h3>\n<div class=\"folder__content js-folder__content js-folder__content--is-open\">\n<table class=\"specs-table\">\n<tbody>\n<tr>\n<th class=\"specs-table__lbl\">\n<p class=\"h6\"><strong>Tipo de Crossfader<\/strong><\/p>\n<\/th>\n<td class=\"specs-table__val\">Fader Magvel Pro<\/td>\n<\/tr>\n<\/tbody>\n<\/table>\n<\/div>\n<\/div>\n<div class=\"folder__container js-folder js-folder--is-open\">\n<h3 class=\"folder__trigger js-folder__header js-folder__header--is-open\">Atenuador Talkover<i class=\"ico\"><\/i><\/h3>\n<div class=\"folder__content js-folder__content js-folder__content--is-open\">\n<table class=\"specs-table\">\n<tbody>\n<tr>\n<th class=\"specs-table__lbl\">\n<p class=\"h6\"><strong>Conexi\u00f3n Mic<\/strong><\/p>\n<\/th>\n<td class=\"specs-table__val\">XLR \/ Combo Jack 1\/4-pulgadas<\/td>\n<\/tr>\n<\/tbody>\n<\/table>\n<\/div>\n<\/div>\n<div class=\"folder__container js-folder js-folder--is-open\">\n<h3 class=\"folder__trigger js-folder__header js-folder__header--is-open\">Tarjeta de Sonido<i class=\"ico\"><\/i><\/h3>\n<div class=\"folder__content js-folder__content js-folder__content--is-open\">\n<table class=\"specs-table\">\n<tbody>\n<tr>\n<th class=\"specs-table__lbl\">\n<p class=\"h6\"><strong>Conexi\u00f3n<\/strong><\/p>\n<\/th>\n<td class=\"specs-table__val\">USB (Type-C)<\/td>\n<\/tr>\n<tr>\n<th class=\"specs-table__lbl\">\n<p class=\"h6\"><strong>Frecuencia de muestreo<\/strong><\/p>\n<\/th>\n<td class=\"specs-table__val\">24 bit<\/td>\n<\/tr>\n<tr>\n<th class=\"specs-table__lbl\">\n<p class=\"h6\"><strong>Frecuencia<\/strong><\/p>\n<\/th>\n<td class=\"specs-table__val\">48 kHz<\/td>\n<\/tr>\n<\/tbody>\n<\/table>\n<\/div>\n<\/div>\n<div class=\"folder__container js-folder js-folder--is-open\">\n<h3 class=\"folder__trigger js-folder__header js-folder__header--is-open\">Terminales<i class=\"ico\"><\/i><\/h3>\n<div class=\"folder__content js-folder__content js-folder__content--is-open\">\n<table class=\"specs-table\">\n<tbody>\n<tr>\n<th class=\"specs-table__lbl\">\n<p class=\"h6\"><strong>Entradas<\/strong><\/p>\n<\/th>\n<td class=\"specs-table__val\">\n<ul>\n<li>2 PHONO\/LINE (RCA)<\/li>\n<li>1 MIC (XLR &amp; 1\/4 inch Combo Jack)<\/li>\n<li>1 AUX (RCA)<\/li>\n<\/ul>\n<\/td>\n<\/tr>\n<tr>\n<th class=\"specs-table__lbl\">\n<p class=\"h6\"><strong>Salidas<\/strong><\/p>\n<\/th>\n<td class=\"specs-table__val\">\n<ul>\n<li>1 MASTER (XLR)<\/li>\n<li>1 BOOTH\/MASTER (RCA)<\/li>\n<li>2 PHONES (1\/4-inch stereo jack, 3.5-mm stereo mini-jack)<\/li>\n<\/ul>\n<\/td>\n<\/tr>\n<tr>\n<th class=\"specs-table__lbl\">\n<p class=\"h6\"><strong>Modos Performance<\/strong><\/p>\n<\/th>\n<td class=\"specs-table__val\">2 sets USB Type-C port (PC\/Mac connection &amp; power supply \u00d71, Only power supply \u00d71)<\/td>\n<\/tr>\n<\/tbody>\n<\/table>\n<p>&nbsp;<\/p>\n<p>Para m\u00e1s informaci\u00f3n sobre el producto:<\/p>\n<p><a href=\"https:\/\/www.pioneerdj.com\/es-es\/product\/mixer\/djm-s5\/gloss-red\/overview\/\" target=\"_blank\" rel=\"noopener\">https:\/\/www.pioneerdj.com\/es-es\/product\/mixer\/djm-s5\/gloss-red\/overview\/<\/a><\/p>\n<\/div>\n<\/div>\n","protected":false},"excerpt":{"rendered":"<p><strong>Mesa de mezclas Pioneer DJ DJM-S5 de 2 canales estilo Scratch (rojo brillante)<\/strong><\/p>\n<p>Esta nueva mesa de mezclas DJ de 2 canales estilo scratch para Serato DJ Pro, es ideal si has experimentado con la mezcla de batalla y el scratching y quieres ampliar tus habilidades, o si eres completamente nuevo en la escena y quieres lanzarte directamente.<\/p>\n","protected":false},"featured_media":33413,"template":"","meta":[],"product_cat":[665,729,728],"product_tag":[],"class_list":{"0":"post-33411","1":"product","2":"type-product","3":"status-publish","4":"has-post-thumbnail","6":"product_brand-pioneer-dj","7":"product_cat-dj","8":"product_cat-mesa-de-mezclas-dj","9":"product_cat-mesas-de-mezclas-dj","11":"first","12":"outofstock","13":"taxable","14":"shipping-taxable","15":"purchasable","16":"product-type-simple","17":"col-xs-6 col-sm-4","18":"col-md-3 col-lg-3","19":"un-4-cols"},"_links":{"self":[{"href":"https:\/\/www.audioibiza.com\/index.php\/wp-json\/wp\/v2\/product\/33411","targetHints":{"allow":["GET"]}}],"collection":[{"href":"https:\/\/www.audioibiza.com\/index.php\/wp-json\/wp\/v2\/product"}],"about":[{"href":"https:\/\/www.audioibiza.com\/index.php\/wp-json\/wp\/v2\/types\/product"}],"wp:featuredmedia":[{"embeddable":true,"href":"https:\/\/www.audioibiza.com\/index.php\/wp-json\/wp\/v2\/media\/33413"}],"wp:attachment":[{"href":"https:\/\/www.audioibiza.com\/index.php\/wp-json\/wp\/v2\/media?parent=33411"}],"wp:term":[{"taxonomy":"product_cat","embeddable":true,"href":"https:\/\/www.audioibiza.com\/index.php\/wp-json\/wp\/v2\/product_cat?post=33411"},{"taxonomy":"product_tag","embeddable":true,"href":"https:\/\/www.audioibiza.com\/index.php\/wp-json\/wp\/v2\/product_tag?post=33411"}],"curies":[{"name":"wp","href":"https:\/\/api.w.org\/{rel}","templated":true}]}}