{"id":32906,"date":"2022-03-21T15:48:45","date_gmt":"2022-03-21T14:48:45","guid":{"rendered":"https:\/\/www.audioibiza.com\/?post_type=product&#038;p=32906"},"modified":"2025-12-09T13:16:47","modified_gmt":"2025-12-09T12:16:47","slug":"caja-activa-jbl-eon710","status":"publish","type":"product","link":"https:\/\/www.audioibiza.com\/index.php\/caja-activa-jbl-eon710\/","title":{"rendered":"Caja Activa JBL EON710"},"content":{"rendered":"<p><iframe title=\"JBL Pro EON700 Powered PA Loudspeakers: Quick Look\" width=\"840\" height=\"473\" src=\"https:\/\/www.youtube.com\/embed\/TXD2-B4-gfE?feature=oembed\" frameborder=\"0\" allow=\"accelerometer; autoplay; clipboard-write; encrypted-media; gyroscope; picture-in-picture; web-share\" referrerpolicy=\"strict-origin-when-cross-origin\" allowfullscreen><\/iframe><\/p>\n<p><iframe title=\"JBL Pro EON700 Powered PA Loudspeakers: Quick Look\" width=\"840\" height=\"473\" src=\"https:\/\/www.youtube.com\/embed\/TXD2-B4-gfE?feature=oembed\" frameborder=\"0\" allow=\"accelerometer; autoplay; clipboard-write; encrypted-media; gyroscope; picture-in-picture; web-share\" referrerpolicy=\"strict-origin-when-cross-origin\" allowfullscreen><\/iframe><\/p>\n<h1>Caja Activa JBL EON710<\/h1>\n<h2>El altavoz JBL <a href=\"https:\/\/www.audioibiza.com\/index.php\/caja-activa-jbl-eon710\/\">EON710<\/a> de 10 pulgadas es parte de la nueva serie EON700 de PA autoamplificados de JBL, que representa un gran paso adelante en innovaci\u00f3n y tecnolog\u00eda al ofrecer una cobertura verdaderamente inteligible y claramente consistente en cualquier nivel de volumen.<\/h2>\n<h3>La serie JBL EON710 aprovecha la ciencia ac\u00fastica m\u00e1s reciente, dise\u00f1os de transductores, materiales de gabinete y tecnolog\u00edas de control y DSP avanzadas para brindar un rendimiento extraordinario en un sistema port\u00e1til totalmente profesional, altamente flexible y f\u00e1cil de usar.<\/h3>\n<p>El EON710 es el altavoz m\u00e1s compacto y vers\u00e1til de la serie EON700. Dise\u00f1ado para ofrecer el m\u00e1ximo rendimiento por su peso y tama\u00f1o como PA principal del frente de la casa. Se proporcionan dos configuraciones de EQ seleccionables por el usuario para optimizar el sistema para cualquiera de las aplicaciones.<\/p>\n<p>El EON710 est\u00e1 compuesto por un woofer de 10\u2033, un 2408H-2, diafragma anular de pol\u00edmero de 37,5 mm (1,5 pulgadas), un controlador de compresi\u00f3n de neodimio montado en una bocina de 100\u00b0 por 60\u00b0, todo impulsado por un amplificador de potencia digital de clase D de 1500 vatios.<\/p>\n<p>El DSP sofisticado es el n\u00facleo de una secci\u00f3n de entrada con todas las funciones, que proporciona ecualizaci\u00f3n del sistema seleccionable por el usuario, protecci\u00f3n y selecci\u00f3n de sensibilidad de entrada.<\/p>\n<h4><strong>Especificaciones:<\/strong><\/h4>\n<div id=\"character\u00edstics\" class=\"tab-pane fade in active\" aria-expanded=\"true\">\n<div class=\"product-description\">\n<p>\u2013 Woofer de 10 pulgadas de dise\u00f1o personalizado.<\/p>\n<p>\u2013 controlador de compresi\u00f3n 2414H.<\/p>\n<p>\u2013 Bocina de alta frecuencia redise\u00f1adas.<\/p>\n<p>\u2013 Potencia: 1,300 W pico \/ 650 W RMS.<\/p>\n<p>\u2013 Respuesta de frecuencia: 52 Hz \u2013 20 kHz (-10) 65 Hz \u2013 20 kHz (-3)<\/p>\n<p>\u2013 SPL m\u00e1ximo: 125 dB.<\/p>\n<p>\u2013 Dispersi\u00f3n: 110\u00b0 H x 60\u00b0 V.<\/p>\n<p>\u2013 I \/ O de audio: 2 XLR Combo, 1 XLR de paso.<\/p>\n<p>\u2013 DSP dbx avanzado: supresi\u00f3n autom\u00e1tica de retroalimentaci\u00f3n, atenuaci\u00f3n, retardo de altavoz de 100 ms, ecualizador param\u00e9trico.<\/p>\n<p>\u2013 Mezclador digital integrado de 3 canales.<\/p>\n<p>\u2013 La pantalla LCD retroiluminada de 9 colores proporciona un f\u00e1cil acceso a las funciones.<\/p>\n<p>\u2013 Control de la aplicaci\u00f3n Universal JBL Pro Connect.<\/p>\n<p>\u2013 Transmisi\u00f3n y control de Bluetooth 5.0.<\/p>\n<p>\u2013 Armario de polipropileno duradero y rejilla met\u00e1lica.<\/p>\n<p>\u2013 El asa ergon\u00f3mica simplifica el transporte.<\/p>\n<p>\u2013 Montaje en poste integrado y montaje de yugo universal.<\/p>\n<p>\u2013 gabinetes apilables para un f\u00e1cil almacenamiento.<\/p>\n<p>\u2013 Peso neto: 11,9 kg (26,2 libras)<\/p>\n<p>\u2013 Peso de env\u00edo: 15 kg (33 lbs.)<\/p>\n<\/div>\n<\/div>\n<p>\u00a0<\/p>\n<p>Para m\u00e1s informaci\u00f3n sobre el producto:<\/p>\n<p><a href=\"https:\/\/jblpro.com\/en\/products\/jbl-eon710\" target=\"_blank\" rel=\"noopener\">https:\/\/jblpro.com\/en\/products\/jbl-eon710<\/a><\/p>\n","protected":false},"excerpt":{"rendered":"<p><strong>CAJA ACTIVA JBL EON710<\/strong><\/p>\n<p>Caja Activa dos v\u00edas 10&#8243; + 1&#8243; 1300 W Clase D. Mix 3ch DriveRack Bluetooth<\/p>\n","protected":false},"featured_media":32907,"template":"","meta":[],"product_cat":[661,712,710],"product_tag":[],"class_list":{"0":"post-32906","1":"product","2":"type-product","3":"status-publish","4":"has-post-thumbnail","6":"product_brand-jbl","7":"product_cat-audio-profesional","8":"product_cat-caja-activa","9":"product_cat-cajas-acusticas","11":"first","12":"instock","13":"taxable","14":"shipping-taxable","15":"purchasable","16":"product-type-simple","17":"col-xs-6 col-sm-4","18":"col-md-3 col-lg-3","19":"un-4-cols"},"_links":{"self":[{"href":"https:\/\/www.audioibiza.com\/index.php\/wp-json\/wp\/v2\/product\/32906","targetHints":{"allow":["GET"]}}],"collection":[{"href":"https:\/\/www.audioibiza.com\/index.php\/wp-json\/wp\/v2\/product"}],"about":[{"href":"https:\/\/www.audioibiza.com\/index.php\/wp-json\/wp\/v2\/types\/product"}],"wp:featuredmedia":[{"embeddable":true,"href":"https:\/\/www.audioibiza.com\/index.php\/wp-json\/wp\/v2\/media\/32907"}],"wp:attachment":[{"href":"https:\/\/www.audioibiza.com\/index.php\/wp-json\/wp\/v2\/media?parent=32906"}],"wp:term":[{"taxonomy":"product_cat","embeddable":true,"href":"https:\/\/www.audioibiza.com\/index.php\/wp-json\/wp\/v2\/product_cat?post=32906"},{"taxonomy":"product_tag","embeddable":true,"href":"https:\/\/www.audioibiza.com\/index.php\/wp-json\/wp\/v2\/product_tag?post=32906"}],"curies":[{"name":"wp","href":"https:\/\/api.w.org\/{rel}","templated":true}]}}