{"id":32714,"date":"2022-03-18T17:21:17","date_gmt":"2022-03-18T16:21:17","guid":{"rendered":"https:\/\/www.audioibiza.com\/?post_type=product&#038;p=32714"},"modified":"2025-07-30T10:38:44","modified_gmt":"2025-07-30T08:38:44","slug":"caja-activa-jbl-eon712","status":"publish","type":"product","link":"https:\/\/www.audioibiza.com\/index.php\/caja-activa-jbl-eon712\/","title":{"rendered":"Caja Activa JBL EON712"},"content":{"rendered":"<p><iframe title=\"JBL Pro EON700 Powered PA Loudspeakers: Quick Look\" width=\"840\" height=\"473\" src=\"https:\/\/www.youtube.com\/embed\/TXD2-B4-gfE?feature=oembed\" frameborder=\"0\" allow=\"accelerometer; autoplay; clipboard-write; encrypted-media; gyroscope; picture-in-picture; web-share\" referrerpolicy=\"strict-origin-when-cross-origin\" allowfullscreen><\/iframe><\/p>\n<p><iframe title=\"JBL EON700 Powered Loudspeakers: Walkthrough\" width=\"840\" height=\"473\" src=\"https:\/\/www.youtube.com\/embed\/i-xP31f_9DY?feature=oembed\" frameborder=\"0\" allow=\"accelerometer; autoplay; clipboard-write; encrypted-media; gyroscope; picture-in-picture; web-share\" referrerpolicy=\"strict-origin-when-cross-origin\" allowfullscreen><\/iframe><\/p>\n<h1>Caja Activa JBL EON712<\/h1>\n<h2>El altavoz JBL <a href=\"https:\/\/www.audioibiza.com\/index.php\/caja-activa-jbl-eon712\/\">EON712<\/a> de 12 pulgadas es parte de la nueva serie EON700 de PA autoamplificados de JBL, que representa un gran paso adelante en innovaci\u00f3n y tecnolog\u00eda al ofrecer una cobertura verdaderamente inteligible y claramente consistente en cualquier nivel de volumen.<\/h2>\n<h3>El woofer del JBL EON712 est\u00e1 redise\u00f1ado para una impedancia m\u00e1s baja y una mayor eficiencia, una bocina mejorada ofrece un ancho de haz suave fuera del eje y el potente controlador de compresi\u00f3n 2414H de JBL cuenta con un im\u00e1n de neodimio premium para una respuesta equilibrada en un espacio liviano. El altavoz est\u00e1 alimentado por 1.300 vatios de amplificaci\u00f3n de Clase D.<\/h3>\n<p>El paquete DSP avanzado del EON712 proporciona un control completo sobre EQ, limitadores, retardo, supresi\u00f3n autom\u00e1tica de retroalimentaci\u00f3n dbx, atenuaci\u00f3n y otras funciones. Acceda a la configuraci\u00f3n en el altavoz mediante una pantalla LCD retroiluminada integrada, o desde cualquier lugar del lugar mediante la aplicaci\u00f3n JBL Pro Connect. La transmisi\u00f3n y el control de audio Bluetooth 5.0 incorporado aprovechan las caracter\u00edsticas de seguridad del protocolo m\u00e1s nuevo.<\/p>\n<h4>Especificaciones:<\/h4>\n<div id=\"character\u00edstics\" class=\"tab-pane fade in active\" aria-expanded=\"true\">\n<div class=\"product-description\">\n<p>\u2013 Woofer de 12 pulgadas de dise\u00f1o personalizado.<\/p>\n<p>\u2013 Controlador de compresi\u00f3n 2414H.<\/p>\n<p>\u2013 Bocina de alta frecuencia redise\u00f1ada.<\/p>\n<p>\u2013 Potencia: 1,300 W pico \/ 650 W RMS.<\/p>\n<p>\u2013 Respuesta de frecuencia: 50 Hz \u2013 20 kHz (-10 dB); 60 Hz \u2013 20 kHz (-3 dB)<\/p>\n<p>\u2013 SPL m\u00e1ximo: 127 dB.<\/p>\n<p>\u2013 Dispersi\u00f3n: 100\u00b0 H x 60\u00b0 V.<\/p>\n<p>\u2013 I \/ O de audio: 2 XLR Combo, 1 XLR de paso.<\/p>\n<p>\u2013 DSP dbx avanzado: supresi\u00f3n autom\u00e1tica de retroalimentaci\u00f3n, atenuaci\u00f3n, retardo de altavoz de 100 ms, ecualizador param\u00e9trico.<\/p>\n<p>\u2013 Mezclador digital integrado de 3 canales.<\/p>\n<p>\u2013 La pantalla LCD en color retroiluminada proporciona un f\u00e1cil acceso a las funciones.<\/p>\n<p>\u2013 Control de la aplicaci\u00f3n Universal JBL Pro Connect.<\/p>\n<p>\u2013 Transmisi\u00f3n y control de Bluetooth 5.0.<\/p>\n<p>\u2013 Armario de polipropileno duradero y rejilla de metal.<\/p>\n<p>\u2013 Dos asas ergon\u00f3micas simplifican el transporte.<\/p>\n<p>\u2013 El montaje en poste integrado y el montaje de yugo universal EON700 opcional ampl\u00edan las opciones de configuraci\u00f3n del sistema.<\/p>\n<p>\u2013 Los gabinetes apilables permiten un f\u00e1cil almacenamiento.<\/p>\n<p>\u2013 Dimensiones: 669 x 382 x 324 mm (26,3 x 15 x 12,75 pulgadas) (Al x An x Pr)<\/p>\n<p>\u2013 Peso: 32 libras (14,5 kg).<\/p>\n<p>\u2013 Dimensiones de env\u00edo: 27.8 x 19.64 x 17.28 in (706 x 499 x 439 mm)<\/p>\n<p>\u2013 Peso de env\u00edo: 40,1 libras (18,2 kg)<\/p>\n<\/div>\n<\/div>\n<p>\u00a0<\/p>\n<p>Para m\u00e1s informaci\u00f3n del producto:<\/p>\n<p><a href=\"https:\/\/jblpro.com\/en\/products\/jbl-eon712\" target=\"_blank\" rel=\"noopener\">https:\/\/jblpro.com\/en\/products\/jbl-eon712<\/a><\/p>\n","protected":false},"excerpt":{"rendered":"<p><strong>CAJA ACTIVA JBL EON712<\/strong><\/p>\n<p>El altavoz JBL EON712 de 12 pulgadas es parte de la nueva serie EON700 de PA autoamplificados de JBL, que representa un gran paso adelante en innovaci\u00f3n y tecnolog\u00eda al ofrecer una cobertura verdaderamente inteligible y claramente consistente en cualquier nivel de volumen.<\/p>\n<p>&nbsp;<\/p>\n<p>&nbsp;<\/p>\n","protected":false},"featured_media":32715,"template":"","meta":[],"product_cat":[661,712,710],"product_tag":[],"class_list":{"0":"post-32714","1":"product","2":"type-product","3":"status-publish","4":"has-post-thumbnail","6":"product_brand-jbl","7":"product_cat-audio-profesional","8":"product_cat-caja-activa","9":"product_cat-cajas-acusticas","11":"first","12":"instock","13":"taxable","14":"shipping-taxable","15":"purchasable","16":"product-type-simple","17":"col-xs-6 col-sm-4","18":"col-md-3 col-lg-3","19":"un-4-cols"},"_links":{"self":[{"href":"https:\/\/www.audioibiza.com\/index.php\/wp-json\/wp\/v2\/product\/32714","targetHints":{"allow":["GET"]}}],"collection":[{"href":"https:\/\/www.audioibiza.com\/index.php\/wp-json\/wp\/v2\/product"}],"about":[{"href":"https:\/\/www.audioibiza.com\/index.php\/wp-json\/wp\/v2\/types\/product"}],"wp:featuredmedia":[{"embeddable":true,"href":"https:\/\/www.audioibiza.com\/index.php\/wp-json\/wp\/v2\/media\/32715"}],"wp:attachment":[{"href":"https:\/\/www.audioibiza.com\/index.php\/wp-json\/wp\/v2\/media?parent=32714"}],"wp:term":[{"taxonomy":"product_cat","embeddable":true,"href":"https:\/\/www.audioibiza.com\/index.php\/wp-json\/wp\/v2\/product_cat?post=32714"},{"taxonomy":"product_tag","embeddable":true,"href":"https:\/\/www.audioibiza.com\/index.php\/wp-json\/wp\/v2\/product_tag?post=32714"}],"curies":[{"name":"wp","href":"https:\/\/api.w.org\/{rel}","templated":true}]}}