{"id":32706,"date":"2022-03-18T17:03:43","date_gmt":"2022-03-18T16:03:43","guid":{"rendered":"https:\/\/www.audioibiza.com\/?post_type=product&#038;p=32706"},"modified":"2025-07-31T18:56:44","modified_gmt":"2025-07-31T16:56:44","slug":"caja-activa-jbl-eon715","status":"publish","type":"product","link":"https:\/\/www.audioibiza.com\/index.php\/caja-activa-jbl-eon715\/","title":{"rendered":"Caja Activa JBL EON715"},"content":{"rendered":"<p><iframe title=\"JBL Pro EON700 Powered PA Loudspeakers: Quick Look\" width=\"840\" height=\"473\" src=\"https:\/\/www.youtube.com\/embed\/TXD2-B4-gfE?feature=oembed\" frameborder=\"0\" allow=\"accelerometer; autoplay; clipboard-write; encrypted-media; gyroscope; picture-in-picture; web-share\" referrerpolicy=\"strict-origin-when-cross-origin\" allowfullscreen><\/iframe><\/p>\n<p><iframe title=\"JBL EON700 Powered Loudspeakers: Walkthrough\" width=\"840\" height=\"473\" src=\"https:\/\/www.youtube.com\/embed\/i-xP31f_9DY?feature=oembed\" frameborder=\"0\" allow=\"accelerometer; autoplay; clipboard-write; encrypted-media; gyroscope; picture-in-picture; web-share\" referrerpolicy=\"strict-origin-when-cross-origin\" allowfullscreen><\/iframe><\/p>\n<h1><strong>Caja Activa JBL EON715<\/strong><\/h1>\n<div id=\"description\" class=\"tab-pane fade in active\">\n<div class=\"product-description\">\n<h2>El altavoz <a href=\"https:\/\/www.audioibiza.com\/index.php\/caja-activa-jbl-eon715\/\">JBL EON715<\/a> de 15 pulgadas es parte de la nueva serie EON700 de PA autoamplificados de JBL, que representa un gran paso adelante en innovaci\u00f3n y tecnolog\u00eda al ofrecer una cobertura verdaderamente inteligible y claramente consistente en cualquier nivel de volumen.<\/h2>\n<h3>La serie EON700 aprovecha la ciencia ac\u00fastica m\u00e1s reciente, dise\u00f1os de transductores, materiales de gabinete y tecnolog\u00edas de control y DSP avanzadas para brindar un rendimiento extraordinario en un sistema port\u00e1til totalmente profesional, altamente flexible y f\u00e1cil de usar.<\/h3>\n<p>El woofer del EON715 est\u00e1 redise\u00f1ado para una impedancia m\u00e1s baja y una mayor eficiencia, una bocina mejorada ofrece un ancho de haz suave fuera del eje.<\/p>\n<p>El potente controlador de compresi\u00f3n 2414H de JBL presenta un im\u00e1n de neodimio premium para una respuesta equilibrada en un espacio liviano.<\/p>\n<p>El altavoz funciona con 1.300 vatios de amplificaci\u00f3n discreta de Clase D ultraeficiente, para un sonido limpio y claro.<\/p>\n<p>El paquete DSP avanzado del EON715 proporciona un control completo sobre EQ, limitadores, retardo, supresi\u00f3n autom\u00e1tica de retroalimentaci\u00f3n dbx, atenuaci\u00f3n y otras funciones de los altavoces.<\/p>\n<p>Acceda a la configuraci\u00f3n en el altavoz mediante una pantalla LCD retroiluminada integrada, o desde cualquier lugar del lugar mediante la aplicaci\u00f3n JBL Pro Connect.<\/p>\n<p>La transmisi\u00f3n y el control de audio Bluetooth 5.0 incorporado aprovechan las caracter\u00edsticas de seguridad del protocolo m\u00e1s nuevo.<\/p>\n<h4>Especificaciones<\/h4>\n<div id=\"character\u00edstics\" class=\"tab-pane fade in active\" aria-expanded=\"true\">\n<div class=\"product-description\">\n<p>&#8211; Woofer de 15 pulgadas de dise\u00f1o personalizado.<\/p>\n<p>&#8211; Controlador de compresi\u00f3n 2414H.<\/p>\n<p>&#8211; Bocina de alta frecuencia redise\u00f1ada.<\/p>\n<p>&#8211; Potencia: 1.300 W pico \/ 650 W RMS.<\/p>\n<p>&#8211; Respuesta de frecuencia: 45 Hz \u2013 20 kHz (-10 dB); 55 Hz \u2013 20 kHz (-3 dB)<\/p>\n<p>&#8211; SPL m\u00e1ximo: 128 dB.<\/p>\n<p>&#8211; Dispersi\u00f3n: 90\u00b0 H x 60\u00b0 V.<\/p>\n<p>&#8211; I \/ O de audio: 2 XLR Combo, 1 XLR de paso.<\/p>\n<p>&#8211; DSP dbx avanzado: supresi\u00f3n autom\u00e1tica de retroalimentaci\u00f3n, atenuaci\u00f3n, retardo de altavoz de 100 ms, ecualizador param\u00e9trico.<\/p>\n<p>&#8211; Mezclador digital integrado de 3 canales.<\/p>\n<p>&#8211; La pantalla LCD en color retroiluminada proporciona un f\u00e1cil acceso a las funciones.<\/p>\n<p>&#8211; Control de la aplicaci\u00f3n Universal JBL Pro Connect.<\/p>\n<p>&#8211; Transmisi\u00f3n y control de Bluetooth 5.0.<\/p>\n<p>&#8211; Armario de polipropileno duradero y rejilla de metal.<\/p>\n<p>&#8211; Dos asas ergon\u00f3micas simplifican el transporte.<\/p>\n<p>&#8211; El montaje en poste integrado y el montaje de yugo universal EON700 opcional ampl\u00edan las opciones de configuraci\u00f3n del sistema.<\/p>\n<p>&#8211; Los gabinetes apilables permiten un f\u00e1cil almacenamiento.<\/p>\n<p>&#8211; Dimensiones: 27,6 x 17,2 x 13,8 pulgadas (702 x 438 x 351 mm)<\/p>\n<p>&#8211; Peso: 37,3 libras (16,9 kg)<\/p>\n<p>&#8211; Dimensiones de env\u00edo: 29,92 x 21,73 x 18,38 pulgadas (760 x 552 x 467 mm)<\/p>\n<p>&#8211; Peso de env\u00edo: 49,6 libras (22,5 kg)<\/p>\n<p>&nbsp;<\/p>\n<p>Para m\u00e1s informaci\u00f3n del producto:<\/p>\n<p><a href=\"https:\/\/jblpro.com\/en\/products\/jbl-eon715\" target=\"_blank\" rel=\"noopener\">https:\/\/jblpro.com\/en\/products\/jbl-eon715<\/a><\/p>\n<\/div>\n<\/div>\n<\/div>\n<\/div>\n","protected":false},"excerpt":{"rendered":"<p><strong>CAJA ACTIVA JBL EON715<\/strong><\/p>\n<p>El altavoz JBL EON715 de 15 pulgadas es parte de la nueva serie EON700 de PA autoamplificados de JBL, que representa un gran paso adelante en innovaci\u00f3n y tecnolog\u00eda al ofrecer una cobertura verdaderamente inteligible y claramente consistente en cualquier nivel de volumen.<\/p>\n<p>&nbsp;<\/p>\n","protected":false},"featured_media":32707,"template":"","meta":[],"product_cat":[661,712,710],"product_tag":[],"class_list":{"0":"post-32706","1":"product","2":"type-product","3":"status-publish","4":"has-post-thumbnail","6":"product_brand-jbl","7":"product_cat-audio-profesional","8":"product_cat-caja-activa","9":"product_cat-cajas-acusticas","11":"first","12":"instock","13":"taxable","14":"shipping-taxable","15":"purchasable","16":"product-type-simple","17":"col-xs-6 col-sm-4","18":"col-md-3 col-lg-3","19":"un-4-cols"},"_links":{"self":[{"href":"https:\/\/www.audioibiza.com\/index.php\/wp-json\/wp\/v2\/product\/32706","targetHints":{"allow":["GET"]}}],"collection":[{"href":"https:\/\/www.audioibiza.com\/index.php\/wp-json\/wp\/v2\/product"}],"about":[{"href":"https:\/\/www.audioibiza.com\/index.php\/wp-json\/wp\/v2\/types\/product"}],"wp:featuredmedia":[{"embeddable":true,"href":"https:\/\/www.audioibiza.com\/index.php\/wp-json\/wp\/v2\/media\/32707"}],"wp:attachment":[{"href":"https:\/\/www.audioibiza.com\/index.php\/wp-json\/wp\/v2\/media?parent=32706"}],"wp:term":[{"taxonomy":"product_cat","embeddable":true,"href":"https:\/\/www.audioibiza.com\/index.php\/wp-json\/wp\/v2\/product_cat?post=32706"},{"taxonomy":"product_tag","embeddable":true,"href":"https:\/\/www.audioibiza.com\/index.php\/wp-json\/wp\/v2\/product_tag?post=32706"}],"curies":[{"name":"wp","href":"https:\/\/api.w.org\/{rel}","templated":true}]}}