{"id":32685,"date":"2022-03-18T15:57:24","date_gmt":"2022-03-18T14:57:24","guid":{"rendered":"https:\/\/www.audioibiza.com\/?post_type=product&#038;p=32685"},"modified":"2023-04-13T16:25:11","modified_gmt":"2023-04-13T14:25:11","slug":"caja-activa-jbl-eon-one-mk2","status":"publish","type":"product","link":"https:\/\/www.audioibiza.com\/index.php\/caja-activa-jbl-eon-one-mk2\/","title":{"rendered":"Caja Activa JBL EON ONE MK2"},"content":{"rendered":"<p><iframe title=\"JBL Pro EON ONE MK2 All-In-One Column PA: Quick Look\" width=\"840\" height=\"473\" src=\"https:\/\/www.youtube.com\/embed\/zz2wblEI1Lc?feature=oembed\" frameborder=\"0\" allow=\"accelerometer; autoplay; clipboard-write; encrypted-media; gyroscope; picture-in-picture; web-share\" referrerpolicy=\"strict-origin-when-cross-origin\" allowfullscreen><\/iframe><\/p>\n<p><iframe title=\"JBL EON ONE MK2 Battery-Powered PA: Overview\" width=\"840\" height=\"473\" src=\"https:\/\/www.youtube.com\/embed\/2cusVkFkPmI?feature=oembed\" frameborder=\"0\" allow=\"accelerometer; autoplay; clipboard-write; encrypted-media; gyroscope; picture-in-picture; web-share\" referrerpolicy=\"strict-origin-when-cross-origin\" allowfullscreen><\/iframe><\/p>\n<h1>Caja Activa JBL EON ONE MK2<\/h1>\n<h2>El JBL <a href=\"https:\/\/www.audioibiza.com\/index.php\/caja-activa-jbl-eon-one-mk2\/\">EON ONE MK2<\/a> ofrece la fidelidad por la que JBL es legendario, combinando una matriz de 8 tweeters en forma de C geom\u00e9tricamente optimizada con un woofer de 10\u201d para brindar una claridad y cobertura l\u00edderes en su clase de hasta 37 Hz, con una amplia dispersi\u00f3n y una salida m\u00e1xima de 123 dB.<\/h2>\n<h3>El JBL EON ONE MK2 aprovecha las innovaciones ac\u00fasticas de la familia EON para ofrecer un mayor rendimiento, mayor claridad y una cobertura m\u00e1s profunda que cualquier otro PA de su clase. Su matriz geom\u00e9tricamente optimizada en forma de C de ocho tweeters de 2 pulgadas funciona en combinaci\u00f3n con un woofer de 10 pulgadas para brindar una respuesta suave y uniforme de hasta 37 Hz, con una amplia dispersi\u00f3n horizontal y un tiro vertical profundo. Al colocar la bater\u00eda en la columna, el gabinete del woofer se optimiza ac\u00fasticamente para proporcionar los graves m\u00e1s profundos y naturales.<\/h3>\n<p>El robusto amplificador de 1.500 vatios (pico) del JBL EON ONE MK2 garantiza un sonido limpio y sin distorsiones a cualquier nivel de volumen.<\/p>\n<p>La tecnolog\u00eda de rendimiento de potencia variable optimiza autom\u00e1ticamente el rendimiento de CA o de bater\u00eda, proporcionando 4 dB de margen adicional cuando se conecta a la alimentaci\u00f3n de CA.<\/p>\n<p>EON ONE MK2 cuenta con un conjunto completo de DSP profesional, que incluye reverberaci\u00f3n, coro y retardo Lexicon y tecnolog\u00eda dbx DriveRack Inside, incluye AFS (supresi\u00f3n autom\u00e1tica de retroalimentaci\u00f3n) y ecualizador de 8 bandas.<\/p>\n<p>Los ajustes preestablecidos DSP y el ecualizador de hardware integrado con 3 perillas fijas hacen que sea a\u00fan m\u00e1s f\u00e1cil perfeccionar su sonido caracter\u00edstico, r\u00e1pido.<\/p>\n<p>EON ONE MK2 se puede controlar mediante la aplicaci\u00f3n universal JBL Pro Connect, que proporciona acceso remoto a todas las funciones y ajustes preestablecidos.<\/p>\n<p>Para m\u00e1s informaci\u00f3n del producto:<\/p>\n<p><a href=\"https:\/\/jblpro.com\/en\/products\/jbl-eon-one-mk2\" target=\"_blank\" rel=\"noopener\">https:\/\/jblpro.com\/en\/products\/jbl-eon-one-mk2<\/a><\/p>\n","protected":false},"excerpt":{"rendered":"<p><strong>CAJA ACTIVA JBL EON ONE MK2<\/strong><\/p>\n<div id=\"character\u00edstics\" class=\"tab-pane fade in active\" aria-expanded=\"true\">\n<div class=\"product-description\">\n<p>&#8211; Las I \/ O incluyen 3 conectores combinados Neutrik XLR, 1 entrada Hi-Z y una entrada sumada de 3,5 mm \/ BT.<\/p>\n<p>&#8211; Dos puertos USB.<\/p>\n<p>&#8211; Tipo de sistema: Altavoz PA de columna el\u00e9ctrico.<\/p>\n<p>&#8211; Tama\u00f1o del woofer:10\u201d.\u00a0Tama\u00f1o del tweeter: 2\u201d.<\/p>\n<p>&#8211; Recuento de tweeter: 8.<\/p>\n<p>&#8211; SPL m\u00e1x: 123 db\/119 dB CA\/Bater\u00eda.<\/p>\n<p>&#8211; Rango frec:\u00a0 -10 37-20 kHz.<\/p>\n<p>&#8211; Rango frec: -3 45-20 kHz.<\/p>\n<p>&#8211; Dispersi\u00f3n hor: 140\u00ba. Dispersi\u00f3n vert: 30\u00ba.<\/p>\n<p>&#8211; Potencia nominal: 1500 W pico, 400 W RMS.<\/p>\n<p>&#8211; Entrada de alimentaci\u00f3n: CA 300 W 100-230 V CA 50-60 Hz.<\/p>\n<p>&#8211; Impedancia de entrada: Combinaci\u00f3n balanceada 4 k\u03a9, toma Hi-Z balanceada 2 M\u03a9. 2 canales de un extremo de 3,5 mm 10 k\u03a9.<\/p>\n<p>&#8211; Frec. cruce: 230 Hz.<\/p>\n<p>&#8211; Entrada\/Salida: 1 X1\/4\u201d balanceada.<\/p>\n<p>&#8211; Peso: 19,3kg (42,5 lb)<\/p>\n<p>&#8211; DIMENSIONES. 452 x 627 x 730 mm (17,8 x 24,7 x 28,7 in) (ancho x profundidad x altura)<\/p>\n<p>&#8211; Bater\u00eda: 97,2 WH, 36 V, iones de litio .<\/p>\n<\/div>\n<\/div>\n","protected":false},"featured_media":32686,"template":"","meta":[],"product_cat":[661,712,710],"product_tag":[],"class_list":{"0":"post-32685","1":"product","2":"type-product","3":"status-publish","4":"has-post-thumbnail","6":"product_brand-jbl","7":"product_cat-audio-profesional","8":"product_cat-caja-activa","9":"product_cat-cajas-acusticas","11":"first","12":"outofstock","13":"taxable","14":"shipping-taxable","15":"purchasable","16":"product-type-simple","17":"col-xs-6 col-sm-4","18":"col-md-3 col-lg-3","19":"un-4-cols"},"_links":{"self":[{"href":"https:\/\/www.audioibiza.com\/index.php\/wp-json\/wp\/v2\/product\/32685","targetHints":{"allow":["GET"]}}],"collection":[{"href":"https:\/\/www.audioibiza.com\/index.php\/wp-json\/wp\/v2\/product"}],"about":[{"href":"https:\/\/www.audioibiza.com\/index.php\/wp-json\/wp\/v2\/types\/product"}],"wp:featuredmedia":[{"embeddable":true,"href":"https:\/\/www.audioibiza.com\/index.php\/wp-json\/wp\/v2\/media\/32686"}],"wp:attachment":[{"href":"https:\/\/www.audioibiza.com\/index.php\/wp-json\/wp\/v2\/media?parent=32685"}],"wp:term":[{"taxonomy":"product_cat","embeddable":true,"href":"https:\/\/www.audioibiza.com\/index.php\/wp-json\/wp\/v2\/product_cat?post=32685"},{"taxonomy":"product_tag","embeddable":true,"href":"https:\/\/www.audioibiza.com\/index.php\/wp-json\/wp\/v2\/product_tag?post=32685"}],"curies":[{"name":"wp","href":"https:\/\/api.w.org\/{rel}","templated":true}]}}