{"id":31907,"date":"2022-02-23T12:56:48","date_gmt":"2022-02-23T11:56:48","guid":{"rendered":"https:\/\/www.audioibiza.com\/?post_type=product&#038;p=31907"},"modified":"2026-01-16T10:20:45","modified_gmt":"2026-01-16T09:20:45","slug":"vinilo-timecode-pioneer-dj-rb-vd2-cb","status":"publish","type":"product","link":"https:\/\/www.audioibiza.com\/index.php\/vinilo-timecode-pioneer-dj-rb-vd2-cb\/","title":{"rendered":"Vinilo Timecode PIONEER DJ RB-VD2-CB azul (pareja)"},"content":{"rendered":"<h1>VINILO TIMECODE PIONEER DJ RB-VD2-CB AZUL (PAREJA)<\/h1>\n<div class=\"info has-serie has-latest-update row\">\n<div class=\"col usp\">\n<h2>Hazle scratch<\/h2>\n<p>Una gama de conjuntos de vinilos de control rekordbox, disponibles en 5 nuevos dise\u00f1os.<\/p>\n<p>Al usar vinilos de control con una configuraci\u00f3n de rekordbox DVS, puedes reproducir, mezclar y hacer scratch sobre las pistas desde tu PC o Mac con la misma sensaci\u00f3n que si estuvieras usando discos anal\u00f3gicos.<\/p>\n<p>Los dise\u00f1os especiales incorporan kanjis (caracteres chinos utilizados en la escritura japonesa) en la sobrecubierta de cada set y en la etiqueta de cada disco para expresar uno de los 5 aspectos clave de la m\u00fasica dance: \u00abm\u00fasica (\u97f3)\u00bb, \u00abmezcla (\u7e4b)\u00bb, \u00abscratch (\u64e6)\u00bb, \u00absalto (\u821e)\u00bb o \u00abbaile (\u8e0a)\u00bb.<\/p>\n<p>El vinilo de control RB-VD2 se vende por pares.<\/p>\n<p><small>* Para utilizar este vinilo de control, necesitar\u00e1s una interfaz de audio INTERFACE 2 o una configuraci\u00f3n de DJ compatible con la funci\u00f3n DVS de rekordbox. Consulta <a href=\"https:\/\/rekordbox.com\/redirect\/?path=\/support\/link\/\" target=\"_blank\" rel=\"noopener noreferrer\">aqu\u00ed<\/a> para obtener la informaci\u00f3n m\u00e1s reciente sobre los equipos compatibles.<\/small><\/p>\n<p><small>* Para utilizar la funci\u00f3n DVS en rekordbox, necesitar\u00e1s una configuraci\u00f3n de DJ con un dispositivo de desbloqueo de hardware DVS o una suscripci\u00f3n al plan rekordbox Core o Creative. Encontrar\u00e1s una lista de dispositivos compatibles <a href=\"https:\/\/rekordbox.com\/redirect\/?path=\/support\/link\/\" target=\"_blank\" rel=\"noopener noreferrer\">aqu\u00ed<\/a>. <\/small><\/p>\n<\/div>\n<\/div>\n<p>&nbsp;<\/p>\n<p>Para m\u00e1s informaci\u00f3n del producto:<\/p>\n<p><a href=\"https:\/\/www.pioneerdj.com\/es-419\/product\/accessories\/rb-vd2\/clear-blue\/overview\/\" target=\"_blank\" rel=\"noopener\">https:\/\/www.pioneerdj.com\/es-419\/product\/accessories\/rb-vd2\/clear-blue\/overview\/<\/a><\/p>\n<p>&nbsp;<\/p>\n","protected":false},"excerpt":{"rendered":"<p><strong>VINILO TIMECODE PIONEER DJ RB-VD2-CB AZUL (PAREJA)<\/strong><\/p>\n<p>Trabaja con rekordbox DJ y DVS. Baja latencia para scrathing y excelente calidad de sonido.<\/p>\n","protected":false},"featured_media":31908,"template":"","meta":[],"product_cat":[715,665,716],"product_tag":[],"class_list":{"0":"post-31907","1":"product","2":"type-product","3":"status-publish","4":"has-post-thumbnail","6":"product_brand-pioneer-dj","7":"product_cat-accesorios-dj","8":"product_cat-dj","9":"product_cat-vinilo-cd-timecode","10":"product_shipping_class-pequeno-y-barato-10","12":"first","13":"outofstock","14":"taxable","15":"shipping-taxable","16":"purchasable","17":"product-type-simple","18":"col-xs-6 col-sm-4","19":"col-md-3 col-lg-3","20":"un-4-cols"},"_links":{"self":[{"href":"https:\/\/www.audioibiza.com\/index.php\/wp-json\/wp\/v2\/product\/31907","targetHints":{"allow":["GET"]}}],"collection":[{"href":"https:\/\/www.audioibiza.com\/index.php\/wp-json\/wp\/v2\/product"}],"about":[{"href":"https:\/\/www.audioibiza.com\/index.php\/wp-json\/wp\/v2\/types\/product"}],"wp:featuredmedia":[{"embeddable":true,"href":"https:\/\/www.audioibiza.com\/index.php\/wp-json\/wp\/v2\/media\/31908"}],"wp:attachment":[{"href":"https:\/\/www.audioibiza.com\/index.php\/wp-json\/wp\/v2\/media?parent=31907"}],"wp:term":[{"taxonomy":"product_cat","embeddable":true,"href":"https:\/\/www.audioibiza.com\/index.php\/wp-json\/wp\/v2\/product_cat?post=31907"},{"taxonomy":"product_tag","embeddable":true,"href":"https:\/\/www.audioibiza.com\/index.php\/wp-json\/wp\/v2\/product_tag?post=31907"}],"curies":[{"name":"wp","href":"https:\/\/api.w.org\/{rel}","templated":true}]}}