{"id":31885,"date":"2022-02-21T12:43:50","date_gmt":"2022-02-21T11:43:50","guid":{"rendered":"https:\/\/www.audioibiza.com\/?post_type=product&#038;p=31885"},"modified":"2023-02-08T10:17:49","modified_gmt":"2023-02-08T09:17:49","slug":"interface-usb-pioneer-dj-rb-dmx1","status":"publish","type":"product","link":"https:\/\/www.audioibiza.com\/index.php\/interface-usb-pioneer-dj-rb-dmx1\/","title":{"rendered":"Interface USB PIONEER DJ RB-DMX1"},"content":{"rendered":"<p><iframe title=\"rekordbox dj Lighting mode Tutorial - Getting Started\" width=\"840\" height=\"473\" src=\"https:\/\/www.youtube.com\/embed\/2jJ-F2kbmHg?feature=oembed\" frameborder=\"0\" allow=\"accelerometer; autoplay; clipboard-write; encrypted-media; gyroscope; picture-in-picture; web-share\" referrerpolicy=\"strict-origin-when-cross-origin\" allowfullscreen><\/iframe><\/p>\n<p><iframe title=\"Pioneer DJ RB-DMX1 &amp; rekordbox Lighting mode Official Introduction\" width=\"840\" height=\"473\" src=\"https:\/\/www.youtube.com\/embed\/_ks7YNG4DRs?feature=oembed\" frameborder=\"0\" allow=\"accelerometer; autoplay; clipboard-write; encrypted-media; gyroscope; picture-in-picture; web-share\" referrerpolicy=\"strict-origin-when-cross-origin\" allowfullscreen><\/iframe><\/p>\n<h1>Interface USB PIONEER DJ RB-DMX1<\/h1>\n<div class=\"info has-serie has-latest-update row\">\n<div class=\"col usp\">\n<h2>Sincroniza f\u00e1cilmente luces y m\u00fasica<\/h2>\n<p>Realiza patrones de iluminaci\u00f3n intuitivos dise\u00f1ados en rekordbox, en todos los accesorios de iluminaci\u00f3n compatibles con DMX512, utilizando nuestra interfaz <a href=\"https:\/\/www.audioibiza.com\/index.php\/interface-usb-pioneer-dj-rb-dmx1\/\">RB-DMX1<\/a>. Crea y guarda varias configuraciones en modo Lighting, despu\u00e9s utiliza este interfaz para conectar r\u00e1pidamente tu PC o Mac a accesorios DMX de una amplia variedad de fabricantes. Reconfigura f\u00e1cilmente los dise\u00f1os para adaptarlos al tama\u00f1o del lugar o al tema del evento.<\/p>\n<p>Utiliza las iluminaciones generadas autom\u00e1ticamente, creadas por un algoritmo que detecta las frases en las pistas, o personaliza los patrones a la perfecci\u00f3n seg\u00fan tus preferencias. Viene con una clave de licencia para nuestro software DJ, rekordbox, puedes sincronizar las secuencias de iluminaci\u00f3n en cuanto lo sacas de la caja.<\/p>\n<h2 class=\"h2\">Caracter\u00edsticas principales<\/h2>\n<div class=\"row features-key\">\n<div class=\"list\">\n<ul>\n<li>\n<div class=\"feature compact\">\n<div class=\"head\">\n<h3 class=\"h3\">Chasis compacto y robusto<\/h3>\n<\/div>\n<div class=\"body\">\n<p>Viaja con la RB-DMX1 con total confianza. La unidad es compacta y port\u00e1til, pero muy robusta gracias a su carcasa de aluminio con bordes extendidos que protegen los terminales.<\/p>\n<\/div>\n<\/div>\n<\/li>\n<li>\n<div class=\"feature compact\">\n<div class=\"head\">\n<h3 class=\"h3\">Modo Lighting<\/h3>\n<\/div>\n<div class=\"body\">\n<p>A\u00f1adido a rekordbox, el modo Lighting te permite sincronizar f\u00e1cilmente luces y m\u00fasica. Reduce dr\u00e1sticamente la preparaci\u00f3n previa del show con patrones generados autom\u00e1ticamente y despu\u00e9s personal\u00edzalos r\u00e1pidamente sobre la marcha escogiendo entre una amplia variedad de ajustes preestablecidos.<\/p>\n<\/div>\n<\/div>\n<\/li>\n<li>\n<div class=\"feature compact\">\n<div class=\"head\">\n<h3 class=\"h3\">Conexi\u00f3n f\u00e1cil<\/h3>\n<\/div>\n<div class=\"body\">\n<p>Con\u00e9ctate a accesorios DMX512 compatibles y contr\u00f3lalos r\u00e1pidamente, a trav\u00e9s de un solo cable USB.<\/p>\n<\/div>\n<\/div>\n<\/li>\n<li>\n<div class=\"feature compact active\">\n<div class=\"head\">\n<h3 class=\"h3\">Soporte r\u00e1pido<\/h3>\n<\/div>\n<div class=\"body\">\n<p>\u00bfNo encuentras la configuraci\u00f3n DMX que necesitas en la biblioteca de dispositivos? Simplemente publica una solicitud en nuestro <a class=\"lnk-external\" href=\"https:\/\/forums.pioneerdj.com\/hc\/es\" target=\"_blank\" rel=\"noopener\">foro<\/a> y se a\u00f1adir\u00e1 el accesorio en uno de los siguientes d\u00edas laborables.<\/p>\n<\/div>\n<\/div>\n<p>&nbsp;<\/li>\n<\/ul>\n<div class=\"folder__container js-folder js-folder--is-open\">\n<h4 class=\"folder__trigger js-folder__header js-folder__header--is-open\">General<\/h4>\n<div class=\"folder__content js-folder__content js-folder__content--is-open\">\n<table class=\"specs-table\">\n<tbody>\n<tr>\n<th class=\"specs-table__lbl\">\n<p class=\"h6\">Especificaciones<\/p>\n<\/th>\n<td class=\"specs-table__val\">\n<ul class=\"list-rotary\">\n<li><strong>Canales DMX: <\/strong> 1universe (512 canales)<\/li>\n<li><strong>Terminal de salida DMX:<\/strong> Conector XLR (3 pin) x 1<\/li>\n<\/ul>\n<\/td>\n<\/tr>\n<\/tbody>\n<\/table>\n<\/div>\n<\/div>\n<div class=\"folder__container js-folder js-folder--is-open\">\n<h4 class=\"folder__trigger js-folder__header js-folder__header--is-open\">Funciones principales<\/h4>\n<div class=\"folder__content js-folder__content js-folder__content--is-open\">\n<table class=\"specs-table\">\n<tbody>\n<tr>\n<th class=\"specs-table__lbl\">\n<p class=\"h6\">Contenido de la caja<\/p>\n<\/th>\n<td class=\"specs-table__val\">\n<ul class=\"list-rotary\">\n<li><strong>Canales DMX: <\/strong> 1universe (512 canales)<\/li>\n<li><strong>Terminal de salida DMX:<\/strong> Conector XLR (3 pin) x 1<\/li>\n<\/ul>\n<\/td>\n<\/tr>\n<\/tbody>\n<\/table>\n<\/div>\n<\/div>\n<div class=\"folder__container js-folder js-folder--is-open\">\n<h4 class=\"folder__trigger js-folder__header js-folder__header--is-open\">Especificaciones<\/h4>\n<div class=\"folder__content js-folder__content js-folder__content--is-open\">\n<table class=\"specs-table\">\n<tbody>\n<tr>\n<th class=\"specs-table__lbl\">\n<p class=\"h6\">Ancho<\/p>\n<\/th>\n<td class=\"specs-table__val\">90 mm<\/td>\n<\/tr>\n<tr>\n<th class=\"specs-table__lbl\">\n<p class=\"h6\">Alto<\/p>\n<\/th>\n<td class=\"specs-table__val\">90 mm<\/td>\n<\/tr>\n<tr>\n<th class=\"specs-table__lbl\">\n<p class=\"h6\">Profundo<\/p>\n<\/th>\n<td class=\"specs-table__val\">41,5 mm<\/td>\n<\/tr>\n<tr>\n<th class=\"specs-table__lbl\">\n<p class=\"h6\">Peso<\/p>\n<\/th>\n<td class=\"specs-table__val\">0,3 kg<\/td>\n<\/tr>\n<tr>\n<th class=\"specs-table__lbl\">\n<p class=\"h6\">Corriente<\/p>\n<\/th>\n<td class=\"specs-table__val\">Adaptador de corriente (DC 5 V)<\/td>\n<\/tr>\n<\/tbody>\n<\/table>\n<\/div>\n<\/div>\n<div class=\"folder__container js-folder js-folder--is-open\">\n<h4 class=\"folder__trigger js-folder__header js-folder__header--is-open\">Terminales<\/h4>\n<div class=\"folder__content js-folder__content js-folder__content--is-open\">\n<table class=\"specs-table\">\n<tbody>\n<tr>\n<th class=\"specs-table__lbl\">\n<p class=\"h6\">USB<\/p>\n<\/th>\n<td class=\"specs-table__val\">1 puerto USB B<\/td>\n<\/tr>\n<\/tbody>\n<\/table>\n<\/div>\n<\/div>\n<\/div>\n<\/div>\n<\/div>\n<\/div>\n<p>&nbsp;<\/p>\n<p>Para m\u00e1s informaci\u00f3n del producto:<\/p>\n<p><a href=\"https:\/\/www.pioneerdj.com\/es-es\/product\/software\/rb-dmx1\/dmx-interface\/overview\/\" target=\"_blank\" rel=\"noopener\">https:\/\/www.pioneerdj.com\/es-es\/product\/software\/rb-dmx1\/dmx-interface\/overview\/<\/a><\/p>\n","protected":false},"excerpt":{"rendered":"<h4><strong>INTERFACE USB PIONEER DJ RB-DMX1<\/strong><\/h4>\n<table class=\"NormalTable\" style=\"height: 53px;\" width=\"721\">\n<tbody>\n<tr>\n<td width=\"380\">\n<ul>\n<li><span class=\"fontstyle0\">Interfaz de iluminaci\u00f3n para accesorios compatibles con DMX512<\/span><\/li>\n<li><span class=\"fontstyle2\">Modo Lighting<\/span><\/li>\n<li><span class=\"fontstyle2\">Chasis compacto y robusto<\/span><\/li>\n<li><span class=\"fontstyle2\">Conexi\u00f3n f\u00e1cil USB<\/span><\/li>\n<\/ul>\n<\/td>\n<\/tr>\n<\/tbody>\n<\/table>\n<p>&nbsp;<\/p>\n<p>&nbsp;<\/p>\n","protected":false},"featured_media":31887,"template":"","meta":[],"product_cat":[665,724,727],"product_tag":[],"class_list":{"0":"post-31885","1":"product","2":"type-product","3":"status-publish","4":"has-post-thumbnail","6":"product_brand-pioneer-dj","7":"product_cat-dj","8":"product_cat-dj-digital","9":"product_cat-interface-usb","11":"first","12":"outofstock","13":"taxable","14":"shipping-taxable","15":"purchasable","16":"product-type-simple","17":"col-xs-6 col-sm-4","18":"col-md-3 col-lg-3","19":"un-4-cols"},"_links":{"self":[{"href":"https:\/\/www.audioibiza.com\/index.php\/wp-json\/wp\/v2\/product\/31885","targetHints":{"allow":["GET"]}}],"collection":[{"href":"https:\/\/www.audioibiza.com\/index.php\/wp-json\/wp\/v2\/product"}],"about":[{"href":"https:\/\/www.audioibiza.com\/index.php\/wp-json\/wp\/v2\/types\/product"}],"wp:featuredmedia":[{"embeddable":true,"href":"https:\/\/www.audioibiza.com\/index.php\/wp-json\/wp\/v2\/media\/31887"}],"wp:attachment":[{"href":"https:\/\/www.audioibiza.com\/index.php\/wp-json\/wp\/v2\/media?parent=31885"}],"wp:term":[{"taxonomy":"product_cat","embeddable":true,"href":"https:\/\/www.audioibiza.com\/index.php\/wp-json\/wp\/v2\/product_cat?post=31885"},{"taxonomy":"product_tag","embeddable":true,"href":"https:\/\/www.audioibiza.com\/index.php\/wp-json\/wp\/v2\/product_tag?post=31885"}],"curies":[{"name":"wp","href":"https:\/\/api.w.org\/{rel}","templated":true}]}}