{"id":30736,"date":"2021-12-24T09:31:30","date_gmt":"2021-12-24T08:31:30","guid":{"rendered":"https:\/\/www.audioibiza.com\/?post_type=product&#038;p=30736"},"modified":"2025-10-09T11:47:26","modified_gmt":"2025-10-09T09:47:26","slug":"auriculares-pioneer-dj-hdj-cue1bt-k","status":"publish","type":"product","link":"https:\/\/www.audioibiza.com\/index.php\/auriculares-pioneer-dj-hdj-cue1bt-k\/","title":{"rendered":"Auriculares PIONEER DJ HDJ-CUE1BT-K bluetooth (negro)"},"content":{"rendered":"<p><iframe title=\"MY STYLE MY CUE \u2013 Pioneer DJ Official Introduction: HDJ-CUE1 DJ Headphones\" width=\"840\" height=\"473\" src=\"https:\/\/www.youtube.com\/embed\/1syPUcNyZ5w?feature=oembed\" frameborder=\"0\" allow=\"accelerometer; autoplay; clipboard-write; encrypted-media; gyroscope; picture-in-picture; web-share\" referrerpolicy=\"strict-origin-when-cross-origin\" allowfullscreen><\/iframe><\/p>\n<h1>Auriculares PIONEER DJ HDJ-CUE1BT-K Bluetooth<\/h1>\n<p>Comienza tu viaje como DJ con los auriculares <a href=\"https:\/\/www.audioibiza.com\/index.php\/auriculares-dj-pioneer-dj-hdj-cue1bt-k\/\">HDJ-CUE1<\/a>. Estos auriculares para DJ con estilo se basan en el ADN de nuestros modelos profesionales, pero est\u00e1n disponibles a un precio mucho m\u00e1s bajo.<\/p>\n<p>Si bien estos auriculares de nivel de entrada son nuestro par m\u00e1s asequible hasta ahora, coinciden con muchas de las funciones y los puntos de referencia de calidad establecidos en nuestra gama de auriculares profesionales.<\/p>\n<p>Elige el <a href=\"https:\/\/www.pioneerdj.com\/es-es\/product\/headphones\/hdj-cue1\/black\/overview\/\" target=\"_blank\" rel=\"noopener\">HDJ-CUE1<\/a> para tener una apariencia profesional, un sonido rico, un dise\u00f1o compacto y flexible y un acabado de alta calidad. Disfruta de la afinaci\u00f3n de sonido especializada heredada del <a href=\"https:\/\/www.pioneerdj.com\/es-es\/product\/headphones\/hdj-x5\/black\/overview\/\" target=\"_blank\" rel=\"noopener\">HDJ-X5<\/a> de nivel profesional.<\/p>\n<p>Elige el <a href=\"https:\/\/www.pioneerdj.com\/es-es\/product\/headphones\/hdj-cue1\/black\/overview\/\" target=\"_blank\" rel=\"noopener\">HDJ-CUE1<\/a> para tener una apariencia profesional, un sonido rico, un dise\u00f1o compacto y flexible y un acabado de alta calidad. Disfruta de la afinaci\u00f3n de sonido especializada heredada del <a href=\"https:\/\/www.pioneerdj.com\/es-es\/product\/headphones\/hdj-x5\/black\/overview\/\" target=\"_blank\" rel=\"noopener\">HDJ-X5<\/a> de nivel profesional.<\/p>\n<p>Escucha perfectamente las frecuencias bajas en el bajo y el bombo para que puedas mezclar con precisi\u00f3n y saber exactamente lo que escuchar\u00e1n tus amigos cuando dejes caer la siguiente pista.<\/p>\n<p>Elige tu favorito entre una variedad de colores para que coincida con tu estilo individual y escucha m\u00fasica mientras viaja gracias a la tecnolog\u00eda Bluetooth incorporada. Tambi\u00e9n puedes optar por una versi\u00f3n con cable de los auriculares si lo prefieres.<\/p>\n<div class=\"list\">\n<div class=\"feature compact\">\n<div class=\"head\">\n<h2 class=\"h3\">Sonido de alta calidad <strong>PIONEER DJ HDJ-CUE1BT-K<\/strong><\/h2>\n<\/div>\n<div class=\"body\">\n<p>Escucha toda la riqueza de tu m\u00fasica cuando pinches o simplemente escuches tu canci\u00f3n favorita. Los drivers din\u00e1micos te permiten sentir los graves y escuchar medios y agudos con una claridad cristalina, lo que te ayuda a mezclar con precisi\u00f3n.<\/p>\n<\/div>\n<\/div>\n<div class=\"feature compact\">\n<div class=\"head\">\n<h2 class=\"h3\">Construido para durar<\/h2>\n<\/div>\n<div class=\"body\">\n<p>Cada modelo HDJ-CUE1 puede soportar el alto estr\u00e9s sobre los auriculares que supone pinchar. Todas las partes m\u00f3viles han pasado nuestras estrictas pruebas de durabilidad internas y las bandas de metal extrafuertes en la diadema brindan mayor fiabilidad.<\/p>\n<\/div>\n<\/div>\n<div class=\"feature compact\">\n<div class=\"head\">\n<h2 class=\"h3\">Tecnolog\u00eda inal\u00e1mbrica Bluetooth\u00ae<\/h2>\n<\/div>\n<div class=\"body\">\n<p>Bluetooth\u00ae te da la libertad de escuchar m\u00fasica de forma inal\u00e1mbrica. El micr\u00f3fono incorporado te permite atender llamadas telef\u00f3nicas y, cuando desees comenzar a pinchar, simplemente puedes conectar el cable incluido para enfocarte en tu mezcla.<\/p>\n<\/div>\n<\/div>\n<div class=\"feature compact\">\n<div class=\"head\">\n<h2 class=\"h3\">C\u00f3modo dise\u00f1o de estilo profesional<\/h2>\n<\/div>\n<div class=\"body\">\n<p>Con auriculares que giran 90 grados completos y una diadema flexible y acolchada, puedes controlar c\u00f3modamente tu mezcla a tu manera. Escucha con un o\u00eddo mientras la otra carcasa descansa en la parte posterior de tu cabeza o mientras tus auriculares est\u00e1n colgados alrededor de tu cuello.<\/p>\n<\/div>\n<\/div>\n<div class=\"feature compact active\">\n<div class=\"head\">\n<h2 class=\"h3\">Apariencia personalizable<\/h2>\n<\/div>\n<div class=\"body\">\n<p>Personaliza tu apariencia y expr\u00e9sate cambiando el cable y las almohadillas por uno de los 5 colores reemplazables. Nuestro pack de accesorios <a href=\"https:\/\/www.pioneerdj.com\/es-es\/product\/accessories\/hc-cp08\/orange\/overview\/\" target=\"_blank\" rel=\"noopener\">HC-CP08<\/a>, que se vende por separado, est\u00e1 disponible en naranja, amarillo, verde, azul y rosado.<\/p>\n<ul>\n<li>\n<h3>Compacto y port\u00e1til<\/h3>\n<\/li>\n<\/ul>\n<\/div>\n<\/div>\n<p>El dise\u00f1o ligero y plegable significa que puedes llevar f\u00e1cilmente tus auriculares a donde quiera que vayas.<\/p>\n<ul>\n<li>\n<h3>Cables extra\u00edbles<\/h3>\n<\/li>\n<\/ul>\n<div class=\"body\">\n<p>Se incluye un cable corto extra\u00edble de 1,2 m en espiral, que te da la libertad de moverte mientras act\u00faas, y su conector de bayoneta evita desconexiones accidentales.<\/p>\n<\/div>\n<div class=\"folder__container js-folder js-folder--is-open\">\n<h4 class=\"folder__trigger js-folder__header js-folder__header--is-open\">Funciones principales<\/h4>\n<div class=\"folder__content js-folder__content js-folder__content--is-open\">\n<table class=\"specs-table\">\n<tbody>\n<tr>\n<th class=\"specs-table__lbl\">\n<p class=\"h6\">Tipo<\/p>\n<\/th>\n<td class=\"specs-table__val\">Cerrados, din\u00e1micos<\/td>\n<\/tr>\n<tr>\n<th class=\"specs-table__lbl\">\n<p class=\"h6\">Drivers<\/p>\n<\/th>\n<td class=\"specs-table__val\">Tipo c\u00fapula de 40 mm<\/td>\n<\/tr>\n<tr>\n<th class=\"specs-table__lbl\">\n<p class=\"h6\">Cable<\/p>\n<\/th>\n<td class=\"specs-table__val\">Cable en espiral de 1,2 m (1,8 m estirado)<\/td>\n<\/tr>\n<tr>\n<th class=\"specs-table__lbl\">\n<p class=\"h6\">Contenido de la caja<\/p>\n<\/th>\n<td class=\"specs-table__val\">Cable de 1,2 m en espiral (longitud extendido 1,8 m)<br \/>\nCable de carga USB<br \/>\nPrecauciones de seguridad<br \/>\nManual de instrucciones (Gu\u00eda de inicio r\u00e1pido)<\/td>\n<\/tr>\n<\/tbody>\n<\/table>\n<\/div>\n<\/div>\n<div class=\"folder__container js-folder js-folder--is-open\">\n<h4 class=\"folder__trigger js-folder__header js-folder__header--is-open\">Especificaciones<\/h4>\n<div class=\"folder__content js-folder__content js-folder__content--is-open\">\n<table class=\"specs-table\">\n<tbody>\n<tr>\n<th class=\"specs-table__lbl\">\n<p class=\"h6\">Peso (sin cable)<\/p>\n<\/th>\n<td class=\"specs-table__val\">250 g<\/td>\n<\/tr>\n<tr>\n<th class=\"specs-table__lbl\">\n<p class=\"h6\">Potencia m\u00e1xima<\/p>\n<\/th>\n<td class=\"specs-table__val\">2000 mW<\/td>\n<\/tr>\n<tr>\n<th class=\"specs-table__lbl\">\n<p class=\"h6\">Sensibilidad<\/p>\n<\/th>\n<td class=\"specs-table__val\">104 dB<\/td>\n<\/tr>\n<tr>\n<th class=\"specs-table__lbl\">\n<p class=\"h6\">Rango de frecuencia<\/p>\n<\/th>\n<td class=\"specs-table__val\">5 \u2013 30000 Hz<\/td>\n<\/tr>\n<tr>\n<th class=\"specs-table__lbl\">\n<p class=\"h6\">Impedancia<\/p>\n<\/th>\n<td class=\"specs-table__val\">32 \u03a9<\/td>\n<\/tr>\n<\/tbody>\n<\/table>\n<\/div>\n<\/div>\n<div class=\"folder__container js-folder js-folder--is-open\">\n<h4 class=\"folder__trigger js-folder__header js-folder__header--is-open\">Bluetooth<\/h4>\n<div class=\"folder__content js-folder__content js-folder__content--is-open\">\n<table class=\"specs-table\">\n<tbody>\n<tr>\n<th class=\"specs-table__lbl\">\n<p class=\"h6\">Salida<\/p>\n<\/th>\n<td class=\"specs-table__val\">Especificaciones Bluetooth\u00ae Class 2<\/td>\n<\/tr>\n<tr>\n<th class=\"specs-table__lbl\">\n<p class=\"h6\">C\u00f3decs compatibles<\/p>\n<\/th>\n<td class=\"specs-table__val\">SBC, AAC<\/td>\n<\/tr>\n<tr>\n<th class=\"specs-table__lbl\">\n<p class=\"h6\">Versi\u00f3n<\/p>\n<\/th>\n<td class=\"specs-table__val\">Bluetooth est\u00e1ndar versi\u00f3n 5.0<\/td>\n<\/tr>\n<\/tbody>\n<\/table>\n<\/div>\n<\/div>\n<\/div>\n<p>\u00a0<\/p>\n<p>Para m\u00e1s informaci\u00f3n del producto:<\/p>\n<p><a href=\"https:\/\/www.pioneerdj.com\/es-es\/product\/headphones\/hdj-cue1bt\/black\/overview\/\" target=\"_blank\" rel=\"noopener\">https:\/\/www.pioneerdj.com\/es-es\/product\/headphones\/hdj-cue1bt\/black\/overview\/<\/a><\/p>\n<p>\u00a0<\/p>\n","protected":false},"excerpt":{"rendered":"<p><strong>AURICULARES PIONEER DJ HDJ-CUE1BT-K BLUETOOTH<br \/>\n<\/strong><\/p>\n<table class=\"NormalTable\" style=\"height: 108px;\" width=\"693\">\n<tbody>\n<tr>\n<td width=\"380\">\n<ul>\n<li><span class=\"fontstyle0\">Tecnolog\u00eda inal\u00e1mbrica Bluetooth\u00ae y sonido de alta calidad<br \/>\n<\/span><\/li>\n<li><span class=\"fontstyle0\">Construido para durar<br \/>\n<\/span><\/li>\n<li><span class=\"fontstyle0\">C\u00f3modo dise\u00f1o de estilo profesional<br \/>\n<\/span><\/li>\n<li><span class=\"fontstyle0\">Apariencia personalizable: cable y las almohadillas en 5 colores reemplazables.<br \/>\n<\/span><\/li>\n<li><span class=\"fontstyle0\">Compacto y port\u00e1til. Cables extra\u00edbles<\/span><\/li>\n<\/ul>\n<\/td>\n<\/tr>\n<\/tbody>\n<\/table>\n<p>&nbsp;<\/p>\n","protected":false},"featured_media":30737,"template":"","meta":[],"product_cat":[700,737,1047,738,665,1036],"product_tag":[],"class_list":{"0":"post-30736","1":"product","2":"type-product","3":"status-publish","4":"has-post-thumbnail","6":"product_brand-pioneer-dj","7":"product_cat-audio-video-hifi","8":"product_cat-auriculares","9":"product_cat-auriculares-bluetooth","10":"product_cat-auriculares-dj","11":"product_cat-dj","12":"product_cat-sistemas-inalambricos","13":"product_shipping_class-pequeno-y-barato-10","15":"first","16":"outofstock","17":"taxable","18":"shipping-taxable","19":"purchasable","20":"product-type-simple","21":"col-xs-6 col-sm-4","22":"col-md-3 col-lg-3","23":"un-4-cols"},"_links":{"self":[{"href":"https:\/\/www.audioibiza.com\/index.php\/wp-json\/wp\/v2\/product\/30736","targetHints":{"allow":["GET"]}}],"collection":[{"href":"https:\/\/www.audioibiza.com\/index.php\/wp-json\/wp\/v2\/product"}],"about":[{"href":"https:\/\/www.audioibiza.com\/index.php\/wp-json\/wp\/v2\/types\/product"}],"wp:featuredmedia":[{"embeddable":true,"href":"https:\/\/www.audioibiza.com\/index.php\/wp-json\/wp\/v2\/media\/30737"}],"wp:attachment":[{"href":"https:\/\/www.audioibiza.com\/index.php\/wp-json\/wp\/v2\/media?parent=30736"}],"wp:term":[{"taxonomy":"product_cat","embeddable":true,"href":"https:\/\/www.audioibiza.com\/index.php\/wp-json\/wp\/v2\/product_cat?post=30736"},{"taxonomy":"product_tag","embeddable":true,"href":"https:\/\/www.audioibiza.com\/index.php\/wp-json\/wp\/v2\/product_tag?post=30736"}],"curies":[{"name":"wp","href":"https:\/\/api.w.org\/{rel}","templated":true}]}}