{"id":30650,"date":"2021-12-22T09:55:36","date_gmt":"2021-12-22T08:55:36","guid":{"rendered":"https:\/\/www.audioibiza.com\/?post_type=product&#038;p=30650"},"modified":"2026-01-16T11:06:34","modified_gmt":"2026-01-16T10:06:34","slug":"mesa-de-mezclas-pioneer-dj-djm-s11","status":"publish","type":"product","link":"https:\/\/www.audioibiza.com\/index.php\/mesa-de-mezclas-pioneer-dj-djm-s11\/","title":{"rendered":"Mesa de mezclas PIONEER DJ DJM-S11"},"content":{"rendered":"<p><iframe title=\"Turn it up to 11 \u2013 Pioneer DJ Official Introduction: DJM-S11 professional 2-channel DJ mixer\" width=\"840\" height=\"473\" src=\"https:\/\/www.youtube.com\/embed\/05QRp7spBXU?feature=oembed\" frameborder=\"0\" allow=\"accelerometer; autoplay; clipboard-write; encrypted-media; gyroscope; picture-in-picture; web-share\" referrerpolicy=\"strict-origin-when-cross-origin\" allowfullscreen><\/iframe><\/p>\n<h1>Mesa de mezclas PIONEER DJ DJM-S11<\/h1>\n<p>Mejora tu actuaci\u00f3n con la <a href=\"https:\/\/www.audioibiza.com\/index.php\/mesa-de-mezclas-pioneer-dj-djm-s11\/\">DJM-S11<\/a>. Esta nueva mesa de mezclas profesional de 2 canales con control para 4 decks, mejora varios elementos de su predecesora, la DJM-S9, y ofrece una serie de caracter\u00edsticas completamente nuevas para ayudarte a actuar con mayor libertad con Serato DJ Pro o rekordbox.<\/p>\n<h2 class=\"col-two__heading heading heading--5 field-promotext\">Pantalla t\u00e1ctil personalizable<\/h2>\n<div class=\"col-two__item__description field-promotext2\">\n<p>Una pantalla t\u00e1ctil personalizable de 4,3 pulgadas ofrece toda la informaci\u00f3n que necesitas. Explora pistas, comprueba formas de onda y cambia din\u00e1micamente la textura de la m\u00fasica con TOUCH FX. Con Touch MIDI puedes controlar directamente funciones en tu software DJ sin tocar tu ordenador port\u00e1til.<\/p>\n<h2 class=\"col-two__heading heading heading--5 field-promotext\">Secci\u00f3n de efectos ampliada<\/h2>\n<div class=\"col-two__item__description field-promotext2\">Dale vida a tus sets con 22 Beat FX, incluidos los nuevos Fader Pitch y Helix. Smooth Echo es un nuevo efecto que puedes activar autom\u00e1ticamente al mover los faders o golpear los pads que has asignado como disparadores.<\/div>\n<\/div>\n<div>\n<h2 class=\"col-two__heading heading heading--5 field-promotext\">Performance Pads mejorados<\/h2>\n<div class=\"col-two__item__description field-promotext2\">Los 8 Performance Pads son m\u00e1s grandes, lo que los hace m\u00e1s f\u00e1ciles de golpear en batallas en\u00e9rgicas. En Serato DJ Pro, usa el modo Combo Pad para combinar hasta 4 modos de pad diferentes a la vez, y utiliza Scratch Bank para recuperar samples de scratch asignados con solo tocar un pad.<\/div>\n<\/div>\n<div>\n<h2 class=\"col-two__heading heading heading--5 field-promotext\">MAGVEL FADER PRO mejorado<\/h2>\n<div class=\"col-two__item__description field-promotext2\">Hemos mejorado la sensaci\u00f3n del MAGVEL FADER PRO y hemos aumentado su rigidez vertical en un 30 por ciento. Esto significa que puedes scratchear con m\u00e1s confianza, mientras que el revestimiento m\u00e1s resistente alrededor del \u00e1rea del crossfader reduce el desgaste.<\/div>\n<\/div>\n<div>\n<h2 class=\"col-two__heading heading heading--5 field-promotext\">Calidad de sonido cristalina<\/h2>\n<div class=\"col-two__item__description field-promotext2\">La DJM-S11 hereda el sonido puro y de alta calidad de la DJM-900NXS2 gracias al procesamiento de mezcla y difuminado de 64 bits con calidad de estudio del DSP, un circuito de reloj de baja fluctuaci\u00f3n y un convertidor D\/A de alta calidad de 32 bits en la secci\u00f3n de salida Master.<\/div>\n<\/div>\n<div><\/div>\n<div>\n<div class=\"component content usp-small__item\">\n<div id=\"Feature1\" class=\"component-content\">\n<div class=\"usp-snippet usp-snippet--C\">\n<div class=\"usp-snippet__content\">\n<ul>\n<li class=\"usp-snippet__title heading heading--7 field-promotext\">\n<h3><strong>Hub USB integrado<\/strong><\/h3>\n<\/li>\n<\/ul>\n<p class=\"usp-snippet__text p--2 field-promotext2\">Conecta tus controladores DJ y otros dispositivos, incluso unidades seleccionadas de otras marcas, en los puertos duales USB-A para reproducir con ellos.<\/p>\n<\/div>\n<\/div>\n<\/div>\n<\/div>\n<div class=\"component content usp-small__item\">\n<div id=\"Feature2\" class=\"component-content\">\n<div class=\"usp-snippet usp-snippet--C\">\n<div class=\"usp-snippet__visual\"><picture class=\"visual\"><source srcset=\"https:\/\/www.pioneerdj.com\/-\/media\/pioneerdj\/images\/features\/mixer\/djm-s11\/small-usb-type-b2.jpg\" media=\"(max-width: 749px)\" \/><source srcset=\"https:\/\/www.pioneerdj.com\/-\/media\/pioneerdj\/images\/features\/mixer\/djm-s11\/small-usb-type-b2.jpg\" media=\"(min-width: 750px)\" \/><\/picture><\/div>\n<div class=\"usp-snippet__content\">\n<ul>\n<li class=\"usp-snippet__title heading heading--7 field-promotext\">\n<h3><strong>Controlador MIDI<\/strong><\/h3>\n<\/li>\n<\/ul>\n<p class=\"usp-snippet__text p--2 field-promotext2\">Este dispositivo es MIDI totalmente asignable por USB. Env\u00eda informaci\u00f3n de control a dispositivos externos y utiliza la mesa de mezclas como controlador MIDI.<\/p>\n<\/div>\n<\/div>\n<\/div>\n<\/div>\n<div class=\"component content usp-small__item\">\n<div id=\"Feature3\" class=\"component-content\">\n<div class=\"usp-snippet usp-snippet--C\">\n<div class=\"usp-snippet__visual\"><picture class=\"visual\"><source srcset=\"https:\/\/www.pioneerdj.com\/-\/media\/pioneerdj\/images\/features\/mixer\/djm-s11\/small-serato-dj-icon.jpg\" media=\"(max-width: 749px)\" \/><source srcset=\"https:\/\/www.pioneerdj.com\/-\/media\/pioneerdj\/images\/features\/mixer\/djm-s11\/small-serato-dj-icon.jpg\" media=\"(min-width: 750px)\" \/><\/picture><\/div>\n<div class=\"usp-snippet__content\">\n<ul>\n<li class=\"usp-snippet__title heading heading--7 field-promotext\">\n<h3><strong>Serato DJ Pro<\/strong><\/h3>\n<\/li>\n<\/ul>\n<p class=\"usp-snippet__text p--2 field-promotext2\">Conecta tu PC\/Mac para usar <a href=\"https:\/\/serato.com\/dj\" target=\"_blank\" rel=\"noopener noreferrer\">Serato DJ Pro<\/a>. Usa botones dedicados para FX y funciones avanzadas de Serato como Beat Jump, modo Slip y Quantize.<\/p>\n<\/div>\n<\/div>\n<\/div>\n<\/div>\n<div class=\"component content usp-small__item\">\n<div id=\"Feature4\" class=\"component-content\">\n<div class=\"usp-snippet usp-snippet--C\">\n<div class=\"usp-snippet__visual\"><picture class=\"visual\"><source srcset=\"https:\/\/www.pioneerdj.com\/-\/media\/pioneerdj\/images\/features\/mixer\/djm-s11\/small-serato-dvs-icon.jpg\" media=\"(max-width: 749px)\" \/><source srcset=\"https:\/\/www.pioneerdj.com\/-\/media\/pioneerdj\/images\/features\/mixer\/djm-s11\/small-serato-dvs-icon.jpg\" media=\"(min-width: 750px)\" \/><\/picture><\/div>\n<div class=\"usp-snippet__content\">\n<ul>\n<li class=\"usp-snippet__title heading heading--7 field-promotext\">\n<h3><strong>Serato DVS<\/strong><\/h3>\n<\/li>\n<\/ul>\n<p class=\"usp-snippet__text p--2 field-promotext2\">Utiliza <a href=\"https:\/\/serato.com\/dj\/pro\/expansions\/dvs?dvs=dvs-ready\" target=\"_blank\" rel=\"noopener noreferrer\">Serato DVS<\/a> para controlar y hacer scratch con CDJ o giradiscos.<\/p>\n<\/div>\n<\/div>\n<\/div>\n<\/div>\n<div class=\"component content usp-small__item\">\n<div id=\"Feature5\" class=\"component-content\">\n<div class=\"usp-snippet usp-snippet--C\">\n<div class=\"usp-snippet__visual\"><picture class=\"visual\"><source srcset=\"https:\/\/www.pioneerdj.com\/-\/media\/pioneerdj\/images\/features\/mixer\/djm-s11\/small-serato-pnt-dj-icon.jpg\" media=\"(max-width: 749px)\" \/><source srcset=\"https:\/\/www.pioneerdj.com\/-\/media\/pioneerdj\/images\/features\/mixer\/djm-s11\/small-serato-pnt-dj-icon.jpg\" media=\"(min-width: 750px)\" \/><\/picture><\/div>\n<div class=\"usp-snippet__content\">\n<ul>\n<li class=\"usp-snippet__title heading heading--7 field-promotext\">\n<h3><strong>Pitch &#8216;n Time DJ<\/strong><\/h3>\n<\/li>\n<\/ul>\n<p class=\"usp-snippet__text p--2 field-promotext2\">Se incluye el Pack de expansi\u00f3n Serato Pitch &#8216;n Time DJ. Utiliza Pitch Play, Key Shift y m\u00e1s funciones. La mesa de mezclas tambi\u00e9n es MIDI totalmente mapeable.<\/p>\n<\/div>\n<\/div>\n<\/div>\n<\/div>\n<div class=\"component content usp-small__item\">\n<div id=\"Feature6\" class=\"component-content\">\n<div class=\"usp-snippet usp-snippet--C\">\n<div class=\"usp-snippet__visual\"><picture class=\"visual\"><source srcset=\"https:\/\/www.pioneerdj.com\/-\/media\/pioneerdj\/images\/features\/mixer\/djm-s11\/small-rekordbox-dvs-icon-2.jpg\" media=\"(max-width: 749px)\" \/><source srcset=\"https:\/\/www.pioneerdj.com\/-\/media\/pioneerdj\/images\/features\/mixer\/djm-s11\/small-rekordbox-dvs-icon-2.jpg\" media=\"(min-width: 750px)\" \/><\/picture><\/div>\n<div class=\"usp-snippet__content\">\n<ul>\n<li class=\"usp-snippet__title heading heading--7 field-promotext\">\n<h3><strong>Rekordbox<\/strong><\/h3>\n<\/li>\n<\/ul>\n<p class=\"usp-snippet__text p--2 field-promotext2\">Conecta tu PC\/Mac para desbloquear el modo Performance de rekordbox gratis y utiliza el modo DVS con el vinilo de control dedicado (disponible por separado).<\/p>\n<p>&nbsp;<\/p>\n<div class=\"folder__container js-folder js-folder--is-open\">\n<h3 class=\"folder__trigger js-folder__header js-folder__header--is-open\">Funciones principales<i class=\"ico\"><\/i><\/h3>\n<div class=\"folder__content js-folder__content js-folder__content--is-open\">\n<table class=\"specs-table\">\n<tbody>\n<tr>\n<th class=\"specs-table__lbl\">\n<p class=\"h6\"><strong>Control MIDI<\/strong><\/p>\n<\/th>\n<td class=\"specs-table__val\">Control MIDI totalmente asignable<\/td>\n<\/tr>\n<tr>\n<th class=\"specs-table__lbl\">\n<p class=\"h6\"><strong>Auto Standby<\/strong><\/p>\n<\/th>\n<td class=\"specs-table__val\"><i class=\"ico icon-check\"><span class=\"sr-only\">S\u00ed<\/span><\/i><\/td>\n<\/tr>\n<tr>\n<th class=\"specs-table__lbl\">\n<p class=\"h6\"><strong>Software compatible<\/strong><\/p>\n<\/th>\n<td class=\"specs-table__val\">\n<ul class=\"list-rotary\">\n<li>Desbloquea Serato DJ Pro<\/li>\n<li>rekordbox<\/li>\n<\/ul>\n<\/td>\n<\/tr>\n<tr>\n<th class=\"specs-table__lbl\">\n<p class=\"h6\"><strong>Control Scratch<\/strong><\/p>\n<\/th>\n<td class=\"specs-table__val\">\n<ul>\n<li>Desbloquea Serato DVS<\/li>\n<li>rekordbox<\/li>\n<\/ul>\n<\/td>\n<\/tr>\n<tr>\n<th class=\"specs-table__lbl\">\n<p class=\"h6\"><strong>Requerimientos del Software<\/strong><\/p>\n<\/th>\n<td class=\"specs-table__val\">Visite <a href=\"https:\/\/serato.com\/dj\/pro\/downloads#min-specs\" target=\"_blank\" rel=\"noopener noreferrer\">serato.com<\/a> para conocer sus especificaciones.<br \/>\nVisite <a href=\"https:\/\/rekordbox.com\/download\/\" target=\"_blank\" rel=\"noopener noreferrer\">rekordbox.com<\/a> para conocer sus especificaciones.<\/td>\n<\/tr>\n<tr>\n<th class=\"specs-table__lbl\">\n<p class=\"h6\"><strong>Contenido de la caja<\/strong><\/p>\n<\/th>\n<td class=\"specs-table__val\">\n<ul class=\"list-rotary\">\n<li>DJM-S11<\/li>\n<li>Cable de alimentaci\u00f3n<\/li>\n<li>Cable USB<\/li>\n<li>Fader bumper A \u00d7 4<\/li>\n<li>Fader bumper B \u00d7 2<\/li>\n<li>Garant\u00eda (para algunas regiones)<\/li>\n<li>Gu\u00eda de inicio r\u00e1pido<\/li>\n<li>Precauciones de uso<\/li>\n<li>Cup\u00f3n Serato DJ Pro Expansion Pack (Pitch &#8216;n Time DJ)<\/li>\n<\/ul>\n<\/td>\n<\/tr>\n<\/tbody>\n<\/table>\n<\/div>\n<\/div>\n<div class=\"folder__container js-folder js-folder--is-open\">\n<h3 class=\"folder__trigger js-folder__header js-folder__header--is-open\">Especificaciones<i class=\"ico\"><\/i><\/h3>\n<div class=\"folder__content js-folder__content js-folder__content--is-open\">\n<table class=\"specs-table\">\n<tbody>\n<tr>\n<th class=\"specs-table__lbl\">\n<p class=\"h6\"><strong>Ancho<\/strong><\/p>\n<\/th>\n<td class=\"specs-table__val\">267 mm<\/td>\n<\/tr>\n<tr>\n<th class=\"specs-table__lbl\">\n<p class=\"h6\"><strong>Alto<\/strong><\/p>\n<\/th>\n<td class=\"specs-table__val\">107,9 mm<\/td>\n<\/tr>\n<tr>\n<th class=\"specs-table__lbl\">\n<p class=\"h6\"><strong>Profundo<\/strong><\/p>\n<\/th>\n<td class=\"specs-table__val\">452,2 mm<\/td>\n<\/tr>\n<tr>\n<th class=\"specs-table__lbl\">\n<p class=\"h6\"><strong>Peso<\/strong><\/p>\n<\/th>\n<td class=\"specs-table__val\">5,2 kg<\/td>\n<\/tr>\n<tr>\n<th class=\"specs-table__lbl\">\n<p class=\"h6\"><strong>Consumo<\/strong><\/p>\n<\/th>\n<td class=\"specs-table__val\">34W<\/td>\n<\/tr>\n<tr>\n<th class=\"specs-table__lbl\">\n<p class=\"h6\">Rango de frecuencia<\/p>\n<\/th>\n<td class=\"specs-table__val\">20 &#8211; 20000 Hz<\/td>\n<\/tr>\n<tr>\n<th class=\"specs-table__lbl\">\n<p class=\"h6\"><strong>Corriente<\/strong><\/p>\n<\/th>\n<td class=\"specs-table__val\">AC 100-240 V, 50 Hz \/ 60Hz<\/td>\n<\/tr>\n<tr>\n<th class=\"specs-table__lbl\">\n<p class=\"h6\"><strong>Relaci\u00f3n Se\u00f1al\/Ruido USB<\/strong><\/p>\n<\/th>\n<td class=\"specs-table__val\">115 dB (USB)<br \/>\n105 dB (LINE)<br \/>\n90 dB (PHONO)<br \/>\n80 dB (MIC)<br \/>\n90 dB (AUX)<\/td>\n<\/tr>\n<tr>\n<th class=\"specs-table__lbl\">\n<p class=\"h6\">Distorsi\u00f3n<\/p>\n<\/th>\n<td class=\"specs-table__val\">0.003% (USB)<br \/>\n0.005% (LINE)<\/td>\n<\/tr>\n<\/tbody>\n<\/table>\n<\/div>\n<\/div>\n<div class=\"folder__container js-folder js-folder--is-open\">\n<h4 class=\"folder__trigger js-folder__header js-folder__header--is-open\">Master Balance<i class=\"ico\"><\/i><\/h4>\n<div class=\"folder__content js-folder__content js-folder__content--is-open\">\n<table class=\"specs-table\">\n<tbody>\n<tr>\n<th class=\"specs-table__lbl\">\n<p class=\"h6\"><strong>Tama\u00f1o de V\u00fametro<\/strong><\/p>\n<\/th>\n<td class=\"specs-table__val\">9 segment<\/td>\n<\/tr>\n<\/tbody>\n<\/table>\n<\/div>\n<\/div>\n<div class=\"folder__container js-folder js-folder--is-open\">\n<h4 class=\"folder__trigger js-folder__header js-folder__header--is-open\">Canales<i class=\"ico\"><\/i><\/h4>\n<div class=\"folder__content js-folder__content js-folder__content--is-open\">\n<table class=\"specs-table\">\n<tbody>\n<tr>\n<th class=\"specs-table__lbl\">\n<p class=\"h6\"><strong>EQ\/ISO<\/strong><\/p>\n<\/th>\n<td class=\"specs-table__val\">3 band<\/td>\n<\/tr>\n<tr>\n<th class=\"specs-table__lbl\">\n<p class=\"h6\"><strong>Rango EQ\/ISO<\/strong><\/p>\n<\/th>\n<td class=\"specs-table__val\">\u2013\u221e dB to +6 dB (ISO)<br \/>\n\u201326 dB to +6 dB (EQ)<\/td>\n<\/tr>\n<tr>\n<th class=\"specs-table__lbl\">\n<p class=\"h6\"><strong>Canales Inversos<\/strong><\/p>\n<\/th>\n<td class=\"specs-table__val\"><i class=\"ico icon-check\"><span class=\"sr-only\">S\u00ed<\/span><\/i><\/td>\n<\/tr>\n<tr>\n<th class=\"specs-table__lbl\">\n<p class=\"h6\"><strong>Limitador de pico<\/strong><\/p>\n<\/th>\n<td class=\"specs-table__val\"><i class=\"ico icon-check\"><span class=\"sr-only\">S\u00ed<\/span><\/i><\/td>\n<\/tr>\n<\/tbody>\n<\/table>\n<\/div>\n<\/div>\n<div class=\"folder__container js-folder js-folder--is-open\">\n<h4 class=\"folder__trigger js-folder__header js-folder__header--is-open\">Control de rendimiento<i class=\"ico\"><\/i><\/h4>\n<div class=\"folder__content js-folder__content js-folder__content--is-open\">\n<table class=\"specs-table\">\n<tbody>\n<tr>\n<th class=\"specs-table__lbl\">\n<p class=\"h6\"><strong>Canales<\/strong><\/p>\n<\/th>\n<td class=\"specs-table__val\">2<\/td>\n<\/tr>\n<tr>\n<th class=\"specs-table__lbl\">\n<p class=\"h6\"><strong>Sound Color FX<\/strong><\/p>\n<\/th>\n<td class=\"specs-table__val\">\n<ul>\n<li>Filter<\/li>\n<li>Dub Echo<\/li>\n<li>Noise<\/li>\n<li>Pitch<\/li>\n<li>Wide Filter<\/li>\n<\/ul>\n<\/td>\n<\/tr>\n<tr>\n<th class=\"specs-table__lbl\">\n<p class=\"h6\"><strong>Beat FX<\/strong><\/p>\n<\/th>\n<td class=\"specs-table__val\">\n<ul>\n<li>Echo<\/li>\n<li>Ducking Echo<\/li>\n<li>Echo Out<\/li>\n<li>Spiral<\/li>\n<li>Helix<\/li>\n<li>Delay<\/li>\n<li>Reverb<\/li>\n<li>Back Spin<\/li>\n<li>One-shot Spin<\/li>\n<li>Vinyl Brake<\/li>\n<li>One-shot Brake<\/li>\n<li>Flanger<\/li>\n<li>Phaser<\/li>\n<li>Filtro paso Alto<\/li>\n<li>Filtro paso Bajo<\/li>\n<li>Trans<\/li>\n<li>Kill<\/li>\n<li>Roll<\/li>\n<li>Fader Pitch<\/li>\n<li>Fader Synth<\/li>\n<\/ul>\n<\/td>\n<\/tr>\n<tr>\n<th class=\"specs-table__lbl\">\n<p class=\"h6\"><strong>Deck 3\/4 control<\/strong><\/p>\n<\/th>\n<td class=\"specs-table__val\"><i class=\"ico icon-check\"><span class=\"sr-only\">S\u00ed<\/span><\/i><\/td>\n<\/tr>\n<\/tbody>\n<\/table>\n<\/div>\n<\/div>\n<div class=\"folder__container js-folder js-folder--is-open\">\n<h4 class=\"folder__trigger js-folder__header js-folder__header--is-open\">Effect\/Sampler<i class=\"ico\"><\/i><\/h4>\n<div class=\"folder__content js-folder__content js-folder__content--is-open\">\n<table class=\"specs-table\">\n<tbody>\n<tr>\n<th class=\"specs-table__lbl\">\n<p class=\"h6\"><strong>Aislador de 3 Bandas<\/strong><\/p>\n<\/th>\n<td class=\"specs-table__val\"><i class=\"ico icon-check\"><span class=\"sr-only\">S\u00ed<\/span><\/i><\/td>\n<\/tr>\n<tr>\n<th class=\"specs-table__lbl\">\n<p class=\"h6\"><strong>Contador de BPM autom\u00e1tico<\/strong><\/p>\n<\/th>\n<td class=\"specs-table__val\"><i class=\"ico icon-check\"><span class=\"sr-only\">S\u00ed<\/span><\/i><\/td>\n<\/tr>\n<\/tbody>\n<\/table>\n<\/div>\n<\/div>\n<div class=\"folder__container js-folder js-folder--is-open\">\n<h4 class=\"folder__trigger js-folder__header js-folder__header--is-open\">Curva Fader<i class=\"ico\"><\/i><\/h4>\n<div class=\"folder__content js-folder__content js-folder__content--is-open\">\n<table class=\"specs-table\">\n<tbody>\n<tr>\n<th class=\"specs-table__lbl\">\n<p class=\"h6\"><strong>Tipo de Crossfader<\/strong><\/p>\n<\/th>\n<td class=\"specs-table__val\">Fader Magvel Pro<\/td>\n<\/tr>\n<tr>\n<th class=\"specs-table__lbl\">\n<p class=\"h6\"><strong>Asignable<\/strong><\/p>\n<\/th>\n<td class=\"specs-table__val\"><i class=\"ico icon-check\"><span class=\"sr-only\">S\u00ed<\/span><\/i><\/td>\n<\/tr>\n<tr>\n<th class=\"specs-table__lbl\">\n<p class=\"h6\"><strong>Crossfader Inverso<\/strong><\/p>\n<\/th>\n<td class=\"specs-table__val\"><i class=\"ico icon-check\"><span class=\"sr-only\">S\u00ed<\/span><\/i><\/td>\n<\/tr>\n<tr>\n<th class=\"specs-table__lbl\">\n<p class=\"h6\"><strong>Ajuste de tensi\u00f3n<\/strong><\/p>\n<\/th>\n<td class=\"specs-table__val\"><i class=\"ico icon-check\"><span class=\"sr-only\">S\u00ed<\/span><\/i><\/td>\n<\/tr>\n<\/tbody>\n<\/table>\n<\/div>\n<\/div>\n<div class=\"folder__container js-folder js-folder--is-open\">\n<h4 class=\"folder__trigger js-folder__header js-folder__header--is-open\">Atenuador Talkover<i class=\"ico\"><\/i><\/h4>\n<div class=\"folder__content js-folder__content js-folder__content--is-open\">\n<table class=\"specs-table\">\n<tbody>\n<tr>\n<th class=\"specs-table__lbl\">\n<p class=\"h6\">Conexi\u00f3n Mic<\/p>\n<\/th>\n<td class=\"specs-table__val\">XLR \/ Combo Jack 1\/4-pulgadas<\/td>\n<\/tr>\n<tr>\n<th class=\"specs-table__lbl\">\n<p class=\"h6\">Atenuador Talkover<\/p>\n<\/th>\n<td class=\"specs-table__val\"><i class=\"ico icon-check\"><span class=\"sr-only\">S\u00ed<\/span><\/i><\/td>\n<\/tr>\n<\/tbody>\n<\/table>\n<\/div>\n<\/div>\n<div class=\"folder__container js-folder js-folder--is-open\">\n<h4 class=\"folder__trigger js-folder__header js-folder__header--is-open\">Tarjeta de Sonido<i class=\"ico\"><\/i><\/h4>\n<div class=\"folder__content js-folder__content js-folder__content--is-open\">\n<table class=\"specs-table\">\n<tbody>\n<tr>\n<th class=\"specs-table__lbl\">\n<p class=\"h6\">Conexi\u00f3n<\/p>\n<\/th>\n<td class=\"specs-table__val\">USB (Type-B)<\/td>\n<\/tr>\n<tr>\n<th class=\"specs-table__lbl\">\n<p class=\"h6\">Frecuencia de muestreo<\/p>\n<\/th>\n<td class=\"specs-table__val\">24 bit<\/td>\n<\/tr>\n<tr>\n<th class=\"specs-table__lbl\">\n<p class=\"h6\">Frecuencia<\/p>\n<\/th>\n<td class=\"specs-table__val\">48 kHz<\/td>\n<\/tr>\n<\/tbody>\n<\/table>\n<\/div>\n<\/div>\n<div class=\"folder__container js-folder js-folder--is-open\">\n<h4 class=\"folder__trigger js-folder__header js-folder__header--is-open\">Terminales<i class=\"ico\"><\/i><\/h4>\n<div class=\"folder__content js-folder__content js-folder__content--is-open\">\n<table class=\"specs-table\">\n<tbody>\n<tr>\n<th class=\"specs-table__lbl\">\n<p class=\"h6\">Entradas<\/p>\n<\/th>\n<td class=\"specs-table__val\">\n<ul>\n<li>2 LINE (RCA)<\/li>\n<li>2 PHONO (RCA)<\/li>\n<li>1 MIC (XLR y J ack TRS de \u00bc de pulgada)<\/li>\n<li>1 AUX (RCA)<\/li>\n<\/ul>\n<\/td>\n<\/tr>\n<tr>\n<th class=\"specs-table__lbl\">\n<p class=\"h6\">Modos Performance<\/p>\n<\/th>\n<td class=\"specs-table__val\">\n<ul>\n<li>2 puerto USB A<\/li>\n<li>2 puerto USB B<\/li>\n<\/ul>\n<\/td>\n<\/tr>\n<tr>\n<th class=\"specs-table__lbl\">\n<p class=\"h6\">Salidas<\/p>\n<\/th>\n<td class=\"specs-table__val\">\n<ul>\n<li>2 MASTER (XLR, RCA)<\/li>\n<li>1 BOOTH (TRS Jack 1\/4 pulgadas)<\/li>\n<li>2 PHONES (1\/4-inch stereo jack, 3.5-mm stereo mini-jack)<\/li>\n<\/ul>\n<\/td>\n<\/tr>\n<\/tbody>\n<\/table>\n<\/div>\n<\/div>\n<\/div>\n<\/div>\n<\/div>\n<\/div>\n<\/div>\n<p>&nbsp;<\/p>\n<p>Para m\u00e1s informaci\u00f3n del producto:<\/p>\n<p><a href=\"https:\/\/www.pioneerdj.com\/es-es\/product\/mixer\/djm-s11\/black\/overview\/\" target=\"_blank\" rel=\"noopener\">https:\/\/www.pioneerdj.com\/es-es\/product\/mixer\/djm-s11\/black\/overview\/<\/a><\/p>\n","protected":false},"excerpt":{"rendered":"<div class=\"head\">\n<h4 class=\"desc\">Mesa de mezclas Pioneer DJ DJM-S11 estilo scratch con pantalla t\u00e1ctil para Serato DJ Pro\/rekordbox<\/h4>\n<p>Mejora tu actuaci\u00f3n con la DJM-S11. Esta nueva mesa de mezclas profesional de 2 canales con control para 4 decks, mejora varios elementos de su predecesora, la DJM-S9, y ofrece una serie de caracter\u00edsticas completamente nuevas para ayudarte a actuar con mayor libertad con Serato DJ Pro o rekordbox.<\/p>\n<\/div>\n","protected":false},"featured_media":30657,"template":"","meta":[],"product_cat":[665,729,728],"product_tag":[],"class_list":{"0":"post-30650","1":"product","2":"type-product","3":"status-publish","4":"has-post-thumbnail","6":"product_brand-pioneer-dj","7":"product_cat-dj","8":"product_cat-mesa-de-mezclas-dj","9":"product_cat-mesas-de-mezclas-dj","11":"first","12":"outofstock","13":"taxable","14":"shipping-taxable","15":"purchasable","16":"product-type-simple","17":"col-xs-6 col-sm-4","18":"col-md-3 col-lg-3","19":"un-4-cols"},"_links":{"self":[{"href":"https:\/\/www.audioibiza.com\/index.php\/wp-json\/wp\/v2\/product\/30650","targetHints":{"allow":["GET"]}}],"collection":[{"href":"https:\/\/www.audioibiza.com\/index.php\/wp-json\/wp\/v2\/product"}],"about":[{"href":"https:\/\/www.audioibiza.com\/index.php\/wp-json\/wp\/v2\/types\/product"}],"wp:featuredmedia":[{"embeddable":true,"href":"https:\/\/www.audioibiza.com\/index.php\/wp-json\/wp\/v2\/media\/30657"}],"wp:attachment":[{"href":"https:\/\/www.audioibiza.com\/index.php\/wp-json\/wp\/v2\/media?parent=30650"}],"wp:term":[{"taxonomy":"product_cat","embeddable":true,"href":"https:\/\/www.audioibiza.com\/index.php\/wp-json\/wp\/v2\/product_cat?post=30650"},{"taxonomy":"product_tag","embeddable":true,"href":"https:\/\/www.audioibiza.com\/index.php\/wp-json\/wp\/v2\/product_tag?post=30650"}],"curies":[{"name":"wp","href":"https:\/\/api.w.org\/{rel}","templated":true}]}}