{"id":30640,"date":"2021-12-22T09:23:14","date_gmt":"2021-12-22T08:23:14","guid":{"rendered":"https:\/\/www.audioibiza.com\/?post_type=product&#038;p=30640"},"modified":"2026-01-16T11:06:13","modified_gmt":"2026-01-16T10:06:13","slug":"mesa-de-mezclas-pioneer-dj-djm-s7","status":"publish","type":"product","link":"https:\/\/www.audioibiza.com\/index.php\/mesa-de-mezclas-pioneer-dj-djm-s7\/","title":{"rendered":"Mesa de mezclas PIONEER DJ DJM-S7"},"content":{"rendered":"<p><iframe title=\"Pioneer DJ Official Introduction: DJM-S7 2-ch performance DJ mixer for rekordbox and Serato DJ Pro\" width=\"840\" height=\"473\" src=\"https:\/\/www.youtube.com\/embed\/SIMbmWTpErM?feature=oembed\" frameborder=\"0\" allow=\"accelerometer; autoplay; clipboard-write; encrypted-media; gyroscope; picture-in-picture; web-share\" referrerpolicy=\"strict-origin-when-cross-origin\" allowfullscreen><\/iframe><\/p>\n<h1>Mesa de mezclas PIONEER DJ DJM-S7<\/h1>\n<div class=\"folder__container js-folder js-folder--is-open\">\n<div class=\"folder__content js-folder__content js-folder__content--is-open\">\n<p><a href=\"https:\/\/www.audioibiza.com\/index.php\/mesa-de-mezclas-pioneer-dj-djm-s7\/\">Esta<\/a> nueva mesa de meclas de 2 canales para batallas DJ, te da la libertad de personalizar tu configuraci\u00f3n y aportar tu propio estilo \u00fanico a cada actuaci\u00f3n. La unidad permite el uso gratuito de Serato DJ Pro y es un dispositivo Hardware Unlock para rekordbox, por lo que puedes usar funciones Performance en cualquiera de las aplicaciones.<\/p>\n<h2 class=\"col-two__heading heading heading--5 field-promotext\">Magvel Fader Pro<\/h2>\n<div class=\"col-two__item__description field-promotext2\">Hemos mejorado el tacto del Magvel Fader Pro y aumentado la rigidez del eje de montaje del bot\u00f3n, en un 30% en direcci\u00f3n vertical, para que puedas scratchear con total confianza.<\/div>\n<div>\n<h2 class=\"col-two__heading heading heading--5 field-promotext\">Large Performance Pads<\/h2>\n<div class=\"col-two__item__description field-promotext2\">Los 8 performance pads de cada canal son m\u00e1s grandes para hacer m\u00e1s r\u00e1pida la activaci\u00f3n de los Hot Cues y los samples. Y con el modo de pad independiente, puedes utilizar 2 funciones diferentes, una en cada set de pads por canal, al mismo tiempo.<\/div>\n<\/div>\n<div>\n<h2 class=\"col-two__heading heading heading--5 field-promotext\">Palancas de FX grandes<\/h2>\n<div class=\"col-two__item__description field-promotext2\">\n<p>Retuerza los sonidos sobre la marcha a\u00f1adiendo efectos con las palancas grandes. La DJM-S7 incluye los 22 Beat FX incorporados de la DJM-S11 para que puedas ser m\u00e1s creativo con los efectos del software de Serato DJ Pro y rekordbox. Es f\u00e1cil cambiar los 6 efectos asignados a los botones de FX Select sin perder de vista el nombre y valor del tempo que est\u00e1s utilizando, gracias a la pantalla OLED.<\/p>\n<h2 class=\"col-two__heading heading heading--5 field-promotext\">Bluetooth: a\u00f1ade audio de forma inal\u00e1mbrica desde tu tel\u00e9fono a tu performance<\/h2>\n<div class=\"col-two__item__description field-promotext2\">Conecta tu tel\u00e9fono con la DJM-S7 a trav\u00e9s de Bluetooth e introduce sonidos directamente en tu equipo. Puedes reproducir bucles para scratch o usar una aplicaci\u00f3n de m\u00fasica para reproducir una pista solicitada por alguien del p\u00fablico. O simplemente ten tu dispositivo m\u00f3vil conectado y listo como respaldo en caso de que tu ordenador port\u00e1til falle. Puedes reproducir el sonido directamente a trav\u00e9s de la salida Master o cualquiera de los canales.<\/div>\n<div>\n<div class=\"toggler__trigger\">\n<h2 class=\"heading heading--7\">Loop MIDI: Usa las palancas para automatizar el control de las funciones del software DJ<\/h2>\n<\/div>\n<div class=\"toggler__target\">\n<div class=\"toggler__content\">\n<p>Esta caracter\u00edstica, en la secci\u00f3n de efectos de la DJM-S7, puede controlar varias funciones de tu software DJ enviando repetidamente una se\u00f1al MIDI al programa en un ciclo de tiempo establecido. Las funciones que incluyen Hot Cue, sampler y key shift-up est\u00e1n preasignadas a los botones FX Select para que puedas comenzar a usar Loop MIDI inmediatamente, sin necesidad de asignarle primero las funciones.<\/p>\n<div class=\"component content usp-small__item\">\n<div id=\"Feature1\" class=\"component-content\">\n<div class=\"usp-snippet usp-snippet--C\">\n<div class=\"usp-snippet__content\">\n<ul>\n<li class=\"usp-snippet__title heading heading--7 field-promotext\"><strong>Hub USB integrado<\/strong><\/li>\n<\/ul>\n<p class=\"usp-snippet__text p--2 field-promotext2\">Conecta tus controladores DJ y otros dispositivos, incluso unidades seleccionadas de otras marcas, en los puertos duales USB-A para reproducir con ellos.<\/p>\n<\/div>\n<\/div>\n<\/div>\n<\/div>\n<div class=\"component content usp-small__item\">\n<div id=\"Feature2\" class=\"component-content\">\n<div class=\"usp-snippet usp-snippet--C\">\n<ul>\n<li class=\"usp-snippet__visual\"><picture class=\"visual\"><source srcset=\"https:\/\/www.pioneerdj.com\/-\/media\/pioneerdj\/images\/features\/mixer\/djm-s11\/small-usb-type-b2.jpg\" media=\"(max-width: 749px)\" \/><source srcset=\"https:\/\/www.pioneerdj.com\/-\/media\/pioneerdj\/images\/features\/mixer\/djm-s11\/small-usb-type-b2.jpg\" media=\"(min-width: 750px)\" \/><\/picture><strong>Controlador MIDI<\/strong><\/li>\n<\/ul>\n<div class=\"usp-snippet__content\">\n<p class=\"usp-snippet__text p--2 field-promotext2\">Este dispositivo es MIDI totalmente asignable por USB. Env\u00eda informaci\u00f3n de control a dispositivos externos y utiliza la mesa de mezclas como controlador MIDI.<\/p>\n<\/div>\n<\/div>\n<\/div>\n<\/div>\n<div class=\"component content usp-small__item\">\n<div id=\"Feature3\" class=\"component-content\">\n<div class=\"usp-snippet usp-snippet--C\">\n<ul>\n<li class=\"usp-snippet__visual\"><picture class=\"visual\"><source srcset=\"https:\/\/www.pioneerdj.com\/-\/media\/pioneerdj\/images\/features\/mixer\/djm-s11\/small-serato-dj-icon.jpg\" media=\"(max-width: 749px)\" \/><source srcset=\"https:\/\/www.pioneerdj.com\/-\/media\/pioneerdj\/images\/features\/mixer\/djm-s11\/small-serato-dj-icon.jpg\" media=\"(min-width: 750px)\" \/><\/picture><strong>Serato DJ Pro<\/strong><\/li>\n<\/ul>\n<div class=\"usp-snippet__content\">\n<p class=\"usp-snippet__text p--2 field-promotext2\">Conecta tu PC\/Mac para usar <a href=\"https:\/\/serato.com\/dj\" target=\"_blank\" rel=\"noopener noreferrer\">Serato DJ Pro<\/a> (la mesa de mezclas desbloquea el software de forma gratuita). Utiliza botones dedicados para efectos y funciones avanzadas de Serato como Beat Jump, modo Slip y Quantize.<\/p>\n<\/div>\n<\/div>\n<\/div>\n<\/div>\n<div class=\"component content usp-small__item\">\n<div id=\"Feature4\" class=\"component-content\">\n<div class=\"usp-snippet usp-snippet--C\">\n<ul>\n<li class=\"usp-snippet__visual\"><picture class=\"visual\"><source srcset=\"https:\/\/www.pioneerdj.com\/-\/media\/pioneerdj\/images\/features\/mixer\/djm-s11\/small-serato-dvs-icon.jpg\" media=\"(max-width: 749px)\" \/><source srcset=\"https:\/\/www.pioneerdj.com\/-\/media\/pioneerdj\/images\/features\/mixer\/djm-s11\/small-serato-dvs-icon.jpg\" media=\"(min-width: 750px)\" \/><\/picture><strong>Serato DVS<\/strong><\/li>\n<\/ul>\n<div class=\"usp-snippet__content\">\n<p class=\"usp-snippet__text p--2 field-promotext2\">Utiliza <a href=\"https:\/\/serato.com\/dj\/pro\/expansions\/dvs?dvs=dvs-ready\" target=\"_blank\" rel=\"noopener noreferrer\">Serato DVS<\/a> para controlar y hacer scratch con CDJ o giradiscos.<\/p>\n<\/div>\n<\/div>\n<\/div>\n<\/div>\n<div class=\"component content usp-small__item\">\n<div id=\"Feature5\" class=\"component-content\">\n<div class=\"usp-snippet usp-snippet--C\">\n<ul>\n<li class=\"usp-snippet__visual\"><picture class=\"visual\"><source srcset=\"https:\/\/www.pioneerdj.com\/-\/media\/pioneerdj\/images\/features\/mixer\/djm-s11\/small-serato-pnt-dj-icon.jpg\" media=\"(max-width: 749px)\" \/><source srcset=\"https:\/\/www.pioneerdj.com\/-\/media\/pioneerdj\/images\/features\/mixer\/djm-s11\/small-serato-pnt-dj-icon.jpg\" media=\"(min-width: 750px)\" \/><\/picture><strong>Pitch &#8216;n Time DJ<\/strong><\/li>\n<\/ul>\n<div class=\"usp-snippet__content\">\n<p class=\"usp-snippet__text p--2 field-promotext2\">Se incluye el cup\u00f3n Serato DJ Pro Expansion Pack (Pitch &#8216;n Time DJ). Utiliza Pitch Play, Key Shift y m\u00e1s funciones. La mesa de mezclas tambi\u00e9n es totalmente MIDI mapeable.<\/p>\n<\/div>\n<\/div>\n<\/div>\n<\/div>\n<div class=\"component content usp-small__item\">\n<div id=\"Feature6\" class=\"component-content\">\n<div class=\"usp-snippet usp-snippet--C\">\n<ul>\n<li class=\"usp-snippet__visual\"><picture class=\"visual\"><source srcset=\"https:\/\/www.pioneerdj.com\/-\/media\/pioneerdj\/images\/features\/mixer\/djm-s11\/small-rekordbox-dvs-icon-2.jpg\" media=\"(max-width: 749px)\" \/><source srcset=\"https:\/\/www.pioneerdj.com\/-\/media\/pioneerdj\/images\/features\/mixer\/djm-s11\/small-rekordbox-dvs-icon-2.jpg\" media=\"(min-width: 750px)\" \/><\/picture><strong>Rekordbox<\/strong><\/li>\n<\/ul>\n<div class=\"usp-snippet__content\">\n<p class=\"usp-snippet__text p--2 field-promotext2\">Conecta tu PC\/Mac para desbloquear el modo Performance de rekordbox gratis y utiliza el modo DVS con el vinilo de control dedicado (disponible por separado).<\/p>\n<\/div>\n<\/div>\n<\/div>\n<\/div>\n<\/div>\n<\/div>\n<\/div>\n<\/div>\n<\/div>\n<\/div>\n<\/div>\n<p>&nbsp;<\/p>\n<div class=\"folder__container js-folder js-folder--is-open\">\n<h4 class=\"folder__trigger js-folder__header js-folder__header--is-open\">Funciones principales<i class=\"ico\"><\/i><\/h4>\n<div class=\"folder__content js-folder__content js-folder__content--is-open\">\n<table class=\"specs-table\">\n<tbody>\n<tr>\n<th class=\"specs-table__lbl\">\n<p class=\"h6\"><strong>MIDI Control<\/strong><\/p>\n<\/th>\n<td class=\"specs-table__val\">Asignable (<a href=\"https:\/\/www.pioneerdj.com\/-\/media\/pioneerdj\/software-info\/mixer\/djm-s7\/djm-s7_midi_message_v100_e.pdf\" target=\"_blank\" rel=\"noopener\">clic aqu\u00ed<\/a> para ver m\u00e1s detalles)<\/td>\n<\/tr>\n<tr>\n<th class=\"specs-table__lbl\">\n<p class=\"h6\"><strong>Software compatible<\/strong><\/p>\n<\/th>\n<td class=\"specs-table__val\">\n<ul class=\"list-rotary\">\n<li>Desbloquea Serato DJ Pro<\/li>\n<li>rekordbox<\/li>\n<\/ul>\n<\/td>\n<\/tr>\n<tr>\n<th class=\"specs-table__lbl\">\n<p class=\"h6\"><strong>Control Scratch<\/strong><\/p>\n<\/th>\n<td class=\"specs-table__val\">\n<ul>\n<li>Desbloquea Serato DVS<\/li>\n<li>rekordbox<\/li>\n<\/ul>\n<\/td>\n<\/tr>\n<tr>\n<th class=\"specs-table__lbl\">\n<p class=\"h6\"><strong>Requerimientos del Software<\/strong><\/p>\n<\/th>\n<td class=\"specs-table__val\">Visita <a href=\"https:\/\/serato.com\/dj\/pro\/downloads#min-specs\" target=\"_blank\" rel=\"noopener noreferrer\">serato.com<\/a> para conocer sus especificaciones.<br \/>\nVisita <a href=\"https:\/\/rekordbox.com\/download\/\" target=\"_blank\" rel=\"noopener noreferrer\">rekordbox.com<\/a> para conocer sus especificaciones.<\/td>\n<\/tr>\n<tr>\n<th class=\"specs-table__lbl\">\n<p class=\"h6\"><strong>Entrada de Audio Bluetooth<\/strong><\/p>\n<\/th>\n<td class=\"specs-table__val\">\n<ul class=\"list-rotary\">\n<li>Versi\u00f3n: Bluetooth est\u00e1ndar versi\u00f3n 5.0<\/li>\n<li>C\u00f3decs compatibles: SBC, AAC, Qualcomm\u00ae aptX\u2122, Qualcomm\u00ae aptX\u2122 Low Latency<\/li>\n<li>Distancia m\u00e1xima de comunicaci\u00f3n: aproximadamente 10m sin obst\u00e1culos<\/li>\n<\/ul>\n<\/td>\n<\/tr>\n<tr>\n<th class=\"specs-table__lbl\">\n<p class=\"h6\"><strong>Contenido de la caja<\/strong><\/p>\n<\/th>\n<td class=\"specs-table__val\">\n<ul class=\"list-rotary\">\n<li>DJM-S7<\/li>\n<li>Cable de alimentaci\u00f3n<\/li>\n<li>Cable USB<\/li>\n<li>Garant\u00eda (para algunas regiones)<\/li>\n<li>Gu\u00eda de inicio r\u00e1pido<\/li>\n<li>Precauciones de uso<\/li>\n<li>Vale Serato DJ Pro Expansion Pack (Pitch &#8216;n Time DJ)<\/li>\n<\/ul>\n<\/td>\n<\/tr>\n<\/tbody>\n<\/table>\n<\/div>\n<\/div>\n<div class=\"folder__container js-folder js-folder--is-open\">\n<h4 class=\"folder__trigger js-folder__header js-folder__header--is-open\">Especificaciones<i class=\"ico\"><\/i><\/h4>\n<div class=\"folder__content js-folder__content js-folder__content--is-open\">\n<table class=\"specs-table\">\n<tbody>\n<tr>\n<th class=\"specs-table__lbl\">\n<p class=\"h6\"><strong>Ancho<\/strong><\/p>\n<\/th>\n<td class=\"specs-table__val\">267 mm<\/td>\n<\/tr>\n<tr>\n<th class=\"specs-table__lbl\">\n<p class=\"h6\"><strong>Alto<\/strong><\/p>\n<\/th>\n<td class=\"specs-table__val\">107,9 mm<\/td>\n<\/tr>\n<tr>\n<th class=\"specs-table__lbl\">\n<p class=\"h6\"><strong>Profundo<\/strong><\/p>\n<\/th>\n<td class=\"specs-table__val\">397,4 mm<\/td>\n<\/tr>\n<tr>\n<th class=\"specs-table__lbl\">\n<p class=\"h6\"><strong>Peso<\/strong><\/p>\n<\/th>\n<td class=\"specs-table__val\">4,5 kg<\/td>\n<\/tr>\n<tr>\n<th class=\"specs-table__lbl\">\n<p class=\"h6\"><strong>Consumo<\/strong><\/p>\n<\/th>\n<td class=\"specs-table__val\">24W<\/td>\n<\/tr>\n<tr>\n<th class=\"specs-table__lbl\">\n<p class=\"h6\"><strong>Rango de frecuencia<\/strong><\/p>\n<\/th>\n<td class=\"specs-table__val\">20 &#8211; 20000 Hz<\/td>\n<\/tr>\n<tr>\n<th class=\"specs-table__lbl\">\n<p class=\"h6\"><strong>Corriente<\/strong><\/p>\n<\/th>\n<td class=\"specs-table__val\">AC 100-240 V, 50 Hz \/ 60Hz<\/td>\n<\/tr>\n<tr>\n<th class=\"specs-table__lbl\">\n<p class=\"h6\"><strong>Relaci\u00f3n Se\u00f1al\/Ruido USB<\/strong><\/p>\n<\/th>\n<td class=\"specs-table__val\">110 dB (USB)<br \/>\n103 dB (LINE)<br \/>\n88 dB (PHONO)<br \/>\n80 dB (MIC)<br \/>\n103 dB (AUX)<\/td>\n<\/tr>\n<tr>\n<th class=\"specs-table__lbl\">\n<p class=\"h6\"><strong>Distorsi\u00f3n<\/strong><\/p>\n<\/th>\n<td class=\"specs-table__val\">0.003% (USB)<br \/>\n0.005% (LINE)<\/td>\n<\/tr>\n<\/tbody>\n<\/table>\n<\/div>\n<\/div>\n<div class=\"folder__container js-folder js-folder--is-open\">\n<h4 class=\"folder__trigger js-folder__header js-folder__header--is-open\">Master Balance<i class=\"ico\"><\/i><\/h4>\n<div class=\"folder__content js-folder__content js-folder__content--is-open\">\n<table class=\"specs-table\">\n<tbody>\n<tr>\n<th class=\"specs-table__lbl\">\n<p class=\"h6\"><strong>Tama\u00f1o de V\u00fametro<\/strong><\/p>\n<\/th>\n<td class=\"specs-table__val\">9 segment<\/td>\n<\/tr>\n<\/tbody>\n<\/table>\n<\/div>\n<\/div>\n<div class=\"folder__container js-folder js-folder--is-open\">\n<h4 class=\"folder__trigger js-folder__header js-folder__header--is-open\">Canales<i class=\"ico\"><\/i><\/h4>\n<div class=\"folder__content js-folder__content js-folder__content--is-open\">\n<table class=\"specs-table\">\n<tbody>\n<tr>\n<th class=\"specs-table__lbl\">\n<p class=\"h6\"><strong>EQ\/ISO<\/strong><\/p>\n<\/th>\n<td class=\"specs-table__val\">3 band<\/td>\n<\/tr>\n<tr>\n<th class=\"specs-table__lbl\">\n<p class=\"h6\"><strong>Rango EQ\/ISO<\/strong><\/p>\n<\/th>\n<td class=\"specs-table__val\">\u2013\u221e dB to +6 dB<\/td>\n<\/tr>\n<tr>\n<th class=\"specs-table__lbl\">\n<p class=\"h6\"><strong>Canales Inversos<\/strong><\/p>\n<\/th>\n<td class=\"specs-table__val\"><i class=\"ico icon-check\"><span class=\"sr-only\">S\u00ed<\/span><\/i><\/td>\n<\/tr>\n<tr>\n<th class=\"specs-table__lbl\">\n<p class=\"h6\"><strong>Limitador de pico<\/strong><\/p>\n<\/th>\n<td class=\"specs-table__val\"><i class=\"ico icon-check\"><span class=\"sr-only\">S\u00ed<\/span><\/i><\/td>\n<\/tr>\n<\/tbody>\n<\/table>\n<\/div>\n<\/div>\n<div class=\"folder__container js-folder js-folder--is-open\">\n<h4 class=\"folder__trigger js-folder__header js-folder__header--is-open\">Control de rendimiento<i class=\"ico\"><\/i><\/h4>\n<div class=\"folder__content js-folder__content js-folder__content--is-open\">\n<table class=\"specs-table\">\n<tbody>\n<tr>\n<th class=\"specs-table__lbl\">\n<p class=\"h6\"><strong>Canales<\/strong><\/p>\n<\/th>\n<td class=\"specs-table__val\">2<\/td>\n<\/tr>\n<tr>\n<th class=\"specs-table__lbl\">\n<p class=\"h6\"><strong>Sound Color FX<\/strong><\/p>\n<\/th>\n<td class=\"specs-table__val\">\n<ul>\n<li>Filter<\/li>\n<li>Dub Echo<\/li>\n<li>Noise<\/li>\n<li>Pitch<\/li>\n<li>Wide Filter<\/li>\n<\/ul>\n<\/td>\n<\/tr>\n<tr>\n<th class=\"specs-table__lbl\">\n<p class=\"h6\"><strong>Beat FX<\/strong><\/p>\n<\/th>\n<td class=\"specs-table__val\">\n<ul>\n<li>Echo<\/li>\n<li>Ducking Echo<\/li>\n<li>Echo Out<\/li>\n<li>Spiral<\/li>\n<li>Helix<\/li>\n<li>Delay<\/li>\n<li>Reverb<\/li>\n<li>Back Spin<\/li>\n<li>One-shot Spin<\/li>\n<li>Vinyl Brake<\/li>\n<li>One-shot Brake<\/li>\n<li>Flanger<\/li>\n<li>Phaser<\/li>\n<li>Filtro paso Alto<\/li>\n<li>Filtro paso Bajo<\/li>\n<li>Trans<\/li>\n<li>Kill<\/li>\n<li>Roll<\/li>\n<li>Fader Pitch<\/li>\n<li>Fader Synth<\/li>\n<\/ul>\n<\/td>\n<\/tr>\n<\/tbody>\n<\/table>\n<\/div>\n<\/div>\n<div class=\"folder__container js-folder js-folder--is-open\">\n<h4 class=\"folder__trigger js-folder__header js-folder__header--is-open\">Effect\/Sampler<i class=\"ico\"><\/i><\/h4>\n<div class=\"folder__content js-folder__content js-folder__content--is-open\">\n<table class=\"specs-table\">\n<tbody>\n<tr>\n<th class=\"specs-table__lbl\">\n<p class=\"h6\"><strong>Contador de BPM autom\u00e1tico<\/strong><\/p>\n<\/th>\n<td class=\"specs-table__val\"><i class=\"ico icon-check\"><span class=\"sr-only\">S\u00ed<\/span><\/i><\/td>\n<\/tr>\n<\/tbody>\n<\/table>\n<\/div>\n<\/div>\n<div class=\"folder__container js-folder js-folder--is-open\">\n<h4 class=\"folder__trigger js-folder__header js-folder__header--is-open\">Curva Fader<i class=\"ico\"><\/i><\/h4>\n<div class=\"folder__content js-folder__content js-folder__content--is-open\">\n<table class=\"specs-table\">\n<tbody>\n<tr>\n<th class=\"specs-table__lbl\">\n<p class=\"h6\"><strong>Tipo de Crossfader<\/strong><\/p>\n<\/th>\n<td class=\"specs-table__val\">Fader Magvel Pro<\/td>\n<\/tr>\n<tr>\n<th class=\"specs-table__lbl\">\n<p class=\"h6\"><strong>Asignable<\/strong><\/p>\n<\/th>\n<td class=\"specs-table__val\"><i class=\"ico icon-check\"><span class=\"sr-only\">S\u00ed<\/span><\/i><\/td>\n<\/tr>\n<tr>\n<th class=\"specs-table__lbl\">\n<p class=\"h6\"><strong>Crossfader Inverso<\/strong><\/p>\n<\/th>\n<td class=\"specs-table__val\"><i class=\"ico icon-check\"><span class=\"sr-only\">S\u00ed<\/span><\/i><\/td>\n<\/tr>\n<tr>\n<th class=\"specs-table__lbl\">\n<p class=\"h6\"><strong>Ajuste de tensi\u00f3n<\/strong><\/p>\n<\/th>\n<td class=\"specs-table__val\"><i class=\"ico icon-check\"><span class=\"sr-only\">S\u00ed<\/span><\/i><\/td>\n<\/tr>\n<\/tbody>\n<\/table>\n<\/div>\n<\/div>\n<div class=\"folder__container js-folder js-folder--is-open\">\n<h4 class=\"folder__trigger js-folder__header js-folder__header--is-open\">Atenuador Talkover<i class=\"ico\"><\/i><\/h4>\n<div class=\"folder__content js-folder__content js-folder__content--is-open\">\n<table class=\"specs-table\">\n<tbody>\n<tr>\n<th class=\"specs-table__lbl\">\n<p class=\"h6\"><strong>Conexi\u00f3n Mic<\/strong><\/p>\n<\/th>\n<td class=\"specs-table__val\">XLR \/ Combo Jack 1\/4-pulgadas<\/td>\n<\/tr>\n<tr>\n<th class=\"specs-table__lbl\">\n<p class=\"h6\"><strong>Atenuador Talkover<\/strong><\/p>\n<\/th>\n<td class=\"specs-table__val\"><i class=\"ico icon-check\"><span class=\"sr-only\">S\u00ed<\/span><\/i><\/td>\n<\/tr>\n<\/tbody>\n<\/table>\n<\/div>\n<\/div>\n<div class=\"folder__container js-folder js-folder--is-open\">\n<h4 class=\"folder__trigger js-folder__header js-folder__header--is-open\">Tarjeta de Sonido<i class=\"ico\"><\/i><\/h4>\n<div class=\"folder__content js-folder__content js-folder__content--is-open\">\n<table class=\"specs-table\">\n<tbody>\n<tr>\n<th class=\"specs-table__lbl\">\n<p class=\"h6\"><strong>Conexi\u00f3n<\/strong><\/p>\n<\/th>\n<td class=\"specs-table__val\">USB (Type-B)<\/td>\n<\/tr>\n<tr>\n<th class=\"specs-table__lbl\">\n<p class=\"h6\"><strong>Frecuencia de muestreo<\/strong><\/p>\n<\/th>\n<td class=\"specs-table__val\">24 bit<\/td>\n<\/tr>\n<tr>\n<th class=\"specs-table__lbl\">\n<p class=\"h6\"><strong>Frecuencia<\/strong><\/p>\n<\/th>\n<td class=\"specs-table__val\">48 kHz<\/td>\n<\/tr>\n<\/tbody>\n<\/table>\n<\/div>\n<\/div>\n<div class=\"folder__container js-folder js-folder--is-open\">\n<h4 class=\"folder__trigger js-folder__header js-folder__header--is-open\">Terminales<i class=\"ico\"><\/i><\/h4>\n<div class=\"folder__content js-folder__content js-folder__content--is-open\">\n<table class=\"specs-table\">\n<tbody>\n<tr>\n<th class=\"specs-table__lbl\">\n<p class=\"h6\"><strong>Entradas<\/strong><\/p>\n<\/th>\n<td class=\"specs-table__val\">\n<ul>\n<li>2 LINE (RCA)<\/li>\n<li>2 PHONO (RCA)<\/li>\n<li>1 MIC (XLR y J ack TRS de \u00bc de pulgada)<\/li>\n<li>1 AUX (RCA)<\/li>\n<\/ul>\n<\/td>\n<\/tr>\n<tr>\n<th class=\"specs-table__lbl\">\n<p class=\"h6\"><strong>Modos Performance<\/strong><\/p>\n<\/th>\n<td class=\"specs-table__val\">\n<ul>\n<li>2 puerto USB A<\/li>\n<li>2 puerto USB B<\/li>\n<\/ul>\n<\/td>\n<\/tr>\n<tr>\n<th class=\"specs-table__lbl\">\n<p class=\"h6\"><strong>Salidas<\/strong><\/p>\n<\/th>\n<td class=\"specs-table__val\">\n<ul>\n<li>2 MASTER (XLR, RCA)<\/li>\n<li>1 BOOTH (TRS Jack 1\/4 pulgadas)<\/li>\n<li>2 PHONES (1\/4-inch stereo jack, 3.5-mm stereo mini-jack)<\/li>\n<\/ul>\n<\/td>\n<\/tr>\n<\/tbody>\n<\/table>\n<\/div>\n<\/div>\n<p>&nbsp;<\/p>\n<p>Para m\u00e1s informaci\u00f3n del producto:<\/p>\n<p><a href=\"https:\/\/www.pioneerdj.com\/es-es\/product\/mixer\/djm-s7\/black\/overview\/\" target=\"_blank\" rel=\"noopener\">https:\/\/www.pioneerdj.com\/es-es\/product\/mixer\/djm-s7\/black\/overview\/<\/a><\/p>\n","protected":false},"excerpt":{"rendered":"<div class=\"head\">\n<h4 class=\"desc\">Mesa de mezclas Pioneer DJ DJM-S7 para Scratch<\/h4>\n<p>Esta nueva mesa de meclas de 2 canales para batallas DJ, te da la libertad de personalizar tu configuraci\u00f3n y aportar tu propio estilo \u00fanico a cada actuaci\u00f3n.<\/p>\n<p>La unidad permite el uso gratuito de Serato DJ Pro y es un dispositivo Hardware Unlock para rekordbox, por lo que puedes usar funciones Performance en cualquiera de las aplicaciones.<\/p>\n<\/div>\n","protected":false},"featured_media":30641,"template":"","meta":[],"product_cat":[665,729,728],"product_tag":[],"class_list":{"0":"post-30640","1":"product","2":"type-product","3":"status-publish","4":"has-post-thumbnail","6":"product_brand-pioneer-dj","7":"product_cat-dj","8":"product_cat-mesa-de-mezclas-dj","9":"product_cat-mesas-de-mezclas-dj","11":"first","12":"outofstock","13":"taxable","14":"shipping-taxable","15":"purchasable","16":"product-type-simple","17":"col-xs-6 col-sm-4","18":"col-md-3 col-lg-3","19":"un-4-cols"},"_links":{"self":[{"href":"https:\/\/www.audioibiza.com\/index.php\/wp-json\/wp\/v2\/product\/30640","targetHints":{"allow":["GET"]}}],"collection":[{"href":"https:\/\/www.audioibiza.com\/index.php\/wp-json\/wp\/v2\/product"}],"about":[{"href":"https:\/\/www.audioibiza.com\/index.php\/wp-json\/wp\/v2\/types\/product"}],"wp:featuredmedia":[{"embeddable":true,"href":"https:\/\/www.audioibiza.com\/index.php\/wp-json\/wp\/v2\/media\/30641"}],"wp:attachment":[{"href":"https:\/\/www.audioibiza.com\/index.php\/wp-json\/wp\/v2\/media?parent=30640"}],"wp:term":[{"taxonomy":"product_cat","embeddable":true,"href":"https:\/\/www.audioibiza.com\/index.php\/wp-json\/wp\/v2\/product_cat?post=30640"},{"taxonomy":"product_tag","embeddable":true,"href":"https:\/\/www.audioibiza.com\/index.php\/wp-json\/wp\/v2\/product_tag?post=30640"}],"curies":[{"name":"wp","href":"https:\/\/api.w.org\/{rel}","templated":true}]}}