{"id":29042,"date":"2021-09-27T12:52:03","date_gmt":"2021-09-27T10:52:03","guid":{"rendered":"https:\/\/www.audioibiza.com\/?post_type=product&#038;p=29042"},"modified":"2024-10-14T09:56:24","modified_gmt":"2024-10-14T07:56:24","slug":"mesa-de-mezclas-dj-model-1-4","status":"publish","type":"product","link":"https:\/\/www.audioibiza.com\/index.php\/mesa-de-mezclas-dj-model-1-4\/","title":{"rendered":"MESA DE MEZCLAS DJ MODEL 1.4"},"content":{"rendered":"<p><iframe title=\"PLAYdifferently MODEL 1.4\" width=\"840\" height=\"473\" src=\"https:\/\/www.youtube.com\/embed\/KKYHS7LdVDo?feature=oembed\" frameborder=\"0\" allow=\"accelerometer; autoplay; clipboard-write; encrypted-media; gyroscope; picture-in-picture; web-share\" referrerpolicy=\"strict-origin-when-cross-origin\" allowfullscreen><\/iframe><\/p>\n<h1><a href=\"https:\/\/www.audioibiza.com\/index.php\/mesa-de-mezclas-dj-model-1-4\/\">MESA DE MEZCLAS DJ MODEL 1.4<\/a><\/h1>\n<p>&nbsp;<\/p>\n<p>Para m\u00e1s informaci\u00f3n del producto:<\/p>\n<p><a href=\"https:\/\/playdifferently.org\/model-1-4\/\" target=\"_blank\" rel=\"noopener\">https:\/\/playdifferently.org\/model-1-4\/<\/a><\/p>\n","protected":false},"excerpt":{"rendered":"<h4>Mesa de mezclas DJ Model 1.4<\/h4>\n<ul>\n<li><span class=\"fontstyle0\">Mezclador DJ profesional de alta gama, dise\u00f1ado por el famoso DJ Richie Hawtin y el ingeniero Andy Rigby-Jones con un dise\u00f1o 100% anal\u00f3gico <\/span><\/li>\n<li><span class=\"fontstyle0\">4 canales totalmente equipados <\/span><\/li>\n<li><span class=\"fontstyle0\">2 previos fono de altas prestaciones<\/span><\/li>\n<li><span class=\"fontstyle0\">Faders TKD de 60mm<\/span><\/li>\n<li><span class=\"fontstyle0\">EQ de precisi\u00f3n filtros resonantes pasa bajos\/agudos en el master, <\/span><span class=\"fontstyle0\">EQ de 3 bandas en el master, <\/span><span class=\"fontstyle0\">EQ de 2 bandas para cabina <\/span><\/li>\n<li><span class=\"fontstyle0\">Overdrive anal\u00f3gico <\/span><\/li>\n<li><span class=\"fontstyle0\">2 Sistemas de cue independientes <\/span><\/li>\n<li><span class=\"fontstyle0\">Mixer Link <\/span><\/li>\n<li><span class=\"fontstyle0\">Bus de mezcla balanceado <\/span><\/li>\n<li><span class=\"fontstyle0\">Filtros pasa alto y pasa bajo de contorneado.<\/span><\/li>\n<\/ul>\n","protected":false},"featured_media":29048,"template":"","meta":[],"product_cat":[665,729,728],"product_tag":[],"class_list":{"0":"post-29042","1":"product","2":"type-product","3":"status-publish","4":"has-post-thumbnail","6":"product_cat-dj","7":"product_cat-mesa-de-mezclas-dj","8":"product_cat-mesas-de-mezclas-dj","10":"first","11":"outofstock","12":"taxable","13":"shipping-taxable","14":"purchasable","15":"product-type-simple","16":"col-xs-6 col-sm-4","17":"col-md-3 col-lg-3","18":"un-4-cols"},"_links":{"self":[{"href":"https:\/\/www.audioibiza.com\/index.php\/wp-json\/wp\/v2\/product\/29042","targetHints":{"allow":["GET"]}}],"collection":[{"href":"https:\/\/www.audioibiza.com\/index.php\/wp-json\/wp\/v2\/product"}],"about":[{"href":"https:\/\/www.audioibiza.com\/index.php\/wp-json\/wp\/v2\/types\/product"}],"wp:featuredmedia":[{"embeddable":true,"href":"https:\/\/www.audioibiza.com\/index.php\/wp-json\/wp\/v2\/media\/29048"}],"wp:attachment":[{"href":"https:\/\/www.audioibiza.com\/index.php\/wp-json\/wp\/v2\/media?parent=29042"}],"wp:term":[{"taxonomy":"product_cat","embeddable":true,"href":"https:\/\/www.audioibiza.com\/index.php\/wp-json\/wp\/v2\/product_cat?post=29042"},{"taxonomy":"product_tag","embeddable":true,"href":"https:\/\/www.audioibiza.com\/index.php\/wp-json\/wp\/v2\/product_tag?post=29042"}],"curies":[{"name":"wp","href":"https:\/\/api.w.org\/{rel}","templated":true}]}}