{"id":29036,"date":"2021-09-27T10:04:43","date_gmt":"2021-09-27T08:04:43","guid":{"rendered":"https:\/\/www.audioibiza.com\/?post_type=product&#038;p=29036"},"modified":"2026-04-27T12:09:34","modified_gmt":"2026-04-27T10:09:34","slug":"caja-activa-yamaha-dbr10","status":"publish","type":"product","link":"https:\/\/www.audioibiza.com\/index.php\/caja-activa-yamaha-dbr10\/","title":{"rendered":"Caja Activa YAMAHA DBR10"},"content":{"rendered":"<p><iframe title=\"Yamaha DBR Series Powered Loudspeakers\" width=\"840\" height=\"473\" src=\"https:\/\/www.youtube.com\/embed\/Tghjd20D3eM?feature=oembed\" frameborder=\"0\" allow=\"accelerometer; autoplay; clipboard-write; encrypted-media; gyroscope; picture-in-picture; web-share\" referrerpolicy=\"strict-origin-when-cross-origin\" allowfullscreen><\/iframe><\/p>\n<h1>Caja Activa YAMAHA DBR10<\/h1>\n<p>No importa donde te lleve tu m\u00fasica o donde t\u00fa la lleves a ella, los altavoces de la serie DBR siempre van a ser sin\u00f3nimos de potencia, gran calidad de sonido, facilidad de transporte y ahorro de tiempo en instalaci\u00f3n y configuraci\u00f3n. Los altavoces autoamplificados de la serie DBR son, adem\u00e1s de muy vers\u00e1tiles, muy port\u00e1tiles, benefici\u00e1ndose de las mismas tecnolog\u00edas de vanguardia desarrolladas por Yamaha en procesamiento DSP, amplificadores y altavoces que ya fueron incorporadas a las l\u00edneas de productos profesionales de las series DSR y DXR.<\/p>\n<p>Y gracias a estas tecnolog\u00edas de \u00faltima generaci\u00f3n, ofrecen un sonido de alta resoluci\u00f3n a cualquier nivel de potencia. Con modelos de 10, 12 y 15 pulgadas, las cajas de todos los altavoces de la serie DBR son de nuevo dise\u00f1o, muy resistentes y ligeras, y han sido optimizadas para utilizarse en aplicaciones de sonorizaci\u00f3n como altavoces principales del sistema, monitores de suelo o en instalaciones fijas. \u00bfSonorizar tu banda en directo, pinchar como DJ en una fiesta o microfonear las intervenciones habladas de un evento? Enseguida descubrir\u00e1s que los altavoces de la serie DBR van a llevarte a otro nivel<\/p>\n<p>Los amplificadores Clase D de altas prestaciones y bajo peso de la serie DBR son capaces de proporcionar hasta 1000 W* de potencia, consiguiendo unos ratios de presi\u00f3n sonora (SPL) de hasta 132 dB con enorme claridad y magn\u00edfica din\u00e1mica. * El modelo DBR10 tiene una potencia de 700 W.<\/p>\n<p>Las unidades de graves de alta potencia dotan al sonido de unas bajas frecuencias siempre bien definidas a la vez que muy intensas y con m\u00ednima distorsi\u00f3n, mientas que el preciso motor de compresi\u00f3n* de 1,4\u2033 reproduce los medios y agudos con gran fidelidad. * El modelo DBR10 incorpora un motor de compresi\u00f3n de 1\u2033.<\/p>\n<p>Las cajas de los altavoces de la serie DBR son compactas, ligeras y est\u00e1n hechas de un pl\u00e1stico muy duradero, caracter\u00edsticas todas ellas que los convierten en los altavoces autoamplificados m\u00e1s f\u00e1ciles de transportar de todas las gamas de Yamaha. La elegante rejilla de acero aumenta su resistencia y durabilidad al proteger los componentes internos, y el nuevo dise\u00f1o ergon\u00f3mico de sus asas hace que se transporten y se instalen sin esfuerzo.<\/p>\n<p>Los altavoces de la serie DBR tienen dos canales de entrada. El canal 1 (CH1) dispone de un conector combo que acepta tanto XLR como jack TRS balanceado de 1\/4\u2033\u00bb , permitiendo la entrada de se\u00f1ales de nivel de micro o de l\u00ednea indistintamente. El canal 2 (CH2) ofrece dos opciones de entrada: un conector combo que acepta tanto XLR como jack TRS balanceado de 1\/4\u2033\u00bb y un conector de dos pins RCA para la entrada de se\u00f1ales procedentes de reproductores de CD u otras fuentes est\u00e9reo de nivel de l\u00ednea. El mezclador incorporado permite seleccionar dos opciones: CH1+2 MIX para mezclar la se\u00f1al del canal 1 y 2, o CH1 THRU para que pase solamente la se\u00f1al del canal 1.<\/p>\n<p>Al dise\u00f1ar los altavoces de la serie DBR se ha contemplado un \u00e1ngulo en cu\u00f1a de 50\u00ba optimizado para que tambi\u00e9n puedan usarse como monitores de suelo. Adem\u00e1s, la forma sim\u00e9trica de los modelos DBR12 y <a href=\"https:\/\/www.audioibiza.com\/index.php\/caja-activa-yamaha-dbr10\">DBR15<\/a> permite configurarlos como monitores de suelo en espejo, ya sea en est\u00e9reo o con el mismo audio por ambos monitores.<\/p>\n<p>Los altavoces DBR est\u00e1n equipados con puntos de anclaje con rosca M8 que permiten instalarlos colgados utilizando soportes de altavoces opcionales o argollas estandarizadas. * Los soportes de altavoces y las argollas no est\u00e1n incluidas.<\/p>\n<table class=\"table table-bordered\">\n<thead>\n<tr class=\"active\">\n<th colspan=\"2\">\n<div class=\"spectable-filter text-center\" aria-label=\"Reiniciar\"><\/div>\n<\/th>\n<th class=\"spectable-colnumber-0\" scope=\"col\"><\/th>\n<th class=\"spectable-colnumber-2\" scope=\"col\"><\/th>\n<\/tr>\n<\/thead>\n<tbody>\n<tr class=\"active\">\n<th colspan=\"5\" aria-hidden=\"true\">\n<h2>General specifications<\/h2>\n<\/th>\n<\/tr>\n<tr>\n<th class=\"active\" colspan=\"2\" scope=\"row\">Speaker type<\/th>\n<td class=\"spectable-colnumber-0\">2-way, Bi-amp powered speaker, Bass-reflex type<\/td>\n<td class=\"spectable-colnumber-2\"><\/td>\n<\/tr>\n<tr>\n<th class=\"active\" colspan=\"2\" scope=\"row\">Frequency range (-10dB)<\/th>\n<td class=\"spectable-colnumber-0\">55Hz \u2013 20kHz<\/td>\n<td class=\"spectable-colnumber-2\"><\/td>\n<\/tr>\n<tr>\n<th class=\"active\" rowspan=\"2\" scope=\"row\">Nominal coverage<\/th>\n<th class=\"active\" scope=\"row\">H<\/th>\n<td class=\"spectable-colnumber-0\">90\u00b0<\/td>\n<td class=\"spectable-colnumber-2\"><\/td>\n<\/tr>\n<tr>\n<th class=\"active\" scope=\"row\">V<\/th>\n<td class=\"spectable-colnumber-0\">60\u00b0<\/td>\n<td class=\"spectable-colnumber-2\"><\/td>\n<\/tr>\n<tr>\n<th class=\"active\" rowspan=\"2\" scope=\"row\">Components<\/th>\n<th class=\"active\" scope=\"row\">LF<\/th>\n<td class=\"spectable-colnumber-0\">Diameter:10\u2033 cone, Voice Coil:2\u2033, Magnet:Ferrite<\/td>\n<td class=\"spectable-colnumber-2\"><\/td>\n<\/tr>\n<tr>\n<th class=\"active\" scope=\"row\">HF<\/th>\n<td class=\"spectable-colnumber-0\">Diaphragm:1\u2033, Type: 1\u2033 throat compression driver, Magnet:Ferrite<\/td>\n<td class=\"spectable-colnumber-2\"><\/td>\n<\/tr>\n<tr>\n<th class=\"active\" colspan=\"2\" scope=\"row\">Crossover<\/th>\n<td class=\"spectable-colnumber-0\">2.1kHz: FIR-X tuning\u2122 (linear phase FIR filter)<\/td>\n<td class=\"spectable-colnumber-2\"><\/td>\n<\/tr>\n<tr>\n<th class=\"active\" colspan=\"2\" scope=\"row\">Output power<\/th>\n<td class=\"spectable-colnumber-0\">Dynamic:700W (LF: 500 W, HF: 200 W) \/ Continuous: 325 W (LF: 260 W, HF: 65 W)<\/td>\n<td class=\"spectable-colnumber-2\"><\/td>\n<\/tr>\n<tr>\n<th class=\"active\" colspan=\"2\" scope=\"row\">Maximum output level (1m; on axis)<\/th>\n<td class=\"spectable-colnumber-0\">129dB SPL<\/td>\n<td class=\"spectable-colnumber-2\"><\/td>\n<\/tr>\n<tr>\n<th class=\"active\" colspan=\"2\" scope=\"row\">I\/O connectors<\/th>\n<td class=\"spectable-colnumber-0\">INPUT1: Combo x1, INPUT2: Combo x 1 + RCA pin x 2 (Unbalanced), OUTPUT: XLR3-32 x 1 (CH1 Parallel Through or CH1+CH2 Mix)<\/td>\n<td class=\"spectable-colnumber-2\"><\/td>\n<\/tr>\n<tr>\n<th class=\"active\" colspan=\"2\" scope=\"row\">Processors<\/th>\n<td class=\"spectable-colnumber-0\">D-CONTOUR: FOH\/MAIN, MONITOR, OFF<\/td>\n<td class=\"spectable-colnumber-2\"><\/td>\n<\/tr>\n<tr>\n<th class=\"active\" colspan=\"2\" scope=\"row\">Heat dissipation<\/th>\n<td class=\"spectable-colnumber-0\">Fan cooling, 4 speeds<\/td>\n<td class=\"spectable-colnumber-2\"><\/td>\n<\/tr>\n<tr>\n<th class=\"active\" colspan=\"2\" scope=\"row\">Power requirements<\/th>\n<td class=\"spectable-colnumber-0\">100 V, 100-120V, 220-240 V, 110\/127\/220V (Brazil), 50\/60Hz<\/td>\n<td class=\"spectable-colnumber-2\"><\/td>\n<\/tr>\n<tr>\n<th class=\"active\" colspan=\"2\" scope=\"row\">Power consumption<\/th>\n<td class=\"spectable-colnumber-0\">60W(1\/8 Power Consumption), 18W(Idle)<\/td>\n<td class=\"spectable-colnumber-2\"><\/td>\n<\/tr>\n<tr>\n<th class=\"active\" colspan=\"2\" scope=\"row\">Cabinet material<\/th>\n<td class=\"spectable-colnumber-0\">Plastic<\/td>\n<td class=\"spectable-colnumber-2\"><\/td>\n<\/tr>\n<tr>\n<th class=\"active\" colspan=\"2\" scope=\"row\">Acabado<\/th>\n<td class=\"spectable-colnumber-0\">Black<\/td>\n<td class=\"spectable-colnumber-2\"><\/td>\n<\/tr>\n<tr>\n<th class=\"active\" colspan=\"2\" scope=\"row\">Handle<\/th>\n<td class=\"spectable-colnumber-0\">Side x 2<\/td>\n<td class=\"spectable-colnumber-2\"><\/td>\n<\/tr>\n<tr>\n<th class=\"active\" colspan=\"2\" scope=\"row\">Flying and mounting hardware<\/th>\n<td class=\"spectable-colnumber-0\">Bottom x 2, Rear x 1 (Fit for M8 x 15 mm eyebolts)<\/td>\n<td class=\"spectable-colnumber-2\"><\/td>\n<\/tr>\n<tr>\n<th class=\"active\" colspan=\"2\" scope=\"row\">Pole socket<\/th>\n<td class=\"spectable-colnumber-0\">35mm (Bottom x 1)<\/td>\n<td class=\"spectable-colnumber-2\"><\/td>\n<\/tr>\n<tr>\n<th class=\"active\" rowspan=\"3\" scope=\"row\">Dimensions<\/th>\n<th class=\"active\" scope=\"row\">W<\/th>\n<td class=\"spectable-colnumber-0\">308mm (12.1\u2033)<\/td>\n<td class=\"spectable-colnumber-2\"><\/td>\n<\/tr>\n<tr>\n<th class=\"active\" scope=\"row\">H<\/th>\n<td class=\"spectable-colnumber-0\">493mm (19.4\u2033)<\/td>\n<td class=\"spectable-colnumber-2\"><\/td>\n<\/tr>\n<tr>\n<th class=\"active\" scope=\"row\">D<\/th>\n<td class=\"spectable-colnumber-0\">289mm (11.4\u2033)<\/td>\n<td class=\"spectable-colnumber-2\"><\/td>\n<\/tr>\n<tr>\n<th class=\"active\" colspan=\"2\" scope=\"row\">Net weight<\/th>\n<td class=\"spectable-colnumber-0\">10.5 kg (23.2 lbs)<\/td>\n<td class=\"spectable-colnumber-2\"><\/td>\n<\/tr>\n<tr>\n<th class=\"active\" colspan=\"2\" scope=\"row\">Accessorios<\/th>\n<td class=\"spectable-colnumber-0\">BBS251, BCS251, BWS251-300, BWS251-400 (Optional Speaker bracket)<\/td>\n<td class=\"spectable-colnumber-2\"><\/td>\n<\/tr>\n<\/tbody>\n<\/table>\n<p>\u00a0<\/p>\n<p>Para m\u00e1s informaci\u00f3n del producto:<\/p>\n<p><a href=\"https:\/\/es.yamaha.com\/es\/products\/proaudio\/speakers\/dbr\/index.html\" target=\"_blank\" rel=\"noopener\">https:\/\/es.yamaha.com\/es\/products\/proaudio\/speakers\/dbr\/index.html<\/a><\/p>\n","protected":false},"excerpt":{"rendered":"<h4>CAJA ACTIVA YAMAHA DBR10. Altavoz bi-amplificado de 700 watios Din\u00e1micos, 2 v\u00edas, 10&#8243;+1&#8243;, procesamiento y protecci\u00f3n por DSP, 129 dB SPL. Pl\u00e1stico.<\/h4>\n","protected":false},"featured_media":15864,"template":"","meta":[],"product_cat":[661,712,710],"product_tag":[],"class_list":{"0":"post-29036","1":"product","2":"type-product","3":"status-publish","4":"has-post-thumbnail","6":"product_brand-yamaha","7":"product_cat-audio-profesional","8":"product_cat-caja-activa","9":"product_cat-cajas-acusticas","11":"first","12":"instock","13":"taxable","14":"shipping-taxable","15":"purchasable","16":"product-type-simple","17":"col-xs-6 col-sm-4","18":"col-md-3 col-lg-3","19":"un-4-cols"},"_links":{"self":[{"href":"https:\/\/www.audioibiza.com\/index.php\/wp-json\/wp\/v2\/product\/29036","targetHints":{"allow":["GET"]}}],"collection":[{"href":"https:\/\/www.audioibiza.com\/index.php\/wp-json\/wp\/v2\/product"}],"about":[{"href":"https:\/\/www.audioibiza.com\/index.php\/wp-json\/wp\/v2\/types\/product"}],"wp:featuredmedia":[{"embeddable":true,"href":"https:\/\/www.audioibiza.com\/index.php\/wp-json\/wp\/v2\/media\/15864"}],"wp:attachment":[{"href":"https:\/\/www.audioibiza.com\/index.php\/wp-json\/wp\/v2\/media?parent=29036"}],"wp:term":[{"taxonomy":"product_cat","embeddable":true,"href":"https:\/\/www.audioibiza.com\/index.php\/wp-json\/wp\/v2\/product_cat?post=29036"},{"taxonomy":"product_tag","embeddable":true,"href":"https:\/\/www.audioibiza.com\/index.php\/wp-json\/wp\/v2\/product_tag?post=29036"}],"curies":[{"name":"wp","href":"https:\/\/api.w.org\/{rel}","templated":true}]}}