{"id":28420,"date":"2021-07-27T16:50:30","date_gmt":"2021-07-27T14:50:30","guid":{"rendered":"https:\/\/www.audioibiza.com\/?post_type=product&#038;p=28420"},"modified":"2026-01-28T13:19:54","modified_gmt":"2026-01-28T12:19:54","slug":"mesa-de-mezclas-pioneer-dj-djm-v10","status":"publish","type":"product","link":"https:\/\/www.audioibiza.com\/index.php\/mesa-de-mezclas-pioneer-dj-djm-v10\/","title":{"rendered":"Mesa de mezclas PIONEER DJ DJM-V10"},"content":{"rendered":"<p><iframe title=\"Pioneer DJ DJM-V10 6-channel professional DJ mixer: Official Introduction\" width=\"840\" height=\"473\" src=\"https:\/\/www.youtube.com\/embed\/xNYTE1n4OvU?feature=oembed\" frameborder=\"0\" allow=\"accelerometer; autoplay; clipboard-write; encrypted-media; gyroscope; picture-in-picture; web-share\" referrerpolicy=\"strict-origin-when-cross-origin\" allowfullscreen><\/iframe><\/p>\n<p><iframe title=\"PIONEER DJ DJM V10 VIDEO TUTORIAL (Spanish)\" width=\"840\" height=\"473\" src=\"https:\/\/www.youtube.com\/embed\/5t3jl6es6VY?feature=oembed\" frameborder=\"0\" allow=\"accelerometer; autoplay; clipboard-write; encrypted-media; gyroscope; picture-in-picture; web-share\" referrerpolicy=\"strict-origin-when-cross-origin\" allowfullscreen><\/iframe><\/p>\n<h1>Mesa de mezclas PIONEER DJ DJM-V10<\/h1>\n<p>Forja un sonido \u00fanico con la <a href=\"https:\/\/www.audioibiza.com\/index.php\/mesa-de-mezclas-pioneer-dj-djm-v10\/\">DJM-V10<\/a>. Nacida de un nuevo concepto de dise\u00f1o, la DJM-V10 es una nueva generaci\u00f3n de mesas de mezclas, construida para permitir a los DJs m\u00e1s creativos crear paisajes sonoros originales.<\/p>\n<p>Esta unidad de 6 canales produce un audio c\u00e1lido, pero con energ\u00eda y presencia, y dispone de caracter\u00edsticas \u00fanicas. Toma el control total de tus mezclas y disfruta de la libertad de crear algo que la multitud nunca haya escuchado antes, ya sea en solitario o combinado con otro DJ.<\/p>\n<ul>\n<li>\n<div class=\"feature compact\">\n<div class=\"head\">\n<h3 class=\"h3\">Manual de instrucciones<\/h3>\n<\/div>\n<div class=\"body\">\n<p>Hemos incorporado un procesamiento de mezcla y difuminado de 96 kHz \/ 64 bits con calidad de estudio, as\u00ed como convertidores A\/D y D\/A de 32 bits de alta calidad y un circuito de reloj de baja fluctuaci\u00f3n, entre otros componentes que ayudan a producir una gama de graves completa que se complementa con medios vibrantes y unos agudos m\u00e1s precisos.<\/p>\n<\/div>\n<\/div>\n<\/li>\n<li>\n<div class=\"feature compact\">\n<div class=\"head\">\n<h3 class=\"h3\">6 canales con una amplia gama de entradas<\/h3>\n<\/div>\n<div class=\"body\">\n<p>Puedes crear tu configuraci\u00f3n perfecta con 6 canales y una gran cantidad de diferentes tipos de entrada.<\/p>\n<\/div>\n<\/div>\n<\/li>\n<li>\n<div class=\"feature compact\">\n<div class=\"head\">\n<h3 class=\"h3\">Ecualizador de 4 bandas y compresor<\/h3>\n<\/div>\n<div class=\"body\">\n<p>Toma el control total de tu mezcla con el ecualizador de 4 bandas recientemente desarrollado. Un compresor incorporado permite un mayor ajuste del volumen de tus pistas.<\/p>\n<\/div>\n<\/div>\n<\/li>\n<li>\n<div class=\"feature compact\">\n<div class=\"head\">\n<h3 class=\"h3\">Efectos para expresar tu creatividad<\/h3>\n<\/div>\n<div class=\"body\">\n<p>La secci\u00f3n expandida de Send\/Return te permite a\u00f1adir FX externos, o incluso combinarlos con los FX incorporados. Crea sonidos \u00fanicos; Las posibilidades son casi ilimitadas.<\/p>\n<\/div>\n<\/div>\n<\/li>\n<li>\n<div class=\"feature compact\">\n<div class=\"head\">\n<h3 class=\"h3\">Isolator master de 3 bandas<\/h3>\n<\/div>\n<div class=\"body\">\n<p>Controla sin esfuerzo el tono global de toda la mezcla utilizando el Isolator master de 3 bandas, que presenta nuevas curvas de aumento \/ corte y ajustes a las frecuencias de cruce y otros par\u00e1metros. Gira los grandes botones y exalta a la multitud cambiando dr\u00e1sticamente el sonido.<\/p>\n<\/div>\n<\/div>\n<\/li>\n<li>\n<div class=\"feature compact active\">\n<div class=\"head\">\n<h3 class=\"h3\">Salida de Auriculares dual y Ecualizaci\u00f3n de Cabina<\/h3>\n<\/div>\n<div class=\"body\">\n<p>La DJM-V10 hace que la preescucha entre cambio de DJ sea simple y c\u00f3moda. Puedes ajustar el sonido en la cabina DJ de la manera que desees.<\/p>\n<\/div>\n<\/div>\n<\/li>\n<\/ul>\n<div class=\"body\">\n<h2>Cable de alimentaci\u00f3n bloqueable<\/h2>\n<p>Se incluye un cable de alimentaci\u00f3n con bloqueo para mayor fiabilidad y para evitar desconexiones accidentales.<sup>*<\/sup><br \/>\n<sup>*<\/sup>Excluyendo algunas \u00e1reas.<\/p>\n<h2 class=\"picture\">Compatible con la app DJM-REC<\/h2>\n<div class=\"body\">\n<p>Graba y archiva tus mezclas a trav\u00e9s de iPhone o iPad, sube tus sonidos a servicios en la nube o transmite en vivo tus sesiones sin esfuerzo<\/p>\n<\/div>\n<h2 class=\"picture\">rekordbox<\/h2>\n<div class=\"body\">\n<p>Aprovecha al m\u00e1ximo la funci\u00f3n DVS de baja latencia de rekordbox para un scratch intuitivo y suave.<\/p>\n<\/div>\n<h2 class=\"picture\">Serato DVS-ready<\/h2>\n<div class=\"body\">\n<p>Usa <a href=\"https:\/\/serato.com\/dj\/pro\/expansions\/dvs?dvs=dvs-ready\" target=\"_blank\" rel=\"noopener noreferrer\">Serato DVS<\/a> para controlar y hacer scratch con CDJ o giradiscos (se requiere licencia Serato DJ Club Kit, disponible por separado).<\/p>\n<\/div>\n<h2 class=\"picture\">TRAKTOR DVS-ready<\/h2>\n<div class=\"body\">\n<p>Disfruta del control DVS a trav\u00e9s de <a href=\"https:\/\/www.native-instruments.com\/en\/products\/traktor\/dj-software\/traktor-pro-3\/\" target=\"_blank\" rel=\"noopener noreferrer\">TRAKTOR PRO 3<\/a> de Native Instruments (disponible por separado). \u00dasalo para controlar y scratchear intuitivamente con archivos de audio digital almacenados en tu ordenador. Obt\u00e9n m\u00e1s informaci\u00f3n sobre el programa Pioneer DJ Certified.<\/p>\n<\/div>\n<h2 class=\"picture\">ShowKontrol<\/h2>\n<div class=\"body\">\n<p>La DJM-V10 es compatible con el protocolo extendido PRO DJ LINK <a href=\"https:\/\/www.tc-supply.com\/\" target=\"_blank\" rel=\"noopener noreferrer\">ShowKontrol<\/a>. Esto permite a los DJ, productores t\u00e9cnicos, LJ y VJ utilizar toda la informaci\u00f3n importante del DJM-V10, como las posiciones reales de los faders y los mandos, para alinear eficazmente el sonido y las im\u00e1genes y crear espect\u00e1culos que impresionen al p\u00fablico.<\/p>\n<\/div>\n<\/div>\n<div class=\"folder__container js-folder js-folder--is-open\">\n<h3 class=\"folder__trigger js-folder__header js-folder__header--is-open\">Funciones principales<i class=\"ico\"><\/i><\/h3>\n<div class=\"folder__content js-folder__content js-folder__content--is-open\">\n<table class=\"specs-table\">\n<tbody>\n<tr>\n<th class=\"specs-table__lbl\">\n<p class=\"h6\">Control MIDI<\/p>\n<\/th>\n<td class=\"specs-table__val\">Control MIDI totalmente asignable<\/td>\n<\/tr>\n<tr>\n<th class=\"specs-table__lbl\">\n<p class=\"h6\">Control Scratch<\/p>\n<\/th>\n<td class=\"specs-table__val\">\n<ul>\n<li>rekordbox<\/li>\n<li>Serato DJ Pro<\/li>\n<li>TRAKTOR PRO 3<\/li>\n<\/ul>\n<\/td>\n<\/tr>\n<tr>\n<th class=\"specs-table__lbl\">\n<p class=\"h6\">Contenido de la caja<\/p>\n<\/th>\n<td class=\"specs-table__val\">\n<ul class=\"list-rotary\">\n<li>DJM-V10<\/li>\n<li>Cable de alimentaci\u00f3n<\/li>\n<li>Garant\u00eda (para algunas regiones)<\/li>\n<li>Gu\u00eda de inicio r\u00e1pido<\/li>\n<li>Manual de instrucciones<\/li>\n<\/ul>\n<\/td>\n<\/tr>\n<\/tbody>\n<\/table>\n<\/div>\n<\/div>\n<div class=\"folder__container js-folder js-folder--is-open\">\n<h3 class=\"folder__trigger js-folder__header js-folder__header--is-open\">Especificaciones<i class=\"ico\"><\/i><\/h3>\n<div class=\"folder__content js-folder__content js-folder__content--is-open\">\n<table class=\"specs-table\">\n<tbody>\n<tr>\n<th class=\"specs-table__lbl\">\n<p class=\"h6\">Velocidad de muestreo<\/p>\n<\/th>\n<td class=\"specs-table__val\">96 kHz<\/td>\n<\/tr>\n<tr>\n<th class=\"specs-table__lbl\">\n<p class=\"h6\">Ancho<\/p>\n<\/th>\n<td class=\"specs-table__val\">437,6 mm<\/td>\n<\/tr>\n<tr>\n<th class=\"specs-table__lbl\">\n<p class=\"h6\">Alto<\/p>\n<\/th>\n<td class=\"specs-table__val\">107,9 mm<\/td>\n<\/tr>\n<tr>\n<th class=\"specs-table__lbl\">\n<p class=\"h6\">Profundo<\/p>\n<\/th>\n<td class=\"specs-table__val\">467 mm<\/td>\n<\/tr>\n<tr>\n<th class=\"specs-table__lbl\">\n<p class=\"h6\">Peso<\/p>\n<\/th>\n<td class=\"specs-table__val\">11,9 kg<\/td>\n<\/tr>\n<tr>\n<th class=\"specs-table__lbl\">\n<p class=\"h6\">Convertidor A\/D<\/p>\n<\/th>\n<td class=\"specs-table__val\">32 bit<\/td>\n<\/tr>\n<tr>\n<th class=\"specs-table__lbl\">\n<p class=\"h6\">Convertidor D\/A<\/p>\n<\/th>\n<td class=\"specs-table__val\">32 bit<\/td>\n<\/tr>\n<tr>\n<th class=\"specs-table__lbl\">\n<p class=\"h6\">Relaci\u00f3n Se\u00f1al\/Ruido Line<\/p>\n<\/th>\n<td class=\"specs-table__val\">105 dB<\/td>\n<\/tr>\n<tr>\n<th class=\"specs-table__lbl\">\n<p class=\"h6\">Relaci\u00f3n Se\u00f1al\/Ruido Phono<\/p>\n<\/th>\n<td class=\"specs-table__val\">88 dB<\/td>\n<\/tr>\n<tr>\n<th class=\"specs-table__lbl\">\n<p class=\"h6\">Relaci\u00f3n Se\u00f1al\/Ruido Mic<\/p>\n<\/th>\n<td class=\"specs-table__val\">79 dB<\/td>\n<\/tr>\n<\/tbody>\n<\/table>\n<\/div>\n<\/div>\n<div class=\"folder__container js-folder js-folder--is-open\">\n<h3 class=\"folder__trigger js-folder__header js-folder__header--is-open\">Canales<i class=\"ico\"><\/i><\/h3>\n<div class=\"folder__content js-folder__content js-folder__content--is-open\">\n<table class=\"specs-table\">\n<tbody>\n<tr>\n<th class=\"specs-table__lbl\">\n<p class=\"h6\">EQ<\/p>\n<\/th>\n<td class=\"specs-table__val\">4 band<\/td>\n<\/tr>\n<\/tbody>\n<\/table>\n<\/div>\n<\/div>\n<div class=\"folder__container js-folder js-folder--is-open\">\n<h3 class=\"folder__trigger js-folder__header js-folder__header--is-open\">Control de rendimiento<i class=\"ico\"><\/i><\/h3>\n<div class=\"folder__content js-folder__content js-folder__content--is-open\">\n<table class=\"specs-table\">\n<tbody>\n<tr>\n<th class=\"specs-table__lbl\">\n<p class=\"h6\">Canales<\/p>\n<\/th>\n<td class=\"specs-table__val\">6<\/td>\n<\/tr>\n<tr>\n<th class=\"specs-table__lbl\">\n<p class=\"h6\">Filter<\/p>\n<\/th>\n<td class=\"specs-table__val\">\n<ul>\n<li>HPF<\/li>\n<li>LPF<\/li>\n<\/ul>\n<\/td>\n<\/tr>\n<tr>\n<th class=\"specs-table__lbl\">\n<p class=\"h6\">SEND<\/p>\n<\/th>\n<td class=\"specs-table__val\">\n<ul>\n<li>Short Delay<\/li>\n<li>Long Delay<\/li>\n<li>Dub Echo<\/li>\n<li>Reverb<\/li>\n<li>2 Externals (1\/4-inch TS jack)<\/li>\n<\/ul>\n<\/td>\n<\/tr>\n<tr>\n<th class=\"specs-table__lbl\">\n<p class=\"h6\">MULTI I\/O<\/p>\n<\/th>\n<td class=\"specs-table__val\">\n<ul>\n<li>1\/4-inch jack<\/li>\n<li>USB (Type A)<\/li>\n<\/ul>\n<\/td>\n<\/tr>\n<tr>\n<th class=\"specs-table__lbl\">\n<p class=\"h6\">Beat FX<\/p>\n<\/th>\n<td class=\"specs-table__val\">\n<ul>\n<li>Delay<\/li>\n<li>Echo<\/li>\n<li>Ping Pong<\/li>\n<li>Spiral<\/li>\n<li>Helix<\/li>\n<li>Reverb<\/li>\n<li>Shimmer<\/li>\n<li>Flanger<\/li>\n<li>Phaser<\/li>\n<li>Filter<\/li>\n<li>Trans<\/li>\n<li>Roll<\/li>\n<li>Pitch<\/li>\n<li>Vinyl Brake<\/li>\n<\/ul>\n<\/td>\n<\/tr>\n<\/tbody>\n<\/table>\n<\/div>\n<\/div>\n<div class=\"folder__container js-folder js-folder--is-open\">\n<h3 class=\"folder__trigger js-folder__header js-folder__header--is-open\">Curva Fader<i class=\"ico\"><\/i><\/h3>\n<div class=\"folder__content js-folder__content js-folder__content--is-open\">\n<table class=\"specs-table\">\n<tbody>\n<tr>\n<th class=\"specs-table__lbl\">\n<p class=\"h6\">Curva Fader<\/p>\n<\/th>\n<td class=\"specs-table__val\">3<\/td>\n<\/tr>\n<\/tbody>\n<\/table>\n<\/div>\n<\/div>\n<div class=\"folder__container js-folder js-folder--is-open\">\n<h3 class=\"folder__trigger js-folder__header js-folder__header--is-open\">Atenuador Talkover<i class=\"ico\"><\/i><\/h3>\n<div class=\"folder__content js-folder__content js-folder__content--is-open\">\n<table class=\"specs-table\">\n<tbody>\n<tr>\n<th class=\"specs-table__lbl\">\n<p class=\"h6\">Conexi\u00f3n Mic<\/p>\n<\/th>\n<td class=\"specs-table__val\">\n<ul>\n<li>XLR \/ Combo Jack 1\/4-pulgadas<\/li>\n<li>TRS Jack 1\/4 pulgadas<\/li>\n<\/ul>\n<\/td>\n<\/tr>\n<\/tbody>\n<\/table>\n<\/div>\n<\/div>\n<div class=\"folder__container js-folder js-folder--is-open\">\n<h3 class=\"folder__trigger js-folder__header js-folder__header--is-open\">Terminales<i class=\"ico\"><\/i><\/h3>\n<div class=\"folder__content js-folder__content js-folder__content--is-open\">\n<table class=\"specs-table\">\n<tbody>\n<tr>\n<th class=\"specs-table__lbl\">\n<p class=\"h6\">Entradas<\/p>\n<\/th>\n<td class=\"specs-table__val\">\n<ul>\n<li>6 DIGITAL (Coaxial)<\/li>\n<li>6 LINE (RCA)<\/li>\n<li>4 PHONO (RCA)<\/li>\n<\/ul>\n<\/td>\n<\/tr>\n<tr>\n<th class=\"specs-table__lbl\">\n<p class=\"h6\">Send\/Return<\/p>\n<\/th>\n<td class=\"specs-table__val\">\n<ul>\n<li>3 SEND (1\/4-inch TS jack)<\/li>\n<li>3 RETURN (1\/4-inch TS jack)<\/li>\n<\/ul>\n<\/td>\n<\/tr>\n<tr>\n<th class=\"specs-table__lbl\">\n<p class=\"h6\">Canales<\/p>\n<\/th>\n<td class=\"specs-table__val\">1<\/td>\n<\/tr>\n<tr>\n<th class=\"specs-table__lbl\">\n<p class=\"h6\">Modos Performance<\/p>\n<\/th>\n<td class=\"specs-table__val\">\n<ul>\n<li>2 puerto USB B<\/li>\n<li>1 puerto USB A<\/li>\n<\/ul>\n<\/td>\n<\/tr>\n<tr>\n<th class=\"specs-table__lbl\">\n<p class=\"h6\">Salidas<\/p>\n<\/th>\n<td class=\"specs-table__val\">\n<ul>\n<li>2 MASTER (XLR, RCA)<\/li>\n<li>1 BOOTH (TRS Jack 1\/4 pulgadas)<\/li>\n<li>4 HEADPHONE MONITOR (Jack 1\/4 pulgadas, mini-jack)<\/li>\n<li>1 REC OUT (RCA)<\/li>\n<li>1 DIGITAL (AES\/EBU)<\/li>\n<li>1 MIDI (DIN)<\/li>\n<\/ul>\n<\/td>\n<\/tr>\n<\/tbody>\n<\/table>\n<\/div>\n<\/div>\n<p>Para m\u00e1s informaci\u00f3n del producto:<\/p>\n<p><a href=\"https:\/\/www.pioneerdj.com\/es-es\/product\/mixer\/djm-v10\/black\/overview\/\" target=\"_blank\" rel=\"noopener\">https:\/\/www.pioneerdj.com\/es-es\/product\/mixer\/djm-v10\/black\/overview\/<\/a><\/p>\n","protected":false},"excerpt":{"rendered":"<div class=\"head\">\n<h4 class=\"desc\">Mesa de mezclas Pioneer DJ DJM-V10 digital profesional de 6 canales<\/h4>\n<p>Forja un sonido \u00fanico con la DJM-V10. Nacida de un nuevo concepto de dise\u00f1o, la DJM-V10 es una nueva generaci\u00f3n de mesas de mezclas, construida para permitir a los DJs m\u00e1s creativos crear paisajes sonoros originales. Esta unidad de 6 canales y una gran cantidad de diferentes tipos de entrada produce un audio c\u00e1lido, pero con energ\u00eda y presencia, y dispone de caracter\u00edsticas \u00fanicas.<\/p>\n<p>Disfruta de la libertad de crear algo que la multitud nunca haya escuchado antes, ya sea en solitario o combinado con otro DJ. Hemos incorporado un procesamiento de mezcla y difuminado de 96 kHz \/ 64 bits con calidad de estudio, as\u00ed como convertidores A\/D y D\/A de 32 bits de alta calidad, entre otros componentes que ayudan a producir una gama de graves completa que se complementa con medios vibrantes y unos agudos m\u00e1s precisos.<\/p>\n<p>Toma el control total de tu mezcla con el ecualizador de 4 bandas recientemente desarrollado. Un compresor incorporado permite un mayor ajuste del volumen de tus pistaS. La secci\u00f3n expandida de Send\/Return te permite a\u00f1adir FX externos, o incluso combinarlos con los FX incorporados. Controla el tono global de toda la mezcla utilizando el Isolator master de 3 bandas. Salida de auriculares dual y ecualizaci\u00f3n del monitor de cabina.<\/p>\n<\/div>\n","protected":false},"featured_media":28421,"template":"","meta":[],"product_cat":[728,665,729],"product_tag":[],"class_list":{"0":"post-28420","1":"product","2":"type-product","3":"status-publish","4":"has-post-thumbnail","6":"product_brand-pioneer-dj","7":"product_cat-mesas-de-mezclas-dj","8":"product_cat-dj","9":"product_cat-mesa-de-mezclas-dj","11":"first","12":"instock","13":"taxable","14":"shipping-taxable","15":"purchasable","16":"product-type-simple","17":"col-xs-6 col-sm-4","18":"col-md-3 col-lg-3","19":"un-4-cols"},"_links":{"self":[{"href":"https:\/\/www.audioibiza.com\/index.php\/wp-json\/wp\/v2\/product\/28420","targetHints":{"allow":["GET"]}}],"collection":[{"href":"https:\/\/www.audioibiza.com\/index.php\/wp-json\/wp\/v2\/product"}],"about":[{"href":"https:\/\/www.audioibiza.com\/index.php\/wp-json\/wp\/v2\/types\/product"}],"wp:featuredmedia":[{"embeddable":true,"href":"https:\/\/www.audioibiza.com\/index.php\/wp-json\/wp\/v2\/media\/28421"}],"wp:attachment":[{"href":"https:\/\/www.audioibiza.com\/index.php\/wp-json\/wp\/v2\/media?parent=28420"}],"wp:term":[{"taxonomy":"product_cat","embeddable":true,"href":"https:\/\/www.audioibiza.com\/index.php\/wp-json\/wp\/v2\/product_cat?post=28420"},{"taxonomy":"product_tag","embeddable":true,"href":"https:\/\/www.audioibiza.com\/index.php\/wp-json\/wp\/v2\/product_tag?post=28420"}],"curies":[{"name":"wp","href":"https:\/\/api.w.org\/{rel}","templated":true}]}}