{"id":28338,"date":"2021-07-19T09:49:01","date_gmt":"2021-07-19T07:49:01","guid":{"rendered":"https:\/\/www.audioibiza.com\/?post_type=product&#038;p=28338"},"modified":"2024-08-20T10:01:39","modified_gmt":"2024-08-20T08:01:39","slug":"soporte-altavoz-subwoofer-d8611","status":"publish","type":"product","link":"https:\/\/www.audioibiza.com\/index.php\/soporte-altavoz-subwoofer-d8611\/","title":{"rendered":"Accesorio cajas acusticas soporte altavoz-subwoofer D8611"},"content":{"rendered":"<h1>ACCESORIO CAJAS ACUSTICAS SOPORTE ALTAVOZ-SUBWOOFER <a href=\"https:\/\/www.audioibiza.com\/index.php\/soporte-altavoz-subwoofer-d8611\/\">D8611<\/a><\/h1>\n<div id=\"productDescriptionToggle\" class=\"descriptionOuter descriptionExpanded\">\n<div class=\"descriptionInner\">Producidos en Europa, estos soportes extremadamente robustos han sido dise\u00f1ados para estar en la carretera. Estables, robustos, f\u00e1ciles de montar y manejar; pueden igualar las especificaciones de cualquier marca l\u00edder.<\/div>\n<div><\/div>\n<div class=\"descriptionInner\">Todos los materiales utilizados son una expresi\u00f3n de los est\u00e1ndares de calidad que hemos establecido para las Soportes Mammoth. Estos soportes est\u00e1n disponibles en diferentes alturas y tambi\u00e9n son adecuados para montar amplificadores y tambores.<\/div>\n<div><\/div>\n<\/div>\n<h4 class=\"item title active\" tabindex=\"0\" role=\"tab\" data-role=\"collapsible\" data-collapsible=\"true\" aria-controls=\"tab-specifications\" aria-selected=\"false\" aria-expanded=\"true\">Especificaciones<\/h4>\n<div id=\"tab-specifications\" class=\"item content\" role=\"tabpanel\" data-role=\"content\" aria-hidden=\"false\">\n<div class=\"filter-options-content block\">\n<div class=\"odd:bg-container-darker bg-white grid grid-cols-2 text-sm\">\n<div class=\"p-2 font-medium\">Minimum Height (mm) 900 mm<\/div>\n<div class=\"pt-2 pb-2 pr-2 pl-10\">Maximum Height (mm)1280 mm<\/div>\n<\/div>\n<div class=\"odd:bg-container-darker bg-white grid grid-cols-2 text-sm\">\n<div class=\"p-2 font-medium\">Material Steel<\/div>\n<\/div>\n<div class=\"odd:bg-container-darker bg-white grid grid-cols-2 text-sm\">\n<div class=\"p-2 font-medium\">Colour Black<\/div>\n<\/div>\n<div class=\"odd:bg-container-darker bg-white grid grid-cols-2 text-sm\">\n<div class=\"p-2 font-medium\">Weight 1,9 kg<\/div>\n<\/div>\n<div class=\"odd:bg-container-darker bg-white grid grid-cols-2 text-sm\">\n<div class=\"p-2 font-medium\">Maximum Load 50 kg<\/div>\n<\/div>\n<div class=\"odd:bg-container-darker bg-white grid grid-cols-2 text-sm\">\n<div class=\"p-2 font-medium\">Locking Type Screw Knob<\/div>\n<\/div>\n<div class=\"odd:bg-container-darker bg-white grid grid-cols-2 text-sm\">\n<div class=\"p-2 font-medium\">Stand Application Speaker<\/div>\n<\/div>\n<div class=\"odd:bg-container-darker bg-white grid grid-cols-2 text-sm\">\n<div class=\"p-2 font-medium\">Folded Maximum Length 1.235 mm<\/div>\n<\/div>\n<div class=\"odd:bg-container-darker bg-white grid grid-cols-2 text-sm\">\n<div class=\"p-2 font-medium\">Speaker Adapter Diameter 35 mm<\/div>\n<\/div>\n<\/div>\n<\/div>\n<p>\u00a0<\/p>\n<p>Para m\u00e1s informaci\u00f3n del producto:<\/p>\n<p><a href=\"https:\/\/www.highlite.com\/es\/d8611-distance-tube-m20.html\" target=\"_blank\" rel=\"noopener\">https:\/\/www.highlite.com\/es\/d8611-distance-tube-m20.html<\/a><\/p>\n<p>\u00a0<\/p>\n","protected":false},"excerpt":{"rendered":"<h4>ACCESORIO CAJAS ACUSTICAS SOPORTE ALTAVOZ SUBWOOFER D8611<\/h4>\n<div class=\"odd:bg-container-darker bg-white grid grid-cols-2 text-sm\">\n<ul>\n<li class=\"p-2 font-medium\">Minimum Height (mm) 900 mm<\/li>\n<li class=\"p-2 font-medium\">Maximum Height (mm)1280 mm<\/li>\n<li class=\"p-2 font-medium\">\n<div class=\"p-2 font-medium\">Material Steel<\/div>\n<\/li>\n<li class=\"p-2 font-medium\">\n<div class=\"p-2 font-medium\">Colour Black<\/div>\n<\/li>\n<li class=\"p-2 font-medium\">\n<div class=\"p-2 font-medium\">Weight 1,9 kg<\/div>\n<\/li>\n<li class=\"p-2 font-medium\">\n<div class=\"p-2 font-medium\">Maximum Load 50 kg<\/div>\n<\/li>\n<li class=\"p-2 font-medium\">\n<div class=\"p-2 font-medium\">Locking Type Screw Knob<\/div>\n<\/li>\n<li class=\"p-2 font-medium\">\n<div class=\"p-2 font-medium\">Stand Application Speaker<\/div>\n<\/li>\n<li class=\"p-2 font-medium\">\n<div class=\"p-2 font-medium\">Folded Maximum Length 1.235 mm<\/div>\n<\/li>\n<li class=\"p-2 font-medium\">\n<div class=\"p-2 font-medium\">Speaker Adapter Diameter 35 mm<\/div>\n<\/li>\n<\/ul>\n<\/div>\n","protected":false},"featured_media":28339,"template":"","meta":[],"product_cat":[661,713,710],"product_tag":[],"class_list":{"0":"post-28338","1":"product","2":"type-product","3":"status-publish","4":"has-post-thumbnail","6":"product_brand-dap-audio","7":"product_cat-audio-profesional","8":"product_cat-accesorios-cajas-acusticas","9":"product_cat-cajas-acusticas","10":"product_shipping_class-pequeno-y-barato-10","12":"first","13":"instock","14":"taxable","15":"shipping-taxable","16":"purchasable","17":"product-type-simple","18":"col-xs-6 col-sm-4","19":"col-md-3 col-lg-3","20":"un-4-cols"},"_links":{"self":[{"href":"https:\/\/www.audioibiza.com\/index.php\/wp-json\/wp\/v2\/product\/28338","targetHints":{"allow":["GET"]}}],"collection":[{"href":"https:\/\/www.audioibiza.com\/index.php\/wp-json\/wp\/v2\/product"}],"about":[{"href":"https:\/\/www.audioibiza.com\/index.php\/wp-json\/wp\/v2\/types\/product"}],"wp:featuredmedia":[{"embeddable":true,"href":"https:\/\/www.audioibiza.com\/index.php\/wp-json\/wp\/v2\/media\/28339"}],"wp:attachment":[{"href":"https:\/\/www.audioibiza.com\/index.php\/wp-json\/wp\/v2\/media?parent=28338"}],"wp:term":[{"taxonomy":"product_cat","embeddable":true,"href":"https:\/\/www.audioibiza.com\/index.php\/wp-json\/wp\/v2\/product_cat?post=28338"},{"taxonomy":"product_tag","embeddable":true,"href":"https:\/\/www.audioibiza.com\/index.php\/wp-json\/wp\/v2\/product_tag?post=28338"}],"curies":[{"name":"wp","href":"https:\/\/api.w.org\/{rel}","templated":true}]}}