{"id":23363,"date":"2020-11-13T13:09:07","date_gmt":"2020-11-13T12:09:07","guid":{"rendered":"https:\/\/www.audioibiza.com\/?post_type=product&#038;p=23363"},"modified":"2026-01-30T11:39:34","modified_gmt":"2026-01-30T10:39:34","slug":"caja-activa-electrovoice-elx200-12p","status":"publish","type":"product","link":"https:\/\/www.audioibiza.com\/index.php\/caja-activa-electrovoice-elx200-12p\/","title":{"rendered":"Caja Activa ELECTROVOICE ELX200-12P"},"content":{"rendered":"<p><iframe title=\"Meet Electro-Voice&#039;s ELX200 portable loudspeaker family\" width=\"840\" height=\"473\" src=\"https:\/\/www.youtube.com\/embed\/3Dio5Jlp9b8?feature=oembed\" frameborder=\"0\" allow=\"accelerometer; autoplay; clipboard-write; encrypted-media; gyroscope; picture-in-picture; web-share\" referrerpolicy=\"strict-origin-when-cross-origin\" allowfullscreen><\/iframe><\/p>\n<h1><a href=\"https:\/\/www.audioibiza.com\/index.php\/caja-activa-electrovoice-elx200-12p\/\">CAJA ACTIVA ELECTROVOICE ELX200-12P<\/a><\/h1>\n<p>Para m\u00e1s informaci\u00f3n del producto:<\/p>\n<p><a href=\"https:\/\/products.electrovoice.com\/emea\/en\/elx200-12p\/\" target=\"_blank\" rel=\"noopener\">https:\/\/products.electrovoice.com\/emea\/en\/elx200-12p\/<\/a><\/p>\n","protected":false},"excerpt":{"rendered":"<h4>CAJA ACTIVA ELECTROVOICE ELX200-12P<\/h4>\n<p><span class=\"fontstyle0\">Sistema full range de 2 v\u00edas autoamplificado. Recinto con forma trapezoidal asim\u00e9trico construido con moldeado de polipropileno inyectado, acabado encolor negro. Permite control y monitorizaci\u00f3n de hasta 6 sistemas simult\u00e1neamente mediante aplicaci\u00f3n QuickSmart Mobile para iOS y Android. <\/span><\/p>\n<p><span class=\"fontstyle0\">Incluye 2 asas para transporte, soporte para tr\u00edpode y 3 puntos de anclaje M10. Incorpora m\u00f3dulo de amplificaci\u00f3n Clase D de 1.200W con QuickSmart DSP, pantalla LCD, con preajustes para modo de aplicaci\u00f3n y ubicaci\u00f3n, 5 preajustes programables por el usuario, control de tonos y selecci\u00f3n de filtro para uso con SUB <\/span><\/p>\n<ul>\n<li><span class=\"fontstyle0\">2 entradas MIC\/LINE (Combo XLR-Jack\u00bc&#8217;), 1 entrada AUX (RCA Est\u00e9reo), 1 salida con la suma de todaslas entradas (XLR). <\/span><\/li>\n<li><span class=\"fontstyle0\">LF: 1x altavoz con cono de 12&#8242; (EVS-12M). HF: 1x motor con diafragma de titaniode 1&#8242; (DH-1C). <\/span><\/li>\n<li><span class=\"fontstyle0\">Respuesta -10dB: 51Hz &#8211; 20kHz. M\u00e1xSPL: 130dB. <\/span><\/li>\n<li><span class=\"fontstyle0\">\u00c1ngulo de cobertura: H 90\u00b0 x V 60\u00b0.\u00a0 <\/span><\/li>\n<li><span class=\"fontstyle0\">Dimensiones (HxWxD): 629 x 363 x 344<\/span><\/li>\n<\/ul>\n","protected":false},"featured_media":23418,"template":"","meta":[],"product_cat":[661,712,710],"product_tag":[],"class_list":{"0":"post-23363","1":"product","2":"type-product","3":"status-publish","4":"has-post-thumbnail","6":"product_brand-electrovoice","7":"product_cat-audio-profesional","8":"product_cat-caja-activa","9":"product_cat-cajas-acusticas","11":"first","12":"outofstock","13":"taxable","14":"shipping-taxable","15":"purchasable","16":"product-type-simple","17":"col-xs-6 col-sm-4","18":"col-md-3 col-lg-3","19":"un-4-cols"},"_links":{"self":[{"href":"https:\/\/www.audioibiza.com\/index.php\/wp-json\/wp\/v2\/product\/23363","targetHints":{"allow":["GET"]}}],"collection":[{"href":"https:\/\/www.audioibiza.com\/index.php\/wp-json\/wp\/v2\/product"}],"about":[{"href":"https:\/\/www.audioibiza.com\/index.php\/wp-json\/wp\/v2\/types\/product"}],"wp:featuredmedia":[{"embeddable":true,"href":"https:\/\/www.audioibiza.com\/index.php\/wp-json\/wp\/v2\/media\/23418"}],"wp:attachment":[{"href":"https:\/\/www.audioibiza.com\/index.php\/wp-json\/wp\/v2\/media?parent=23363"}],"wp:term":[{"taxonomy":"product_cat","embeddable":true,"href":"https:\/\/www.audioibiza.com\/index.php\/wp-json\/wp\/v2\/product_cat?post=23363"},{"taxonomy":"product_tag","embeddable":true,"href":"https:\/\/www.audioibiza.com\/index.php\/wp-json\/wp\/v2\/product_tag?post=23363"}],"curies":[{"name":"wp","href":"https:\/\/api.w.org\/{rel}","templated":true}]}}