{"id":22799,"date":"2020-10-07T10:22:09","date_gmt":"2020-10-07T08:22:09","guid":{"rendered":"https:\/\/www.audioibiza.com\/index.php\/producto\/teclado-midi-launchkey-mini-mk3-novation\/"},"modified":"2025-11-22T01:00:12","modified_gmt":"2025-11-22T00:00:12","slug":"novation-launchkey-mini-mk3","status":"publish","type":"product","link":"https:\/\/www.audioibiza.com\/index.php\/novation-launchkey-mini-mk3\/","title":{"rendered":"Teclado midi NOVATION LAUNCHKEY MINI MK3"},"content":{"rendered":"<p><iframe title=\"Launchkey Mini - Overview Video: Nikita \/\/ Novation\" width=\"840\" height=\"473\" src=\"https:\/\/www.youtube.com\/embed\/iRBkmIG7Z64?feature=oembed\" frameborder=\"0\" allow=\"accelerometer; autoplay; clipboard-write; encrypted-media; gyroscope; picture-in-picture; web-share\" referrerpolicy=\"strict-origin-when-cross-origin\" allowfullscreen><\/iframe><\/p>\n<h1><a href=\"https:\/\/www.audioibiza.com\/index.php\/novation-launchkey-mini-mk3\/\">TECLADO MIDI NOVATION LAUNCHKEY MINI MK3<\/a><\/h1>\n<p>Para m\u00e1s informaci\u00f3n del producto:<\/p>\n<p><a href=\"https:\/\/novationmusic.com\/en\/keys\/launchkey-mini\" target=\"_blank\" rel=\"noopener\">https:\/\/novationmusic.com\/en\/keys\/launchkey-mini<\/a><\/p>\n","protected":false},"excerpt":{"rendered":"<h4>TECLADO MIDI NOVATION LAUNCHKEY MINI MK3<\/h4>\n<p>Teclado controlador MIDI de 25 mini teclas para control de Ableton Live profundo e intuitivo: incluye control de macro del dispositivo, selecci\u00f3n de pista, grabaci\u00f3n, captura MIDI, inicio de clip y escena, detenci\u00f3n \/ silencio \/ solo, volumen, panor\u00e1micas y env\u00edos. Arpegiador creativo f\u00e1cil de usar pero profundamente controlable.<\/p>\n<p>Modo de acorde fijo para tocar acordes con un dedo. Salida MIDI para control de sintetizadores hardware, grooveboxes, etc&#8230; El mejor mecanismo de teclado mini hasta la fecha, 16 pads RGB sensibles a la velocidad, ocho controles giratorios, tiras t\u00e1ctiles de tono y modulaci\u00f3n y entrada para pedal de sustain.<\/p>\n<p>Sonidos, instrumentos y efectos incluidos: dos meses de Splice Sounds, AAS Session Bundle, Softube Time &amp; Tone, Spitfire Audio LABS exclusivo &#8211; Instrumento de cadenas expresivas, Klevgrand DAW Casette y R0Verb, y un instrumento XLN Addictive Keys a elegir entre cuatro.<\/p>\n<p>Acceso a Sound Collective, que ofrece contenido nuevo y gratuito de nuestros socios de complementos cada dos meses. Excelentes integraciones con Logic y Reason, as\u00ed como con cualquier DAW compatible con HUI. Incluye Ableton Live Lite.<\/p>\n","protected":false},"featured_media":23212,"template":"","meta":[],"product_cat":[665,706,733],"product_tag":[],"class_list":{"0":"post-22799","1":"product","2":"type-product","3":"status-publish","4":"has-post-thumbnail","6":"product_brand-novation","7":"product_cat-dj","8":"product_cat-produccion-musical","9":"product_cat-teclado-midi","10":"product_shipping_class-pequeno-y-barato-10","12":"first","13":"outofstock","14":"taxable","15":"shipping-taxable","16":"purchasable","17":"product-type-simple","18":"col-xs-6 col-sm-4","19":"col-md-3 col-lg-3","20":"un-4-cols"},"_links":{"self":[{"href":"https:\/\/www.audioibiza.com\/index.php\/wp-json\/wp\/v2\/product\/22799","targetHints":{"allow":["GET"]}}],"collection":[{"href":"https:\/\/www.audioibiza.com\/index.php\/wp-json\/wp\/v2\/product"}],"about":[{"href":"https:\/\/www.audioibiza.com\/index.php\/wp-json\/wp\/v2\/types\/product"}],"wp:featuredmedia":[{"embeddable":true,"href":"https:\/\/www.audioibiza.com\/index.php\/wp-json\/wp\/v2\/media\/23212"}],"wp:attachment":[{"href":"https:\/\/www.audioibiza.com\/index.php\/wp-json\/wp\/v2\/media?parent=22799"}],"wp:term":[{"taxonomy":"product_cat","embeddable":true,"href":"https:\/\/www.audioibiza.com\/index.php\/wp-json\/wp\/v2\/product_cat?post=22799"},{"taxonomy":"product_tag","embeddable":true,"href":"https:\/\/www.audioibiza.com\/index.php\/wp-json\/wp\/v2\/product_tag?post=22799"}],"curies":[{"name":"wp","href":"https:\/\/api.w.org\/{rel}","templated":true}]}}