{"id":22761,"date":"2020-10-07T10:21:38","date_gmt":"2020-10-07T08:21:38","guid":{"rendered":"https:\/\/www.audioibiza.com\/index.php\/producto\/teclado-midi-impulse-25-novation\/"},"modified":"2025-11-20T01:01:37","modified_gmt":"2025-11-20T00:01:37","slug":"teclado-midi-novation-impulse-25","status":"publish","type":"product","link":"https:\/\/www.audioibiza.com\/index.php\/teclado-midi-novation-impulse-25\/","title":{"rendered":"Teclado midi NOVATION IMPULSE 25"},"content":{"rendered":"<p><iframe title=\"Novation \/\/ Impulse: MIDI Controller Keyboard Hot Mix\" width=\"840\" height=\"473\" src=\"https:\/\/www.youtube.com\/embed\/62cYA2lyMH8?feature=oembed\" frameborder=\"0\" allow=\"accelerometer; autoplay; clipboard-write; encrypted-media; gyroscope; picture-in-picture; web-share\" referrerpolicy=\"strict-origin-when-cross-origin\" allowfullscreen><\/iframe><\/p>\n<h1><a href=\"https:\/\/www.audioibiza.com\/index.php\/teclado-midi-novation-impulse-25\/\">TECLADO MIDI NOVATION IMPULSE 25<\/a><\/h1>\n<p>Para m\u00e1s informaci\u00f3n del producto:<\/p>\n<p><a href=\"https:\/\/novationmusic.com\/en\/keys\/impulse\" target=\"_blank\" rel=\"noopener\">https:\/\/novationmusic.com\/en\/keys\/impulse<\/a><\/p>\n<p>\u00a0<\/p>\n","protected":false},"excerpt":{"rendered":"<h4>TECLADO MIDI NOVATION IMPULSE 25<\/h4>\n<p>Los teclados Impulse disponen de teclas semi-contrapesadas con aftertouch asignable y han sido dise\u00f1ados para ofrecer la sensaci\u00f3n de que se est\u00e1 tocando un instrumento real, no un perif\u00e9rico para ordenador. Son incre\u00edblemente precisos y cada matiz de la interpretaci\u00f3n se reproduce con total realismo.<\/p>\n","protected":false},"featured_media":23247,"template":"","meta":[],"product_cat":[665,706,733],"product_tag":[],"class_list":{"0":"post-22761","1":"product","2":"type-product","3":"status-publish","4":"has-post-thumbnail","6":"product_brand-novation","7":"product_cat-dj","8":"product_cat-produccion-musical","9":"product_cat-teclado-midi","10":"product_shipping_class-mediano-y-barato-16","12":"first","13":"outofstock","14":"taxable","15":"shipping-taxable","16":"purchasable","17":"product-type-simple","18":"col-xs-6 col-sm-4","19":"col-md-3 col-lg-3","20":"un-4-cols"},"_links":{"self":[{"href":"https:\/\/www.audioibiza.com\/index.php\/wp-json\/wp\/v2\/product\/22761","targetHints":{"allow":["GET"]}}],"collection":[{"href":"https:\/\/www.audioibiza.com\/index.php\/wp-json\/wp\/v2\/product"}],"about":[{"href":"https:\/\/www.audioibiza.com\/index.php\/wp-json\/wp\/v2\/types\/product"}],"wp:featuredmedia":[{"embeddable":true,"href":"https:\/\/www.audioibiza.com\/index.php\/wp-json\/wp\/v2\/media\/23247"}],"wp:attachment":[{"href":"https:\/\/www.audioibiza.com\/index.php\/wp-json\/wp\/v2\/media?parent=22761"}],"wp:term":[{"taxonomy":"product_cat","embeddable":true,"href":"https:\/\/www.audioibiza.com\/index.php\/wp-json\/wp\/v2\/product_cat?post=22761"},{"taxonomy":"product_tag","embeddable":true,"href":"https:\/\/www.audioibiza.com\/index.php\/wp-json\/wp\/v2\/product_tag?post=22761"}],"curies":[{"name":"wp","href":"https:\/\/api.w.org\/{rel}","templated":true}]}}