{"id":22719,"date":"2020-09-29T12:08:35","date_gmt":"2020-09-29T10:08:35","guid":{"rendered":"https:\/\/www.audioibiza.com\/index.php\/producto\/teclado-midi-arturia-keystep-37-arturia\/"},"modified":"2025-11-20T01:01:25","modified_gmt":"2025-11-20T00:01:25","slug":"teclado-midi-arturia-keystep-37","status":"publish","type":"product","link":"https:\/\/www.audioibiza.com\/index.php\/teclado-midi-arturia-keystep-37\/","title":{"rendered":"Teclado midi ARTURIA KEYSTEP 37"},"content":{"rendered":"<p><iframe title=\"KeyStep 37 | Controllers | ARTURIA\" width=\"840\" height=\"473\" src=\"https:\/\/www.youtube.com\/embed\/lisYfc1ptOY?feature=oembed\" frameborder=\"0\" allow=\"accelerometer; autoplay; clipboard-write; encrypted-media; gyroscope; picture-in-picture; web-share\" referrerpolicy=\"strict-origin-when-cross-origin\" allowfullscreen><\/iframe><\/p>\n<h1>TECLADO MIDI ARTURIA KEYSTEP 37<\/h1>\n<h2><a href=\"https:\/\/www.audioibiza.com\/index.php\/teclado-midi-arturia-keystep-37\/\">Teclado midi Arturia Keystep 37<\/a><\/h2>\n<p>Para m\u00e1s informaci\u00f3n del producto:<\/p>\n<p><a href=\"https:\/\/www.arturia.com\/products\/hybrid-synths\/keystep-37\/overview\" target=\"_blank\" rel=\"noopener\">https:\/\/www.arturia.com\/products\/hybrid-synths\/keystep-37\/overview<\/a><\/p>\n","protected":false},"excerpt":{"rendered":"<h4>TECLADO MIDI ARTURIA KEYSTEP 37<\/h4>\n<p>Teclado controlador de 37 notas con velocidad y aftertouch. Indicadores de teclado LED RGB para el seguimiento de notas. Secuenciador de 64 pasos con 8 patrones. Polifon\u00eda de 8 notas por paso. Modos de grabaci\u00f3n por pasos y secuenciador de grabaci\u00f3n en vivo. Opciones de grabaci\u00f3n mono y de sobregrabaci\u00f3n.<\/p>\n<p>Arpegiador de 8 modos con nuevos modos aleatorios. El modo de acordes ofrece 12 voces de acordes que incluyen un acorde definido por el usuario. Controles \u00fanicos de rasgueo, velocidad y nota para el modo acorde. El modo de escala le permite cuantificar el teclado a una escala de tu elecci\u00f3n.<\/p>\n<p>5 escalas para elegir, incluyendo una escala definida por el usuario. 16 controles MIDI CC asignables y ajustables. Conectividad USB, MIDI, CV y reloj. Incluye Ableton Live Lite.<\/p>\n","protected":false},"featured_media":22720,"template":"","meta":[],"product_cat":[665,706,733],"product_tag":[],"class_list":{"0":"post-22719","1":"product","2":"type-product","3":"status-publish","4":"has-post-thumbnail","6":"product_brand-arturia","7":"product_cat-dj","8":"product_cat-produccion-musical","9":"product_cat-teclado-midi","10":"product_shipping_class-grande-y-barato-24","12":"first","13":"outofstock","14":"taxable","15":"shipping-taxable","16":"purchasable","17":"product-type-simple","18":"col-xs-6 col-sm-4","19":"col-md-3 col-lg-3","20":"un-4-cols"},"_links":{"self":[{"href":"https:\/\/www.audioibiza.com\/index.php\/wp-json\/wp\/v2\/product\/22719","targetHints":{"allow":["GET"]}}],"collection":[{"href":"https:\/\/www.audioibiza.com\/index.php\/wp-json\/wp\/v2\/product"}],"about":[{"href":"https:\/\/www.audioibiza.com\/index.php\/wp-json\/wp\/v2\/types\/product"}],"wp:featuredmedia":[{"embeddable":true,"href":"https:\/\/www.audioibiza.com\/index.php\/wp-json\/wp\/v2\/media\/22720"}],"wp:attachment":[{"href":"https:\/\/www.audioibiza.com\/index.php\/wp-json\/wp\/v2\/media?parent=22719"}],"wp:term":[{"taxonomy":"product_cat","embeddable":true,"href":"https:\/\/www.audioibiza.com\/index.php\/wp-json\/wp\/v2\/product_cat?post=22719"},{"taxonomy":"product_tag","embeddable":true,"href":"https:\/\/www.audioibiza.com\/index.php\/wp-json\/wp\/v2\/product_tag?post=22719"}],"curies":[{"name":"wp","href":"https:\/\/api.w.org\/{rel}","templated":true}]}}