{"id":22443,"date":"2020-08-31T11:29:40","date_gmt":"2020-08-31T09:29:40","guid":{"rendered":"https:\/\/www.audioibiza.com\/?post_type=product&#038;p=22443"},"modified":"2026-01-16T12:16:50","modified_gmt":"2026-01-16T11:16:50","slug":"auriculares-dj-pioneer-dj-hdj-cue1","status":"publish","type":"product","link":"https:\/\/www.audioibiza.com\/index.php\/auriculares-dj-pioneer-dj-hdj-cue1\/","title":{"rendered":"Auriculares DJ PIONEER DJ HDJ-CUE1"},"content":{"rendered":"<p><iframe title=\"MY STYLE MY CUE \u2013 Pioneer DJ Official Introduction: HDJ-CUE1 DJ Headphones\" width=\"840\" height=\"473\" src=\"https:\/\/www.youtube.com\/embed\/1syPUcNyZ5w?feature=oembed\" frameborder=\"0\" allow=\"accelerometer; autoplay; clipboard-write; encrypted-media; gyroscope; picture-in-picture; web-share\" referrerpolicy=\"strict-origin-when-cross-origin\" allowfullscreen><\/iframe><\/p>\n<h1>Auriculares DJ Pioneer DJ HDJ-CUE1<\/h1>\n<p>Estos <a href=\"https:\/\/www.audioibiza.com\/index.php\/auriculares-dj-pioneer-dj-hdj-cue1\/\">auriculares dj Pioneer DJ HDJ-CUE1<\/a> con estilo se basan en el ADN de nuestros modelos profesionales, pero est\u00e1n disponibles a un precio mucho m\u00e1s bajo.<\/p>\n<p>Si bien estos auriculares de nivel de entrada son nuestro par m\u00e1s asequible hasta ahora, coinciden con muchas de las funciones y los puntos de referencia de calidad establecidos en nuestra gama de auriculares profesionales. Disfruta de la afinaci\u00f3n de sonido especializada heredada del <a href=\"https:\/\/www.pioneerdj.com\/es-es\/product\/headphones\/hdj-x5\/black\/overview\/\" target=\"_blank\" rel=\"noopener\">HDJ-X5<\/a> de nivel profesional; Escucha perfectamente las frecuencias bajas en el bajo y el bombo para que puedas mezclar con precisi\u00f3n.<\/p>\n<p>Si est\u00e1s buscando auriculares inal\u00e1mbricos, da un vistazo a <a href=\"https:\/\/www.pioneerdj.com\/es-es\/product\/headphones\/hdj-cue1bt\/black\/overview\/\" target=\"_blank\" rel=\"noopener\">los modelos Bluetooth HDJ-CUE1<\/a>. Todos incluyen las mismas funciones m\u00e1s la tecnolog\u00eda Bluetooth que te permite escuchar y reproducir sobre la marcha, est\u00e1n disponibles en varios colores para combinar con tu estilo personal.<\/p>\n<div class=\"list\">\n<div class=\"feature compact\">\n<div class=\"head\">\n<h2 class=\"h3\"><strong>Sonido de alta calidad<\/strong><\/h2>\n<\/div>\n<div class=\"body\">\n<p>Escucha toda la riqueza de tu m\u00fasica cuando pinches o simplemente escuches tu canci\u00f3n favorita. Los drivers din\u00e1micos te permiten sentir los graves y escuchar medios y agudos con una claridad cristalina, lo que te ayuda a mezclar con precisi\u00f3n.<\/p>\n<\/div>\n<\/div>\n<div class=\"feature compact\">\n<div class=\"head\">\n<h2 class=\"h3\"><strong>Construido para durar<\/strong><\/h2>\n<\/div>\n<div class=\"body\">\n<p>Cada modelo HDJ-CUE1 puede soportar el alto estr\u00e9s sobre los auriculares que supone pinchar. Todas las partes m\u00f3viles han pasado nuestras estrictas pruebas de durabilidad internas y las bandas de metal extrafuertes en la diadema brindan mayor fiabilidad.<\/p>\n<\/div>\n<\/div>\n<div class=\"feature compact\">\n<div class=\"head\">\n<h2 class=\"h3\"><strong>C\u00f3modo dise\u00f1o de estilo profesional<\/strong><\/h2>\n<\/div>\n<div class=\"body\">\n<p>Con auriculares que giran 90 grados completos y una diadema flexible y acolchada, puedes controlar c\u00f3modamente tu mezcla a tu manera. Escucha con un o\u00eddo mientras la otra carcasa descansa en la parte posterior de tu cabeza o mientras tus auriculares est\u00e1n colgados alrededor de tu cuello.<\/p>\n<\/div>\n<\/div>\n<div class=\"feature compact active\">\n<div class=\"head\">\n<h2 class=\"h3\"><strong>Apariencia personalizable<\/strong><\/h2>\n<\/div>\n<div class=\"body\">\n<p>Personaliza tu apariencia y expr\u00e9sate cambiando el cable y las almohadillas por uno de los 5 colores reemplazables. Nuestro pack de accesorios <a href=\"https:\/\/www.pioneerdj.com\/es-es\/product\/accessories\/hc-cp08\/orange\/overview\/\" target=\"_blank\" rel=\"noopener\">HC-CP08<\/a>, que se vende por separado, est\u00e1 disponible en naranja, amarillo, verde, azul y rosado.<\/p>\n<\/div>\n<\/div>\n<div class=\"body\">\n<h2><strong>Compacto y port\u00e1til<\/strong><\/h2>\n<p>El dise\u00f1o ligero y plegable significa que puedes llevar f\u00e1cilmente tus auriculares a donde quiera que vayas.<\/p>\n<\/div>\n<div class=\"feature compact active\">\n<h2><strong>Cables extra\u00edbles<\/strong><\/h2>\n<div class=\"body\">\n<p>Se incluye un cable corto extra\u00edble de 1,2 m en espiral, que te da la libertad de moverte mientras act\u00faas, y su conector de bayoneta evita desconexiones accidentales.<\/p>\n<\/div>\n<\/div>\n<p>\u00a0<\/p>\n<\/div>\n<h3 class=\"h2\">Funciones especiales<\/h3>\n<div class=\"folder folder_bigbold folder--all-open\">\n<div class=\"folder__container js-folder js-folder--is-open\">\n<div class=\"folder__content js-folder__content js-folder__content--is-open\">\n<table class=\"specs-table\">\n<tbody>\n<tr>\n<th class=\"specs-table__lbl\">\n<p class=\"h6\">Tipo<\/p>\n<\/th>\n<td class=\"specs-table__val\">Cerrados, din\u00e1micos<\/td>\n<\/tr>\n<tr>\n<th class=\"specs-table__lbl\">\n<p class=\"h6\">Drivers<\/p>\n<\/th>\n<td class=\"specs-table__val\">Tipo c\u00fapula de 40 mm<\/td>\n<\/tr>\n<tr>\n<th class=\"specs-table__lbl\">\n<p class=\"h6\">Cable<\/p>\n<\/th>\n<td class=\"specs-table__val\">Cable en espiral de 1,2 m (1,8 m estirado)<\/td>\n<\/tr>\n<tr>\n<th class=\"specs-table__lbl\">\n<p class=\"h6\">Contenido de la caja<\/p>\n<\/th>\n<td class=\"specs-table__val\">Cable de 1,2 m en espiral (longitud extendido 1,8 m)<br \/>\nManual de instrucciones (Gu\u00eda de inicio r\u00e1pido)<\/td>\n<\/tr>\n<\/tbody>\n<\/table>\n<\/div>\n<\/div>\n<div class=\"folder__container js-folder js-folder--is-open\">\n<h3 class=\"folder__trigger js-folder__header js-folder__header--is-open\">Especificaciones<\/h3>\n<div class=\"folder__content js-folder__content js-folder__content--is-open\">\n<table class=\"specs-table\">\n<tbody>\n<tr>\n<th class=\"specs-table__lbl\">\n<p class=\"h6\">Peso (sin cable)<\/p>\n<\/th>\n<td class=\"specs-table__val\">215 g<\/td>\n<\/tr>\n<tr>\n<th class=\"specs-table__lbl\">\n<p class=\"h6\">Potencia m\u00e1xima<\/p>\n<\/th>\n<td class=\"specs-table__val\">2000 mW<\/td>\n<\/tr>\n<tr>\n<th class=\"specs-table__lbl\">\n<p class=\"h6\">Sensibilidad<\/p>\n<\/th>\n<td class=\"specs-table__val\">104 dB<\/td>\n<\/tr>\n<tr>\n<th class=\"specs-table__lbl\">\n<p class=\"h6\">Rango de frecuencia<\/p>\n<\/th>\n<td class=\"specs-table__val\">5 \u2013 30000 Hz<\/td>\n<\/tr>\n<tr>\n<th class=\"specs-table__lbl\">\n<p class=\"h6\">Impedancia<\/p>\n<\/th>\n<td class=\"specs-table__val\">32 \u03a9<\/td>\n<\/tr>\n<\/tbody>\n<\/table>\n<\/div>\n<\/div>\n<\/div>\n<p>\u00a0<\/p>\n<p>Para m\u00e1s informaci\u00f3n del producto:<\/p>\n<p><a href=\"https:\/\/www.pioneerdj.com\/es-es\/product\/headphones\/hdj-cue1\/black\/overview\/\" target=\"_blank\" rel=\"noopener\">https:\/\/www.pioneerdj.com\/es-es\/product\/headphones\/hdj-cue1\/black\/overview\/<\/a><\/p>\n","protected":false},"excerpt":{"rendered":"<h4>Auriculares DJ Pioneer DJ HDJ-CUE1<\/h4>\n","protected":false},"featured_media":22444,"template":"","meta":[],"product_cat":[665,737,738],"product_tag":[],"class_list":{"0":"post-22443","1":"product","2":"type-product","3":"status-publish","4":"has-post-thumbnail","6":"product_brand-pioneer-dj","7":"product_cat-dj","8":"product_cat-auriculares","9":"product_cat-auriculares-dj","10":"product_shipping_class-pequeno-y-barato-10","12":"first","13":"instock","14":"taxable","15":"shipping-taxable","16":"purchasable","17":"product-type-simple","18":"col-xs-6 col-sm-4","19":"col-md-3 col-lg-3","20":"un-4-cols"},"_links":{"self":[{"href":"https:\/\/www.audioibiza.com\/index.php\/wp-json\/wp\/v2\/product\/22443","targetHints":{"allow":["GET"]}}],"collection":[{"href":"https:\/\/www.audioibiza.com\/index.php\/wp-json\/wp\/v2\/product"}],"about":[{"href":"https:\/\/www.audioibiza.com\/index.php\/wp-json\/wp\/v2\/types\/product"}],"wp:featuredmedia":[{"embeddable":true,"href":"https:\/\/www.audioibiza.com\/index.php\/wp-json\/wp\/v2\/media\/22444"}],"wp:attachment":[{"href":"https:\/\/www.audioibiza.com\/index.php\/wp-json\/wp\/v2\/media?parent=22443"}],"wp:term":[{"taxonomy":"product_cat","embeddable":true,"href":"https:\/\/www.audioibiza.com\/index.php\/wp-json\/wp\/v2\/product_cat?post=22443"},{"taxonomy":"product_tag","embeddable":true,"href":"https:\/\/www.audioibiza.com\/index.php\/wp-json\/wp\/v2\/product_tag?post=22443"}],"curies":[{"name":"wp","href":"https:\/\/api.w.org\/{rel}","templated":true}]}}