{"id":22221,"date":"2019-08-13T10:44:05","date_gmt":"2019-08-13T08:44:05","guid":{"rendered":"https:\/\/www.audioibiza.com\/?post_type=product&#038;p=22221"},"modified":"2026-04-20T17:38:25","modified_gmt":"2026-04-20T15:38:25","slug":"caja-pasiva-exterior-bose-dm5se-wh","status":"publish","type":"product","link":"https:\/\/www.audioibiza.com\/index.php\/caja-pasiva-exterior-bose-dm5se-wh\/","title":{"rendered":"Caja Pasiva exterior BOSE DM5SE WH (pareja)"},"content":{"rendered":"<h1><a href=\"https:\/\/www.audioibiza.com\/index.php\/caja-pasiva-exterior-bose-dm5se-wh\/\">CAJA PASIVA EXTERIOR BOSE DM5SE <\/a>WH (PAREJA)<\/h1>\n<p>Sonido premium para aprovechar al m\u00e1ximo cualquier tipo de dise\u00f1o.<\/p>\n<p>Los altavoces DesignMax brindan una est\u00e9tica y un audio extraordinarios a cualquier espacio comercial. Con una variedad de 12 modelos para elegir, es sencillo crear soluciones ac\u00fasticas personalizadas que sorprendan al instante. Los mecanismos de montaje QuickHold permiten que la instalaci\u00f3n sea eficiente y reducen el esfuerzo y las molestias.<\/p>\n<p>El altavoz DesignMax DM5SE de 50 W cuenta con un woofer de 2 v\u00edas y de 133 mm (5.25 pulgadas), y un tweeter de 25 mm (1 pulgada) montados de manera coaxial dentro del sistema de alineaci\u00f3n de dispersi\u00f3n, lo que produce un rango de frecuencia de 65 Hz a 20 kHz.<\/p>\n<p>El DM5SE se monta en superficie, tiene clasificaci\u00f3n IP55 para \u00e1reas exteriores y se sujeta con un soporte en U QuickHold oculto para realizar una instalaci\u00f3n segura y r\u00e1pida.<\/p>\n<div class=\"listItem\">\n<div class=\"bose-list__listitem\">\n<div class=\"text\">\n<div class=\"bose-richText \">\n<p><strong>Combine modelos que se adapten a cualquier tipo de dise\u00f1o, grande o peque\u00f1o<\/strong>: 12 altavoces para combinar, desde modelos de bajo perfil de 51 mm (2 pulgadas) hasta altavoces con drivers de compresi\u00f3n de alto SPL de 203 mm (8 pulgadas), as\u00ed como opciones con clasificaci\u00f3n para \u00e1reas exteriores<\/p>\n<\/div>\n<\/div>\n<\/div>\n<\/div>\n<div class=\"listItem\">\n<div class=\"bose-list__listitem\">\n<div class=\"text\">\n<div class=\"bose-richText \">\n<p><strong>Proporcione un sonido que sorprenda al instante<\/strong> con drivers Bose personalizados, sin necesidad de DSP ni ecualizaci\u00f3n. Para obtener un sonido a\u00fan mejor, utilice los amplificadores y DSP exclusivos de Bose para permitir el ecualizador de altavoz y el procesamiento SmartBass, lo que ampl\u00eda el rendimiento y la respuesta en cualquier nivel de audio<\/p>\n<\/div>\n<\/div>\n<\/div>\n<\/div>\n<div class=\"listItem\">\n<div class=\"bose-list__listitem\">\n<div class=\"text\">\n<div class=\"bose-richText \">\n<p><strong>Obtenga una experiencia de audio uniforme<\/strong> en toda la habitaci\u00f3n con el sistema de alineaci\u00f3n de dispersi\u00f3n, el cual hace coincidir la cobertura del woofer con el patr\u00f3n del tweeter<\/p>\n<\/div>\n<\/div>\n<\/div>\n<\/div>\n<div class=\"listItem\">\n<div class=\"bose-list__listitem\">\n<div class=\"text\">\n<div class=\"bose-richText \">\n<p><strong>Reduzca el tiempo de instalaci\u00f3n<\/strong> con el sistema patentado de montaje QuickHold, que tambi\u00e9n reduce el esfuerzo, las molestias y la posibilidad de que el producto se da\u00f1e<\/p>\n<\/div>\n<\/div>\n<\/div>\n<\/div>\n<div class=\"listItem\">\n<div class=\"bose-list__listitem\">\n<div class=\"text\">\n<div class=\"bose-richText \">\n<p><strong>Instalaci\u00f3n sencilla:<\/strong>\u00a0todos los modelos cuentan con conectores Euroblock; los modelos con instalaci\u00f3n en el techo cuentan con carcasas posteriores con clasificaci\u00f3n Plenum, soportes de montaje y cables de audio de acceso frontal que facilitan la instalaci\u00f3n y la soluci\u00f3n de problemas<\/p>\n<\/div>\n<\/div>\n<\/div>\n<\/div>\n<div class=\"listItem\">\n<div class=\"bose-list__listitem\">\n<div class=\"text\">\n<div class=\"bose-richText \">\n<p><strong>Instalaci\u00f3n del DM5SE en \u00e1reas exteriores<\/strong>: clasificaci\u00f3n IP55 con rejilla de aluminio est\u00e1ndar para uso en \u00e1reas exteriores<\/p>\n<p>&nbsp;<\/p>\n<\/div>\n<\/div>\n<\/div>\n<\/div>\n<h2><span class=\"fontstyle0\">Especificaciones t\u00e9cnicas<br \/>\n<\/span><\/h2>\n<div class=\"no-gutter-left grid-6 grid-medium-6 clear-medium-left grid-small-12\">\n<div class=\"list\">\n<div class=\"bose-list bose-list--none -tempStepFix\">\n<div class=\"bose-list__list bose-list__list--noBullets\">\n<div class=\"listItem\">\n<div class=\"bose-list__listitem\">\n<div class=\"text\">\n<div class=\"bose-richText \">\n<p><strong>Respuesta de frecuencia (+\/-3 dB): <\/strong>73 a 17,000 Hz<\/p>\n<\/div>\n<\/div>\n<\/div>\n<\/div>\n<div class=\"listItem\">\n<div class=\"bose-list__listitem\">\n<div class=\"text\">\n<div class=\"bose-richText \">\n<p><strong>Cobertura nominal (horizontal x vertical): <\/strong>135\u00b0 x 135\u00b0<\/p>\n<\/div>\n<\/div>\n<\/div>\n<\/div>\n<div class=\"listItem\">\n<div class=\"bose-list__listitem\">\n<div class=\"text\">\n<div class=\"bose-richText \">\n<p><strong>Manejo de potencia, pico: <\/strong>200 W<\/p>\n<\/div>\n<\/div>\n<\/div>\n<\/div>\n<div class=\"listItem\">\n<div class=\"bose-list__listitem\">\n<div class=\"text\">\n<div class=\"bose-richText \">\n<p><strong>SPL m\u00e1ximo a 1 m: <\/strong>104 dB<\/p>\n<\/div>\n<\/div>\n<\/div>\n<\/div>\n<\/div>\n<\/div>\n<\/div>\n<\/div>\n<div class=\"no-gutter-left grid-6 grid-medium-6 grid-small-12\">\n<div class=\"list\">\n<div class=\"bose-list bose-list--none -tempStepFix\">\n<div class=\"bose-list__list bose-list__list--noBullets\">\n<div class=\"listItem\">\n<div class=\"bose-list__listitem\">\n<div class=\"text\">\n<div class=\"bose-richText \">\n<p><strong>Rango de frecuencia (-10 dB): <\/strong>65 a 20,000 Hz<\/p>\n<\/div>\n<\/div>\n<\/div>\n<\/div>\n<div class=\"listItem\">\n<div class=\"bose-list__listitem\">\n<div class=\"text\">\n<div class=\"bose-richText \">\n<p><strong>Manejo de potencia, continuo a largo plazo : <\/strong>50 W<\/p>\n<\/div>\n<\/div>\n<\/div>\n<\/div>\n<div class=\"listItem\">\n<div class=\"bose-list__listitem\">\n<div class=\"text\">\n<div class=\"bose-richText \">\n<p><strong>Sensibilidad (SPL\/1 W a 1 m): <\/strong>87 dB<\/p>\n<\/div>\n<\/div>\n<\/div>\n<\/div>\n<div class=\"listItem\">\n<div class=\"bose-list__listitem\">\n<div class=\"text\">\n<div class=\"bose-richText \">\n<p><strong>Impedancia nominal:<\/strong>8 \u2126 (derivaci\u00f3n del transformador)<\/p>\n<\/div>\n<\/div>\n<\/div>\n<\/div>\n<\/div>\n<\/div>\n<\/div>\n<\/div>\n<p>&nbsp;<\/p>\n<p>Para m\u00e1s informaci\u00f3n del producto:<\/p>\n<p><a href=\"https:\/\/pro.bose.com\/es_mx\/products\/loudspeakers\/background_foreground\/designmax\/designmax_dm5se.html#v=designmax_dm5se_white\" target=\"_blank\" rel=\"noopener\">https:\/\/pro.bose.com\/es_mx\/products\/loudspeakers\/background_foreground\/designmax\/designmax_dm5se.html#v=designmax_dm5se_white<\/a><\/p>\n","protected":false},"excerpt":{"rendered":"<h4>CAJA PASIVA EXTERIOR BOSE DM5SE WH (PAREJA)<\/h4>\n<p><span class=\"fontstyle2\">\u2022 Altavoces para instalaci\u00f3n en superficie. Se suministran en parejas.<br \/>\n\u2022 Instalaci\u00f3n en interior o exterior (IP55).<br \/>\n\u2022 Altavoz formado por driver de 5.25\u201d + tweeter 1\u201d.<br \/>\n\u2022 Respuesta en frecuencia (+\/- 3dB): 73-17.000 Hz.<br \/>\n\u2022 Cobertura (HxV): 130\u00ba x 130\u00ba.<br \/>\n\u2022 Potencia: 50W.<br \/>\n\u2022 SPL m\u00e1ximo (1m): 104 dB.<br \/>\n\u2022 Impedancia nominal: 8 ohm.<br \/>\n\u2022 Posibilidad de conexi\u00f3n en l\u00ednea de 100V: 50W, 25W, 12W, 6W.<br \/>\n\u2022 Dimensiones: 286 x 192 x 208mm (incluido bracket).<br \/>\n\u2022 Peso: 4,8 Kg.<br \/>\n\u2022 Color: Blanco<br \/>\n<\/span><\/p>\n","protected":false},"featured_media":22222,"template":"","meta":[],"product_cat":[700,1033,662],"product_tag":[],"class_list":{"0":"post-22221","1":"product","2":"type-product","3":"status-publish","4":"has-post-thumbnail","6":"product_brand-bose","7":"product_cat-audio-video-hifi","8":"product_cat-altavoces-exterior","9":"product_cat-altavoces-hifi","11":"first","12":"outofstock","13":"taxable","14":"shipping-taxable","15":"purchasable","16":"product-type-simple","17":"col-xs-6 col-sm-4","18":"col-md-3 col-lg-3","19":"un-4-cols"},"_links":{"self":[{"href":"https:\/\/www.audioibiza.com\/index.php\/wp-json\/wp\/v2\/product\/22221","targetHints":{"allow":["GET"]}}],"collection":[{"href":"https:\/\/www.audioibiza.com\/index.php\/wp-json\/wp\/v2\/product"}],"about":[{"href":"https:\/\/www.audioibiza.com\/index.php\/wp-json\/wp\/v2\/types\/product"}],"wp:featuredmedia":[{"embeddable":true,"href":"https:\/\/www.audioibiza.com\/index.php\/wp-json\/wp\/v2\/media\/22222"}],"wp:attachment":[{"href":"https:\/\/www.audioibiza.com\/index.php\/wp-json\/wp\/v2\/media?parent=22221"}],"wp:term":[{"taxonomy":"product_cat","embeddable":true,"href":"https:\/\/www.audioibiza.com\/index.php\/wp-json\/wp\/v2\/product_cat?post=22221"},{"taxonomy":"product_tag","embeddable":true,"href":"https:\/\/www.audioibiza.com\/index.php\/wp-json\/wp\/v2\/product_tag?post=22221"}],"curies":[{"name":"wp","href":"https:\/\/api.w.org\/{rel}","templated":true}]}}