{"id":22212,"date":"2019-08-12T11:39:07","date_gmt":"2019-08-12T09:39:07","guid":{"rendered":"https:\/\/www.audioibiza.com\/?post_type=product&#038;p=22212"},"modified":"2025-10-29T10:18:45","modified_gmt":"2025-10-29T09:18:45","slug":"caja-activa-yamaha-dxr10-mkii","status":"publish","type":"product","link":"https:\/\/www.audioibiza.com\/index.php\/caja-activa-yamaha-dxr10-mkii\/","title":{"rendered":"Caja Activa YAMAHA DXR10 MKII"},"content":{"rendered":"<p><iframe title=\"Yamaha Powered Loudspeaker &quot;DXR mkII Series&quot;\" width=\"840\" height=\"473\" src=\"https:\/\/www.youtube.com\/embed\/xq5u8U0d2D0?feature=oembed\" frameborder=\"0\" allow=\"accelerometer; autoplay; clipboard-write; encrypted-media; gyroscope; picture-in-picture; web-share\" referrerpolicy=\"strict-origin-when-cross-origin\" allowfullscreen><\/iframe><\/p>\n<h1>Caja Activa YAMAHA DXR10 MKII<\/h1>\n<p>Desde su creaci\u00f3n, la serie DXR siempre ha encarnado la confluencia m\u00e1s eficiente entre la pura potencia y la innovaci\u00f3n tecnol\u00f3gica, proporcionando un alto volumen de salida con una calidad y una claridad superiores. Los altavoces autoamplificados de la serie DXR mkII son los nuevos modelos actualizados de la serie e incorporan incluso m\u00e1s nivel de presi\u00f3n sonora (SPL) a la vez que cuentan con una unidad de agudos de neodimio de mayor tama\u00f1o (1,75 pulgadas) aunque mucho m\u00e1s ligera, lo que se traduce en una reproducci\u00f3n de las voces extremadamente clara y con enorme musicalidad. Una vez m\u00e1s, nuestro equipo trabaj\u00f3 en estrecha colaboraci\u00f3n con los especialistas de altavoces para giras de NEXO, a\u00f1adiendo una informaci\u00f3n y una experiencia cruciales que llevaron a mejoras de dise\u00f1o basadas en las demandas en constante evoluci\u00f3n de los profesionales del mundo de la sonorizaci\u00f3n.<\/p>\n<p>Tanto para aplicaciones en instalaciones fijas como para actuaciones en directo cada d\u00eda en un sitio, sea cual sea la direcci\u00f3n que tome tu sonido, la serie DXR mkII siempre cumple con creces; gracias a la combinaci\u00f3n de pura potencia con nuestras funciones DSP patentadas, disfrutar\u00e1s de toda la fiabilidad y la excepcional claridad que siempre has esperado de la serie DXR<\/p>\n<p class=\"description\">Transductores de dise\u00f1o especial mejorados: Todos los transductores de la serie DXR mkII han sido meticulosamente seleccionados y totalmente redise\u00f1ados para proporcionar un rendimiento sin igual. Las unidades de graves de alta potencia ofrecen muy baja distorsi\u00f3n y unos graves profundos y definidos, mientras que las nuevas unidades de agudos de neodimio son mayores (1,75 pulgadas) pero mucho m\u00e1s ligeras, y est\u00e1n equipadas con compresi\u00f3n de alta precisi\u00f3n para proporcionar unas frecuencias medias y agudas de gran fidelidad hasta 20 kHz.<\/p>\n<p class=\"description\">Trompeta de direccionalidad constante y amplia dispersi\u00f3n: El transductor de altas frecuencias, ahora de mayor tama\u00f1o, est\u00e1 montado en una trompeta de direccionalidad constante (90 \u00b0 x 60 \u00b0) completamente nueva, con el objetivo de minimizar el deterioro del patr\u00f3n de radiaci\u00f3n en oblicuo, deterioro al que tienden las trompetas convencionales. Esto ayuda a conseguir una zona de alcance m\u00e1s id\u00f3nea y sin irregularidades. Con la nueva trompeta de direccionalidad constante y amplia dispersi\u00f3n, el sonido se expande en un patr\u00f3n m\u00e1s rectangular, proporcionando una cobertura de 90 \u00b0 en horizontal x 60 \u00b0 en vertical, con una proyecci\u00f3n del sonido con mucha m\u00e1s amplitud de frecuencias hasta los extremos finales de la zona de alcance.<\/p>\n<p>Todos los modelos de alcance total incorporan el sistema FIR-X tuning\u2122 exclusivo de Yamaha, que emplea filtros FIR* de fase lineal para el sistema de crossover. El sistema de ajuste FIR-X\u2122 optimiza simult\u00e1neamente la frecuencia y la respuesta de fase, al tiempo que ajusta la alineaci\u00f3n temporal entre los transductores HF y LF.<\/p>\n<p>Esta caracter\u00edstica genera una respuesta muy precisa en torno al punto de crossover, aportando mucha mayor claridad en la imagen sonora que la que posibilitan los crossovers t\u00edpicos. Todas las se\u00f1ales son procesadas con precisi\u00f3n por un procesador de 48 bits (acumulador de 76 bits) de alto rendimiento, alcanzando gran calidad en un sonido de alta definici\u00f3n. Todos los modelos de alcance total utilizan convertidores A\/D y D\/A discretos de alta precisi\u00f3n a 24 bits con una excelente relaci\u00f3n S\/N y un amplio rango din\u00e1mico.<\/p>\n<p>D-CONTOUR es un compresor multibanda inteligente que alcanza un sonido potente y uniforme en todos los niveles de salida. Al monitorear constantemente la salida de m\u00faltiples bandas de frecuencia y calcular los ajustes \u00f3ptimos de ecualizaci\u00f3n para cada una, incluso los sonidos con nivel m\u00e1ximo de salida mantienen una claridad y una musicalidad extraordinarias. En la serie DXR mkII, D-CONTOUR ofrece un ajuste del sonido m\u00e1s detallado en dos configuraciones distintas: el modo FOH\/MAIN o el modo MONITOR. El modo FOH\/MAIN potencia las frecuencias graves para compensar los graves que suelen faltar cuando los altavoces van suspendidos en lo alto o instalados sobre soportes elevados. El modo MONITOR est\u00e1 totalmente optimizado para su uso a nivel del suelo, ya que reduce de forma inteligente las bajas frecuencias que se suman al rebotar en el suelo, suavizando un amplio rango de frecuencias y aportando una claridad sorprendente durante la monitorizaci\u00f3n del sonido. Ambas preconfiguraciones fueron perfeccionadas mediante incontables pruebas de escucha realizadas por expertos ingenieros de sonido, incorporando un compresor multibanda que funciona de forma din\u00e1mica, alcanzando un sonido uniforme con una escasa distorsi\u00f3n en todos los niveles de salida.<\/p>\n<p>M\u00f3dulos de amplificador DXR mkII compactos, de gran potencia y totalmente novedosos Todos los altavoces de la serie DXR mkII vienen equipados con amplificadores clase D de alto rendimiento, \u00f3ptimamente dise\u00f1ados para funcionar en combinaci\u00f3n con los transductores HF y LF de los altavoces DXR mkII. Estos amplificadores de alta gama presentan la mayor salida entre los de su gama, con una potencia de 1100W y un nivel de presi\u00f3n sonora de hasta 132dB.<\/p>\n<p>La serie DXR mkII incluye una mesa de mezclas interna flexible con una gran variedad de entradas, resultando ideal para la amplificaci\u00f3n sencilla de voces e instrumentos. Gracias a sus entradas y salidas flexibles, la serie DXR mkII constituye un sistema completo de refuerzo de sonido, o bien puede incorporarse a cualquier configuraci\u00f3n que utilice altavoces de las series DSR o DXS. &#8211; Entradas vers\u00e1tiles de l\u00ednea y micr\u00f3fono La mesa de mezclas interna de la serie DXR mkII puede usar hasta tres entradas simult\u00e1neamente. De hecho, incluye entradas de micr\u00f3fono y l\u00ednea, con la flexibilidad de conectar estas fuentes de sonido y dispositivos de audio port\u00e1tiles. En la posici\u00f3n MIC, un filtro low pass se activa autom\u00e1ticamente, impidiendo el paso a las frecuencias graves no deseadas. &#8211; Control HPF flexible Todos los altavoces de la serie DXR mkII incorporan un control HPF flexible que se adapta perfectamente a los subwoofers de las series DSR y DXS. Puede elegir entre 100Hz y 120Hz, dependiendo del subwoofer que est\u00e9 utilizando en combinaci\u00f3n con los altavoces DXR.<\/p>\n<p>Los subwoofers de la serie DXS incorporan ajustes LPF flexibles, permitiendo alcanzar un \u00f3ptimo equilibrio entre los filtros high pass y low pass. &#8211; Funci\u00f3n inteligente de mezclas y enlace Cada canal cuenta con un control de volumen individual, permitiendo mezclar tres fuentes de audio diferentes. El bus THRU OUT transporta la se\u00f1al de entrada desde el canal 1, mientras que LINK OUT env\u00eda la se\u00f1al mezclada desde todos los canales. Ideal para dispositivos conectados en cadena tipo margarita (daisy chain) o para desviar la se\u00f1al a otro destino. LINK OUT resulta muy \u00fatil para configurar un sistema SR compacto con otro DXR, mientras que LINK MODE permite conmutar f\u00e1cilmente entre los modos est\u00e9reo o dual-mono.<\/p>\n<p>Los modelos de alcance total est\u00e1n moldeados en carcasas ABS no resonantes y s\u00f3lidas y han sido dise\u00f1ados para amortiguar las vibraciones causadas por elevados niveles de salida, ofreciendo una menor distorsi\u00f3n una calidad de sonido superior. Las carcasas probadas en gira vienen equipadas con rejillas de acero resistentes y ergon\u00f3micas, y asas de aluminio que mejoran significativamente la durabilidad y la portabilidad del equipo.<\/p>\n<p>El dise\u00f1o de la carcasa del <a href=\"https:\/\/www.audioibiza.com\/index.php\/caja-activa-yamaha-dxr15-mkii\/\">DXR15mkII<\/a> y DXR12mkII permite la colocaci\u00f3n del monitor en modo espejo que crea un campo de sonido sim\u00e9trico para el int\u00e9rprete con un \u00abpunto justo\u00bb m\u00e1s grande y definido. Usado en una configuraci\u00f3n balanceada de doble mono o en una configuraci\u00f3n de mezcla de monitor est\u00e9reo, el monitor de escenario en modo espejo puede mejorar su desempe\u00f1o considerablemente<\/p>\n<p>Dependiendo del lugar del evento, en ocasiones la mezcla puede verse afectada por un cielo raso bajo u otros atributos del recinto que impiden obtener un sonido claro y uniforme, deteriorando significativamente la experiencia auditiva del p\u00fablico. El alojamiento para varilla de soporte presenta dos posiciones (0\u00b0 y 7\u00b0) para dirigir la energ\u00eda ac\u00fastica hacia el p\u00fablico y en direcci\u00f3n opuesta a las superficies reflectantes<\/p>\n<p>Los altavoces de la serie DXR mkII incorporan unos puntos de anclaje para colgarlos mediante anillas de enganche est\u00e1ndar*. Para una mayor versatilidad, los soportes en U opcionales permiten colgar los altavoces de forma sencilla tanto de forma horizontal como vertical. * Anillas de enganche no incluidas.<\/p>\n<table class=\"table table-bordered\">\n<thead>\n<tr class=\"active\">\n<th colspan=\"2\">\n<div class=\"spectable-filter text-center\" aria-label=\"Reiniciar\"><\/div>\n<\/th>\n<th class=\"spectable-colnumber-0\" scope=\"col\"><\/th>\n<th class=\"spectable-colnumber-3\" scope=\"col\">\n<div class=\"text-right spectable-filter-remove-wrapper\"><\/div>\n<\/th>\n<\/tr>\n<\/thead>\n<tbody>\n<tr class=\"active\">\n<th colspan=\"6\" aria-hidden=\"true\">\n<h2>General specifications<\/h2>\n<\/th>\n<\/tr>\n<tr>\n<th class=\"active\" colspan=\"2\" scope=\"row\">Speaker type<\/th>\n<td class=\"spectable-colnumber-0\">10&#8243; 2-way, Bi-amp powered speaker, Bass-reflex type<\/td>\n<td class=\"spectable-colnumber-3\"><\/td>\n<\/tr>\n<tr>\n<th class=\"active\" colspan=\"2\" scope=\"row\">Frequency range (-10dB)<\/th>\n<td class=\"spectable-colnumber-0\">56Hz &#8211; 20kHz<\/td>\n<td class=\"spectable-colnumber-3\"><\/td>\n<\/tr>\n<tr>\n<th class=\"active\" rowspan=\"2\" scope=\"row\">Nominal coverage<\/th>\n<th class=\"active\" scope=\"row\">H<\/th>\n<td class=\"spectable-colnumber-0\">90\u00b0<\/td>\n<td class=\"spectable-colnumber-3\"><\/td>\n<\/tr>\n<tr>\n<th class=\"active\" scope=\"row\">V<\/th>\n<td class=\"spectable-colnumber-0\">60\u00b0<\/td>\n<td class=\"spectable-colnumber-3\"><\/td>\n<\/tr>\n<tr>\n<th class=\"active\" rowspan=\"2\" scope=\"row\">Components<\/th>\n<th class=\"active\" scope=\"row\">LF<\/th>\n<td class=\"spectable-colnumber-0\">Diameter:10&#8243; cone, Voice Coil:2&#8243;, Magnet:Ferrite<\/td>\n<td class=\"spectable-colnumber-3\"><\/td>\n<\/tr>\n<tr>\n<th class=\"active\" scope=\"row\"><\/th>\n<td class=\"spectable-colnumber-0\">Diaphragm:1.75&#8243;, Type: 1&#8243; throat compression driver, Magnet:Neodymium<\/td>\n<td class=\"spectable-colnumber-3\"><\/td>\n<\/tr>\n<tr>\n<th class=\"active\" colspan=\"2\" scope=\"row\">Crossover<\/th>\n<td class=\"spectable-colnumber-0\">FIR-X tuning\u2122 (linear phase FIR filter)<\/td>\n<td class=\"spectable-colnumber-3\"><\/td>\n<\/tr>\n<tr>\n<th class=\"active\" colspan=\"2\" scope=\"row\">Output power<\/th>\n<td class=\"spectable-colnumber-0\">Dynamic:1100W (LF: 950W HF: 150W) \/ Continuous: 700W (LF: 600W HF: 100W)<\/td>\n<td class=\"spectable-colnumber-3\"><\/td>\n<\/tr>\n<tr>\n<th class=\"active\" colspan=\"2\" scope=\"row\">Maximum output level (1m; on axis)<\/th>\n<td class=\"spectable-colnumber-0\">132dB SPL<\/td>\n<td class=\"spectable-colnumber-3\"><\/td>\n<\/tr>\n<tr>\n<th class=\"active\" colspan=\"2\" scope=\"row\">I\/O connectors<\/th>\n<td class=\"spectable-colnumber-0\">INPUT: XLR-3-31 x1 , INPUT2: Phone x2, INPUT3: RCA PIN x 2, THRU: XLR3-32 x 1 ( Parallel with INPUT 1 ), LINK OUT: XLR x 1<\/td>\n<td class=\"spectable-colnumber-3\"><\/td>\n<\/tr>\n<tr>\n<th class=\"active\" colspan=\"2\" scope=\"row\">Processors<\/th>\n<td class=\"spectable-colnumber-0\">D-CONTOUR: FOH\/MAIN, MONITOR, OFF<\/td>\n<td class=\"spectable-colnumber-3\"><\/td>\n<\/tr>\n<tr>\n<th class=\"active\" colspan=\"2\" scope=\"row\">Power requirements<\/th>\n<td class=\"spectable-colnumber-0\">100V &#8211; 240V, 50Hz\/60Hz<\/td>\n<td class=\"spectable-colnumber-3\"><\/td>\n<\/tr>\n<tr>\n<th class=\"active\" colspan=\"2\" scope=\"row\"><\/th>\n<td class=\"spectable-colnumber-0\">110W<\/td>\n<td class=\"spectable-colnumber-3\"><\/td>\n<\/tr>\n<tr>\n<th class=\"active\" colspan=\"2\" scope=\"row\">Flying and mounting hardware<\/th>\n<td class=\"spectable-colnumber-0\">Top x2, Rear x1 (Fits for M8 x 15mm eyebolts)<\/td>\n<td class=\"spectable-colnumber-3\"><\/td>\n<\/tr>\n<tr>\n<th class=\"active\" colspan=\"2\" scope=\"row\">Pole socket<\/th>\n<td class=\"spectable-colnumber-0\">35mm with 2-way features (0 or 7 degrees)<\/td>\n<td class=\"spectable-colnumber-3\"><\/td>\n<\/tr>\n<tr>\n<th class=\"active\" rowspan=\"3\" scope=\"row\">Dimensions<\/th>\n<th class=\"active\" scope=\"row\">W<\/th>\n<td class=\"spectable-colnumber-0\">305mm (12&#8243;)<\/td>\n<td class=\"spectable-colnumber-3\"><\/td>\n<\/tr>\n<tr>\n<th class=\"active\" scope=\"row\">H<\/th>\n<td class=\"spectable-colnumber-0\">502mm (19 6\/8&#8243;)<\/td>\n<td class=\"spectable-colnumber-3\"><\/td>\n<\/tr>\n<tr>\n<th class=\"active\" scope=\"row\">D<\/th>\n<td class=\"spectable-colnumber-0\">310mm (12 2\/8&#8243;)<\/td>\n<td class=\"spectable-colnumber-3\"><\/td>\n<\/tr>\n<tr>\n<th class=\"active\" colspan=\"2\" scope=\"row\">Net weight<\/th>\n<td class=\"spectable-colnumber-0\">13.9kg (30.6lbs)<\/td>\n<td class=\"spectable-colnumber-3\"><\/td>\n<\/tr>\n<tr>\n<th class=\"active\" colspan=\"2\" scope=\"row\">Accessorios<\/th>\n<td class=\"spectable-colnumber-0\">UB-DXR10 (U-bracket)<\/td>\n<td class=\"spectable-colnumber-3\"><\/td>\n<\/tr>\n<tr>\n<th class=\"active\" colspan=\"2\" scope=\"row\">Others<\/th>\n<td class=\"spectable-colnumber-0\">Material: ABS (Matte Finish, Black)<\/td>\n<td class=\"spectable-colnumber-3\"><\/td>\n<\/tr>\n<\/tbody>\n<\/table>\n<p>&nbsp;<\/p>\n<p>Para m\u00e1s informaci\u00f3n del producto:<\/p>\n<p><a href=\"https:\/\/es.yamaha.com\/es\/products\/proaudio\/speakers\/dxr\/index.html\" target=\"_blank\" rel=\"noopener\">https:\/\/es.yamaha.com\/es\/products\/proaudio\/speakers\/dxr\/index.html<\/a><\/p>\n","protected":false},"excerpt":{"rendered":"<h4>CAJA ACTIVA YAMAHA DXR10 MKII. Altavoz bi-amplificado de 1.110 watios Din\u00e1micos, 2 v\u00edas, 10&#8243;+1,75&#8243;, procesamiento y protecci\u00f3n por DSP, 132dB SPL. Fabricado en ABS.<\/h4>\n","protected":false},"featured_media":14454,"template":"","meta":[],"product_cat":[661,712,710],"product_tag":[],"class_list":{"0":"post-22212","1":"product","2":"type-product","3":"status-publish","4":"has-post-thumbnail","6":"product_brand-yamaha","7":"product_cat-audio-profesional","8":"product_cat-caja-activa","9":"product_cat-cajas-acusticas","11":"first","12":"outofstock","13":"taxable","14":"shipping-taxable","15":"purchasable","16":"product-type-simple","17":"col-xs-6 col-sm-4","18":"col-md-3 col-lg-3","19":"un-4-cols"},"_links":{"self":[{"href":"https:\/\/www.audioibiza.com\/index.php\/wp-json\/wp\/v2\/product\/22212","targetHints":{"allow":["GET"]}}],"collection":[{"href":"https:\/\/www.audioibiza.com\/index.php\/wp-json\/wp\/v2\/product"}],"about":[{"href":"https:\/\/www.audioibiza.com\/index.php\/wp-json\/wp\/v2\/types\/product"}],"wp:featuredmedia":[{"embeddable":true,"href":"https:\/\/www.audioibiza.com\/index.php\/wp-json\/wp\/v2\/media\/14454"}],"wp:attachment":[{"href":"https:\/\/www.audioibiza.com\/index.php\/wp-json\/wp\/v2\/media?parent=22212"}],"wp:term":[{"taxonomy":"product_cat","embeddable":true,"href":"https:\/\/www.audioibiza.com\/index.php\/wp-json\/wp\/v2\/product_cat?post=22212"},{"taxonomy":"product_tag","embeddable":true,"href":"https:\/\/www.audioibiza.com\/index.php\/wp-json\/wp\/v2\/product_tag?post=22212"}],"curies":[{"name":"wp","href":"https:\/\/api.w.org\/{rel}","templated":true}]}}