{"id":19043,"date":"2020-07-15T18:19:10","date_gmt":"2020-07-15T16:19:10","guid":{"rendered":"https:\/\/www.audioibiza.com\/?post_type=product&#038;p=19043"},"modified":"2024-10-28T16:17:54","modified_gmt":"2024-10-28T15:17:54","slug":"bose-dm6se-negro","status":"publish","type":"product","link":"https:\/\/www.audioibiza.com\/index.php\/bose-dm6se-negro\/","title":{"rendered":"Caja Pasiva exterior BOSE DM6SE negro (pareja)"},"content":{"rendered":"<h1>CAJA PASIVA EXTERIOR BOSE DM6SE NEGRO (PAREJA)<\/h1>\n<h2><span class=\"fontstyle0\">Descripci\u00f3n general del producto<\/span><\/h2>\n<p><span class=\"fontstyle0\"><span class=\"fontstyle2\">Los altavoces <a href=\"https:\/\/www.audioibiza.com\/index.php\/bose-dm6se-negro\/\">DesignMax<\/a> brindan una est\u00e9tica y un audio extraordinarios a cualquier espacio comercial. El altavoz DesignMax DM3SE de 25 W cuenta con un woofer de 2 v\u00edas de 83 mm (3.25\u201d) y un tweeter de 19 mm (0.75\u201d) montados de manera coaxial dentro del sistema de alineaci\u00f3n de dispersi\u00f3n, lo que produce un rango de frecuencia de 75 Hz a 20 kHz.<\/span><\/span><\/p>\n<h2><span class=\"fontstyle0\">Funciones clave<br \/>\n<\/span><\/h2>\n<p><span class=\"fontstyle0\">Proporcione un sonido que sorprenda al instante <span class=\"fontstyle2\">con drivers Bose personalizados, sin necesidad de DSP ni ecualizaci\u00f3n. Para obtener un sonido a\u00fan mejor, utilice los amplificadores y DSP exclusivos de Bose para permitir la ecualizaci\u00f3n de altavoz Bose y el procesamiento SmartBass, lo que ampl\u00eda el rendimiento y la respuesta en cualquier nivel de audio. <\/span>Obtenga una experiencia de audio uniforme <span class=\"fontstyle2\">en toda la habitaci\u00f3n con el sistema de alineaci\u00f3n de dispersi\u00f3n, el cual hace coincidir la cobertura del woofer con el patr\u00f3n del tweeter <\/span>Int\u00e9grelos en cualquier dise\u00f1o de habitaci\u00f3n <span class=\"fontstyle2\">con un formato elegante, rejillas casi sin marco disponibles en color blanco o negro y logotipos extra\u00edbles. <\/span>Reduzca el tiempo de instalaci\u00f3n <span class=\"fontstyle2\">con el sistema patentado de montaje QuickHold, que tambi\u00e9n reduce el esfuerzo, las molestias y la posibilidad de que el producto se da\u00f1e. <\/span>Instalaci\u00f3n sencilla: <span class=\"fontstyle2\">cuenta con conectores Euroblock que facilitan la instalaci\u00f3n y la soluci\u00f3n de problemas. <\/span>Instalaci\u00f3n del modelo DM3SE en \u00e1reas exteriores: <span class=\"fontstyle2\">clasificaci\u00f3n IP55 con rejilla de aluminio est\u00e1ndar para uso en \u00e1reas exteriores.<\/span><br \/>\n<\/span><\/p>\n<h3><span class=\"fontstyle0\">Especificaciones t\u00e9cnicas<br \/>\n<\/span><\/h3>\n<table class=\"NormalTable\" width=\"1042\">\n<tbody>\n<tr>\n<td width=\"200\"><span class=\"fontstyle0\">RENDIMIENTO DE ALTAVOZ \u00daNICO<\/span><\/td>\n<\/tr>\n<tr>\n<td width=\"200\"><span class=\"fontstyle2\">Respuesta de frecuencia (-3 dB) <\/span><span class=\"fontstyle2\">(1) <\/span><\/td>\n<td width=\"200\"><span class=\"fontstyle2\">85 a 20,000 Hz<\/span><\/td>\n<\/tr>\n<tr>\n<td width=\"200\"><span class=\"fontstyle2\">Rango de Frecuencia (-10 dB) <\/span><span class=\"fontstyle2\">(1) <\/span><\/td>\n<td width=\"200\"><span class=\"fontstyle2\">75 &#8211; 20,000 Hz<\/span><\/td>\n<\/tr>\n<tr>\n<td width=\"200\"><span class=\"fontstyle2\">Cobertura nominal (horizontal x vertical) <\/span><span class=\"fontstyle2\">(2) <\/span><\/td>\n<td width=\"200\"><span class=\"fontstyle2\">140\u00b0 \u00d7 140\u00b0<\/span><\/td>\n<\/tr>\n<tr>\n<td width=\"200\"><span class=\"fontstyle2\">\u00c1ngulo de cobertura nominal (1 a 10 kHz) <\/span><\/td>\n<td width=\"200\"><span class=\"fontstyle2\">135\u00b0 \u00d7 135\u00b0<\/span><\/td>\n<\/tr>\n<tr>\n<td width=\"200\"><span class=\"fontstyle0\">Prueba de ciclo de vida extendido de Bose <\/span><span class=\"fontstyle0\">(5) <\/span><\/td>\n<td width=\"200\"><span class=\"fontstyle0\">Prueba del componente AES <\/span><span class=\"fontstyle0\">(6)<\/span><\/td>\n<\/tr>\n<tr>\n<td width=\"200\"><span class=\"fontstyle2\">Manejo de potencia, continuo a largo plazo <\/span><\/td>\n<td width=\"200\"><span class=\"fontstyle2\">25 W <\/span><\/td>\n<td width=\"200\"><span class=\"fontstyle2\">30 W<\/span><\/td>\n<\/tr>\n<tr>\n<td width=\"200\"><span class=\"fontstyle2\">Manejo de potencia, pico <\/span><\/td>\n<td width=\"200\"><span class=\"fontstyle2\">100 W <\/span><\/td>\n<td width=\"200\"><span class=\"fontstyle2\">120 W<\/span><\/td>\n<\/tr>\n<tr>\n<td width=\"200\"><span class=\"fontstyle2\">Sensibilidad (SPL\/1 W a 1 m) <\/span><span class=\"fontstyle2\">(3) <\/span><\/td>\n<td width=\"200\"><span class=\"fontstyle2\">84 dB <\/span><\/td>\n<td width=\"200\"><span class=\"fontstyle2\">84 dB<\/span><\/td>\n<\/tr>\n<tr>\n<td width=\"200\"><span class=\"fontstyle2\">SPL m\u00e1ximo calculado a 1 m <\/span><span class=\"fontstyle2\">(4) <\/span><\/td>\n<td width=\"200\"><span class=\"fontstyle2\">98 dB <\/span><\/td>\n<td width=\"200\"><span class=\"fontstyle2\">99 dB<\/span><\/td>\n<\/tr>\n<tr>\n<td width=\"200\"><span class=\"fontstyle2\">SPL m\u00e1ximo calculado a 1 m, pico <\/span><\/td>\n<td width=\"200\"><span class=\"fontstyle2\">104 dB <\/span><\/td>\n<td width=\"200\"><span class=\"fontstyle2\">105 dB<\/span><\/td>\n<\/tr>\n<tr>\n<td width=\"200\"><span class=\"fontstyle2\">Crossover <\/span><\/td>\n<td width=\"200\"><span class=\"fontstyle2\">1.7 kHz (crossover pasivo de 2 v\u00edas)<\/span><\/td>\n<\/tr>\n<tr>\n<td width=\"200\"><span class=\"fontstyle2\">Ecualizador de altavoz <\/span><\/td>\n<td width=\"200\"><span class=\"fontstyle2\">No es necesario, ya que est\u00e1n disponibles el procesamiento SmartBass y la voz con ecualizaci\u00f3n Bose<\/span><\/td>\n<\/tr>\n<tr>\n<td width=\"200\"><span class=\"fontstyle2\">Protecci\u00f3n de paso alto recomendada <\/span><\/td>\n<td width=\"200\"><span class=\"fontstyle2\">80 Hz con filtro recomendado de 24 dB\/octava<\/span><\/td>\n<\/tr>\n<tr>\n<td width=\"200\"><span class=\"fontstyle2\">Tomas del transformador <\/span><\/td>\n<td width=\"200\"><span class=\"fontstyle2\">70 V: 3, 6, 12, 25 W, bypass<br \/>\n100 V: 6, 12, 25 W, bypass<\/span><\/td>\n<\/tr>\n<tr>\n<td width=\"200\"><span class=\"fontstyle0\">TRANSDUCTORES<\/span><\/td>\n<\/tr>\n<tr>\n<td width=\"200\"><span class=\"fontstyle2\">Baja frecuencia <\/span><\/td>\n<td width=\"200\"><span class=\"fontstyle2\">1 woofer de 83 mm (3.25\u201d), con tratamiento a la intemperie<\/span><\/td>\n<\/tr>\n<tr>\n<td width=\"200\"><span class=\"fontstyle2\">Alta frecuencia <\/span><\/td>\n<td width=\"200\"><span class=\"fontstyle2\">1 tweeter con c\u00fapula de neodimio de 20 mm (0.75\u201d), montado de manera coaxial, con tratamiento a la intemperie<\/span><\/td>\n<\/tr>\n<tr>\n<td width=\"200\"><span class=\"fontstyle2\">Tecnolog\u00eda <\/span><\/td>\n<td width=\"200\"><span class=\"fontstyle2\">Sistema de alineaci\u00f3n de dispersi\u00f3n, di\u00e1metro del sistema de 127 mm (5\u201d)<\/span><\/td>\n<\/tr>\n<tr>\n<td width=\"200\"><span class=\"fontstyle2\">Impedancia nominal <\/span><\/td>\n<td width=\"200\"><span class=\"fontstyle2\">8 \u03a9 (bypass del transformador)<\/span><\/td>\n<\/tr>\n<\/tbody>\n<\/table>\n<p>&nbsp;<\/p>\n<table class=\"NormalTable\" width=\"1024\">\n<tbody>\n<tr>\n<td width=\"200\">\n<h4><span class=\"fontstyle0\">DATOS F\u00cdSICOS<\/span><\/h4>\n<\/td>\n<\/tr>\n<tr>\n<td width=\"200\"><span class=\"fontstyle2\">Material de la carcasa <\/span><\/td>\n<td width=\"200\"><span class=\"fontstyle2\">Pl\u00e1stico dise\u00f1ado, altamente resistente a decoloraci\u00f3n por rayos UV<\/span><\/td>\n<\/tr>\n<tr>\n<td width=\"200\"><span class=\"fontstyle2\">Material de soporte <\/span><\/td>\n<td width=\"200\"><span class=\"fontstyle2\">Acero recubierto de pintura en polvo<\/span><\/td>\n<\/tr>\n<tr>\n<td width=\"200\"><span class=\"fontstyle2\">Rejilla <\/span><\/td>\n<td width=\"200\"><span class=\"fontstyle2\">Aluminio perforado con acabado con recubrimiento de pintura en polvo y dise\u00f1o resistente a la manipulaci\u00f3n; se puede pintar<\/span><\/td>\n<\/tr>\n<tr>\n<td width=\"200\"><span class=\"fontstyle2\">Logotipo <\/span><\/td>\n<td width=\"200\"><span class=\"fontstyle2\">Giratorio y desmontable<\/span><\/td>\n<\/tr>\n<tr>\n<td width=\"200\"><span class=\"fontstyle2\">Color <\/span><\/td>\n<td width=\"200\"><span class=\"fontstyle2\">Negro: RAL 9005, blanco: Bose Arctic White, similar al RAL 9003; se puede pintar<\/span><\/td>\n<\/tr>\n<tr>\n<td width=\"200\"><span class=\"fontstyle2\">Protecci\u00f3n de ambiente e ingreso<\/span><\/td>\n<td width=\"200\"><span class=\"fontstyle2\">En la intemperie, seg\u00fan el est\u00e1ndar IEC 529 IP55 (apto para uso en exteriores y lugares h\u00famedos); incluye una rejilla de aluminio para evitar la corrosi\u00f3n roja y una cubierta de entrada resistente a la intemperie<\/span><\/td>\n<\/tr>\n<tr>\n<td width=\"200\"><span class=\"fontstyle2\">Agencia de seguridad <\/span><\/td>\n<td width=\"200\"><span class=\"fontstyle2\">Registrado en el est\u00e1ndar UL-1480A, S5591, NFPA70, en conformidad con la compatibilidad IEC60268-5, ROHS, de la normativa CE<\/span><\/td>\n<\/tr>\n<tr>\n<td width=\"200\"><span class=\"fontstyle2\">Rango de temperatura de funcionamiento <\/span><\/td>\n<td width=\"200\"><span class=\"fontstyle2\">-25 \u00b0C a 70 \u00b0C (-13 \u00b0F a 158 \u00b0F)<\/span><\/td>\n<\/tr>\n<tr>\n<td width=\"200\"><span class=\"fontstyle2\">Conectores <\/span><\/td>\n<td width=\"200\"><span class=\"fontstyle2\">Conector Euroblock de 6 pines con bucle pasante, montado en la parte trasera. Acepta cables que midan de 18 AWG (0.8 mm<\/span><span class=\"fontstyle2\">2<\/span><span class=\"fontstyle2\">) a 14 AWG (2.5 mm<\/span><span class=\"fontstyle2\">2<\/span><span class=\"fontstyle2\">)<\/span><\/td>\n<\/tr>\n<tr>\n<td width=\"200\"><span class=\"fontstyle2\">Suspensi\u00f3n\/montaje<\/span><\/td>\n<td width=\"200\"><span class=\"fontstyle2\">Sistema de montaje QuickHold con soporte en U incluido<\/span><\/td>\n<\/tr>\n<tr>\n<td width=\"200\"><span class=\"fontstyle2\">4 \u00e1ngulos de montaje preestablecidos: 0\u00b0, 15\u00b0, 30\u00b0, 45\u00b0 para la ubicaci\u00f3n en la pared o el techo<\/span><\/td>\n<\/tr>\n<tr>\n<td width=\"200\"><span class=\"fontstyle2\">Dos (2) inserciones de tornillos M6 traseros para uso con soporte de inclinaci\u00f3n y paneo opcional, y una (1) inserci\u00f3n de tornillo M6 trasero para fijaci\u00f3n de seguridad<\/span><\/td>\n<\/tr>\n<tr>\n<td width=\"200\"><span class=\"fontstyle2\">Dimensiones (alt. x anch. x prof.) <\/span><\/td>\n<td width=\"200\"><span class=\"fontstyle2\">232 \u00d7 154 \u00d7 155 mm (9.1\u201d \u00d7 6.1\u201d \u00d7 6.1\u201d)<\/span><\/td>\n<\/tr>\n<tr>\n<td width=\"200\"><span class=\"fontstyle2\">Dimensiones con soporte (alt. x anch. x prof.) <\/span><\/td>\n<td width=\"200\"><span class=\"fontstyle2\">232 \u00d7 154 \u00d7 171 mm (9.1\u201d \u00d7 6.1\u201d \u00d7 6.7)<\/span><\/td>\n<\/tr>\n<tr>\n<td width=\"200\"><span class=\"fontstyle2\">Peso neto, altavoz con rejilla (individual) <\/span><\/td>\n<td width=\"200\"><span class=\"fontstyle2\">2.5 kg (5.6 lb)<\/span><\/td>\n<\/tr>\n<tr>\n<td width=\"200\"><span class=\"fontstyle2\">Peso de env\u00edo (par) <\/span><\/td>\n<td width=\"200\"><span class=\"fontstyle2\">7.2 kg (16.0 lb)<\/span><\/td>\n<\/tr>\n<tr>\n<td width=\"200\"><span class=\"fontstyle2\">Accesorios incluidos <\/span><\/td>\n<td width=\"200\"><span class=\"fontstyle2\">Soporte en U, acero recubierto de pintura en polvo<\/span><\/td>\n<\/tr>\n<tr>\n<td width=\"200\"><span class=\"fontstyle2\">Accesorios opcionales <\/span><\/td>\n<td width=\"200\"><span class=\"fontstyle2\">Soporte de inclinaci\u00f3n y paneo<\/span><\/td>\n<\/tr>\n<tr>\n<td width=\"200\"><\/td>\n<\/tr>\n<tr>\n<td width=\"200\"><\/td>\n<td width=\"200\"><\/td>\n<\/tr>\n<tr>\n<td width=\"200\"><\/td>\n<td width=\"200\"><\/td>\n<\/tr>\n<\/tbody>\n<\/table>\n<p>&nbsp;<\/p>\n<p>Para m\u00e1s informaci\u00f3n del producto:<\/p>\n<p><a href=\"https:\/\/pro.bose.com\/es_mx\/products\/loudspeakers\/background_foreground\/designmax\/designmax_dm6se.html#v=designmax_dm6se_black\" target=\"_blank\" rel=\"noopener\">https:\/\/pro.bose.com\/es_mx\/products\/loudspeakers\/background_foreground\/designmax\/designmax_dm6se.html#v=designmax_dm6se_black<\/a><\/p>\n","protected":false},"excerpt":{"rendered":"<h4>CAJA PASIVA EXTERIOR BOSE DM6SE NEGRO (PAREJA)<\/h4>\n<p><span class=\"fontstyle0\">\u2022 Altavoces para instalaci\u00f3n en superficie. Se suministran en parejas.<br \/>\n\u2022 Instalaci\u00f3n en interior o exterior (IP55).<br \/>\n\u2022 Altavoz formado por driver de 6.5\u201d + tweeter 1.25\u201d.<br \/>\n\u2022 Respuesta en frecuencia (+\/- 3dB): 70-20.000 Hz.<br \/>\n\u2022 Cobertura (HxV): 115\u00ba x 115\u00ba.<br \/>\n\u2022 Potencia: 100W.<br \/>\n\u2022 SPL m\u00e1ximo (1m): 108 dB.<br \/>\n\u2022 Impedancia nominal: 8 ohm.<br \/>\n\u2022 Posibilidad de conexi\u00f3n en l\u00ednea de 100V: 80W, 40W, 20W, 10W, 5W.<br \/>\n\u2022 Dimensiones: 340 x 222 x 245mm (incluido bracket).<br \/>\n\u2022 Peso: 6,4 Kg.<br \/>\n\u2022 Color: Negro<\/span><\/p>\n","protected":false},"featured_media":19042,"template":"","meta":[],"product_cat":[700,1033,662],"product_tag":[],"class_list":{"0":"post-19043","1":"product","2":"type-product","3":"status-publish","4":"has-post-thumbnail","6":"product_brand-bose","7":"product_cat-audio-video-hifi","8":"product_cat-altavoces-exterior","9":"product_cat-altavoces-hifi","11":"first","12":"outofstock","13":"taxable","14":"shipping-taxable","15":"purchasable","16":"product-type-simple","17":"col-xs-6 col-sm-4","18":"col-md-3 col-lg-3","19":"un-4-cols"},"_links":{"self":[{"href":"https:\/\/www.audioibiza.com\/index.php\/wp-json\/wp\/v2\/product\/19043","targetHints":{"allow":["GET"]}}],"collection":[{"href":"https:\/\/www.audioibiza.com\/index.php\/wp-json\/wp\/v2\/product"}],"about":[{"href":"https:\/\/www.audioibiza.com\/index.php\/wp-json\/wp\/v2\/types\/product"}],"wp:featuredmedia":[{"embeddable":true,"href":"https:\/\/www.audioibiza.com\/index.php\/wp-json\/wp\/v2\/media\/19042"}],"wp:attachment":[{"href":"https:\/\/www.audioibiza.com\/index.php\/wp-json\/wp\/v2\/media?parent=19043"}],"wp:term":[{"taxonomy":"product_cat","embeddable":true,"href":"https:\/\/www.audioibiza.com\/index.php\/wp-json\/wp\/v2\/product_cat?post=19043"},{"taxonomy":"product_tag","embeddable":true,"href":"https:\/\/www.audioibiza.com\/index.php\/wp-json\/wp\/v2\/product_tag?post=19043"}],"curies":[{"name":"wp","href":"https:\/\/api.w.org\/{rel}","templated":true}]}}