{"id":18881,"date":"2020-06-11T12:13:45","date_gmt":"2020-06-11T10:13:45","guid":{"rendered":"https:\/\/www.audioibiza.com\/index.php\/producto\/mesa-de-mezclas-dj-model-1-allen-heath\/"},"modified":"2025-11-20T01:01:12","modified_gmt":"2025-11-20T00:01:12","slug":"mesa-de-mezclas-dj-model-1","status":"publish","type":"product","link":"https:\/\/www.audioibiza.com\/index.php\/mesa-de-mezclas-dj-model-1\/","title":{"rendered":"MESA DE MEZCLAS DJ MODEL 1"},"content":{"rendered":"<p><iframe title=\"PLAYdifferently: MODEL 1\" width=\"840\" height=\"473\" src=\"https:\/\/www.youtube.com\/embed\/2IiY8mU4IBU?feature=oembed\" frameborder=\"0\" allow=\"accelerometer; autoplay; clipboard-write; encrypted-media; gyroscope; picture-in-picture; web-share\" referrerpolicy=\"strict-origin-when-cross-origin\" allowfullscreen><\/iframe><\/p>\n<p><iframe title=\"PLAYdifferently | Richie Hawtin Performance on MODEL 1\" width=\"840\" height=\"473\" src=\"https:\/\/www.youtube.com\/embed\/IkXQwSCiXXM?feature=oembed\" frameborder=\"0\" allow=\"accelerometer; autoplay; clipboard-write; encrypted-media; gyroscope; picture-in-picture; web-share\" referrerpolicy=\"strict-origin-when-cross-origin\" allowfullscreen><\/iframe><\/p>\n<h1>MESA DE MEZCLAS DJ MODEL 1<\/h1>\n<p>La mesa de mezclas<a href=\"https:\/\/www.audioibiza.com\/index.php\/mesa-de-mezclas-dj-model-1\/\"> DJ MODEL 1<\/a> es un mezclador dise\u00f1ado especialmente para el DJ profesional que act\u00faa en directo, y que proporciona nuevas posibilidades creativas que permiten realizar actuaciones realmente diferentes.<\/p>\n<p>MODEL 1 es un mezclador 100% anal\u00f3gico, que ofrece tecnolog\u00eda que habitualmente solo se encuentra en las mejores consolas de estudio, como por ejemplo bus de mezcla totalmente balanceado, detecci\u00f3n de paso por cero que garantiza un funcionamiento de los filtros y la EQ master impecable, y l\u00edneas diferenciales de alto voltaje de alimentaci\u00f3n.<\/p>\n<p>Su exclusiva configuraci\u00f3n ofrece seis canales de entrada totalmente equipados, y dos retornos est\u00e9reo con una configuraci\u00f3n m\u00e1s b\u00e1sica.<\/p>\n<p>Dispone de multitud de prestaciones que no son habituales en cualquier otro dispositivo comparable, como el control drive situado en el preamplificador, una EQ h\u00edbrida filtro\/barrido, doble sistema de pre escucha, sistema para enlazar dos mezcladores y un conector totalmente balanceado para el sistema Tascam DB25.<\/p>\n<p>En definitiva, se trata de un producto del m\u00e1ximo nivel, destinado a profesionales de paladar exquisito. 2 Env\u00edos est\u00e9reo Los dos controles AUX env\u00edan la se\u00f1al de canal a las salidas de mezcla auxiliar, permitiendo el uso de procesadores externos de efectos o, en algunas aplicaciones, monitores locales.<\/p>\n<p>AUX1 puede ser preo o post fader, mientras que AUX2 ha sido configurado internamente como post fader. 2 Retornos est\u00e9reo Se trata de dos canales est\u00e9reo b\u00e1sicos, que pueden ser utilizados como entradas de retorno para procesadores de efecto y otras fuentes.<\/p>\n<p>Cada retorno dispone de un control TRIM que permite el ajuste de la se\u00f1al de retorno, un circuito DRIVE de entrada, y direccionamiento para pre escucha A y B, lo que permite que puedan trabajar dos DJs de forma simult\u00e1nea.<\/p>\n<p>Cada uno de los retornos tambi\u00e9n dispone de medici\u00f3n para el control del nivel de la se\u00f1al, un fader rotativo de nivel para ajustar la cantidad de mezcla y direccionamiento combinado del retorno 1-2 hacia la EQ de corte de graves y el filtro master.<\/p>\n<p>3 Preamplificadores fono de alta calidad 3 entradas de alt\u00edsima calidad para giradiscos, optimizadas para ser utilizadas en clubs, de forma que se minimice el desequilibrio tonal entre el sonido del vinilo y el audio digital y eliminar la realimentaci\u00f3n ac\u00fastica de frecuencias muy bajas.<\/p>\n<p>Para mayor flexibilidad, cada una de las entradas fono dispone de su propia toma de tierra para el giradiscos.<\/p>\n<p>Faders con calidad de estudio Incorpora faders TKD de 60 mm de dise\u00f1o especial. Estos faders de doble pista han sido escogidos para asegurar una larga vida \u00fatil y un funcionamiento extremadamente uniforme, con la m\u00e1xima precisi\u00f3n.<\/p>\n<p>EQ Precision Sculpting SCULPT es un filtro semi param\u00e9trico de barrido tipo campana, que cuenta con dos controles: FREQ, que establece la frecuencia central y CUT\/BOOST que ajusta la ganancia o atenuaci\u00f3n a la frecuencia seleccionada.<\/p>\n<p>El nivel de corte\/realce es asim\u00e9trico; el realce m\u00e1ximo est\u00e1 limitado a +8dB, mientras que el corte se extiende hasta los -20dB. Sculpt ofrece un amplio Q y una gama de frecuencias que cubre casi siete octavas.<\/p>\n<p>Filtros pasa alto y pasa bajo de contorneado Como su nombre implica, estos dos controles permiten \u00abperfilar\u00bb la gama de frecuencias de la se\u00f1al de audio. Se trata de un filtro pasa alto y otro pasa bajo de bajo factor Q que han sido dise\u00f1ados para realizar un barrido a lo largo de toda la gama de frecuencias.<\/p>\n<p>Saturaci\u00f3n anal\u00f3gica. El control DRIVE es una caracter\u00edstica exclusiva, presente en cada una de sus entradas, y que permite al usuario ajustar el nivel al cual el preamplificador del canal empieza a recortar la se\u00f1al de entrada, creando distorsi\u00f3n arm\u00f3nica que puede utilizarse como recurso creativo. Doble sistema de pre escucha<\/p>\n<p>El mezclador cuenta con dos sistemas independientes de pre escucha. Cue A dirige la se\u00f1al al lado derecho de los auriculares de monitorizaci\u00f3n, mientras que Cue B lo hace hacia el lado izquierdo.<\/p>\n<p>Este doble sistema de pre escucha hace posible que puedan trabajar dos DJs de forma simult\u00e1nea, en configuraciones \u00abBack2Back\u00bb, de forma que cada uno pueda seleccionar un canal independiente para monitorizar sin interferir en el otro.<\/p>\n<p>Mixer Link. Este sistema permite enlazar varios mezcladores, tanto para ser utilizados por dos o m\u00e1s DJs, o como m\u00e9todo para ampliar el n\u00famero de canales disponibles. Cuando son interconectados, los mezcladores comparten una mezcla balanceada com\u00fan que se env\u00eda tanto al sistema de PA como a los monitores de cabina.<\/p>\n<p>Adem\u00e1s, los dos sistemas de cue se combinan para permitir la interactividad entra varios DJs.<\/p>\n<p>Bus de mezcla balanceado. Dispone de un bus principal de mezcla totalmente balanceado, algo que normalmente solo se encuentra en las consolas de estudio de muy alta gama, que ofrece una gama din\u00e1mica de m\u00e1s de 110 dB, un mejor rechazo a los zumbidos, y menor ruido y diafon\u00eda.<\/p>\n<p>Filtros resonantes pasa alto y pasa bajo principales. El filtrado principal est\u00e1 formado por un filtro pasa alto (HPF), un filtro pasa bajo (LPF), y un control de resonancia (RES) para ajustar la agudeza del filtro pasa alto.<\/p>\n<p>El filtro Master puede ser utilizado para realizar barridos de frecuencias, o como preset de frecuencia para cortar de forma instant\u00e1nea frecuencias altas o bajas en cualquier canal direccionado a trav\u00e9s del filtro. Las se\u00f1ales pueden ser direccionadas a MF por medio del conmutador de selecci\u00f3n de filtro que incluye cada canal.<\/p>\n<p>EQ master de tres bandas. El mezclador cuenta con una EQ master de tres bandas con corte y realce asim\u00e9trico (-20\/+6dB) que puede ser utilizado como efecto en directo, adem\u00e1s de como herramienta de correcci\u00f3n de frecuencia. EQ de dos bandas para cabina Incorpora un ecualizador de dos bandas que permite que el usuario pueda ajustar la respuesta en frecuencia de los monitores en cabina.<\/p>\n<p>100% anal\u00f3gico. Dispone de controles intuitivos, de acci\u00f3n muy suave y uniforme, asociados a una circuiter\u00eda totalmente anal\u00f3gica, que consigue un sonido claro y cristalino.<\/p>\n<p>Circuiter\u00eda de detecci\u00f3n paso por cero. Todo el direccionamiento interno utiliza el sistema de detecci\u00f3n paso por cero de dise\u00f1o exclusivo, que ayuda a minimizar los ruidos producidos por las conmutaciones de audio en la selecci\u00f3n de filtros de canal, activaci\u00f3n \/ desactivaci\u00f3n del filtro master y la activaci\u00f3n \/ desactivaci\u00f3n de la EQ master. Este sistema permite que estas prestaciones puedan ser utilizados de forma r\u00e1pida e intuitiva como efectos durante las actuaciones en directo.<\/p>\n<p>Fuente de alimentaci\u00f3n externa. El mezclador es alimentado por una fuente de alimentaci\u00f3n universal externa de 24 V 90 W. Internamente, los 24 V suministrados por la fuente de alimentaci\u00f3n externa se convierten a +\/- 20V para las l\u00edneas de alimentaci\u00f3n anal\u00f3gica, utilizando tecnolog\u00eda de conmutaci\u00f3n de alta frecuencia, proporcionando a Model 1 el m\u00e1s alto techo din\u00e1mico con que puede contar un mezclador profesional.<\/p>\n<p>Fuente de alimentaci\u00f3n doble. Model 1 ofrece la posibilidad de ser alimentada por medio de dos fuentes de alimentaci\u00f3n. Esta capacidad, que solo ofrecen las mejoras consolas de mezcla en directo y de grabaci\u00f3n, ofrece un mayor grado de seguridad, al permitir alimentar el mezclador simult\u00e1neamente con una segunda fuente de alimentaci\u00f3n.<\/p>\n<p>En situaciones tales como los festivales, cada fuente de alimentaci\u00f3n puede ser alimentada desde fases separadas; en caso de que una fase falle, la otra fuente de alimentaci\u00f3n pasar\u00e1 a alimentar el mezclador.<\/p>\n<p>Entradas y salidas D-Sub. Model 1 cuenta con dos entradas TASCAM DB25 totalmente balanceadas, capaces de recibir 8 canales est\u00e9reo, que permiten una conexi\u00f3n r\u00e1pida a tarjetas de sonido externas, y a\u00f1ade flexibilidad en instalaciones fijas en clubs. Tambi\u00e9n dispone de salida TASCAM DB25 totalmente balanceada para enviar el master, los env\u00edos auxiliares 1 y 2 y los canales Cue B a trav\u00e9s de un \u00fanico conector.<\/p>\n<p>Salida de grabaci\u00f3n en el panel frontal. En el panel frontal, y sobre la secci\u00f3n master, se ha dispuesto una salida de grabaci\u00f3n, en formato jack TRS 3,5 mm que toma la se\u00f1al post master EQ como salida de grabaci\u00f3n pre fader. Su nivel nominal es de -2dB<\/p>\n<p>&nbsp;<\/p>\n<p>Pagina oficial del producto:<\/p>\n<p><a href=\"https:\/\/playdifferently.org\/model-1\/\" target=\"_blank\" rel=\"noopener\">https:\/\/playdifferently.org\/model-1\/<\/a><\/p>\n","protected":false},"excerpt":{"rendered":"<h4>Mesa de mezclas DJ Model 1 profesional anal\u00f3gico de alta gama<\/h4>\n","protected":false},"featured_media":18882,"template":"","meta":[],"product_cat":[665,729,728],"product_tag":[],"class_list":{"0":"post-18881","1":"product","2":"type-product","3":"status-publish","4":"has-post-thumbnail","6":"product_cat-dj","7":"product_cat-mesa-de-mezclas-dj","8":"product_cat-mesas-de-mezclas-dj","10":"first","11":"outofstock","12":"taxable","13":"shipping-taxable","14":"purchasable","15":"product-type-simple","16":"col-xs-6 col-sm-4","17":"col-md-3 col-lg-3","18":"un-4-cols"},"_links":{"self":[{"href":"https:\/\/www.audioibiza.com\/index.php\/wp-json\/wp\/v2\/product\/18881","targetHints":{"allow":["GET"]}}],"collection":[{"href":"https:\/\/www.audioibiza.com\/index.php\/wp-json\/wp\/v2\/product"}],"about":[{"href":"https:\/\/www.audioibiza.com\/index.php\/wp-json\/wp\/v2\/types\/product"}],"wp:featuredmedia":[{"embeddable":true,"href":"https:\/\/www.audioibiza.com\/index.php\/wp-json\/wp\/v2\/media\/18882"}],"wp:attachment":[{"href":"https:\/\/www.audioibiza.com\/index.php\/wp-json\/wp\/v2\/media?parent=18881"}],"wp:term":[{"taxonomy":"product_cat","embeddable":true,"href":"https:\/\/www.audioibiza.com\/index.php\/wp-json\/wp\/v2\/product_cat?post=18881"},{"taxonomy":"product_tag","embeddable":true,"href":"https:\/\/www.audioibiza.com\/index.php\/wp-json\/wp\/v2\/product_tag?post=18881"}],"curies":[{"name":"wp","href":"https:\/\/api.w.org\/{rel}","templated":true}]}}