{"id":18877,"date":"2020-06-11T12:13:32","date_gmt":"2020-06-11T10:13:32","guid":{"rendered":"https:\/\/www.audioibiza.com\/index.php\/producto\/mesa-de-mezclas-dj-xonepx5-allen-heath-2\/"},"modified":"2025-11-20T01:01:11","modified_gmt":"2025-11-20T00:01:11","slug":"mesa-de-mezclas-allenheath-xone-px5","status":"publish","type":"product","link":"https:\/\/www.audioibiza.com\/index.php\/mesa-de-mezclas-allenheath-xone-px5\/","title":{"rendered":"Mesa de mezclas ALLENHEATH XONE PX5"},"content":{"rendered":"<p><iframe title=\"Allen &amp; Heath Xone:PX5 DJ Mixer Overview with Xone DJ, Juheun\" width=\"840\" height=\"473\" src=\"https:\/\/www.youtube.com\/embed\/yih1uKyOUzs?feature=oembed\" frameborder=\"0\" allow=\"accelerometer; autoplay; clipboard-write; encrypted-media; gyroscope; picture-in-picture; web-share\" referrerpolicy=\"strict-origin-when-cross-origin\" allowfullscreen><\/iframe><\/p>\n<h1>MESA DE MEZCLAS ALLENHEATH XONE PX5<\/h1>\n<p>Mesa de mezclas <a href=\"https:\/\/www.audioibiza.com\/index.php\/mesa-de-mezclas-allenheath-xone-px5\/\">AllenHeath Xone PX5<\/a>. Mediante la combinaci\u00f3n de la calidez del distintivo sonido anal\u00f3gico de la serie Xone, con una conectividad digital l\u00edder en su categor\u00eda, Xone:PX5 aporta una bocanada de aire fresco y renovado a las actuaciones del Dj de m\u00fasica electr\u00f3nica, otorg\u00e1ndoles un nuevo esp\u00edritu y energ\u00eda.<\/p>\n<p>El nuevo paquete de efectos Xone:Xcite FX, con un dise\u00f1o enfocado al directo, incluye delays, reverbs, modulators, flangers y distorters. Estos efectos son todos asignables mediante una serie de controles intuitivos que facilitan sustancialmente la operatividad, el control mucho m\u00e1s preciso de los diferentes par\u00e1metros y el manejo del mezclador.<\/p>\n<p>De esta forma, el Dj s\u00f3lo debe centrarse en sacar lo mejor de s\u00ed para expresar toda su creatividad. Xone:PX5 es un mezclador de 4+1 canales con el legendario filtro Xone VCF y un ecualizador de 3 bandas en cada uno de los canales.<\/p>\n<p>El modo de procesamiento de efecto h\u00edbrido combina los env\u00edos y retornos de efectos, tanto externos como internos, para ofrecer un procesamiento FX avanzado. Cada canal tiene su propio control exclusivo de env\u00edo para el procesamiento externo de efectos, que tambi\u00e9n puede ser encaminado al motor interno Xone:FX.<\/p>\n<p>Esta vers\u00e1til funci\u00f3n de env\u00edo\/retorno permite la conexi\u00f3n de hardware de efectos externos mediante las conexiones de send\/return y master insert (l\u00ednea o instrumento) y provee al mezclador Dj Xone:PX5 de una flexibilidad que le permite adaptarse, con suma facilidad, a los diferentes tipos de configuraciones.<\/p>\n<p>Conecta el ordenador de sobremesa o port\u00e1til a la interfaz de audio de alta calidad que viene incorporada de serie en el mezclador. Esta interfaz de audio de 20 canales ofrece una resoluci\u00f3n de 24bit\/96kHz con conectividad USB 2.0 para una f\u00e1cil integraci\u00f3n del mezclador en los diferentes flujos de trabajo del DJ en los entornos digitales.<\/p>\n<p>Xone:PX5 tambi\u00e9n cuenta con conexi\u00f3n plug and play a trav\u00e9s de X: LINK para conectar el mezclador a los controladores de la serie K y ampliar significativamente las opciones de control MIDI.<\/p>\n<p>El crossfader tiene tres ajustes de curvas conmutables para mezcla o scratching y puede ser reemplazado muy f\u00e1cilmente por un Innofader Pro 2 para conseguir as\u00ed un rendimiento aun superior. No importa cu\u00e1l sea tu estilo de mezcla, Xone: PX5 combina un enfoque moderno del DJing con todas las herramientas necesarias para crear tu propio sonido.<\/p>\n<p>Interfaz de audio interna de alta calidad Xone:PX5 incorpora una interfaz de audio de alto rendimiento con 20 canales, una calidad de conversi\u00f3n de 24bit\/96kHz con conectividad USB 2.0 para una integraci\u00f3n perfecta del mezclador en los diferentes flujos digitales de trabajo del DJ. Xone:FX Xone:PX5 ofrece el conjunto Xone:Xcite FX, una nueva generaci\u00f3n de efectos orientados espec\u00edficamente al directo.<\/p>\n<p>El acceso a este conjunto de efectos se realiza mediante una serie de controles intuitivos que simplifican significativamente la operatividad, por lo que resulta muy f\u00e1cil a\u00f1adir energ\u00eda y emoci\u00f3n a una pista o crear completos paisajes de efectos sonoros.<\/p>\n<p>El modo de procesamiento de efecto h\u00edbrido combina los env\u00edos y retornos de efectos, tanto externos como internos, para ofrecer un procesamiento FX avanzado. Sistema Xone Filter El original y el mejor. El filtro Xone es una leyenda dentro de las cabinas de los DJs ninguna de las imitaciones se acerca-.<\/p>\n<p>El m\u00edtico sistema de filtro Xone incluye HPF, BPF, LPF, control de resonancia y barrido de frecuencia, adem\u00e1s de la opci\u00f3n de encaminar el canal auxiliar y el retorno externo hacia el filtro.<\/p>\n<p>Xone:Sync MIDI Clock Engine Xone: PX5 cuenta con un motor de reloj MIDI integrado, el cual puede enviar mensajes start\/stop a equipos externos. La conexi\u00f3n MIDI est\u00e1ndar de 5 pins permite la conexi\u00f3n de instrumentos externos, tanto de software como de hardware, tales como cajas de ritmos y sintetizadores, que pueden ser conectados al mezclador utilizando las conexiones de entrada (mono\/est\u00e9reo) con conectores jack 1\/4&#8243; del mismo. Xone: PX5 tambi\u00e9n puede enviar y recibir informaci\u00f3n de reloj MIDI a trav\u00e9s de la conexi\u00f3n USB.<\/p>\n<p>X: LINK Xone: PX5 tambi\u00e9n cuenta con conexi\u00f3n plug and play a trav\u00e9s de X: LINK para conectar el mezclador a los controladores de la serie K y ampliar significativamente las opciones de control MIDI a la vez que se ahorran puertos USB del ordenador. Canales 4+1 Adem\u00e1s de los 4 canales phono\/USB\/line totalmente equipados, el mezclador incorpora un canal de micr\u00f3fono\/auxiliar con conectores XLR y jack 1\/4&#8243; respectivamente y un completo ecualizador de 3 bandas. Si no utilizas micr\u00f3fonos, puedes usar el canal como una entrada est\u00e9reo adicional o canal de retorno USB. Compatible con Innofader Actualiza el crossfader y c\u00e1mbialo por un Innofader Pro 2, un crossfader de alta precisi\u00f3n (\u00b1 0.05mm), para conseguir as\u00ed un rendimiento aun superior.<\/p>\n<p>&nbsp;<\/p>\n<p>Para m\u00e1s informaci\u00f3n del producto:<\/p>\n<p><a href=\"https:\/\/www.allen-heath.com\/ahproducts\/xonepx5\/\" target=\"_blank\" rel=\"noopener\">https:\/\/www.allen-heath.com\/ahproducts\/xonepx5\/<\/a><\/p>\n","protected":false},"excerpt":{"rendered":"<h4>Mesa de mezclas AllenHeath Xone PX5 de 4+1 canales<\/h4>\n","protected":false},"featured_media":18878,"template":"","meta":[],"product_cat":[665,729,728],"product_tag":[],"class_list":{"0":"post-18877","1":"product","2":"type-product","3":"status-publish","4":"has-post-thumbnail","6":"product_brand-allen-heath","7":"product_cat-dj","8":"product_cat-mesa-de-mezclas-dj","9":"product_cat-mesas-de-mezclas-dj","11":"first","12":"outofstock","13":"taxable","14":"shipping-taxable","15":"purchasable","16":"product-type-simple","17":"col-xs-6 col-sm-4","18":"col-md-3 col-lg-3","19":"un-4-cols"},"_links":{"self":[{"href":"https:\/\/www.audioibiza.com\/index.php\/wp-json\/wp\/v2\/product\/18877","targetHints":{"allow":["GET"]}}],"collection":[{"href":"https:\/\/www.audioibiza.com\/index.php\/wp-json\/wp\/v2\/product"}],"about":[{"href":"https:\/\/www.audioibiza.com\/index.php\/wp-json\/wp\/v2\/types\/product"}],"wp:featuredmedia":[{"embeddable":true,"href":"https:\/\/www.audioibiza.com\/index.php\/wp-json\/wp\/v2\/media\/18878"}],"wp:attachment":[{"href":"https:\/\/www.audioibiza.com\/index.php\/wp-json\/wp\/v2\/media?parent=18877"}],"wp:term":[{"taxonomy":"product_cat","embeddable":true,"href":"https:\/\/www.audioibiza.com\/index.php\/wp-json\/wp\/v2\/product_cat?post=18877"},{"taxonomy":"product_tag","embeddable":true,"href":"https:\/\/www.audioibiza.com\/index.php\/wp-json\/wp\/v2\/product_tag?post=18877"}],"curies":[{"name":"wp","href":"https:\/\/api.w.org\/{rel}","templated":true}]}}