{"id":18847,"date":"2020-06-11T12:13:05","date_gmt":"2020-06-11T10:13:05","guid":{"rendered":"https:\/\/www.audioibiza.com\/index.php\/producto\/mesa-de-mezclas-dj-xone92-allen-heath-2\/"},"modified":"2026-04-17T16:08:00","modified_gmt":"2026-04-17T14:08:00","slug":"allenheath-xone92-mk2","status":"publish","type":"product","link":"https:\/\/www.audioibiza.com\/index.php\/allenheath-xone92-mk2\/","title":{"rendered":"Mesa de mezclas DJ ALLENHEATH XONE92 MK2"},"content":{"rendered":"<h1>MESA DE MEZCLAS DJ ALLENHEATH XONE92 MK2<\/h1>\n<h2><a href=\"https:\/\/www.audioibiza.com\/index.php\/mesa-de-mezclas-dj-allenheath-xone92-mk2\/\">Mesa de mezclas DJ AllenHeath Xone92 MK2<\/a><\/h2>\n<p>Para m\u00e1s informaci\u00f3n del producto:<\/p>\n<p><a href=\"https:\/\/www.allen-heath.com\/ahproducts\/xone92\/\" target=\"_blank\" rel=\"noopener\">https:\/\/www.allen-heath.com\/ahproducts\/xone92\/<\/a><\/p>\n","protected":false},"excerpt":{"rendered":"<h4>Mesa de mezclas DJ AllenHeath Xone92 MK2 para discoteca\/DJ<\/h4>\n<p>Como dise\u00f1adores de los m\u00e1s innovadores mezcladores para DJ, Allen &amp; Heath sabe lo crucial que resulta la flexibilidad y creatividad en ese segmento de mercado. La nueva generaci\u00f3n de DJs es muy sofisticada y con crecientes niveles de profesionalidad y experiencia, y por lo tanto requieren de mayor n\u00famero de opciones de trabajo y m\u00e1s libertad de creaci\u00f3n.<\/p>\n<p>En definitiva, un mezclador como el Xone:92, con funciones tan sorprendentes como su salida MIDI para el control de dispositivos externos desde el control de crossfader y otros controles, combinada con 2 filtros controlados por tensi\u00f3n (VCF) independientes, ecualizaci\u00f3n de 4 bandas y 2 env\u00edos auxiliares est\u00e9reo. Opci\u00f3n de faders de canal en formato rotatorio disponible.<\/p>\n","protected":false},"featured_media":18848,"template":"","meta":[],"product_cat":[665,729,728],"product_tag":[],"class_list":{"0":"post-18847","1":"product","2":"type-product","3":"status-publish","4":"has-post-thumbnail","6":"product_brand-allen-heath","7":"product_cat-dj","8":"product_cat-mesa-de-mezclas-dj","9":"product_cat-mesas-de-mezclas-dj","11":"first","12":"outofstock","13":"taxable","14":"shipping-taxable","15":"purchasable","16":"product-type-simple","17":"col-xs-6 col-sm-4","18":"col-md-3 col-lg-3","19":"un-4-cols"},"_links":{"self":[{"href":"https:\/\/www.audioibiza.com\/index.php\/wp-json\/wp\/v2\/product\/18847","targetHints":{"allow":["GET"]}}],"collection":[{"href":"https:\/\/www.audioibiza.com\/index.php\/wp-json\/wp\/v2\/product"}],"about":[{"href":"https:\/\/www.audioibiza.com\/index.php\/wp-json\/wp\/v2\/types\/product"}],"wp:featuredmedia":[{"embeddable":true,"href":"https:\/\/www.audioibiza.com\/index.php\/wp-json\/wp\/v2\/media\/18848"}],"wp:attachment":[{"href":"https:\/\/www.audioibiza.com\/index.php\/wp-json\/wp\/v2\/media?parent=18847"}],"wp:term":[{"taxonomy":"product_cat","embeddable":true,"href":"https:\/\/www.audioibiza.com\/index.php\/wp-json\/wp\/v2\/product_cat?post=18847"},{"taxonomy":"product_tag","embeddable":true,"href":"https:\/\/www.audioibiza.com\/index.php\/wp-json\/wp\/v2\/product_tag?post=18847"}],"curies":[{"name":"wp","href":"https:\/\/api.w.org\/{rel}","templated":true}]}}