{"id":17942,"date":"2020-02-05T13:06:01","date_gmt":"2020-02-05T12:06:01","guid":{"rendered":"https:\/\/www.audioibiza.com\/index.php\/producto\/monitor-estudio-s3v-adam\/"},"modified":"2025-11-19T01:01:55","modified_gmt":"2025-11-19T00:01:55","slug":"monitor-estudio-adam-s3v","status":"publish","type":"product","link":"https:\/\/www.audioibiza.com\/index.php\/monitor-estudio-adam-s3v\/","title":{"rendered":"Monitor estudio ADAM S3V"},"content":{"rendered":"<p><iframe title=\"The ADAM Audio S3V Monitors\" width=\"840\" height=\"473\" src=\"https:\/\/www.youtube.com\/embed\/P8VM8eP9K3o?feature=oembed\" frameborder=\"0\" allow=\"accelerometer; autoplay; clipboard-write; encrypted-media; gyroscope; picture-in-picture; web-share\" referrerpolicy=\"strict-origin-when-cross-origin\" allowfullscreen><\/iframe><\/p>\n<h1>\u00a0<a href=\"https:\/\/www.audioibiza.com\/index.php\/monitor-estudio-adam-s3v\/\">MONITOR ESTUDIO ADAM S3V<\/a><\/h1>\n<p>Se basa en los \u00e9xitos de los monitores de estudio m\u00e1s populares de ADAM Audio, el S3A y S3X-V, y, al igual que sus predecesores, establece nuevos est\u00e1ndares en t\u00e9rminos de innovaci\u00f3n t\u00e9cnica ydise\u00f1o.<\/p>\n<p>Las frecuencias de los bajos de 32 Hz a 250 Hz son manejadas por el driver LF de 9 pulgadas con tecnolog\u00eda exclusiva Extended Linear Excursion (ELE) completamente nueva de ADAM Audio, que incorpora la igualmente innovadora simetr\u00eda Magnet Assembly (SMA) de la compa\u00f1\u00eda y ofrece unos graves extremadamente precisos y potentes que se extienden con facilidad hacia abajo en la regi\u00f3n sub-graves.<\/p>\n<p>La informaci\u00f3n de rango medio y de HF se reproduce con la misma precisi\u00f3n anal\u00edtica gracias a la combinaci\u00f3n del nuevo controlador DCH de 4 pulgadas de gama media de ADAM Audio y el driver de HF de cinta plegada S-ART altamente refinado. El DSP personalizado de la serie S optimiza las frecuencias de corte para crear respuestas lineales en toda la gama, y permite ecualizaci\u00f3n de usuario y funciones de ajuste \/ emisi\u00f3n del control room.<\/p>\n<p>Una caracter\u00edstica \u00fanica de las opciones de DSP de S3V es un preajuste EQ incorporado que emula la respuesta del legendario monitor S3A de ADAM Audio. El DSP tambi\u00e9n gestiona la protecci\u00f3n de los agudos basada en limitadores, entradas digitales AES3. Las actualizaciones de software pueden realizarse con facilidad a trav\u00e9s del puerto USB asociado, que tambi\u00e9n permite a los usuarios conectar computadoras y controlar lasfunciones DSP de los altavoces a trav\u00e9s de un software front-end.<\/p>\n<p>Con su potente amplificaci\u00f3n y su dise\u00f1o de tres v\u00edas (configurado \u00f3ptimamente para su uso horizontal), el S3V fue concebido como un monitor de centro de campo. La amplificaci\u00f3n incorporada del S3V est\u00e1 generosamente especificada, incluyendo unidades de Clase D paralos altavoces de graves y medios (500 W y 300 W RMS, respectivamente) y un amplificador de clase A \/ B de 50 W para el tweeter S-ART.<\/p>\n<p>Ofreciendo una reproducci\u00f3n perfecta de frecuencias deaudio entre 32 Hz y 50 kHz, el S3V es una oferta destacada para cualquier persona que exija im\u00e1genes y localizaci\u00f3n de alta precisi\u00f3n de sus monitores de referencia.<\/p>\n<p>&nbsp;<\/p>\n<p>Para m\u00e1s informaci\u00f3n sobre el producto:<\/p>\n<p><a href=\"https:\/\/www.adam-audio.com\/es\/serie-s\/s3v\/\" target=\"_blank\" rel=\"noopener\">https:\/\/www.adam-audio.com\/es\/serie-s\/s3v\/<\/a><\/p>\n","protected":false},"excerpt":{"rendered":"<h4>MONITOR ESTUDIO ADAM S3V<\/h4>\n<p>Se basa en los \u00e9xitos de los monitores de estudio m\u00e1s populares de ADAM Audio, el S3A y S3X-V, y, al igual que sus predecesores, establece nuevos est\u00e1ndares en t\u00e9rminos de innovaci\u00f3n t\u00e9cnica y dise\u00f1o. Las frecuencias de los bajosde 32 Hz a 250 Hz son manejadas por el driver LF de 9 pulgadas con tecnolog\u00eda exclusiva Extended Linear Excursion (ELE) completamente nueva de ADAM Audio<\/p>\n","protected":false},"featured_media":52751,"template":"","meta":[],"product_cat":[665,663,706],"product_tag":[],"class_list":{"0":"post-17942","1":"product","2":"type-product","3":"status-publish","4":"has-post-thumbnail","6":"product_brand-adam","7":"product_cat-dj","8":"product_cat-monitor-estudio","9":"product_cat-produccion-musical","11":"first","12":"outofstock","13":"taxable","14":"shipping-taxable","15":"purchasable","16":"product-type-simple","17":"col-xs-6 col-sm-4","18":"col-md-3 col-lg-3","19":"un-4-cols"},"_links":{"self":[{"href":"https:\/\/www.audioibiza.com\/index.php\/wp-json\/wp\/v2\/product\/17942","targetHints":{"allow":["GET"]}}],"collection":[{"href":"https:\/\/www.audioibiza.com\/index.php\/wp-json\/wp\/v2\/product"}],"about":[{"href":"https:\/\/www.audioibiza.com\/index.php\/wp-json\/wp\/v2\/types\/product"}],"wp:featuredmedia":[{"embeddable":true,"href":"https:\/\/www.audioibiza.com\/index.php\/wp-json\/wp\/v2\/media\/52751"}],"wp:attachment":[{"href":"https:\/\/www.audioibiza.com\/index.php\/wp-json\/wp\/v2\/media?parent=17942"}],"wp:term":[{"taxonomy":"product_cat","embeddable":true,"href":"https:\/\/www.audioibiza.com\/index.php\/wp-json\/wp\/v2\/product_cat?post=17942"},{"taxonomy":"product_tag","embeddable":true,"href":"https:\/\/www.audioibiza.com\/index.php\/wp-json\/wp\/v2\/product_tag?post=17942"}],"curies":[{"name":"wp","href":"https:\/\/api.w.org\/{rel}","templated":true}]}}