{"id":17932,"date":"2020-01-14T17:44:26","date_gmt":"2020-01-14T16:44:26","guid":{"rendered":"https:\/\/www.audioibiza.com\/index.php\/producto\/mesas-de-mezclas-dj-rane-seventy-rane_dj\/"},"modified":"2025-11-19T01:01:52","modified_gmt":"2025-11-19T00:01:52","slug":"mesa-de-mezclas-dj-rane-seventy","status":"publish","type":"product","link":"https:\/\/www.audioibiza.com\/index.php\/mesa-de-mezclas-dj-rane-seventy\/","title":{"rendered":"Mesa de mezclas DJ RANE SEVENTY"},"content":{"rendered":"<p><iframe title=\"Get to know the RANE SEVENTY || Feature Overview\" width=\"840\" height=\"473\" src=\"https:\/\/www.youtube.com\/embed\/EUjvqkniraI?feature=oembed\" frameborder=\"0\" allow=\"accelerometer; autoplay; clipboard-write; encrypted-media; gyroscope; picture-in-picture; web-share\" referrerpolicy=\"strict-origin-when-cross-origin\" allowfullscreen><\/iframe><\/p>\n<p><iframe title=\"Introducing RANE SEVENTY - Your New Battle Companion\" width=\"840\" height=\"473\" src=\"https:\/\/www.youtube.com\/embed\/afpw9Zfp1uE?feature=oembed\" frameborder=\"0\" allow=\"accelerometer; autoplay; clipboard-write; encrypted-media; gyroscope; picture-in-picture; web-share\" referrerpolicy=\"strict-origin-when-cross-origin\" allowfullscreen><\/iframe><\/p>\n<p>&nbsp;<\/p>\n<h1><a href=\"https:\/\/www.audioibiza.com\/index.php\/mesa-de-mezclas-dj-rane-seventy\/\">MESA DE MEZCLAS DJ RANE SEVENTY<\/a><\/h1>\n<p>Para m\u00e1s informaci\u00f3n del producto:<\/p>\n<p><a href=\"https:\/\/www.rane.com\/catalog\/product\/view\/id\/8417\/s\/seventy-seventyxus\/category\/184\/\" target=\"_blank\" rel=\"noopener\">https:\/\/www.rane.com\/catalog\/product\/view\/id\/8417\/s\/seventy-seventyxus\/category\/184\/<\/a><\/p>\n","protected":false},"excerpt":{"rendered":"<h4>Mesa de mezclas DJ RANE SEVENTY para batalla con Serato DJ<\/h4>\n<p>Disposici\u00f3n intuitiva para un alto rendimiento. 3 faders isn contacto MAG FOUR. Control externo de ajuste de tensi\u00f3n de crossfader. Construcci\u00f3n s\u00f3lida en acero y asas protectoras. 6 motores internos de efectos duales post-fader. Control de efectos de Serato DJ. Modos de pad independientes para cada canal.<\/p>\n<p>32 pads asignables via MIDI. Control de b\u00fasqueda y selecci\u00f3n de pistas. Intuitivos botones para Instant Double, Sync On-Off o modo Silent Cue. Controles de bucles dedicados. Conmutadores de efecto de aluminio con rotaci\u00f3n de 180\u00b0. Hub USB para conectar RANE TWELVE. Dos entradas de micro. Relaci\u00f3n Se\u00f1al\/Ruido 114dB.<\/p>\n<p>Doble conector USB para transciones entre DJs. 16 pads para interpretaci\u00f3n Akai Professional MPC.<\/p>\n","protected":false},"featured_media":17933,"template":"","meta":[],"product_cat":[665,729,728],"product_tag":[],"class_list":{"0":"post-17932","1":"product","2":"type-product","3":"status-publish","4":"has-post-thumbnail","6":"product_brand-rane_dj","7":"product_cat-dj","8":"product_cat-mesa-de-mezclas-dj","9":"product_cat-mesas-de-mezclas-dj","11":"first","12":"outofstock","13":"taxable","14":"shipping-taxable","15":"purchasable","16":"product-type-simple","17":"col-xs-6 col-sm-4","18":"col-md-3 col-lg-3","19":"un-4-cols"},"_links":{"self":[{"href":"https:\/\/www.audioibiza.com\/index.php\/wp-json\/wp\/v2\/product\/17932","targetHints":{"allow":["GET"]}}],"collection":[{"href":"https:\/\/www.audioibiza.com\/index.php\/wp-json\/wp\/v2\/product"}],"about":[{"href":"https:\/\/www.audioibiza.com\/index.php\/wp-json\/wp\/v2\/types\/product"}],"wp:featuredmedia":[{"embeddable":true,"href":"https:\/\/www.audioibiza.com\/index.php\/wp-json\/wp\/v2\/media\/17933"}],"wp:attachment":[{"href":"https:\/\/www.audioibiza.com\/index.php\/wp-json\/wp\/v2\/media?parent=17932"}],"wp:term":[{"taxonomy":"product_cat","embeddable":true,"href":"https:\/\/www.audioibiza.com\/index.php\/wp-json\/wp\/v2\/product_cat?post=17932"},{"taxonomy":"product_tag","embeddable":true,"href":"https:\/\/www.audioibiza.com\/index.php\/wp-json\/wp\/v2\/product_tag?post=17932"}],"curies":[{"name":"wp","href":"https:\/\/api.w.org\/{rel}","templated":true}]}}