{"id":17529,"date":"2019-11-18T12:20:22","date_gmt":"2019-11-18T11:20:22","guid":{"rendered":"https:\/\/www.audioibiza.com\/?post_type=product&#038;p=17529"},"modified":"2025-05-16T17:12:18","modified_gmt":"2025-05-16T15:12:18","slug":"tripode-altavoz-d8600","status":"publish","type":"product","link":"https:\/\/www.audioibiza.com\/index.php\/tripode-altavoz-d8600\/","title":{"rendered":"Accesorio cajas acusticas tripode altavoz D8600"},"content":{"rendered":"<h1><a href=\"https:\/\/www.audioibiza.com\/index.php\/tripode-altavoz-d8600\/\">ACCESORIO CAJAS ACUSTICAS TRIPODE ALTAVOZ D8600<\/a><\/h1>\n<div id=\"productDescriptionToggle\" class=\"descriptionOuter descriptionExpanded\">\n<div class=\"descriptionInner\">Producidos en Europa, estos soportes extremadamente robustos han sido dise\u00f1ados para estar en la carretera. Estables, robustos, f\u00e1ciles de montar y manejar; pueden igualar las especificaciones de cualquier marca l\u00edder.<\/div>\n<div><\/div>\n<div class=\"descriptionInner\">Todos los materiales utilizados son una expresi\u00f3n de los est\u00e1ndares de calidad que hemos establecido para las Soportes Mammoth. Estos soportes est\u00e1n disponibles en diferentes alturas y tambi\u00e9n son adecuados para montar amplificadores y tambores.<\/div>\n<div><\/div>\n<\/div>\n<div class=\"hl_usps_wrapper\">\n<ul class=\"usps\">\n<li>Ligero, aluminio<\/li>\n<li>Articulaci\u00f3n de magnesio<\/li>\n<li>Refuerzo doble de las patas<\/li>\n<\/ul>\n<\/div>\n<h4 class=\"item title active\" tabindex=\"0\" role=\"tab\" data-role=\"collapsible\" data-collapsible=\"true\" aria-controls=\"tab-specifications\" aria-selected=\"false\" aria-expanded=\"true\">Especificaciones<\/h4>\n<div id=\"tab-specifications\" class=\"item content\" role=\"tabpanel\" data-role=\"content\" aria-hidden=\"false\">\n<table id=\"product-attribute-specs-table\" class=\"data table additional-attributes\">\n<tbody>\n<tr>\n<th class=\"col label\" scope=\"row\">Color<\/th>\n<td class=\"col data\" data-th=\"Color\">Black<\/td>\n<\/tr>\n<tr>\n<th class=\"col label\" scope=\"row\">Material<\/th>\n<td class=\"col data\" data-th=\"Material\">Aluminium<\/td>\n<\/tr>\n<tr>\n<th class=\"col label\" scope=\"row\">Carga M\u00e1xima<\/th>\n<td class=\"col data\" data-th=\"Carga M\u00e1xima\">40 kg<\/td>\n<\/tr>\n<tr>\n<th class=\"col label\" scope=\"row\">Peso<\/th>\n<td class=\"col data\" data-th=\"Peso\">2,8 kg<\/td>\n<\/tr>\n<tr>\n<th class=\"col label\" scope=\"row\">Di\u00e1metro Adaptador del Altavoz<\/th>\n<td class=\"col data\" data-th=\"Di\u00e1metro Adaptador del Altavoz\">35mm<\/td>\n<\/tr>\n<tr>\n<th class=\"col label\" scope=\"row\">Tipo de Pie<\/th>\n<td class=\"col data\" data-th=\"Tipo de Pie\">Tube legs with braces<\/td>\n<\/tr>\n<tr>\n<th class=\"col label\" scope=\"row\">Longitud M\u00e1xima Plegado<\/th>\n<td class=\"col data\" data-th=\"Longitud M\u00e1xima Plegado\">1.965 mm<\/td>\n<\/tr>\n<tr>\n<th class=\"col label\" scope=\"row\">Aplicaci\u00f3n<\/th>\n<td class=\"col data\" data-th=\"Aplicaci\u00f3n\">Speaker<\/td>\n<\/tr>\n<tr>\n<th class=\"col label\" scope=\"row\">Tipo de Bloqueo<\/th>\n<td class=\"col data\" data-th=\"Tipo de Bloqueo\">Screw knob<\/td>\n<\/tr>\n<tr>\n<th class=\"col label\" scope=\"row\">Altura M\u00e1xima (mm)<\/th>\n<td class=\"col data\" data-th=\"Altura M\u00e1xima (mm)\">1900 mm<\/td>\n<\/tr>\n<tr>\n<th class=\"col label\" scope=\"row\">Altura M\u00ednima (mm)<\/th>\n<td class=\"col data\" data-th=\"Altura M\u00ednima (mm)\">1300 mm<\/td>\n<\/tr>\n<\/tbody>\n<\/table>\n<\/div>\n<p>\u00a0<\/p>\n<p>Para m\u00e1s informaci\u00f3n del producto:<\/p>\n<p><a href=\"https:\/\/www.highlite.com\/es\/d8600-speaker-stand-35mm.html\" target=\"_blank\" rel=\"noopener\">https:\/\/www.highlite.com\/es\/d8600-speaker-stand-35mm.html<\/a><\/p>\n<p>\u00a0<\/p>\n","protected":false},"excerpt":{"rendered":"<h4>ACCESORIO CAJAS ACUSTICAS TRIPODE ALTAVOZ D8600<\/h4>\n<ul class=\"usps\">\n<li>Articulaci\u00f3n de magnesio<\/li>\n<li>Refuerzo doble de las patas<\/li>\n<li>Material: aluminio<\/li>\n<li>Construccion de las patas: travesias dobles<\/li>\n<li>Altura: 130-190cm<\/li>\n<li>Espacio de suelo: 1100\u00a0mm de \u00f8<\/li>\n<li>Extremo del tubo: 35mm<\/li>\n<li>Capacidad de carga: 40kg<\/li>\n<li>Peso: 2,8kg<\/li>\n<\/ul>\n","protected":false},"featured_media":17530,"template":"","meta":[],"product_cat":[661,713,710],"product_tag":[],"class_list":{"0":"post-17529","1":"product","2":"type-product","3":"status-publish","4":"has-post-thumbnail","6":"product_brand-dap-audio","7":"product_cat-audio-profesional","8":"product_cat-accesorios-cajas-acusticas","9":"product_cat-cajas-acusticas","10":"product_shipping_class-mediano-y-barato-16","12":"first","13":"outofstock","14":"taxable","15":"shipping-taxable","16":"purchasable","17":"product-type-simple","18":"col-xs-6 col-sm-4","19":"col-md-3 col-lg-3","20":"un-4-cols"},"_links":{"self":[{"href":"https:\/\/www.audioibiza.com\/index.php\/wp-json\/wp\/v2\/product\/17529","targetHints":{"allow":["GET"]}}],"collection":[{"href":"https:\/\/www.audioibiza.com\/index.php\/wp-json\/wp\/v2\/product"}],"about":[{"href":"https:\/\/www.audioibiza.com\/index.php\/wp-json\/wp\/v2\/types\/product"}],"wp:featuredmedia":[{"embeddable":true,"href":"https:\/\/www.audioibiza.com\/index.php\/wp-json\/wp\/v2\/media\/17530"}],"wp:attachment":[{"href":"https:\/\/www.audioibiza.com\/index.php\/wp-json\/wp\/v2\/media?parent=17529"}],"wp:term":[{"taxonomy":"product_cat","embeddable":true,"href":"https:\/\/www.audioibiza.com\/index.php\/wp-json\/wp\/v2\/product_cat?post=17529"},{"taxonomy":"product_tag","embeddable":true,"href":"https:\/\/www.audioibiza.com\/index.php\/wp-json\/wp\/v2\/product_tag?post=17529"}],"curies":[{"name":"wp","href":"https:\/\/api.w.org\/{rel}","templated":true}]}}