{"id":17437,"date":"2019-11-14T12:24:40","date_gmt":"2019-11-14T11:24:40","guid":{"rendered":"https:\/\/www.audioibiza.com\/?post_type=product&#038;p=17437"},"modified":"2024-09-04T12:09:32","modified_gmt":"2024-09-04T10:09:32","slug":"amplificador-yamaha-rs202d","status":"publish","type":"product","link":"https:\/\/www.audioibiza.com\/index.php\/amplificador-yamaha-rs202d\/","title":{"rendered":"Amplificador YAMAHA RS202D"},"content":{"rendered":"<div id=\"d768738\" class=\"h3-image-left\">\n<div class=\"container-fluid\">\n<p><iframe title=\"EN - R-S201, A-S201, R-N500 \/ Yamaha @ IFA 2013\" width=\"840\" height=\"473\" src=\"https:\/\/www.youtube.com\/embed\/2PU7vbdZpKs?feature=oembed\" frameborder=\"0\" allow=\"accelerometer; autoplay; clipboard-write; encrypted-media; gyroscope; picture-in-picture; web-share\" referrerpolicy=\"strict-origin-when-cross-origin\" allowfullscreen><\/iframe><\/p>\n<h1>Amplificador YAMAHA RS202D<\/h1>\n<h1>Alta calidad de sonido Yamaha<\/h1>\n<div class=\"clearfix\">\n<p>Yamaha, con 125 a\u00f1os de historia como fabricante de instrumentos musicales, tambi\u00e9n se ha forjado una excelente reputaci\u00f3n por sus componentes de alta fidelidad. El <a href=\"https:\/\/www.audioibiza.com\/index.php\/amplificador-yamaha-rs202d\/\">R-S202D<\/a> se desarroll\u00f3 aprovechando esta amplia experiencia y alta especializaci\u00f3n tecnol\u00f3gica. Basado en el concepto de \u00absonido natural\u00bb para reproducir toda la m\u00fasica exactamente como suena y fabricado con un cuidado exquisito desde el dise\u00f1o de circuitos hasta la producci\u00f3n de sonido b\u00e1sica, este modelo, pese a ser de gama b\u00e1sica, reproduce un sonido de alta calidad con una gran riqueza musical.<\/p>\n<\/div>\n<\/div>\n<\/div>\n<div id=\"d768739\" class=\"h3-image-left\">\n<div class=\"container-fluid\">\n<h2>Alta potencia de salida de 100W\u00d72 y dise\u00f1o de circuitos que garantiza una alta calidad de sonido<\/h2>\n<div class=\"clearfix\">\n<p>El R-S202D, con una potencia de 100 W* \u00d7 2 \u00fanica en su categor\u00eda, tiene un dise\u00f1o que garantiza una alta calidad de sonido minimizando la longitud de los caminos de se\u00f1al y optimizando la configuraci\u00f3n de circuitos. La tierra de la se\u00f1al y la tierra de la fuente de alimentaci\u00f3n est\u00e1n conectadas en un mismo punto, lo que permite eliminar las interferencias mutuas para lograr una mayor relaci\u00f3n se\u00f1al\/ruido.<\/p>\n<p>* 8 ohmios, 40 Hz &#8211; 20 kHz, 0,2% THD<\/p>\n<\/div>\n<\/div>\n<\/div>\n<div id=\"d768740\" class=\"h3-image-right\">\n<div class=\"container-fluid\">\n<h2>Compatibilidad con Bluetooth\u00ae para la transmisi\u00f3n inal\u00e1mbrica de m\u00fasica<\/h2>\n<div class=\"clearfix\">\n<p>El R-S202D est\u00e1 equipado con Bluetooth\u00ae para que pueda reproducir f\u00e1cilmente m\u00fasica de forma inal\u00e1mbrica desde un smartphone y otros dispositivos. Podr\u00e1 seleccionar las canciones de su biblioteca desde la pantalla del tel\u00e9fono y escucharlas con toda la potencia y calidad de sonido de su sistema de audio.<\/p>\n<\/div>\n<\/div>\n<\/div>\n<div id=\"d768741\" class=\"h3-image-right\">\n<div class=\"container-fluid\">\n<h2>Sintonizador DAB\/DAB+ para disfrutar de la radio digital<\/h2>\n<div class=\"clearfix\">\n<p>DAB y DAB+ son formatos de transmisi\u00f3n digital de audio que ofrecen una amplia selecci\u00f3n de emisoras de radio con un sonido de alta calidad. Entre otras ventajas est\u00e1 la sintonizaci\u00f3n autom\u00e1tica de las emisoras disponibles que se muestran en una lista y la visualizaci\u00f3n de informaci\u00f3n como el nombre de las emisoras. Podr\u00e1 memorizar 40 emisoras DAB\/DAB+.<\/p>\n<\/div>\n<\/div>\n<\/div>\n<div id=\"d768742\" class=\"h3-image-right\">\n<div class=\"container-fluid\">\n<h2>Dise\u00f1o a la vez sencillo y sofisticado<\/h2>\n<div class=\"clearfix\">\n<p>El R-S202D presenta el dise\u00f1o a la vez sencillo y sofisticado por el que son famosos los componentes de audio de alta fidelidad de Yamaha. Con su elegante acabado estriado, combina perfectamente con otros equipos de audio de alta fidelidad. Los botones de control y el bot\u00f3n de volumen tambi\u00e9n reflejan nuestra voluntad de ofrecer sencillez y facilidad de uso.<\/p>\n<\/div>\n<\/div>\n<\/div>\n<div id=\"d768712\" class=\"h3-image-right\">\n<div class=\"container-fluid\">\n<h2>Selector y terminales de altavoz para dos sistemas<\/h2>\n<div class=\"clearfix\">\n<p>Al estar equipado con terminales de altavoz para dos sistemas, este receptor le permitir\u00e1 conectar dos conjuntos de altavoces. Gracias al selector de altavoces, podr\u00e1 conmutar f\u00e1cilmente entre las salidas de altavoces y disfrutar del sonido de un sistema de altavoces (A o B) o de ambos (A + B).<\/p>\n<\/div>\n<\/div>\n<\/div>\n<div id=\"d768713\" class=\"h3-image-right\">\n<div class=\"container-fluid\">\n<h3>Ahorro de energ\u00eda<\/h3>\n<div class=\"clearfix\">\n<p>Una funci\u00f3n de gesti\u00f3n de energ\u00eda corta autom\u00e1ticamente la alimentaci\u00f3n (situando la unidad en modo standby) cuando el receptor lleva mucho tiempo sin usarse. Se puede ajustar en 2, 4, 8 \u00f3 12 horas o apagar. Adem\u00e1s, el consumo en modo standby es de tan s\u00f3lo 0,5 W, lo que supone un excelente ahorro energ\u00e9tico.<\/p>\n<\/div>\n<\/div>\n<\/div>\n<div id=\"d768714\" class=\"h3-image-right\">\n<div class=\"container-fluid\">\n<h3>Otras caracter\u00edsticas destacables<\/h3>\n<div class=\"clearfix\">\n<p>\u2022 Mando a distancia de dise\u00f1o sencillo<\/p>\n<p>\u2022 Toma de auriculares<\/p>\n<\/div>\n<\/div>\n<\/div>\n<div class=\"spectable-stickyheader-anchor-begin\" aria-hidden=\"true\"><\/div>\n<table class=\"table table-bordered\">\n<thead>\n<tr class=\"active\">\n<th colspan=\"2\">\n<h3>Especificaciones<\/h3>\n<\/th>\n<th class=\"spectable-colnumber-0\" scope=\"col\"><\/th>\n<\/tr>\n<\/thead>\n<tbody>\n<tr class=\"active\">\n<th colspan=\"3\" aria-hidden=\"true\"><\/th>\n<\/tr>\n<tr>\n<th class=\"active\" rowspan=\"1\" scope=\"row\">Network section<\/th>\n<th class=\"active\" scope=\"row\">Bluetooth<\/th>\n<td class=\"spectable-colnumber-0\">Yes (SBC \/ AAC)<\/td>\n<\/tr>\n<tr class=\"active\">\n<th colspan=\"3\" aria-hidden=\"true\">Specifications<\/th>\n<\/tr>\n<tr>\n<th class=\"active\" colspan=\"2\" scope=\"row\">Maximum Power (4 ohms, 1kHz, 0.7% THD, for Europe)<\/th>\n<td class=\"spectable-colnumber-0\">115 W + 115 W<\/td>\n<\/tr>\n<tr>\n<th class=\"active\" colspan=\"2\" scope=\"row\">Maximum Power(8 ohms, 1 kHz, 10% THD)<\/th>\n<td class=\"spectable-colnumber-0\">140 W + 140 W<\/td>\n<\/tr>\n<tr>\n<th class=\"active\" colspan=\"2\" scope=\"row\">High Dynamic Power\/Channel (8\/6\/4\/2 ohms)<\/th>\n<td class=\"spectable-colnumber-0\">125 W \/ 150 W \/ 165 W \/ 180 W<\/td>\n<\/tr>\n<tr>\n<th class=\"active\" colspan=\"2\" scope=\"row\">Frequency Response<\/th>\n<td class=\"spectable-colnumber-0\">10 Hz &#8211; 100 kHz (0 \u00b1 0.5 dB \/ 0 \u00b1 3.0 dB)<\/td>\n<\/tr>\n<tr>\n<th class=\"active\" colspan=\"2\" scope=\"row\">Total Harmonic Distortion (CD to Sp Out, 20 Hz-20 kHz)<\/th>\n<td class=\"spectable-colnumber-0\">0.2%<\/td>\n<\/tr>\n<tr>\n<th class=\"active\" colspan=\"2\" scope=\"row\">Signal-to-Noise Ratio (CD)<\/th>\n<td class=\"spectable-colnumber-0\">100 dB (S: 500 mV)<\/td>\n<\/tr>\n<tr>\n<th class=\"active\" colspan=\"2\" scope=\"row\">Input Sensitivity (CD)<\/th>\n<td class=\"spectable-colnumber-0\">500 mV \/ 47 k-ohms<\/td>\n<\/tr>\n<tr>\n<th class=\"active\" colspan=\"2\" scope=\"row\">FM 50dB Quieting Sensitivity (IHF, 1 kHz, 100% Mod., Mono)<\/th>\n<td class=\"spectable-colnumber-0\">3 \u03bcV (20.8 dBf)<\/td>\n<\/tr>\n<tr>\n<th class=\"active\" colspan=\"2\" scope=\"row\">FM Signal-to-Noise Ratio (Mono\/Stereo)<\/th>\n<td class=\"spectable-colnumber-0\">72 dB \/ 70 dB<\/td>\n<\/tr>\n<tr>\n<th class=\"active\" colspan=\"2\" scope=\"row\">Standby Power Consumption<\/th>\n<td class=\"spectable-colnumber-0\">0.5 W<\/td>\n<\/tr>\n<tr>\n<th class=\"active\" colspan=\"2\" scope=\"row\">Dimensions (W x H x D)<\/th>\n<td class=\"spectable-colnumber-0\">435 x 141 x 322 mm; 17-1\/8\u201d x 5-1\/2\u201d x 12-5\/8\u201d<\/td>\n<\/tr>\n<tr>\n<th class=\"active\" colspan=\"2\" scope=\"row\">Weight<\/th>\n<td class=\"spectable-colnumber-0\">6.7 kg; 14.8 lbs.<\/td>\n<\/tr>\n<\/tbody>\n<\/table>\n<p>&nbsp;<\/p>\n<p>Para m\u00e1s informaci\u00f3n del producto:<\/p>\n<p><a href=\"http:\/\/www.yamaha.maygap.com\/en\/products\/audio_visual\/hifi_components\/r-s202d\/index.html\" target=\"_blank\" rel=\"noopener\">http:\/\/www.yamaha.maygap.com\/en\/products\/audio_visual\/hifi_components\/r-s202d\/index.html<\/a><\/p>\n","protected":false},"excerpt":{"rendered":"<h4>AMPLIFICADOR YAMAHA RS202D<\/h4>\n<p>Receptor Hi-Fi que ofrece la excepcional calidad de sonido y el dise\u00f1o minimalista caracter\u00edsticos de Yamaha. Es compatible con Bluetooth\u00ae y cuenta con un sintonizador DAB\/DAB+ para disfrutar de emisiones digitales.<\/p>\n<ul>\n<li>Alta calidad de sonido Yamaha, fruto de numerosos a\u00f1os de experiencia y tradici\u00f3n y de una alta especializaci\u00f3n tecnol\u00f3gica<\/li>\n<li>Compatibilidad con Bluetooth\u00ae para la transmisi\u00f3n inal\u00e1mbrica de m\u00fasica<\/li>\n<li>Sintonizadores DAB\/DAB+ y FM con memoria para 40 emisoras<\/li>\n<li>Dise\u00f1o a la vez sencillo y sofisticado<\/li>\n<li>Selector y terminales de altavoz para dos sistemas<\/li>\n<li>Funci\u00f3n Auto power standby<\/li>\n<li>Mando a distancia de dise\u00f1o sencillo<\/li>\n<li>Toma de auriculares<\/li>\n<\/ul>\n","protected":false},"featured_media":17438,"template":"","meta":[],"product_cat":[700,1045,1044],"product_tag":[],"class_list":{"0":"post-17437","1":"product","2":"type-product","3":"status-publish","4":"has-post-thumbnail","6":"product_brand-yamaha","7":"product_cat-audio-video-hifi","8":"product_cat-amplificador-estereo","9":"product_cat-amplificadores-estereo-home-cinema","10":"product_shipping_class-mediano-y-barato-16","12":"first","13":"outofstock","14":"taxable","15":"shipping-taxable","16":"product-type-simple","17":"col-xs-6 col-sm-4","18":"col-md-3 col-lg-3","19":"un-4-cols"},"_links":{"self":[{"href":"https:\/\/www.audioibiza.com\/index.php\/wp-json\/wp\/v2\/product\/17437","targetHints":{"allow":["GET"]}}],"collection":[{"href":"https:\/\/www.audioibiza.com\/index.php\/wp-json\/wp\/v2\/product"}],"about":[{"href":"https:\/\/www.audioibiza.com\/index.php\/wp-json\/wp\/v2\/types\/product"}],"wp:featuredmedia":[{"embeddable":true,"href":"https:\/\/www.audioibiza.com\/index.php\/wp-json\/wp\/v2\/media\/17438"}],"wp:attachment":[{"href":"https:\/\/www.audioibiza.com\/index.php\/wp-json\/wp\/v2\/media?parent=17437"}],"wp:term":[{"taxonomy":"product_cat","embeddable":true,"href":"https:\/\/www.audioibiza.com\/index.php\/wp-json\/wp\/v2\/product_cat?post=17437"},{"taxonomy":"product_tag","embeddable":true,"href":"https:\/\/www.audioibiza.com\/index.php\/wp-json\/wp\/v2\/product_tag?post=17437"}],"curies":[{"name":"wp","href":"https:\/\/api.w.org\/{rel}","templated":true}]}}