{"id":16722,"date":"2019-11-05T16:25:33","date_gmt":"2019-11-05T15:25:33","guid":{"rendered":"https:\/\/www.audioibiza.com\/?post_type=product&#038;p=16722"},"modified":"2023-02-07T17:48:09","modified_gmt":"2023-02-07T16:48:09","slug":"caja-activa-jbl-vrx932lap-line-array","status":"publish","type":"product","link":"https:\/\/www.audioibiza.com\/index.php\/caja-activa-jbl-vrx932lap-line-array\/","title":{"rendered":"Caja Activa JBL VRX932LAP Line Array"},"content":{"rendered":"<h1><a href=\"https:\/\/www.audioibiza.com\/index.php\/caja-activa-jbl-vrx932lap-line-array\/\">Caja Activa JBL VRX932LAP Line Array<\/a><\/h1>\n<div id=\"product-specifications\" class=\"row product-subheader\">\n<div class=\"small-10 columns\">\n<h2 class=\"content-nav\" data-magellan-destination=\"specifications\"><strong>Caracteristicas<\/strong><\/h2>\n<\/div>\n<\/div>\n<div class=\"product_main_tab_content content \">\n<table class=\"specs\">\n<tbody>\n<tr>\n<td class=\"name\">Power Rating<\/td>\n<td>1750 Watts Peak875 Watts Continuous<\/td>\n<\/tr>\n<tr>\n<td class=\"name\">Frequency Response (-10dB)<\/td>\n<td>57 Hz \u2013 20 kHz<\/td>\n<\/tr>\n<tr>\n<td class=\"name\">Dimensions (H x W x D)<\/td>\n<td>349 mm x 597 mm x 444 mm(13.75 in x 23.5 in x 17.5 in)<\/td>\n<\/tr>\n<tr>\n<td class=\"name\">Frequency Response<\/td>\n<td>75 Hz \u2013 20 kHz (+\/-3db)<\/td>\n<\/tr>\n<tr>\n<td class=\"name\">Maximum SPL (1m)<\/td>\n<td>136 dB SPL<\/td>\n<\/tr>\n<tr>\n<td class=\"name\">Coverage Pattern<\/td>\n<td>100 x 15 nominal<\/td>\n<\/tr>\n<tr>\n<td class=\"name\">DPC-2 Output as (Continuous IED shaped pink noise into rated load impedance)<\/td>\n<td>LF: 750 Watts, HF: 125 Watts<\/td>\n<\/tr>\n<tr>\n<td class=\"name\">DPC-2 Output Section<\/td>\n<td>LF: Dual-Bridged Technology\u2122, Class D<\/td>\n<\/tr>\n<tr>\n<td class=\"name\">Inputs<\/td>\n<td>XLR with loop through<\/td>\n<\/tr>\n<tr>\n<td class=\"name\">LF Driver<\/td>\n<td>1 x JBL 2262FF 305 mm (12 in) neodymium magnet<\/td>\n<\/tr>\n<tr>\n<td class=\"name\">HF Driver<\/td>\n<td>3 x JBL 2408J, 38 mm (1.5 in)<\/td>\n<\/tr>\n<tr>\n<td class=\"name\">User Controls<\/td>\n<td>Input Attenuator (0-16 dB)<\/td>\n<\/tr>\n<tr>\n<td class=\"name\">Signal Processings<\/td>\n<td>DSP based, resident in Input Module<\/td>\n<\/tr>\n<tr>\n<td class=\"name\">AC Power Operating Range<\/td>\n<td>90-132 VAC or 216-264 VAC, 50\/60 Hz<\/td>\n<\/tr>\n<tr>\n<td class=\"name\">AC Input Connector<\/td>\n<td>Neutrik PowerCon (NAC 3MPA)<\/td>\n<\/tr>\n<tr>\n<td class=\"name\">AC Loop Through Connector<\/td>\n<td>Neutrik PowerCon (NAC 3MPB)<\/td>\n<\/tr>\n<tr>\n<td class=\"name\">AC Current Requirements<\/td>\n<td>6A per system at 120V, 3A per system at 240V<\/td>\n<\/tr>\n<tr>\n<td class=\"name\">Enclosure<\/td>\n<td>25\/15 mm, 11-ply birch plywood<\/td>\n<\/tr>\n<tr>\n<td class=\"name\">Suspension \/ Mounting<\/td>\n<td>Optional VRX-AF line array frame kit, 10mm forged eyebolts or internal dual angle 36mm pole mount cup for pole or tripod mounting<\/td>\n<\/tr>\n<tr>\n<td class=\"name\">Finish<\/td>\n<td>Black DuraFlex\u2122 finish<\/td>\n<\/tr>\n<tr>\n<td class=\"name\">Grille<\/td>\n<td>Powder coated, black, 16-gauge perforated steel with with acoustically transparent foam<\/td>\n<\/tr>\n<tr>\n<td class=\"name\">Net Weight (each)<\/td>\n<td>24 kg (52 lb)<\/td>\n<\/tr>\n<tr>\n<td class=\"name\">Optional Accessories<\/td>\n<td>VRX-AF: Suspension array frame<\/td>\n<\/tr>\n<tr>\n<td class=\"name\">Outputs<\/td>\n<td>1 x XLR<\/td>\n<\/tr>\n<tr>\n<td class=\"name\">System Type<\/td>\n<td>Constant Curvature 12\u2033 Two-Way Powered Line Array System<\/td>\n<\/tr>\n<tr>\n<td class=\"name\">Nominal Impedance<\/td>\n<td>NA \u2013 amplification is integrated<\/td>\n<\/tr>\n<\/tbody>\n<\/table>\n<\/div>\n<p>\u00a0<\/p>\n<p>Para m\u00e1s informaci\u00f3n del producto:<\/p>\n<p><a href=\"https:\/\/jblpro.com\/en-US\/products\/vrx932lap\" target=\"_blank\" rel=\"noopener\">https:\/\/jblpro.com\/en-US\/products\/vrx932lap<\/a><\/p>\n","protected":false},"excerpt":{"rendered":"<div class=\"tabs product-box\">\n<div class=\"box_content\">\n<div class=\"product-description\">\n<h4>CAJA ACTIVA JBL VRX932LAP LINE ARRAY<\/h4>\n<p>Elemento de array vertical auto amplificado de curvatura constante de 2 v\u00edas, compuesto por 1 woofer de neodimio Differential Drive 2262FF de 12&#8243; y 3 motores de agudos 2408J de 1&#8243;. Integra sistema de volado y doble vaso invertido 0 -10 para montaje en tr\u00edpode.<\/p>\n<p>Con m\u00f3dulo DPC2 con potencias de 750W en graves y 125W en agudos. M\u00e1ximo SPL de 136 dB. Respuesta en frecuencia de 75 Hz a 20 kHz. Alimentaci\u00f3n 90-132 VAC o 216-264 VAC, 50\/60Hz. Dimensiones: 349x597x444 mm. Peso: 24 Kg.<\/p>\n<\/div>\n<\/div>\n<\/div>\n","protected":false},"featured_media":16723,"template":"","meta":[],"product_cat":[661,712,710],"product_tag":[],"class_list":{"0":"post-16722","1":"product","2":"type-product","3":"status-publish","4":"has-post-thumbnail","6":"product_brand-jbl","7":"product_cat-audio-profesional","8":"product_cat-caja-activa","9":"product_cat-cajas-acusticas","11":"first","12":"outofstock","13":"taxable","14":"shipping-taxable","15":"purchasable","16":"product-type-simple","17":"col-xs-6 col-sm-4","18":"col-md-3 col-lg-3","19":"un-4-cols"},"_links":{"self":[{"href":"https:\/\/www.audioibiza.com\/index.php\/wp-json\/wp\/v2\/product\/16722","targetHints":{"allow":["GET"]}}],"collection":[{"href":"https:\/\/www.audioibiza.com\/index.php\/wp-json\/wp\/v2\/product"}],"about":[{"href":"https:\/\/www.audioibiza.com\/index.php\/wp-json\/wp\/v2\/types\/product"}],"wp:featuredmedia":[{"embeddable":true,"href":"https:\/\/www.audioibiza.com\/index.php\/wp-json\/wp\/v2\/media\/16723"}],"wp:attachment":[{"href":"https:\/\/www.audioibiza.com\/index.php\/wp-json\/wp\/v2\/media?parent=16722"}],"wp:term":[{"taxonomy":"product_cat","embeddable":true,"href":"https:\/\/www.audioibiza.com\/index.php\/wp-json\/wp\/v2\/product_cat?post=16722"},{"taxonomy":"product_tag","embeddable":true,"href":"https:\/\/www.audioibiza.com\/index.php\/wp-json\/wp\/v2\/product_tag?post=16722"}],"curies":[{"name":"wp","href":"https:\/\/api.w.org\/{rel}","templated":true}]}}