{"id":16713,"date":"2019-11-05T16:14:47","date_gmt":"2019-11-05T15:14:47","guid":{"rendered":"https:\/\/www.audioibiza.com\/?post_type=product&#038;p=16713"},"modified":"2023-02-07T17:47:39","modified_gmt":"2023-02-07T16:47:39","slug":"subwoofer-activo-jbl-vrx918sp","status":"publish","type":"product","link":"https:\/\/www.audioibiza.com\/index.php\/subwoofer-activo-jbl-vrx918sp\/","title":{"rendered":"Subwoofer Activo JBL VRX918SP"},"content":{"rendered":"<h1><a href=\"https:\/\/www.audioibiza.com\/index.php\/subwoofer-activo-jbl-vrx918sp\/\">Subwoofer Activo JBL VRX918SP<\/a><\/h1>\n<div id=\"product-specifications\" class=\"row product-subheader\">\n<div class=\"small-10 columns\">\n<h2 class=\"content-nav\" data-magellan-destination=\"specifications\"><strong>Caracteristicas<\/strong><\/h2>\n<\/div>\n<\/div>\n<div class=\"product_main_tab_content content \">\n<table class=\"specs\">\n<tbody>\n<tr>\n<td class=\"name\">Power Rating<\/td>\n<td>1500 Watts PeakLF: Dual-Bridged Technology\u2122, Class D<\/td>\n<\/tr>\n<tr>\n<td class=\"name\">Frequency Range<\/td>\n<td>31 Hz \u2013 220 Hz<\/td>\n<\/tr>\n<tr>\n<td class=\"name\">Dimensions (H x W x D)<\/td>\n<td>508 mm x 597 mm x 749 mm (20.0 in x 23.5 in x 29.5 in)<\/td>\n<\/tr>\n<tr>\n<td class=\"name\">Frequency Response (-10dB)<\/td>\n<td>31 Hz \u2013 220 Hz<\/td>\n<\/tr>\n<tr>\n<td class=\"name\">Maximum Peak Output<\/td>\n<td>126 dB SPL at 1m<\/td>\n<\/tr>\n<tr>\n<td class=\"name\">Bandpass Nominal Impedance<\/td>\n<td>LF: 2 x 2 ohms<\/td>\n<\/tr>\n<tr>\n<td class=\"name\">LF Driver<\/td>\n<td>1 x JBL 2268FF 457 mm (18 in) dual voice coil Differential Drive\u00ae woofer with neodymium-magnet<\/td>\n<\/tr>\n<tr>\n<td class=\"name\">Inputs<\/td>\n<td>XLR with loop through<\/td>\n<\/tr>\n<tr>\n<td class=\"name\">User Controls<\/td>\n<td>Input Attenuator (0-16 dB)Selectable 80 Hz or 120 Hz Low Pass 80 Hz High-Pass enable\/disable for XLR loop thru.<\/td>\n<\/tr>\n<tr>\n<td class=\"name\">System Processing<\/td>\n<td>DSP based, resident in Input Module<\/td>\n<\/tr>\n<tr>\n<td class=\"name\">System Management<\/td>\n<td>DSP based limiters for mechanical and thermal protection<\/td>\n<\/tr>\n<tr>\n<td class=\"name\">AC Power Operating Range<\/td>\n<td>90-132 VAC or 216-264 VAC, 50\/60Hz<\/td>\n<\/tr>\n<tr>\n<td class=\"name\">AC Line Voltage<\/td>\n<td>User selectable: 120V\/240V (-15%, +10%)<\/td>\n<\/tr>\n<tr>\n<td class=\"name\">AC Input Connector<\/td>\n<td>Neutrik PowerCon (NAC 3MPA)<\/td>\n<\/tr>\n<tr>\n<td class=\"name\">AC Loop Through Connector<\/td>\n<td>Neutrik PowerCon (NAC 3MPB)<\/td>\n<\/tr>\n<tr>\n<td class=\"name\">AC Current Requirements<\/td>\n<td>6A per system at 120V, 3A per system at 240V<\/td>\n<\/tr>\n<tr>\n<td class=\"name\">Enclosure<\/td>\n<td>18 mm birch plywood.<\/td>\n<\/tr>\n<tr>\n<td class=\"name\">Suspension \/ Mounting<\/td>\n<td>Optional VRX-AF line-array frame kit or 10 mm forged eyebolts<\/td>\n<\/tr>\n<tr>\n<td class=\"name\">Finish<\/td>\n<td>Black DuraFlex\u2122 finish<\/td>\n<\/tr>\n<tr>\n<td class=\"name\">Grille<\/td>\n<td>Powder coated, black, 16-gauge perforated steel with acoustically transparent foam<\/td>\n<\/tr>\n<tr>\n<td class=\"name\">Net Weight (each)<\/td>\n<td>38.5 kg (85 lb)<\/td>\n<\/tr>\n<tr>\n<td class=\"name\">Optional Accessories<\/td>\n<td>VRX-AF array frameSRX718S-CVR: Pull-over padded cover (works with WK-4S) SS4-BK adjustable satellite speaker pole WK-4S Caster kit<\/td>\n<\/tr>\n<tr>\n<td class=\"name\">Outputs<\/td>\n<td>1 x XLR<\/td>\n<\/tr>\n<tr>\n<td class=\"name\">Nominal Impedance<\/td>\n<td>LF: 2 x 2 ohms<\/td>\n<\/tr>\n<\/tbody>\n<\/table>\n<\/div>\n<p>&nbsp;<\/p>\n<p>Para m\u00e1s informaci\u00f3n del producto:<\/p>\n<p><a href=\"https:\/\/jblpro.com\/en-US\/products\/vrx918sp\" target=\"_blank\" rel=\"noopener\">https:\/\/jblpro.com\/en-US\/products\/vrx918sp<\/a><\/p>\n","protected":false},"excerpt":{"rendered":"<div class=\"tabs product-box\">\n<div class=\"box_content\">\n<div class=\"product-description\">\n<h4>SUBWOOFER ACTIVO JBL VRX918SP<\/h4>\n<p>Subgrave amplificado con infraestructura para ser volado en un array VRX de radiaci\u00f3n directa de 1 woofer de neodimio Differential Drive 2268FF de 18&#8243;. Con m\u00f3dulo DPC2 de 750W de potencia. M\u00e1ximo SPL 126 dB. Respuesta en frecuencia de 34 Hz a 220 kHz. Alimentaci\u00f3n 90-132 VAC o 216-264 VAC, 50\/60Hz.<\/p>\n<p>Dimensiones: 508x597x749 mm. Peso: 38,5 Kg.<\/p>\n<\/div>\n<\/div>\n<\/div>\n","protected":false},"featured_media":16714,"template":"","meta":[],"product_cat":[661,710,714],"product_tag":[],"class_list":{"0":"post-16713","1":"product","2":"type-product","3":"status-publish","4":"has-post-thumbnail","6":"product_brand-jbl","7":"product_cat-audio-profesional","8":"product_cat-cajas-acusticas","9":"product_cat-subwoofer","11":"first","12":"outofstock","13":"taxable","14":"shipping-taxable","15":"purchasable","16":"product-type-simple","17":"col-xs-6 col-sm-4","18":"col-md-3 col-lg-3","19":"un-4-cols"},"_links":{"self":[{"href":"https:\/\/www.audioibiza.com\/index.php\/wp-json\/wp\/v2\/product\/16713","targetHints":{"allow":["GET"]}}],"collection":[{"href":"https:\/\/www.audioibiza.com\/index.php\/wp-json\/wp\/v2\/product"}],"about":[{"href":"https:\/\/www.audioibiza.com\/index.php\/wp-json\/wp\/v2\/types\/product"}],"wp:featuredmedia":[{"embeddable":true,"href":"https:\/\/www.audioibiza.com\/index.php\/wp-json\/wp\/v2\/media\/16714"}],"wp:attachment":[{"href":"https:\/\/www.audioibiza.com\/index.php\/wp-json\/wp\/v2\/media?parent=16713"}],"wp:term":[{"taxonomy":"product_cat","embeddable":true,"href":"https:\/\/www.audioibiza.com\/index.php\/wp-json\/wp\/v2\/product_cat?post=16713"},{"taxonomy":"product_tag","embeddable":true,"href":"https:\/\/www.audioibiza.com\/index.php\/wp-json\/wp\/v2\/product_tag?post=16713"}],"curies":[{"name":"wp","href":"https:\/\/api.w.org\/{rel}","templated":true}]}}