{"id":16709,"date":"2019-11-05T16:09:59","date_gmt":"2019-11-05T15:09:59","guid":{"rendered":"https:\/\/www.audioibiza.com\/?post_type=product&#038;p=16709"},"modified":"2023-02-07T17:47:16","modified_gmt":"2023-02-07T16:47:16","slug":"subwoofer-pasivo-jbl-vrx918s","status":"publish","type":"product","link":"https:\/\/www.audioibiza.com\/index.php\/subwoofer-pasivo-jbl-vrx918s\/","title":{"rendered":"Subwoofer Pasivo JBL VRX918S"},"content":{"rendered":"<h1><a href=\"https:\/\/www.audioibiza.com\/index.php\/subwoofer-pasivo-jbl-vrx918s\/\">Subwoofer Pasivo JBL VRX918S<\/a><\/h1>\n<div id=\"product-specifications\" class=\"row product-subheader\">\n<div class=\"small-10 columns\">\n<h2 class=\"content-nav\" data-magellan-destination=\"specifications\"><strong>Caracteristicas<\/strong><\/h2>\n<\/div>\n<\/div>\n<div class=\"product_main_tab_content content \">\n<table class=\"specs\">\n<tbody>\n<tr>\n<td class=\"name\">Power Rating<\/td>\n<td>800 W \/ 1600 W \/ 3200 W<\/td>\n<\/tr>\n<tr>\n<td class=\"name\">Frequency Range<\/td>\n<td>31 Hz \u2013 220 Hz<\/td>\n<\/tr>\n<tr>\n<td class=\"name\">Dimensions (H x W x D)<\/td>\n<td>508 mm x 597 mm x 749 mm (20.0 in x 23.5 in x 29.5 in)<\/td>\n<\/tr>\n<tr>\n<td class=\"name\">Frequency Response (-10dB)<\/td>\n<td>31 Hz \u2013 220 Hz<\/td>\n<\/tr>\n<tr>\n<td class=\"name\">Recommended Crossover Frequencies<\/td>\n<td>80 Hz, 24 dB \/ octave HPF80 Hz, 24 dB \/ octave LPF<\/td>\n<\/tr>\n<tr>\n<td class=\"name\">System Maximum SPL<\/td>\n<td>130 dB SPL peak<\/td>\n<\/tr>\n<tr>\n<td class=\"name\">System Sensitivity (1w @ 1m)<\/td>\n<td>95 dB SPL<\/td>\n<\/tr>\n<tr>\n<td class=\"name\">LF Driver<\/td>\n<td>1 x JBL 2268H 457 mm (18 in) Differential Drive woofer<\/td>\n<\/tr>\n<tr>\n<td class=\"name\">Nominal Impedance<\/td>\n<td>8 ohms<\/td>\n<\/tr>\n<tr>\n<td class=\"name\">Active Tunings<\/td>\n<td>Tunings available at www.jblpro.com<\/td>\n<\/tr>\n<tr>\n<td class=\"name\">Enclosure<\/td>\n<td>Rectangular, 18 mm, 13-ply birch plywood<\/td>\n<\/tr>\n<tr>\n<td class=\"name\">Suspension \/ Mounting<\/td>\n<td>Optional VRX932LA-AF line array frame kit or 10mm eyebolt<\/td>\n<\/tr>\n<tr>\n<td class=\"name\">Finish<\/td>\n<td>Black DuraFlex\u2122 finish<\/td>\n<\/tr>\n<tr>\n<td class=\"name\">Grille<\/td>\n<td>Powder coated, black, 16-gauge perforated steel with acoustical transparent charcoal foam backing.<\/td>\n<\/tr>\n<tr>\n<td class=\"name\">Inputs<\/td>\n<td>Neutrik\u00ae Speakon\u00ae NL-4 (x2)<\/td>\n<\/tr>\n<tr>\n<td class=\"name\">Net Weight (each)<\/td>\n<td>37 kg (81 lb)<\/td>\n<\/tr>\n<tr>\n<td class=\"name\">Optional Accessories<\/td>\n<td>SRX718S-CVR: Pull-over padded coverSS4-BK: Adjustable, heavy-duty pole, M20 thread to 35 mmWK-4: Caster kitVRX-AF: Array Frame KitM-10 eyebolt kit<\/td>\n<\/tr>\n<tr>\n<td class=\"name\">Outputs<\/td>\n<td>1 x XLR<\/td>\n<\/tr>\n<\/tbody>\n<\/table>\n<\/div>\n<p>&nbsp;<\/p>\n<p>Para m\u00e1s informaci\u00f3n del producto:<\/p>\n<p><a href=\"https:\/\/jblpro.com\/en-US\/products\/vrx918s\" target=\"_blank\" rel=\"noopener\">https:\/\/jblpro.com\/en-US\/products\/vrx918s<\/a><\/p>\n","protected":false},"excerpt":{"rendered":"<div class=\"tabs product-box\">\n<div class=\"box_content\">\n<div class=\"product-description\">\n<h4>SUBWOOFER PASIVO JBL VRX918S<\/h4>\n<p>Subgrave con infraestructura para ser volado en un array VRX de radiaci\u00f3n directa de 1 woofer de neodimio Differential Drive 2268H de 18&#8243;. Potencia: 800W, a 8 Ohm. M\u00e1ximo SPL 130 dB. Respuesta en frecuencia de 34 Hz a 220 kHz. Orificio para m\u00e1stil rosca M20.<\/p>\n<p>Dimensiones: 508x597x749 mm. Peso: 37 Kg. Negro.<\/p>\n<\/div>\n<\/div>\n<\/div>\n<div class=\"tabs product-box\">\n<div class=\"tabs product-box\"><\/div>\n<\/div>\n","protected":false},"featured_media":16715,"template":"","meta":[],"product_cat":[661,710,714],"product_tag":[],"class_list":{"0":"post-16709","1":"product","2":"type-product","3":"status-publish","4":"has-post-thumbnail","6":"product_brand-jbl","7":"product_cat-audio-profesional","8":"product_cat-cajas-acusticas","9":"product_cat-subwoofer","11":"first","12":"outofstock","13":"taxable","14":"shipping-taxable","15":"purchasable","16":"product-type-simple","17":"col-xs-6 col-sm-4","18":"col-md-3 col-lg-3","19":"un-4-cols"},"_links":{"self":[{"href":"https:\/\/www.audioibiza.com\/index.php\/wp-json\/wp\/v2\/product\/16709","targetHints":{"allow":["GET"]}}],"collection":[{"href":"https:\/\/www.audioibiza.com\/index.php\/wp-json\/wp\/v2\/product"}],"about":[{"href":"https:\/\/www.audioibiza.com\/index.php\/wp-json\/wp\/v2\/types\/product"}],"wp:featuredmedia":[{"embeddable":true,"href":"https:\/\/www.audioibiza.com\/index.php\/wp-json\/wp\/v2\/media\/16715"}],"wp:attachment":[{"href":"https:\/\/www.audioibiza.com\/index.php\/wp-json\/wp\/v2\/media?parent=16709"}],"wp:term":[{"taxonomy":"product_cat","embeddable":true,"href":"https:\/\/www.audioibiza.com\/index.php\/wp-json\/wp\/v2\/product_cat?post=16709"},{"taxonomy":"product_tag","embeddable":true,"href":"https:\/\/www.audioibiza.com\/index.php\/wp-json\/wp\/v2\/product_tag?post=16709"}],"curies":[{"name":"wp","href":"https:\/\/api.w.org\/{rel}","templated":true}]}}