{"id":15637,"date":"2019-10-08T12:20:56","date_gmt":"2019-10-08T10:20:56","guid":{"rendered":"https:\/\/www.audioibiza.com\/?post_type=product&#038;p=15637"},"modified":"2024-07-02T11:48:57","modified_gmt":"2024-07-02T09:48:57","slug":"bose-freespace-360p","status":"publish","type":"product","link":"https:\/\/www.audioibiza.com\/index.php\/bose-freespace-360p\/","title":{"rendered":"Caja Pasiva exterior BOSE FREESPACE 360P II"},"content":{"rendered":"<p><iframe title=\"Business Music System: Bose FreeSpace 360\" width=\"840\" height=\"473\" src=\"https:\/\/www.youtube.com\/embed\/gTWFxzXVY0g?feature=oembed\" frameborder=\"0\" allow=\"accelerometer; autoplay; clipboard-write; encrypted-media; gyroscope; picture-in-picture; web-share\" referrerpolicy=\"strict-origin-when-cross-origin\" allowfullscreen><\/iframe><\/p>\n<h1>CAJA PASIVA EXTERIOR BOSE FREESPACE 360P II (LINEA 100V)<\/h1>\n<h2><strong>Sonido envolvente para espacios exteriores <\/strong><\/h2>\n<p>Deja que cada sutil matiz de tu m\u00fasica favorita cobre vida en espacios exteriores donde no se puede llevar a cabo un montaje de pared. La caja pasiva exterior <a href=\"https:\/\/www.audioibiza.com\/index.php\/bose-freespace-360p\/\">Bose FreeSpace 360p II<\/a> es nuestro mejor altavoz para exteriores de mayor rendimiento id\u00f3neos para el jard\u00edn, el patio o el porche. Con\u00e9ctalos a tu receptor est\u00e9reo y disfruta de un sonido natural en zonas de audici\u00f3n amplias.<\/p>\n<ul>\n<li>Cobertura del sonido de 360 grados para lograr un amplio alcance en espacios abiertos<\/li>\n<li>Instalaci\u00f3n sobre el suelo o subterr\u00e1nea para colocaci\u00f3n de altavoz decorativo o altavoz para patios<\/li>\n<li>Dise\u00f1ado para soportar nieve, sol, hielo y roc\u00edo de agua salada<\/li>\n<\/ul>\n<p>Los altavoces est\u00e9reo para exteriores Free Space 360 ofrecen una cobertura amplia y homog\u00e9nea gracias a un dise\u00f1o que permite una dispersi\u00f3n del sonido de 360 grados. Un <a href=\"https:\/\/www.bose.es\/es_es\/productpage-overlays\/pop_center_port_51.overlays.html\" target=\"_blank\" rel=\"noopener\">puerto central<\/a> mejora el rendimiento de frecuencias bajas para ayudar a preservar la profundidad y la riqueza de la m\u00fasica en exteriores. Adem\u00e1s, una <a href=\"https:\/\/www.bose.es\/es_es\/productpage-overlays\/pop_dommed_grille.overlays.html\" target=\"_blank\" rel=\"noopener\">rejilla con forma de c\u00fapula<\/a>, que descansa sobre el puerto, refleja los tonos de frecuencia alta por toda la zona de audici\u00f3n.<\/p>\n<p>Estos altavoces se pueden instalar en el suelo o sobre superficies duras. Est\u00e1n dise\u00f1ados para mimetizarse con la vegetaci\u00f3n. Apenas pueden distinguirse cuando se colocan junto a otros elementos decorativos. Y para utilizarlos en un patio o porche, las ranuras de la parte inferior permiten acoplar los cables de manera ordenada para una instalaci\u00f3n sencilla y de acabado profesional.<\/p>\n<div class=\"text\">\n<div class=\"bose-richText \">\n<p>Este altavoz ambiental de rango completo est\u00e1 dise\u00f1ado para mezclarse con el paisajismo en aplicaciones de instalaci\u00f3n en tierra o sobre tierra, como centros comerciales, restaurantes al aire libre, centros tur\u00edsticos y parques tem\u00e1ticos. Cuenta con una cobertura horizontal de 360\u00b0 y un rango de frecuencia de hasta 60 Hz.<\/p>\n<p><strong>Para aplicaciones en interiores y exteriores.<\/strong><\/p>\n<\/div>\n<\/div>\n<h2><strong>Resistente estructura, para poder utilizarlos durante todo el a\u00f1o <\/strong><\/h2>\n<p>Con todas sus caracter\u00edsticas, incluido el transductor de 11,4\u00a0cm de rango completo y proyecci\u00f3n hacia abajo, estos altavoces resistentes a las condiciones clim\u00e1ticas ofrecen la durabilidad que se necesita en exteriores con el mismo sonido que escuchar\u00edas en interiores. Puedes dejarlos fuera todo el a\u00f1o. Estos altavoces resistentes a las condiciones clim\u00e1ticas se han dise\u00f1ado y probado para hacer frente a la nieve, la lluvia, la sal y temperaturas extremas de 60 \u00b0C a -30 \u00b0C.<\/p>\n<h3><strong>Caracter\u00edsticas <\/strong><\/h3>\n<ul>\n<li>Las pruebas ambientales de Bose simulan la exposici\u00f3n al sol, la lluvia, el calor, la helada y la corrosi\u00f3n producida por la sal y el agua. Estas pruebas garantizan la durabilidad y el alto rendimiento de estos altavoces para exteriores.<\/li>\n<li>El dise\u00f1o radial de estos exclusivos altavoces para exteriores permite una dispersi\u00f3n del sonido de 360 grados para ofrecer una cobertura excepcionalmente amplia en exteriores.<\/li>\n<li>El transductor (de 11,4\u00a0cm) de rango completo y proyecci\u00f3n hacia abajo\u00a0y el puerto central reproducen todos los matices y la profundidad de tu m\u00fasica favorita. Gracias al controlador resistente a las condiciones clim\u00e1ticas podr\u00e1s disfrutar del sonido de un altavoz decorativo todoterreno dise\u00f1ado para exteriores durante todo el a\u00f1o.<\/li>\n<li>La rejilla puerto abovedada, combinada con el puerto central, se encarga de reflejar los tonos de alta frecuencia hacia la zona de audici\u00f3n. Disfruta de un rendimiento homog\u00e9neo y claro para tu m\u00fasica favorita en exteriores.<\/li>\n<li>La caja, con dise\u00f1o especial, optimiza el rendimiento ac\u00fastico general de los altavoces para ofrecer una cobertura uniforme de rango completo en zonas de audici\u00f3n amplias.<\/li>\n<li>El cono del transductor de fibra de pol\u00edmero con compuesto garantiza una reproducci\u00f3n del sonido de alta calidad resistente al deterioro propio de los dispositivos expuestos a condiciones extremas.<\/li>\n<li>El puerto central mejora el rendimiento de las frecuencias bajas para ofrecer la profundidad y la riqueza de la m\u00fasica en exteriores.<\/li>\n<li>Gracias a su robusta estructura, resistente a las condiciones clim\u00e1ticas, estos altavoces pueden ofrecer un rendimiento uniforme y fiable que resiste a las inclemencias del tiempo durante todo el a\u00f1o y hasta 160 kg de presi\u00f3n. Garant\u00eda de 5 a\u00f1os.<\/li>\n<li>Caja de altavoz verde dise\u00f1ada para mimetizarse con la vegetaci\u00f3n del patio.<\/li>\n<li>El borde de la base con orificios de montaje permite una instalaci\u00f3n sencilla, firme y segura en superficies duras o en el suelo.<\/li>\n<li>Las tres ranuras para cables en la base del altavoz evitan que se balancee sobre los cables, al tiempo que otorga un acabado profesional a la instalaci\u00f3n en patios, porches u otras superficies planas.<\/li>\n<\/ul>\n<div class=\"no-gutter-left grid-6 grid-medium-6 clear-medium-left grid-small-12\">\n<div class=\"list\">\n<div class=\"bose-list bose-list--none -tempStepFix\">\n<div class=\"bose-list__list bose-list__list--bullet\">\n<div class=\"listItem\">\n<div class=\"bose-list__listitem\">\n<div class=\"text\">\n<div class=\"bose-richText \">\n<p>Altavoz ambiental de <strong>rango completo<\/strong> con un driver ambiental avanzado compuesto de rango completo de 114 mm (4.5&#8243;) que apunta hacia abajo, para instalaci\u00f3n en tierra o sobre tierra<\/p>\n<\/div>\n<\/div>\n<\/div>\n<\/div>\n<div class=\"listItem\">\n<div class=\"bose-list__listitem\">\n<div class=\"text\">\n<div class=\"bose-richText \">\n<p><strong>La rejilla de puerto en forma de c\u00fapula<\/strong> refleja el sonido en el \u00e1rea de escucha para un rendimiento claro y consistente<\/p>\n<\/div>\n<\/div>\n<\/div>\n<\/div>\n<div class=\"listItem\">\n<div class=\"bose-list__listitem\">\n<div class=\"text\">\n<div class=\"bose-richText \">\n<p><strong>La forma del gabinete<\/strong> act\u00faa como difusor ac\u00fastico que dirige la energ\u00eda de media y alta frecuencia hacia los oyentes. La base del altavoz act\u00faa como una carcasa con reflexi\u00f3n de bajos, afinada y con varias c\u00e1maras<\/p>\n<\/div>\n<\/div>\n<\/div>\n<\/div>\n<div class=\"listItem\">\n<div class=\"bose-list__listitem\">\n<div class=\"text\">\n<div class=\"bose-richText \">\n<p><strong>El transformador de l\u00ednea de regulador m\u00faltiple<\/strong> permite configurar f\u00e1cilmente el regulador<\/p>\n<\/div>\n<\/div>\n<\/div>\n<\/div>\n<div class=\"listItem\">\n<div class=\"bose-list__listitem\">\n<div class=\"text\">\n<div class=\"bose-richText \">\n<p>Dise\u00f1o <strong>inalterable<\/strong><\/p>\n<\/div>\n<\/div>\n<\/div>\n<\/div>\n<div class=\"listItem\">\n<div class=\"bose-list__listitem\">\n<div class=\"text\">\n<div class=\"bose-richText \">\n<p>El circuito de protecci\u00f3n del <strong>altavoz interno<\/strong> protege los drivers<\/p>\n<\/div>\n<h4><\/h4>\n<h4>Especificaciones:<\/h4>\n<\/div>\n<\/div>\n<\/div>\n<\/div>\n<\/div>\n<\/div>\n<\/div>\n<div class=\"bose-column \">\n<div class=\"bose-column__container\">\n<section class=\"grid-12 bose-column__column no-gutter \">\n<div class=\"no-gutter-left grid-6 grid-medium-6 clear-medium-left grid-small-12\">\n<div class=\"list\">\n<div class=\"bose-list bose-list--none -tempStepFix\">\n<div class=\"bose-list__list bose-list__list--noBullets\">\n<div class=\"listItem\">\n<div class=\"bose-list__listitem\">\n<div class=\"text\">\n<div class=\"bose-richText \">\n<p><strong>Respuesta de frecuencia (+\/-3 dB) <\/strong><br \/>\n70 Hz \u2013 10 kHz<\/p>\n<\/div>\n<\/div>\n<\/div>\n<\/div>\n<div class=\"listItem\">\n<div class=\"bose-list__listitem\">\n<div class=\"text\">\n<div class=\"bose-richText \">\n<p><strong>Rango de frecuencia (-10 dB) <\/strong><br \/>\n60 Hz \u2013 15 kHz<\/p>\n<\/div>\n<\/div>\n<\/div>\n<\/div>\n<div class=\"listItem\">\n<div class=\"bose-list__listitem\">\n<div class=\"text\">\n<div class=\"bose-richText \">\n<p><strong>Dispersi\u00f3n nominal <\/strong><br \/>\n360\u00b0 H x 50\u00b0 V<\/p>\n<\/div>\n<\/div>\n<\/div>\n<\/div>\n<div class=\"listItem\">\n<div class=\"bose-list__listitem\">\n<div class=\"text\">\n<div class=\"bose-richText \">\n<p><strong>Manejo de potencia a largo plazo <\/strong><br \/>\n80 W (Pico de 320 W)<\/p>\n<\/div>\n<\/div>\n<\/div>\n<\/div>\n<\/div>\n<\/div>\n<\/div>\n<\/div>\n<div class=\"no-gutter-left grid-6 grid-medium-6 grid-small-12\">\n<div class=\"list\">\n<div class=\"bose-list bose-list--none -tempStepFix\">\n<div class=\"bose-list__list bose-list__list--noBullets\">\n<div class=\"listItem\">\n<div class=\"bose-list__listitem\">\n<div class=\"text\">\n<div class=\"bose-richText \">\n<p><strong>Sensibilidad (SPL\/1 W a 1 m) <\/strong><br \/>\nSPL de 87 dB<\/p>\n<\/div>\n<\/div>\n<\/div>\n<\/div>\n<div class=\"listItem\">\n<div class=\"bose-list__listitem\">\n<div class=\"text\">\n<div class=\"bose-richText \">\n<p><strong>SPL m\u00e1ximo a 1 m <\/strong><br \/>\nSPL de 100 dB (Pico de SPL de 106 dB)<\/p>\n<\/div>\n<\/div>\n<\/div>\n<\/div>\n<div class=\"listItem\">\n<div class=\"bose-list__listitem\">\n<div class=\"text\">\n<div class=\"bose-richText \">\n<p><strong>Impedancia nominal <\/strong><br \/>\n4 \u03a9 (con derivaci\u00f3n en transformador)<\/p>\n<\/div>\n<\/div>\n<\/div>\n<\/div>\n<\/div>\n<\/div>\n<\/div>\n<\/div>\n<\/section>\n<\/div>\n<\/div>\n<p>&nbsp;<\/p>\n<p>Para m\u00e1s informaci\u00f3n del producto:<\/p>\n<p><a href=\"https:\/\/pro.bose.com\/es_mx\/products\/loudspeakers\/background_foreground\/freespace_fs\/fs_360_p_ii.html\" target=\"_blank\" rel=\"noopener\">https:\/\/pro.bose.com\/es_mx\/products\/loudspeakers\/background_foreground\/freespace_fs\/fs_360_p_ii.html<\/a><\/p>\n","protected":false},"excerpt":{"rendered":"<h4>CAJA PASIVA EXTERIOR BOSE FREESPACE 360P II (LINEA 100V)<\/h4>\n<p><span class=\"fontstyle0\">\u2022 Altavoz para sonorizaci\u00f3n de parques y jardines.<br \/>\n\u2022 Altavoz 4,5\u201d.<br \/>\n\u2022 Dispersi\u00f3n: horizontal de 360\u00b0 y vertical de 50\u00b0.<br \/>\n\u2022 Potencia conmutable entre 10, 20, 40, 80W (l\u00ednea de 100 V).<br \/>\n\u2022 Instalaci\u00f3n empotrada en suelo y en superficie.<br \/>\n\u2022 Respuesta en frecuencia: 70 Hz &#8211; 15 KHz.<br \/>\n\u2022 Dimensiones: 36,8 cm x 38 cm (Al).<br \/>\n\u2022 Peso: 6,6 kg.<br \/>\n\u2022 Soporte de montaje incluido.<br \/>\n\u2022 Color: Verde.<br \/>\n\u2022 No requiere controlador.<br \/>\n\u2022 Conexi\u00f3n por cable pelado.<\/span><\/p>\n","protected":false},"featured_media":31250,"template":"","meta":[],"product_cat":[700,1033,662],"product_tag":[],"class_list":{"0":"post-15637","1":"product","2":"type-product","3":"status-publish","4":"has-post-thumbnail","6":"product_brand-bose","7":"product_cat-audio-video-hifi","8":"product_cat-altavoces-exterior","9":"product_cat-altavoces-hifi","11":"first","12":"outofstock","13":"taxable","14":"shipping-taxable","15":"purchasable","16":"product-type-simple","17":"col-xs-6 col-sm-4","18":"col-md-3 col-lg-3","19":"un-4-cols"},"_links":{"self":[{"href":"https:\/\/www.audioibiza.com\/index.php\/wp-json\/wp\/v2\/product\/15637","targetHints":{"allow":["GET"]}}],"collection":[{"href":"https:\/\/www.audioibiza.com\/index.php\/wp-json\/wp\/v2\/product"}],"about":[{"href":"https:\/\/www.audioibiza.com\/index.php\/wp-json\/wp\/v2\/types\/product"}],"wp:featuredmedia":[{"embeddable":true,"href":"https:\/\/www.audioibiza.com\/index.php\/wp-json\/wp\/v2\/media\/31250"}],"wp:attachment":[{"href":"https:\/\/www.audioibiza.com\/index.php\/wp-json\/wp\/v2\/media?parent=15637"}],"wp:term":[{"taxonomy":"product_cat","embeddable":true,"href":"https:\/\/www.audioibiza.com\/index.php\/wp-json\/wp\/v2\/product_cat?post=15637"},{"taxonomy":"product_tag","embeddable":true,"href":"https:\/\/www.audioibiza.com\/index.php\/wp-json\/wp\/v2\/product_tag?post=15637"}],"curies":[{"name":"wp","href":"https:\/\/api.w.org\/{rel}","templated":true}]}}