{"id":15310,"date":"2019-10-01T16:55:55","date_gmt":"2019-10-01T14:55:55","guid":{"rendered":"https:\/\/www.audioibiza.com\/?post_type=product&#038;p=15310"},"modified":"2026-01-16T10:13:04","modified_gmt":"2026-01-16T09:13:04","slug":"giradiscos-pioneer-dj-plx-500-w","status":"publish","type":"product","link":"https:\/\/www.audioibiza.com\/index.php\/giradiscos-pioneer-dj-plx-500-w\/","title":{"rendered":"Giradiscos PIONEER DJ PLX-500-W (blanco)"},"content":{"rendered":"<p><iframe title=\"Pioneer DJ PLX-500 Official Introduction\" width=\"840\" height=\"473\" src=\"https:\/\/www.youtube.com\/embed\/_n5sfhBpr6k?feature=oembed\" frameborder=\"0\" allow=\"accelerometer; autoplay; clipboard-write; encrypted-media; gyroscope; picture-in-picture; web-share\" referrerpolicy=\"strict-origin-when-cross-origin\" allowfullscreen><\/iframe><\/p>\n<h1>Giradiscos PIONEER DJ PLX-500-W Blanco<\/h1>\n<p>El <a href=\"https:\/\/www.audioibiza.com\/index.php\/giradiscos-pioneer-dj-plx-500-w\/\">giradiscos Pioneer DJ PLX-500-W<\/a> hereda el dise\u00f1o del plato profesional <a href=\"https:\/\/www.pioneerdj.com\/es-es\/product\/turntable\/plx-1000\/black\/overview\/\" target=\"_blank\" rel=\"noopener\">PLX-1000<\/a>\u00a0y ofrece un sonido anal\u00f3gico, c\u00e1lido y claro. El plato ideal si quieres comenzar a scratchear con vinilos o si simplemente quieres escuchar tu colecci\u00f3n de vinilos en casa.<\/p>\n<p>Construcci\u00f3n s\u00f3lida con una excelente amortiguaci\u00f3n de vibraciones y reproducci\u00f3n de audio precisa, este giradiscos de motor de tracci\u00f3n directa, tiene una salida USB para que puedas realizar grabaciones digitales de tu colecci\u00f3n de vinilos en nuestro\u00a0<a href=\"https:\/\/www.pioneerdj.com\/es-es\/product\/software\/rekordbox\/software\/overview\/\" target=\"_blank\" rel=\"noopener\">rekordbox<\/a>\u00a0software gratuito.<\/p>\n<p>Tambi\u00e9n puedes combinar el PLX-500 con\u00a0<a href=\"https:\/\/www.pioneerdj.com\/es-es\/product\/software\/rekordbox\/software\/overview\" target=\"_blank\" rel=\"noopener\">rekordbox dvs<\/a>\u00a0Plus Pack, una\u00a0mesa de mezclas\u00a0compatible y el Vinilo de Control\u00a0<a href=\"https:\/\/www.pioneerdj.com\/es-es\/product\/accessories\/rb-vs1-k\/time-code\/overview\/\" target=\"_blank\" rel=\"noopener\">RB-VS1-K<\/a>\u00a0para reproducir y scratchear con archivos digitales<\/p>\n<ul>\n<li>\n<div class=\"feature compact\">\n<div class=\"head\">\n<h2 class=\"h3\">DISE\u00d1O DE SONIDO EXCELENTE<\/h2>\n<\/div>\n<div class=\"body\">\n<p>Como el PLX-1000, el PLX-500 est\u00e1 construido para producir sonido de vinilo de alta calidad. Un enrutamiento de audio m\u00e1s corto desde la aguja hasta la salida reduce la distorsi\u00f3n y las salidas de phono y l\u00ednea permiten que puedas conectarlo directamente a un sistema de sonido o altavoces sin necesidad de un amplificador externo.<\/p>\n<p>Como el PLX-1000, el PLX-500 est\u00e1 construido para producir sonido de vinilo de alta calidad. Un enrutamiento de audio m\u00e1s corto desde la aguja hasta la salida reduce la distorsi\u00f3n y las salidas de phono y l\u00ednea permiten que puedas conectarlo directamente a un sistema de sonido o altavoces sin necesidad de un amplificador externo.<\/p>\n<\/div>\n<\/div>\n<\/li>\n<li>\n<div class=\"feature compact\">\n<div class=\"head\">\n<h2 class=\"h3\">GRABACI\u00d3N DIGITAL F\u00c1CIL<\/h2>\n<\/div>\n<div class=\"body\">\n<p>Graba tu colecci\u00f3n de vinilos en archivos digitales de alta calidad simplemente conectando el giradiscos a tu PC o Mac a trav\u00e9s de la salida USB.<\/p>\n<\/div>\n<\/div>\n<\/li>\n<li>\n<div class=\"feature compact\">\n<div class=\"head\">\n<h2 class=\"h3\">REPRODUCCI\u00d3N DJ SIN PROBLEMAS<\/h2>\n<\/div>\n<div class=\"body\">\n<p>Usa el PLX-500 para mezclar o scratchear tus grabaciones en vinilo o combina el giradiscos con\u00a0<a href=\"https:\/\/www.pioneerdj.com\/es-es\/product\/software\/rekordbox\/software\/overview\/\" target=\"_blank\" rel=\"noopener\">rekordbox dvs<\/a>, una\u00a0mesa de mezclas DJ\u00a0compatible y el Vinilo de Control\u00a0<a href=\"https:\/\/www.pioneerdj.com\/es-es\/product\/accessories\/rb-vs1-k\/time-code\/overview\/\" target=\"_blank\" rel=\"noopener\">RB-VS1-K<\/a>\u00a0para reproducir y actuar con tus archivos digitales.<\/p>\n<\/div>\n<\/div>\n<\/li>\n<li>\n<div class=\"feature compact active\">\n<div class=\"head\">\n<h2 class=\"h3\">VISUALIZACI\u00d3N DE CAR\u00c1TULAS<\/h2>\n<\/div>\n<div class=\"body\">\n<p>Coloca tus car\u00e1tulas de discos en la pantalla mientras escuchas tus vinilos gracias al soporte de car\u00e1tulas dentro de la tapa.<\/p>\n<\/div>\n<\/div>\n<\/li>\n<\/ul>\n<h3>Comienza con scratch<\/h3>\n<p>Este giradiscos incluye todos los accesorios que necesitas para empezar: una tapa para el polvo con soporte para car\u00e1tulas, un patinador y un cabezal PC-HS01-S edici\u00f3n plateada (cartucho y aguja incluido).<\/p>\n<h3>rekordbox dvs<\/h3>\n<p>Cuando usas nuestro sofware\u00a0<a href=\"https:\/\/www.pioneerdj.com\/es-es\/product\/software\/rekordbox\/software\/overview\/\" target=\"_blank\" rel=\"noopener\">rekordbox dj<\/a>, puedes comprar el\u00a0<a href=\"https:\/\/www.pioneerdj.com\/es-es\/product\/software\/rekordbox\/software\/overview\" target=\"_blank\" rel=\"noopener\">rekordbox dvs<\/a>\u00a0Plus Pack y obtener control scratch de baja latencia con m\u00fasica de tu biblioteca rekordbox<\/p>\n<p>\u00a0<\/p>\n<div class=\"folder__container js-folder js-folder--is-open\">\n<h3 class=\"folder__trigger js-folder__header js-folder__header--is-open\">Funciones principales<i class=\"ico\"><\/i><\/h3>\n<div class=\"folder__content js-folder__content js-folder__content--is-open\">\n<table class=\"specs-table\">\n<tbody>\n<tr>\n<th class=\"specs-table__lbl\">\n<p class=\"h6\">Contenido de la caja<\/p>\n<\/th>\n<td class=\"specs-table__val\">\n<ul class=\"list-rotary\">\n<li>PLX-500<\/li>\n<li>Cable de alimentaci\u00f3n<\/li>\n<li>Cable USB<\/li>\n<li>Patinador<\/li>\n<li>Tapa con soporte para car\u00e1tulas<\/li>\n<li>Adaptador para Singles<\/li>\n<li>Cabezal (con c\u00e1psula)<\/li>\n<li>Pesos y contrapesos<\/li>\n<li>Cable de Audio conversor:\n<ul class=\"list-bullets\">\n<li>Stereo pin plug (hembra)<\/li>\n<li>Stereo mini plug (macho)<\/li>\n<\/ul>\n<\/li>\n<li>Manual de instrucciones<\/li>\n<\/ul>\n<\/td>\n<\/tr>\n<\/tbody>\n<\/table>\n<\/div>\n<\/div>\n<div class=\"folder__container js-folder js-folder--is-open\">\n<h3 class=\"folder__trigger js-folder__header js-folder__header--is-open\">Especificaciones<i class=\"ico\"><\/i><\/h3>\n<div class=\"folder__content js-folder__content js-folder__content--is-open\">\n<table class=\"specs-table\">\n<tbody>\n<tr>\n<th class=\"specs-table__lbl\">\n<p class=\"h6\">Ancho<\/p>\n<\/th>\n<td class=\"specs-table__val\">450 mm<\/td>\n<\/tr>\n<tr>\n<th class=\"specs-table__lbl\">\n<p class=\"h6\">Alto<\/p>\n<\/th>\n<td class=\"specs-table__val\">159 mm<\/td>\n<\/tr>\n<tr>\n<th class=\"specs-table__lbl\">\n<p class=\"h6\">Profundo<\/p>\n<\/th>\n<td class=\"specs-table__val\">368 mm<\/td>\n<\/tr>\n<tr>\n<th class=\"specs-table__lbl\">\n<p class=\"h6\">Peso<\/p>\n<\/th>\n<td class=\"specs-table__val\">10,7 kg<\/td>\n<\/tr>\n<\/tbody>\n<\/table>\n<\/div>\n<\/div>\n<div class=\"folder__container js-folder js-folder--is-open\">\n<h3 class=\"folder__trigger js-folder__header js-folder__header--is-open\">Giradiscos<i class=\"ico\"><\/i><\/h3>\n<div class=\"folder__content js-folder__content js-folder__content--is-open\">\n<table class=\"specs-table\">\n<tbody>\n<tr>\n<th class=\"specs-table__lbl\">\n<p class=\"h6\">Sistema de tracci\u00f3n<\/p>\n<\/th>\n<td class=\"specs-table__val\">Servo tracci\u00f3n directa<\/td>\n<\/tr>\n<tr>\n<th class=\"specs-table__lbl\">\n<p class=\"h6\">Plato<\/p>\n<\/th>\n<td class=\"specs-table__val\">Aluminio fundido. Di\u00e1metro: 332 mm<\/td>\n<\/tr>\n<tr>\n<th class=\"specs-table__lbl\">\n<p class=\"h6\">Motor<\/p>\n<\/th>\n<td class=\"specs-table__val\">Corriente continua de 3 fases sin escobillas<\/td>\n<\/tr>\n<tr>\n<th class=\"specs-table__lbl\">\n<p class=\"h6\">Sistema de parada<\/p>\n<\/th>\n<td class=\"specs-table__val\">Freno electr\u00f3nico<\/td>\n<\/tr>\n<tr>\n<th class=\"specs-table__lbl\">\n<p class=\"h6\">Velocidad de rotaci\u00f3n<\/p>\n<\/th>\n<td class=\"specs-table__val\">33\u2153, 45, 78 rpm<\/td>\n<\/tr>\n<tr>\n<th class=\"specs-table__lbl\">\n<p class=\"h6\">Ajuste de rango de giro<\/p>\n<\/th>\n<td class=\"specs-table__val\">\u00b18 %<\/td>\n<\/tr>\n<tr>\n<th class=\"specs-table__lbl\">\n<p class=\"h6\">Fluctuaci\u00f3n y tr\u00e9molo<\/p>\n<\/th>\n<td class=\"specs-table__val\">< 0,15 % WRMS<\/td>\n<\/tr>\n<tr>\n<th class=\"specs-table__lbl\">\n<p class=\"h6\">Relaci\u00f3n Se\u00f1al\/Ruido<\/p>\n<\/th>\n<td class=\"specs-table__val\">50 dB<\/td>\n<\/tr>\n<tr>\n<th class=\"specs-table__lbl\">\n<p class=\"h6\">Potencia de Arranque<\/p>\n<\/th>\n<td class=\"specs-table__val\">> 1,6 kgf\u30fbcm<\/td>\n<\/tr>\n<tr>\n<th class=\"specs-table__lbl\">\n<p class=\"h6\">Tiempo de Arranque<\/p>\n<\/th>\n<td class=\"specs-table__val\">Menos de 1 seg (a 33\u2153 rpm)<\/td>\n<\/tr>\n<\/tbody>\n<\/table>\n<\/div>\n<\/div>\n<div class=\"folder__container js-folder js-folder--is-open\">\n<h3 class=\"folder__trigger js-folder__header js-folder__header--is-open\">Brazo<i class=\"ico\"><\/i><\/h3>\n<div class=\"folder__content js-folder__content js-folder__content--is-open\">\n<table class=\"specs-table\">\n<tbody>\n<tr>\n<th class=\"specs-table__lbl\">\n<p class=\"h6\">Tipo de Brazo<\/p>\n<\/th>\n<td class=\"specs-table__val\">\n<ul>\n<li>Tipo universal con forma de S<\/li>\n<li>Estructura de soporte por card\u00e1n<\/li>\n<li>Tipo equilibrio est\u00e1tico<\/li>\n<\/ul>\n<\/td>\n<\/tr>\n<tr>\n<th class=\"specs-table__lbl\">\n<p class=\"h6\">Sobresaliente<\/p>\n<\/th>\n<td class=\"specs-table__val\">16 mm<\/td>\n<\/tr>\n<tr>\n<th class=\"specs-table__lbl\">\n<p class=\"h6\">Longitud efectiva<\/p>\n<\/th>\n<td class=\"specs-table__val\">230,5 mm<\/td>\n<\/tr>\n<tr>\n<th class=\"specs-table__lbl\">\n<p class=\"h6\">Error de lectura<\/p>\n<\/th>\n<td class=\"specs-table__val\">Dentro de los 3 \u00b0<\/td>\n<\/tr>\n<tr>\n<th class=\"specs-table__lbl\">\n<p class=\"h6\">Ajuste de altura<\/p>\n<\/th>\n<td class=\"specs-table__val\">6 mm<\/td>\n<\/tr>\n<tr>\n<th class=\"specs-table__lbl\">\n<p class=\"h6\">Ajuste de peso<\/p>\n<\/th>\n<td class=\"specs-table__val\">0-4 g (1 scale 0.1 g)<\/td>\n<\/tr>\n<tr>\n<th class=\"specs-table__lbl\">\n<p class=\"h6\">Peso (cabezal \u00fanico)<\/p>\n<\/th>\n<td class=\"specs-table__val\">< 9,5 g<\/td>\n<\/tr>\n<tr>\n<th class=\"specs-table__lbl\">\n<p class=\"h6\">Tipo de C\u00e1psula<\/p>\n<\/th>\n<td class=\"specs-table__val\">VM<\/td>\n<\/tr>\n<\/tbody>\n<\/table>\n<\/div>\n<\/div>\n<div class=\"folder__container js-folder js-folder--is-open\">\n<h3 class=\"folder__trigger js-folder__header js-folder__header--is-open\">Terminales<\/h3>\n<div class=\"folder__content js-folder__content js-folder__content--is-open\">\n<table class=\"specs-table\">\n<tbody>\n<tr>\n<th class=\"specs-table__lbl\">\n<p class=\"h6\">USB<\/p>\n<\/th>\n<td class=\"specs-table__val\">1 puerto USB B<\/td>\n<\/tr>\n<tr>\n<th class=\"specs-table__lbl\">\n<p class=\"h6\">Salidas<\/p>\n<\/th>\n<td class=\"specs-table__val\">1 PHONO\/LINE (RCA)<\/td>\n<\/tr>\n<\/tbody>\n<\/table>\n<\/div>\n<\/div>\n<p>\u00a0<\/p>\n<p>Para m\u00e1s informaci\u00f3n sobre el producto:<\/p>\n<p><a href=\"https:\/\/www.pioneerdj.com\/es-es\/product\/turntable\/plx-500\/white\/overview\/#\/color-picker\" target=\"_blank\" rel=\"noopener\">https:\/\/www.pioneerdj.com\/es-es\/product\/turntable\/plx-500\/white\/overview\/#\/color-picker<\/a><\/p>\n","protected":false},"excerpt":{"rendered":"<h4 class=\"desc\">Giradiscos Pioneer DJ PLX-500-W de tracci\u00f3n directa (blanco)<\/h4>\n<p>El PLX-500 hereda el dise\u00f1o del plato profesional PLX-1000 y ofrece un sonido anal\u00f3gico, c\u00e1lido y claro. El plato ideal si quieres comenzar a scratchear con vinilos o si simplemente quieres escuchar tu colecci\u00f3n de vinilos en casa. Construcci\u00f3n s\u00f3lida con una excelente amortiguaci\u00f3n de vibracione. Este giradiscos de motor de tracci\u00f3n directa, tiene una salida USB para que puedas realizar grabaciones digitales.<\/p>\n","protected":false},"featured_media":15888,"template":"","meta":[],"product_cat":[665,740,741],"product_tag":[],"class_list":{"0":"post-15310","1":"product","2":"type-product","3":"status-publish","4":"has-post-thumbnail","6":"product_brand-pioneer-dj","7":"product_cat-dj","8":"product_cat-giradiscos","9":"product_cat-giradiscos-giradiscos","11":"first","12":"outofstock","13":"taxable","14":"shipping-taxable","15":"purchasable","16":"product-type-simple","17":"col-xs-6 col-sm-4","18":"col-md-3 col-lg-3","19":"un-4-cols"},"_links":{"self":[{"href":"https:\/\/www.audioibiza.com\/index.php\/wp-json\/wp\/v2\/product\/15310","targetHints":{"allow":["GET"]}}],"collection":[{"href":"https:\/\/www.audioibiza.com\/index.php\/wp-json\/wp\/v2\/product"}],"about":[{"href":"https:\/\/www.audioibiza.com\/index.php\/wp-json\/wp\/v2\/types\/product"}],"wp:featuredmedia":[{"embeddable":true,"href":"https:\/\/www.audioibiza.com\/index.php\/wp-json\/wp\/v2\/media\/15888"}],"wp:attachment":[{"href":"https:\/\/www.audioibiza.com\/index.php\/wp-json\/wp\/v2\/media?parent=15310"}],"wp:term":[{"taxonomy":"product_cat","embeddable":true,"href":"https:\/\/www.audioibiza.com\/index.php\/wp-json\/wp\/v2\/product_cat?post=15310"},{"taxonomy":"product_tag","embeddable":true,"href":"https:\/\/www.audioibiza.com\/index.php\/wp-json\/wp\/v2\/product_tag?post=15310"}],"curies":[{"name":"wp","href":"https:\/\/api.w.org\/{rel}","templated":true}]}}