{"id":14760,"date":"2019-09-27T11:22:41","date_gmt":"2019-09-27T09:22:41","guid":{"rendered":"https:\/\/www.audioibiza.com\/?post_type=product&#038;p=14760"},"modified":"2026-03-16T18:21:02","modified_gmt":"2026-03-16T17:21:02","slug":"monitor-estudio-yamaha-hs5-blanco","status":"publish","type":"product","link":"https:\/\/www.audioibiza.com\/index.php\/monitor-estudio-yamaha-hs5-blanco\/","title":{"rendered":"Monitor Estudio YAMAHA HS5 Blanco"},"content":{"rendered":"<p><iframe title=\"Yamaha\u3000Powered Studio Monitor Speaker &quot;HS Series&quot;\" width=\"840\" height=\"473\" src=\"https:\/\/www.youtube.com\/embed\/Dvj3StP4fVE?feature=oembed\" frameborder=\"0\" allow=\"accelerometer; autoplay; clipboard-write; encrypted-media; gyroscope; picture-in-picture; web-share\" referrerpolicy=\"strict-origin-when-cross-origin\" allowfullscreen><\/iframe><\/p>\n<h1>Monitor Estudio YAMAHA HS5 Blanco<\/h1>\n<p>Desde la d\u00e9cada de 1970, el ic\u00f3nico woofer blanco y el sonido caracter\u00edstico de los monitores de referencia de campo cercano se han convertido en un genuino est\u00e1ndar de la industria por una sencilla raz\u00f3n: su precisi\u00f3n. A diferencia de los monitores de estudio, que incorporan frecuencias a\u00f1adidas para bajos o agudos y que pueden resultar m\u00e1s espectacular en la primera escucha, los altavoces de la serie HS fueron dise\u00f1ados para proporcionar la referencia m\u00e1s fiable y precisa posible, proporcionando una base sonora ideal en todo el proceso de mezcla.<\/p>\n<p class=\"description\">A la hora de seleccionar monitores de referencia de estudio para la mezcla y la producci\u00f3n musical, una consideraci\u00f3n se superpone a todas las dem\u00e1s: la precisi\u00f3n. Empezando con el legendario modelo NS-10M y continuando con el MSP y la serie <a href=\"https:\/\/www.audioibiza.com\/index.php\/monitor-estudio-yamaha-hs5-blanco\/\">HS<\/a> anterior, esta nueva l\u00ednea comparte una filosof\u00eda de dise\u00f1o que pone \u00e9nfasis en la pureza del sonido, sin colorear ni alterar el sonido original.<\/p>\n<p class=\"description\">Si bien muchos fabricantes procuran mejorar el sonido de sus monitores para que suenen de manera espectacular, los monitores de estudio de Yamaha fueron dise\u00f1ados para alcanzar la mejor mezcla posible, garantizando que el sonido procedente de los altavoces sea fiel al original. Los monitores de referencia de campo cercano de la serie HS encarnan esta filosof\u00eda, ofreciendo una imagen sonora concisa, as\u00ed como una resoluci\u00f3n elevada y una respuesta plana.<\/p>\n<p>La serie HS incorpora unos transductores de reciente creaci\u00f3n que ofrecen una respuesta incre\u00edblemente precisa sobre un ancho de banda de amplio espectro. Estos transductores utilizan un dise\u00f1o de campo magn\u00e9tico avanzado, que regula el flujo de la respuesta magn\u00e9tica, obteniendo transiciones sonoras extremadamente naturales. Los materiales y el dise\u00f1o de cada componente fueron examinados una y otra vez hasta su m\u00e1xima optimizaci\u00f3n, mejorando significativamente la precisi\u00f3n en la reproducci\u00f3n de la se\u00f1al en todo el espectro de audio. &#8211; Tweeter La serie HS incluye un tweeter de c\u00fapula de 1 pulgada de nueva creaci\u00f3n y alto rendimiento, que extiende considerablemente el rango de frecuencias utilizables y alcanza un sonido de alta resoluci\u00f3n y gran calidad.<\/p>\n<p>Al usar una gu\u00eda de onda gruesa, dise\u00f1ada para minimizar las vibraciones, el nuevo tweeter ofrece una salida de agudos suave y libre de distorsi\u00f3n de hasta 30 kHz. &#8211; Woofer Gracias a los woofers de nuevo dise\u00f1o y gran sensibilidad que utilizan imanes cuidadosamente seleccionados, los monitores de la serie HS producen un sonido con escasa distorsi\u00f3n y graves muy definidos a cualquier volumen. Todos los componentes de estos woofers de alta potencia, incluyendo el anillo y la cesta del woofer, contribuyen a crear unos graves con enorme presencia. alcanzando a su vez unos medios claros y precisos.<\/p>\n<p>Los altavoces de la serie HS utilizan un amplificador perfectamente adaptado a los transductores de cada uno de los modelos de la serie. Gracias a su dise\u00f1o de biamplificaci\u00f3n, con un amplificador dedicado al woofer y otro al tweeter, esta unidad garantiza un sonido de alta resoluci\u00f3n constante, procedente de cada altavoz de la serie HS, con una respuesta excepcionalmente plana en todo el espectro sonoro.<\/p>\n<p>Las cajas de la serie HS fueron dise\u00f1adas para eliminar las resonancias no deseadas y para aumentar la precisi\u00f3n durante la reproducci\u00f3n hasta l\u00edmites extremos. Las cajas han sido fabricadas con MDF muy denso y resistente, con una respuesta ac\u00fastica amortiguada, resultando ideales para los monitores de referencia. Gracias a la experiencia de m\u00e1s de 100 a\u00f1os en el dise\u00f1o de pianos de Yamaha, los ingenieros encargados de la serie HS utilizaron la tradicional t\u00e9cnica de junta a inglete de tres v\u00edas. Com\u00fan a ciertos dise\u00f1os arquitect\u00f3nicos, esta estructura ancla firmemente las esquinas de la caja para aumentar radicalmente la durabilidad, eliminando las resonancias no deseadas que puedan afectar al sonido global.<\/p>\n<p>Los modelos de alcance total de la serie HS incorporan dos controles de respuesta con ajustes detallados que les permiten adaptarse a la ac\u00fastica de las distintas superficies de recintos con diferentes formas y tama\u00f1os. La funci\u00f3n ROOM CONTROL permite atenuar los graves exagerados y poco naturales que en ocasiones se escuchan cuando los altavoces est\u00e1n situados cerca de las paredes, mientras que HIGH TRIM ofrece un control mayor y m\u00e1s flexible de la respuesta en las altas frecuencias.<\/p>\n<p>En lo que respecta a las entradas, los altavoces HS de rango total se adaptan a una gran variedad de fuentes balanceadas y no balanceadas como las mesas de mezclas, los teclados e interfaces de audio con conectores XLR y TRS de jack telef\u00f3nico. En el subwoofer HS8S, el control HIGH CUT baja la frecuencia de corte de atenuaci\u00f3n de altas frecuencias de salida del subwoofer de 80Hz a 120Hz, mientras que el conmutador PHASE ajusta su fase de la salida. El conmutador LOW CUT y los controles LOW CUT hacen posible la atenuaci\u00f3n de bajas frecuencias en salidas de 80Hz a 120Hz. El subwoofer del modelo HS8S incorpora XLR y TRS de jack telef\u00f3nico para entradas y XLR para salidas.<\/p>\n<table class=\"table table-bordered\">\n<thead>\n<tr class=\"active\">\n<th colspan=\"2\">\n<div class=\"spectable-filter text-center\" aria-label=\"Reiniciar\"><\/div>\n<\/th>\n<th class=\"spectable-colnumber-2\" scope=\"col\"><\/th>\n<th class=\"spectable-colnumber-4\" scope=\"col\">\n<div class=\"text-right spectable-filter-remove-wrapper\"><\/div>\n<\/th>\n<\/tr>\n<\/thead>\n<tbody>\n<tr class=\"active\">\n<th colspan=\"8\" aria-hidden=\"true\">\n<h2>Especificaciones generales<\/h2>\n<\/th>\n<\/tr>\n<tr>\n<th class=\"active\" colspan=\"2\" scope=\"row\">Speaker type<\/th>\n<td class=\"spectable-colnumber-2\"><\/td>\n<td class=\"spectable-colnumber-4\">2-way bi-amp powered studio monitor<\/td>\n<\/tr>\n<tr>\n<th class=\"active\" colspan=\"2\" scope=\"row\">Frequency response (-10dB)<\/th>\n<td class=\"spectable-colnumber-2\"><\/td>\n<td class=\"spectable-colnumber-4\">54Hz &#8211; 30kHz<\/td>\n<\/tr>\n<tr>\n<th class=\"active\" colspan=\"2\" scope=\"row\">Frequency response (-3dB)<\/th>\n<td class=\"spectable-colnumber-2\"><\/td>\n<td class=\"spectable-colnumber-4\">74Hz &#8211; 24kHz<\/td>\n<\/tr>\n<tr>\n<th class=\"active\" rowspan=\"2\" scope=\"row\">Components<\/th>\n<th class=\"active\" scope=\"row\">LF<\/th>\n<td class=\"spectable-colnumber-2\"><\/td>\n<td class=\"spectable-colnumber-4\">5&#8243; cone<\/td>\n<\/tr>\n<tr>\n<th class=\"active\" scope=\"row\">HF<\/th>\n<td class=\"spectable-colnumber-2\"><\/td>\n<td class=\"spectable-colnumber-4\">1&#8243; dome<\/td>\n<\/tr>\n<tr>\n<th class=\"active\" colspan=\"2\" scope=\"row\">Crossover<\/th>\n<td class=\"spectable-colnumber-2\"><\/td>\n<td class=\"spectable-colnumber-4\">2kHz<\/td>\n<\/tr>\n<tr>\n<th class=\"active\" colspan=\"2\" scope=\"row\">Output power<\/th>\n<td class=\"spectable-colnumber-2\"><\/td>\n<td class=\"spectable-colnumber-4\">70W (LF:45W, HF:25W)<\/td>\n<\/tr>\n<tr>\n<th class=\"active\" colspan=\"2\" scope=\"row\">Input sensitivity<\/th>\n<td class=\"spectable-colnumber-2\"><\/td>\n<td class=\"spectable-colnumber-4\">-10 dBu\/10k ohms<\/td>\n<\/tr>\n<tr>\n<th class=\"active\" colspan=\"2\" scope=\"row\">I\/O connectors<\/th>\n<td class=\"spectable-colnumber-2\"><\/td>\n<td class=\"spectable-colnumber-4\">XLR3-31 type (balanced), PHONE (balanced)<\/td>\n<\/tr>\n<tr>\n<th class=\"active\" colspan=\"2\" scope=\"row\">Indicators<\/th>\n<td class=\"spectable-colnumber-2\"><\/td>\n<td class=\"spectable-colnumber-4\">Power ON (White LED)<\/td>\n<\/tr>\n<tr>\n<th class=\"active\" colspan=\"2\" scope=\"row\">Power consumption<\/th>\n<td class=\"spectable-colnumber-2\"><\/td>\n<td class=\"spectable-colnumber-4\">45W<\/td>\n<\/tr>\n<tr>\n<th class=\"active\" colspan=\"2\" scope=\"row\">Shape<\/th>\n<td class=\"spectable-colnumber-2\"><\/td>\n<td class=\"spectable-colnumber-4\">Bass-reflex type<\/td>\n<\/tr>\n<tr>\n<th class=\"active\" colspan=\"2\" scope=\"row\">Cabinet material<\/th>\n<td class=\"spectable-colnumber-2\"><\/td>\n<td class=\"spectable-colnumber-4\">MDF<\/td>\n<\/tr>\n<tr>\n<th class=\"active\" rowspan=\"3\" scope=\"row\">Dimensions<\/th>\n<th class=\"active\" scope=\"row\">W<\/th>\n<td class=\"spectable-colnumber-2\"><\/td>\n<td class=\"spectable-colnumber-4\">170mm (6-11\/16&#8243;)<\/td>\n<\/tr>\n<tr>\n<th class=\"active\" scope=\"row\">H<\/th>\n<td class=\"spectable-colnumber-2\"><\/td>\n<td class=\"spectable-colnumber-4\">285mm (11-1\/4&#8243;)<\/td>\n<\/tr>\n<tr>\n<th class=\"active\" scope=\"row\">D<\/th>\n<td class=\"spectable-colnumber-2\"><\/td>\n<td class=\"spectable-colnumber-4\">222mm (8-3\/4&#8243;)<\/td>\n<\/tr>\n<tr>\n<th class=\"active\" colspan=\"2\" scope=\"row\">Net weight<\/th>\n<td class=\"spectable-colnumber-2\"><\/td>\n<td class=\"spectable-colnumber-4\">5.3kg (11.7 lbs.)<\/td>\n<\/tr>\n<tr>\n<th class=\"active\" colspan=\"2\" scope=\"row\">Accessorios<\/th>\n<td class=\"spectable-colnumber-2\"><\/td>\n<td class=\"spectable-colnumber-4\">Owner&#8217;s Manual, Power cord<\/td>\n<\/tr>\n<tr>\n<th class=\"active\" colspan=\"2\" scope=\"row\">Packaging<\/th>\n<td class=\"spectable-colnumber-2\"><\/td>\n<td class=\"spectable-colnumber-4\">Single<\/td>\n<\/tr>\n<tr>\n<th class=\"active\" colspan=\"2\" scope=\"row\">Others<\/th>\n<td class=\"spectable-colnumber-2\"><\/td>\n<td class=\"spectable-colnumber-4\">LEVEL control (+4dB\/center click) , EQ: HIGH TRIM switch (+\/- 2dB at HF) \/ ROOM CONTROL switch (0\/-2\/-4 dB under 500Hz)<\/td>\n<\/tr>\n<\/tbody>\n<\/table>\n<p>&nbsp;<\/p>\n<p>Para m\u00e1s informaci\u00f3n del producto:<\/p>\n<p><a href=\"https:\/\/es.yamaha.com\/es\/products\/proaudio\/speakers\/hs_series\/index.html\" target=\"_blank\" rel=\"noopener\">https:\/\/es.yamaha.com\/es\/products\/proaudio\/speakers\/hs_series\/index.html<\/a><\/p>\n","protected":false},"excerpt":{"rendered":"<h4>MONITOR ESTUDIO YAMAHA HS5 BLANCO. Monitor de estudio bi-amplificado de 70 watios (45W+25W), 2 v\u00edas, 5&#8243;+1&#8243;. Blanco.<\/h4>\n","protected":false},"featured_media":15934,"template":"","meta":[],"product_cat":[665,663,706],"product_tag":[],"class_list":{"0":"post-14760","1":"product","2":"type-product","3":"status-publish","4":"has-post-thumbnail","6":"product_brand-yamaha","7":"product_cat-dj","8":"product_cat-monitor-estudio","9":"product_cat-produccion-musical","10":"product_shipping_class-pequeno-y-barato-10","12":"first","13":"instock","14":"taxable","15":"shipping-taxable","16":"purchasable","17":"product-type-simple","18":"col-xs-6 col-sm-4","19":"col-md-3 col-lg-3","20":"un-4-cols"},"_links":{"self":[{"href":"https:\/\/www.audioibiza.com\/index.php\/wp-json\/wp\/v2\/product\/14760","targetHints":{"allow":["GET"]}}],"collection":[{"href":"https:\/\/www.audioibiza.com\/index.php\/wp-json\/wp\/v2\/product"}],"about":[{"href":"https:\/\/www.audioibiza.com\/index.php\/wp-json\/wp\/v2\/types\/product"}],"wp:featuredmedia":[{"embeddable":true,"href":"https:\/\/www.audioibiza.com\/index.php\/wp-json\/wp\/v2\/media\/15934"}],"wp:attachment":[{"href":"https:\/\/www.audioibiza.com\/index.php\/wp-json\/wp\/v2\/media?parent=14760"}],"wp:term":[{"taxonomy":"product_cat","embeddable":true,"href":"https:\/\/www.audioibiza.com\/index.php\/wp-json\/wp\/v2\/product_cat?post=14760"},{"taxonomy":"product_tag","embeddable":true,"href":"https:\/\/www.audioibiza.com\/index.php\/wp-json\/wp\/v2\/product_tag?post=14760"}],"curies":[{"name":"wp","href":"https:\/\/api.w.org\/{rel}","templated":true}]}}